{"id":12389,"date":"2022-01-27T19:46:20","date_gmt":"2022-01-27T18:46:20","guid":{"rendered":"https:\/\/projectes.xtec.cat\/steamcat\/?page_id=12389"},"modified":"2026-01-12T14:35:06","modified_gmt":"2026-01-12T13:35:06","slug":"metodologia-i-tecnologia","status":"publish","type":"page","link":"https:\/\/projectes.xtec.cat\/steamcat\/aula-del-futur-future-classroom-lab\/metodologia-i-tecnologia\/","title":{"rendered":"Metodologia i tecnologia"},"content":{"rendered":"<div class=\"entry-content\">\n<div>\n<p><strong><span class=\"\"><a href=\"https:\/\/projectes.xtec.cat\/steamcat\/wp-content\/uploads\/usu1760\/2022\/01\/FCL-ZONES.png\"><img loading=\"lazy\" decoding=\"async\" class=\"wp-image-12316 aligncenter\" src=\"https:\/\/projectes.xtec.cat\/steamcat\/wp-content\/uploads\/usu1760\/2022\/01\/FCL-ZONES.png\" sizes=\"auto, (max-width: 431px) 100vw, 431px\" srcset=\"https:\/\/projectes.xtec.cat\/steamcat\/wp-content\/uploads\/usu1760\/2022\/01\/FCL-ZONES.png 520w, https:\/\/projectes.xtec.cat\/steamcat\/wp-content\/uploads\/usu1760\/2022\/01\/FCL-ZONES-300x218.png 300w\" alt=\"\" width=\"431\" height=\"313\" \/><\/a>Autoavaluaci\u00f3 de la situaci\u00f3 actual del centre<\/span><\/strong><\/p>\n<p>Com est\u00e0 el nostre centre respecte a les pr\u00e0ctiques d\u2019ensenyament innovadores i la integraci\u00f3 de les TIC? On volem arribar?<\/p>\n<p>Tenim aquestes tres eines:<\/p>\n<\/div>\n<ol>\n<li>(us heu de registrar primer):\u00a0<a href=\"https:\/\/www.id.europeanschoolnet.org\/OpenIDServer\/home.html\" target=\"_blank\" rel=\"noopener noreferrer\">Model aula del futur<\/a>\u00a0<a href=\"https:\/\/www.id.europeanschoolnet.org\/OpenIDServer\/home.html\"><br \/>\n<\/a><\/li>\n<li><a href=\"http:\/\/fcl.intef.es\/wp-content\/uploads\/2019\/03\/2.2.-Tool-FCM-reference-guide_es-ES.pdf\" target=\"_blank\" rel=\"noopener noreferrer\">Guia de refer\u00e8ncia de l\u2019aula del futu<\/a>r:<a href=\"http:\/\/fcl.intef.es\/wp-content\/uploads\/2019\/03\/2.2.-Tool-FCM-reference-guide_es-ES.pdf\">\u00a0(en angl\u00e8s)<\/a><\/li>\n<li><a href=\"https:\/\/ec.europa.eu\/education\/schools-go-digital_es\" target=\"_blank\" rel=\"noopener noreferrer\">SELFIE<\/a><\/li>\n<\/ol>\n<div><\/div>\n<p><strong>Qu\u00e8 hem de treballar en la nostra aula del futur?<\/strong><\/p>\n<p><a href=\"http:\/\/fcl.intef.es\/kit-aula-del-futuro\/kit-de-herramientas-3\/herramienta-3-2-competencias-transversales\/\" target=\"_blank\" rel=\"noopener noreferrer\">Les compet\u00e8ncies transversals o compet\u00e8ncies del s. XXI<\/a><\/p>\n<p><a href=\"http:\/\/fcl.intef.es\/kit-aula-del-futuro\/kit-de-herramientas-1\/herramienta-1-2-identificar-seleccionar-y-clasificar-las-tendencias-relevantes\/\" target=\"_blank\" rel=\"noopener noreferrer\">Les noves tend\u00e8ncies educatives<\/a><strong><br \/>\n<\/strong><\/p>\n<p><strong>Escenaris de l\u2019Aula del Futur (o Entorns de l\u2019Aula del Futur):<br \/>\n<\/strong><\/p>\n<p><a href=\"http:\/\/fcl.intef.es\/kit-aula-del-futuro\/kit-de-herramientas-3\/herramienta-3-1-guia-y-plantilla-para-escribir-un-escenario\/\" target=\"_blank\" rel=\"noopener noreferrer\">Qu\u00e8 \u00e9s i com escriure un Escenari de l\u2019Aula del Futur<\/a><\/p>\n<p>Agra\u00efment a Guillermo Medrano, Ambaixador Aula del Futur de La Rioja<\/p>\n<p><strong>Tecnologies pels nostres Escenaris i Activitats d\u2019Aprenentatge de l\u2019Aula del Futur:<\/strong><\/p>\n<p>Selecci\u00f3 d\u2019\u00a0<a href=\"http:\/\/fcl.eun.org\/technology\" target=\"_blank\" rel=\"noopener noreferrer\">eines Web 2.0<\/a><\/p>\n<\/div>\n","protected":false},"excerpt":{"rendered":"<p>Autoavaluaci\u00f3 de la situaci\u00f3 actual del centre Com est\u00e0 el nostre centre respecte a les pr\u00e0ctiques d\u2019ensenyament innovadores i la integraci\u00f3 de les TIC? On volem arribar? Tenim aquestes tres eines: (us heu de registrar primer):\u00a0Model aula del futur\u00a0 Guia de refer\u00e8ncia de l\u2019aula del futur:\u00a0(en angl\u00e8s) SELFIE Qu\u00e8 hem de treballar en la nostra [&hellip;]<\/p>\n","protected":false},"author":24,"featured_media":0,"parent":12350,"menu_order":3,"comment_status":"closed","ping_status":"closed","template":"","meta":{"_bbp_topic_count":0,"_bbp_reply_count":0,"_bbp_total_topic_count":0,"_bbp_total_reply_count":0,"_bbp_voice_count":0,"_bbp_anonymous_reply_count":0,"_bbp_topic_count_hidden":0,"_bbp_reply_count_hidden":0,"_bbp_forum_subforum_count":0,"site-sidebar-layout":"default","site-content-layout":"","ast-site-content-layout":"","site-content-style":"default","site-sidebar-style":"default","ast-global-header-display":"","ast-banner-title-visibility":"","ast-main-header-display":"","ast-hfb-above-header-display":"","ast-hfb-below-header-display":"","ast-hfb-mobile-header-display":"","site-post-title":"","ast-breadcrumbs-content":"","ast-featured-img":"","footer-sml-layout":"","theme-transparent-header-meta":"","adv-header-id-meta":"","stick-header-meta":"","header-above-stick-meta":"","header-main-stick-meta":"","header-below-stick-meta":"","astra-migrate-meta-layouts":"default","ast-page-background-enabled":"default","ast-page-background-meta":{"desktop":{"background-color":"var(--ast-global-color-4)","background-image":"","background-repeat":"repeat","background-position":"center center","background-size":"auto","background-attachment":"scroll","background-type":"","background-media":"","overlay-type":"","overlay-color":"","overlay-opacity":"","overlay-gradient":""},"tablet":{"background-color":"","background-image":"","background-repeat":"repeat","background-position":"center center","background-size":"auto","background-attachment":"scroll","background-type":"","background-media":"","overlay-type":"","overlay-color":"","overlay-opacity":"","overlay-gradient":""},"mobile":{"background-color":"","background-image":"","background-repeat":"repeat","background-position":"center center","background-size":"auto","background-attachment":"scroll","background-type":"","background-media":"","overlay-type":"","overlay-color":"","overlay-opacity":"","overlay-gradient":""}},"ast-content-background-meta":{"desktop":{"background-color":"var(--ast-global-color-5)","background-image":"","background-repeat":"repeat","background-position":"center center","background-size":"auto","background-attachment":"scroll","background-type":"","background-media":"","overlay-type":"","overlay-color":"","overlay-opacity":"","overlay-gradient":""},"tablet":{"background-color":"var(--ast-global-color-5)","background-image":"","background-repeat":"repeat","background-position":"center center","background-size":"auto","background-attachment":"scroll","background-type":"","background-media":"","overlay-type":"","overlay-color":"","overlay-opacity":"","overlay-gradient":""},"mobile":{"background-color":"var(--ast-global-color-5)","background-image":"","background-repeat":"repeat","background-position":"center center","background-size":"auto","background-attachment":"scroll","background-type":"","background-media":"","overlay-type":"","overlay-color":"","overlay-opacity":"","overlay-gradient":""}},"footnotes":""},"class_list":["post-12389","page","type-page","status-publish","hentry"],"post_mailing_queue_ids":[],"_links":{"self":[{"href":"https:\/\/projectes.xtec.cat\/steamcat\/wp-json\/wp\/v2\/pages\/12389","targetHints":{"allow":["GET"]}}],"collection":[{"href":"https:\/\/projectes.xtec.cat\/steamcat\/wp-json\/wp\/v2\/pages"}],"about":[{"href":"https:\/\/projectes.xtec.cat\/steamcat\/wp-json\/wp\/v2\/types\/page"}],"author":[{"embeddable":true,"href":"https:\/\/projectes.xtec.cat\/steamcat\/wp-json\/wp\/v2\/users\/24"}],"replies":[{"embeddable":true,"href":"https:\/\/projectes.xtec.cat\/steamcat\/wp-json\/wp\/v2\/comments?post=12389"}],"version-history":[{"count":1,"href":"https:\/\/projectes.xtec.cat\/steamcat\/wp-json\/wp\/v2\/pages\/12389\/revisions"}],"predecessor-version":[{"id":12390,"href":"https:\/\/projectes.xtec.cat\/steamcat\/wp-json\/wp\/v2\/pages\/12389\/revisions\/12390"}],"up":[{"embeddable":true,"href":"https:\/\/projectes.xtec.cat\/steamcat\/wp-json\/wp\/v2\/pages\/12350"}],"wp:attachment":[{"href":"https:\/\/projectes.xtec.cat\/steamcat\/wp-json\/wp\/v2\/media?parent=12389"}],"curies":[{"name":"wp","href":"https:\/\/api.w.org\/{rel}","templated":true}]}}