{"id":12741,"date":"2022-03-28T16:44:21","date_gmt":"2022-03-28T14:44:21","guid":{"rendered":"https:\/\/projectes.xtec.cat\/steamcat\/?page_id=12741"},"modified":"2026-01-27T15:27:57","modified_gmt":"2026-01-27T14:27:57","slug":"formacio","status":"publish","type":"page","link":"https:\/\/projectes.xtec.cat\/steamcat\/formacio\/","title":{"rendered":"Formaci\u00f3"},"content":{"rendered":"\n<div class=\"wp-block-getwid-section\"><div class=\"wp-block-getwid-section__wrapper\"><div class=\"wp-block-getwid-section__inner-wrapper\"><div class=\"wp-block-getwid-section__background-holder\"><div class=\"wp-block-getwid-section__background\"><\/div><div class=\"wp-block-getwid-section__foreground\"><\/div><\/div><div class=\"wp-block-getwid-section__content\"><div class=\"wp-block-getwid-section__inner-content\">\n<p class=\"has-text-align-center has-large-font-size\"><a href=\"https:\/\/xtec.gencat.cat\/ca\/formacio\/formaciogeneralprofessorat\/steam\/steamcat\" target=\"_blank\" rel=\"noreferrer noopener\"><strong>Cat\u00e0leg de formaci\u00f3 STEAMcat (GTAF)<\/strong><\/a><\/p>\n<\/div><\/div><\/div><\/div><\/div>\n\n\n\n<div class=\"wp-block-getwid-section getwid-section-content-full-width\"><div class=\"wp-block-getwid-section__wrapper\"><div class=\"wp-block-getwid-section__inner-wrapper\"><div class=\"wp-block-getwid-section__background-holder\"><div class=\"wp-block-getwid-section__background\"><\/div><div class=\"wp-block-getwid-section__foreground\"><\/div><\/div><div class=\"wp-block-getwid-section__content\"><div class=\"wp-block-getwid-section__inner-content\">\n<div class=\"wp-block-columns is-layout-flex wp-container-core-columns-is-layout-1 wp-block-columns-is-layout-flex\">\n<div class=\"wp-block-column is-layout-flow wp-block-column-is-layout-flow\" style=\"flex-basis:66.66%\">\n<h2 class=\"wp-block-heading\">Cursos per a docents<\/h2>\n\n\n<ul class=\"wp-block-latest-posts__list is-grid columns-3 wp-block-latest-posts\"><li><div class=\"wp-block-latest-posts__featured-image\"><img loading=\"lazy\" decoding=\"async\" width=\"150\" height=\"150\" src=\"https:\/\/projectes.xtec.cat\/steamcat\/wp-content\/uploads\/usu1760\/2026\/01\/cosmocaixa-150x150.png\" class=\"attachment-thumbnail size-thumbnail wp-post-image\" alt=\"\" style=\"\" \/><\/div><a class=\"wp-block-latest-posts__post-title\" href=\"https:\/\/projectes.xtec.cat\/steamcat\/general\/formacio-steam-a-partir-del-museu-de-la-ciencia-cosmocaixa\/\">Formaci\u00f3 STEAM a partir del Museu de la Ci\u00e8ncia &#8211; Cosmocaixa<\/a><div class=\"wp-block-latest-posts__post-excerpt\">El Museu de la Ci\u00e8ncia CosmoCaixa posa en marxa un nou cicle de formacions STEAM adre\u00e7ades al professorat d\u2019educaci\u00f3 infantil, prim\u00e0ria i secund\u00e0ria,&nbsp; L\u2019objectiu \u00e9s\u2026 <a class=\"wp-block-latest-posts__read-more\" href=\"https:\/\/projectes.xtec.cat\/steamcat\/general\/formacio-steam-a-partir-del-museu-de-la-ciencia-cosmocaixa\/\" rel=\"noopener noreferrer\">M\u00e9s informaci\u00f3<span class=\"screen-reader-text\">: Formaci\u00f3 STEAM a partir del Museu de la Ci\u00e8ncia &#8211; Cosmocaixa<\/span><\/a><\/div><\/li>\n<li><div class=\"wp-block-latest-posts__featured-image\"><img loading=\"lazy\" decoding=\"async\" width=\"150\" height=\"150\" src=\"https:\/\/projectes.xtec.cat\/steamcat\/wp-content\/uploads\/usu1760\/2025\/01\/Captura-de-pantalla-2025-01-13-123454-150x150.png\" class=\"attachment-thumbnail size-thumbnail wp-post-image\" alt=\"\" style=\"\" \/><\/div><a class=\"wp-block-latest-posts__post-title\" href=\"https:\/\/projectes.xtec.cat\/steamcat\/formacions\/explora-la-meteorologia-hivernal\/\">EXPLORA la meteorologia hivernal<\/a><div class=\"wp-block-latest-posts__post-excerpt\">EXPLORA la meteorologia hivernal\nBerga, 24 de gener i 7 de febrer de 2026\n<\/div><\/li>\n<li><div class=\"wp-block-latest-posts__featured-image\"><img loading=\"lazy\" decoding=\"async\" width=\"150\" height=\"150\" src=\"https:\/\/projectes.xtec.cat\/steamcat\/wp-content\/uploads\/usu1760\/2026\/01\/FORMACIO-PRIMAVERA-UPC-2026-150x150.png\" class=\"attachment-thumbnail size-thumbnail wp-post-image\" alt=\"\" style=\"\" \/><\/div><a class=\"wp-block-latest-posts__post-title\" href=\"https:\/\/projectes.xtec.cat\/steamcat\/formacions\/oferta-formativa-primavera-2026-upc\/\">Oferta formativa primavera 2026 UPC<\/a><div class=\"wp-block-latest-posts__post-excerpt\">Ja est\u00e0 disponible la nova oferta formativa de primavera 2026 de l\u2019ICE-UPC, adre\u00e7ada als diferents col\u00b7lectius de professorat no universitari. Les activitats formen part del\u2026 <a class=\"wp-block-latest-posts__read-more\" href=\"https:\/\/projectes.xtec.cat\/steamcat\/formacions\/oferta-formativa-primavera-2026-upc\/\" rel=\"noopener noreferrer\">M\u00e9s informaci\u00f3<span class=\"screen-reader-text\">: Oferta formativa primavera 2026 UPC<\/span><\/a><\/div><\/li>\n<li><div class=\"wp-block-latest-posts__featured-image\"><img loading=\"lazy\" decoding=\"async\" width=\"150\" height=\"150\" src=\"https:\/\/projectes.xtec.cat\/steamcat\/wp-content\/uploads\/usu1760\/2025\/09\/TFemTIC-150x150.jpeg\" class=\"attachment-thumbnail size-thumbnail wp-post-image\" alt=\"\" style=\"\" \/><\/div><a class=\"wp-block-latest-posts__post-title\" href=\"https:\/\/projectes.xtec.cat\/steamcat\/orientacio\/tfemtic-a-laula-formacio\/\">tFemTIC a l&#8217;aula &#8211; Formaci\u00f3<\/a><div class=\"wp-block-latest-posts__post-excerpt\">Proposta formativa adre\u00e7ada a docents de prim\u00e0ria i secund\u00e0ria per fomentar en l&#8217;alumnat les vocacions STEAM amb perspectiva de g\u00e8nere a partir de l&#8217;\u00fas del portal tFemTIC<\/div><\/li>\n<li><div class=\"wp-block-latest-posts__featured-image\"><img loading=\"lazy\" decoding=\"async\" width=\"150\" height=\"150\" src=\"https:\/\/projectes.xtec.cat\/steamcat\/wp-content\/uploads\/usu1760\/2024\/09\/image-1600-08a8b2b45e0a39223cddb476d8392ba4-150x150.jpeg\" class=\"attachment-thumbnail size-thumbnail wp-post-image\" alt=\"\" style=\"\" srcset=\"https:\/\/projectes.xtec.cat\/steamcat\/wp-content\/uploads\/usu1760\/2024\/09\/image-1600-08a8b2b45e0a39223cddb476d8392ba4-150x150.jpeg 150w, https:\/\/projectes.xtec.cat\/steamcat\/wp-content\/uploads\/usu1760\/2024\/09\/image-1600-08a8b2b45e0a39223cddb476d8392ba4-300x298.jpeg 300w, https:\/\/projectes.xtec.cat\/steamcat\/wp-content\/uploads\/usu1760\/2024\/09\/image-1600-08a8b2b45e0a39223cddb476d8392ba4-1024x1018.jpeg 1024w, https:\/\/projectes.xtec.cat\/steamcat\/wp-content\/uploads\/usu1760\/2024\/09\/image-1600-08a8b2b45e0a39223cddb476d8392ba4-768x763.jpeg 768w, https:\/\/projectes.xtec.cat\/steamcat\/wp-content\/uploads\/usu1760\/2024\/09\/image-1600-08a8b2b45e0a39223cddb476d8392ba4.jpeg 1280w\" sizes=\"auto, (max-width: 150px) 100vw, 150px\" \/><\/div><a class=\"wp-block-latest-posts__post-title\" href=\"https:\/\/projectes.xtec.cat\/steamcat\/ods\/nexe-aigua-energia-un-binomi-sostenible\/\">Nexe Aigua-Energia: Un binomi sostenible<\/a><div class=\"wp-block-latest-posts__post-excerpt\">Implementaci\u00f3 a l&#8217;aula del Projecte Nexe Aigua-Energia El binomi Aigua-Energia es dona en els dos sentits: Amb aquest projecte es poden arribar a avaluar els\u2026 <a class=\"wp-block-latest-posts__read-more\" href=\"https:\/\/projectes.xtec.cat\/steamcat\/ods\/nexe-aigua-energia-un-binomi-sostenible\/\" rel=\"noopener noreferrer\">M\u00e9s informaci\u00f3<span class=\"screen-reader-text\">: Nexe Aigua-Energia: Un binomi sostenible<\/span><\/a><\/div><\/li>\n<li><div class=\"wp-block-latest-posts__featured-image\"><img loading=\"lazy\" decoding=\"async\" width=\"150\" height=\"150\" src=\"https:\/\/projectes.xtec.cat\/steamcat\/wp-content\/uploads\/usu1760\/2024\/09\/bolets-150x150.jpeg\" class=\"attachment-thumbnail size-thumbnail wp-post-image\" alt=\"\" style=\"\" \/><\/div><a class=\"wp-block-latest-posts__post-title\" href=\"https:\/\/projectes.xtec.cat\/steamcat\/general\/curs-explora-de-tardor\/\">Curs EXPLORA els BOLETS<\/a><div class=\"wp-block-latest-posts__post-excerpt\">L&#8217;activitat\u00a0consistir\u00e0 en 30 h de sessions te\u00f2riques, visites, tallers i aprenentatge aut\u00f2nomDates:\u00a025 d&#8217;octubre i 8 de novembre de 2025Lloc de realitzaci\u00f3:\u00a0Pavell\u00f3 de Su\u00e8cia de Berga\u2026 <a class=\"wp-block-latest-posts__read-more\" href=\"https:\/\/projectes.xtec.cat\/steamcat\/general\/curs-explora-de-tardor\/\" rel=\"noopener noreferrer\">M\u00e9s informaci\u00f3<span class=\"screen-reader-text\">: Curs EXPLORA els BOLETS<\/span><\/a><\/div><\/li>\n<li><div class=\"wp-block-latest-posts__featured-image\"><img loading=\"lazy\" decoding=\"async\" width=\"150\" height=\"150\" src=\"https:\/\/projectes.xtec.cat\/steamcat\/wp-content\/uploads\/usu1760\/2022\/09\/dos69-1-150x150.png\" class=\"attachment-thumbnail size-thumbnail wp-post-image\" alt=\"nanoexplorant el futur\" style=\"\" \/><\/div><a class=\"wp-block-latest-posts__post-title\" href=\"https:\/\/projectes.xtec.cat\/steamcat\/formacions\/formacio-nanoexplorant-el-futur\/\">Formaci\u00f3 &#8220;Nanoexplorant el futur&#8221; (projecte Nanoinventum)<\/a><div class=\"wp-block-latest-posts__post-excerpt\">Curs semipresencial per aprofundir en l\u2019ensenyament aprenentatge del model mat\u00e8ria a partir de la Nanotecnologia. (Formaci\u00f3 pr\u00e8via i imprescindible per a formar part de Nanoinvemtum\u2026 <a class=\"wp-block-latest-posts__read-more\" href=\"https:\/\/projectes.xtec.cat\/steamcat\/formacions\/formacio-nanoexplorant-el-futur\/\" rel=\"noopener noreferrer\">M\u00e9s informaci\u00f3<span class=\"screen-reader-text\">: Formaci\u00f3 &#8220;Nanoexplorant el futur&#8221; (projecte Nanoinventum)<\/span><\/a><\/div><\/li>\n<li><div class=\"wp-block-latest-posts__featured-image\"><img loading=\"lazy\" decoding=\"async\" width=\"150\" height=\"150\" src=\"https:\/\/projectes.xtec.cat\/steamcat\/wp-content\/uploads\/usu1760\/2025\/09\/pexels-mart-production-8471846-150x150.jpg\" class=\"attachment-thumbnail size-thumbnail wp-post-image\" alt=\"Estudiant de prim\u00e0ria soldant un circuit\" style=\"\" \/><\/div><a class=\"wp-block-latest-posts__post-title\" href=\"https:\/\/projectes.xtec.cat\/steamcat\/formacions\/curs-lenginyeria-a-laula-de-primaria\/\">Curs: L&#8217;enginyeria a l&#8217;aula de prim\u00e0ria<\/a><div class=\"wp-block-latest-posts__post-excerpt\">L&#8217;enginyeria a l&#8217;aula de prim\u00e0ria pret\u00e9n apropar l&#8217;enginyeria a mestres d&#8217;Educaci\u00f3 Prim\u00e0ria com una eina per a la resoluci\u00f3 de problemes de la societat. El\u2026 <a class=\"wp-block-latest-posts__read-more\" href=\"https:\/\/projectes.xtec.cat\/steamcat\/formacions\/curs-lenginyeria-a-laula-de-primaria\/\" rel=\"noopener noreferrer\">M\u00e9s informaci\u00f3<span class=\"screen-reader-text\">: Curs: L&#8217;enginyeria a l&#8217;aula de prim\u00e0ria<\/span><\/a><\/div><\/li>\n<\/ul><\/div>\n\n\n\n<div class=\"wp-block-column has-background has-small-font-size is-layout-flow wp-block-column-is-layout-flow\" style=\"background-color:#f9f9f9;flex-basis:33.33%\">\n<h2 class=\"wp-block-heading\">Esdeveniments i Jornades<\/h2>\n\n\n<ul class=\"wp-block-latest-posts__list is-grid columns-2 wp-block-latest-posts\"><li><div class=\"wp-block-latest-posts__featured-image\"><img loading=\"lazy\" decoding=\"async\" width=\"150\" height=\"150\" src=\"https:\/\/projectes.xtec.cat\/steamcat\/wp-content\/uploads\/usu1760\/2020\/09\/steamconf-150x150.jpg\" class=\"attachment-thumbnail size-thumbnail wp-post-image\" alt=\"STEAM conference\" style=\"max-height:100px;\" \/><\/div><a class=\"wp-block-latest-posts__post-title\" href=\"https:\/\/projectes.xtec.cat\/steamcat\/esdeveniments\/steamconf-2025\/\">STEAMconf 2025<\/a><div class=\"wp-block-latest-posts__post-excerpt\">10a confer\u00e8ncia Internacional d&#8217;aprenentatge, 5, 6, 7 i 8 de novembre 2025.CosmoCaixa, UPF Campus de\u2026 <a class=\"wp-block-latest-posts__read-more\" href=\"https:\/\/projectes.xtec.cat\/steamcat\/esdeveniments\/steamconf-2025\/\" rel=\"noopener noreferrer\">M\u00e9s informaci\u00f3<span class=\"screen-reader-text\">: STEAMconf 2025<\/span><\/a><\/div><\/li>\n<li><div class=\"wp-block-latest-posts__featured-image\"><img loading=\"lazy\" decoding=\"async\" width=\"150\" height=\"150\" src=\"https:\/\/projectes.xtec.cat\/steamcat\/wp-content\/uploads\/usu1760\/2024\/09\/image-150x150.png\" class=\"attachment-thumbnail size-thumbnail wp-post-image\" alt=\"\" style=\"max-height:100px;\" \/><\/div><a class=\"wp-block-latest-posts__post-title\" href=\"https:\/\/projectes.xtec.cat\/steamcat\/general\/v-jornada-stem-a-lespai\/\">V jornada STEM a l&#8217;espai<\/a><div class=\"wp-block-latest-posts__post-excerpt\">V jornada STEM a l\u2019espaiDia: Dissabte 5 d\u2019octubre de 2024LLoc: UPC \u2013 Campus Baix Llobregat\u2026 <a class=\"wp-block-latest-posts__read-more\" href=\"https:\/\/projectes.xtec.cat\/steamcat\/general\/v-jornada-stem-a-lespai\/\" rel=\"noopener noreferrer\">M\u00e9s informaci\u00f3<span class=\"screen-reader-text\">: V jornada STEM a l&#8217;espai<\/span><\/a><\/div><\/li>\n<li><div class=\"wp-block-latest-posts__featured-image\"><img loading=\"lazy\" decoding=\"async\" width=\"150\" height=\"150\" src=\"https:\/\/projectes.xtec.cat\/steamcat\/wp-content\/uploads\/usu1760\/2020\/09\/steamconf-150x150.jpg\" class=\"attachment-thumbnail size-thumbnail wp-post-image\" alt=\"STEAM conference\" style=\"max-height:100px;\" \/><\/div><a class=\"wp-block-latest-posts__post-title\" href=\"https:\/\/projectes.xtec.cat\/steamcat\/general\/steamconf24\/\">STEAMconf&#8217;24<\/a><div class=\"wp-block-latest-posts__post-excerpt\">9a confer\u00e8ncia internacional d&#8217;aprenentatge Aquesta 9a edici\u00f3 trasllada la seu al voltant del parc de\u2026 <a class=\"wp-block-latest-posts__read-more\" href=\"https:\/\/projectes.xtec.cat\/steamcat\/general\/steamconf24\/\" rel=\"noopener noreferrer\">M\u00e9s informaci\u00f3<span class=\"screen-reader-text\">: STEAMconf&#8217;24<\/span><\/a><\/div><\/li>\n<li><div class=\"wp-block-latest-posts__featured-image\"><img loading=\"lazy\" decoding=\"async\" width=\"150\" height=\"150\" src=\"https:\/\/projectes.xtec.cat\/steamcat\/wp-content\/uploads\/usu1760\/2024\/03\/2024-cartell-jornada-SCM-IDM-h-2048x1443-1-150x150.jpg\" class=\"attachment-thumbnail size-thumbnail wp-post-image\" alt=\"\" style=\"max-height:100px;\" \/><\/div><a class=\"wp-block-latest-posts__post-title\" href=\"https:\/\/projectes.xtec.cat\/steamcat\/general\/dia-internacional-de-les-matematiques\/\">Dia Internacional de les Matem\u00e0tiques<\/a><div class=\"wp-block-latest-posts__post-excerpt\">La jornada t\u00e9 lloc en el marc de la celebraci\u00f3 del Dia Internacional de les\u2026 <a class=\"wp-block-latest-posts__read-more\" href=\"https:\/\/projectes.xtec.cat\/steamcat\/general\/dia-internacional-de-les-matematiques\/\" rel=\"noopener noreferrer\">M\u00e9s informaci\u00f3<span class=\"screen-reader-text\">: Dia Internacional de les Matem\u00e0tiques<\/span><\/a><\/div><\/li>\n<\/ul><\/div>\n<\/div>\n<\/div><\/div><\/div><\/div><\/div>\n","protected":false},"excerpt":{"rendered":"","protected":false},"author":24,"featured_media":0,"parent":0,"menu_order":0,"comment_status":"closed","ping_status":"closed","template":"","meta":{"_bbp_topic_count":0,"_bbp_reply_count":0,"_bbp_total_topic_count":0,"_bbp_total_reply_count":0,"_bbp_voice_count":0,"_bbp_anonymous_reply_count":0,"_bbp_topic_count_hidden":0,"_bbp_reply_count_hidden":0,"_bbp_forum_subforum_count":0,"site-sidebar-layout":"default","site-content-layout":"","ast-site-content-layout":"default","site-content-style":"default","site-sidebar-style":"default","ast-global-header-display":"","ast-banner-title-visibility":"","ast-main-header-display":"","ast-hfb-above-header-display":"","ast-hfb-below-header-display":"","ast-hfb-mobile-header-display":"","site-post-title":"disabled","ast-breadcrumbs-content":"","ast-featured-img":"disabled","footer-sml-layout":"","theme-transparent-header-meta":"","adv-header-id-meta":"","stick-header-meta":"","header-above-stick-meta":"","header-main-stick-meta":"","header-below-stick-meta":"","astra-migrate-meta-layouts":"set","ast-page-background-enabled":"default","ast-page-background-meta":{"desktop":{"background-color":"var(--ast-global-color-4)","background-image":"","background-repeat":"repeat","background-position":"center center","background-size":"auto","background-attachment":"scroll","background-type":"","background-media":"","overlay-type":"","overlay-color":"","overlay-opacity":"","overlay-gradient":""},"tablet":{"background-color":"","background-image":"","background-repeat":"repeat","background-position":"center center","background-size":"auto","background-attachment":"scroll","background-type":"","background-media":"","overlay-type":"","overlay-color":"","overlay-opacity":"","overlay-gradient":""},"mobile":{"background-color":"","background-image":"","background-repeat":"repeat","background-position":"center center","background-size":"auto","background-attachment":"scroll","background-type":"","background-media":"","overlay-type":"","overlay-color":"","overlay-opacity":"","overlay-gradient":""}},"ast-content-background-meta":{"desktop":{"background-color":"var(--ast-global-color-5)","background-image":"","background-repeat":"repeat","background-position":"center center","background-size":"auto","background-attachment":"scroll","background-type":"","background-media":"","overlay-type":"","overlay-color":"","overlay-opacity":"","overlay-gradient":""},"tablet":{"background-color":"var(--ast-global-color-5)","background-image":"","background-repeat":"repeat","background-position":"center center","background-size":"auto","background-attachment":"scroll","background-type":"","background-media":"","overlay-type":"","overlay-color":"","overlay-opacity":"","overlay-gradient":""},"mobile":{"background-color":"var(--ast-global-color-5)","background-image":"","background-repeat":"repeat","background-position":"center center","background-size":"auto","background-attachment":"scroll","background-type":"","background-media":"","overlay-type":"","overlay-color":"","overlay-opacity":"","overlay-gradient":""}},"footnotes":""},"class_list":["post-12741","page","type-page","status-publish","hentry"],"post_mailing_queue_ids":[],"_links":{"self":[{"href":"https:\/\/projectes.xtec.cat\/steamcat\/wp-json\/wp\/v2\/pages\/12741","targetHints":{"allow":["GET"]}}],"collection":[{"href":"https:\/\/projectes.xtec.cat\/steamcat\/wp-json\/wp\/v2\/pages"}],"about":[{"href":"https:\/\/projectes.xtec.cat\/steamcat\/wp-json\/wp\/v2\/types\/page"}],"author":[{"embeddable":true,"href":"https:\/\/projectes.xtec.cat\/steamcat\/wp-json\/wp\/v2\/users\/24"}],"replies":[{"embeddable":true,"href":"https:\/\/projectes.xtec.cat\/steamcat\/wp-json\/wp\/v2\/comments?post=12741"}],"version-history":[{"count":6,"href":"https:\/\/projectes.xtec.cat\/steamcat\/wp-json\/wp\/v2\/pages\/12741\/revisions"}],"predecessor-version":[{"id":20348,"href":"https:\/\/projectes.xtec.cat\/steamcat\/wp-json\/wp\/v2\/pages\/12741\/revisions\/20348"}],"wp:attachment":[{"href":"https:\/\/projectes.xtec.cat\/steamcat\/wp-json\/wp\/v2\/media?parent=12741"}],"curies":[{"name":"wp","href":"https:\/\/api.w.org\/{rel}","templated":true}]}}