{"id":18437,"date":"2025-03-24T11:56:01","date_gmt":"2025-03-24T10:56:01","guid":{"rendered":"https:\/\/projectes.xtec.cat\/steamcat\/?page_id=18437"},"modified":"2025-09-19T15:21:10","modified_gmt":"2025-09-19T13:21:10","slug":"18437-2","status":"publish","type":"page","link":"https:\/\/projectes.xtec.cat\/steamcat\/18437-2\/","title":{"rendered":"II CdP &#8211; Cosmocaixa"},"content":{"rendered":"\n<div class=\"wp-block-getwid-section getwid-section-content-full-width\"><div class=\"wp-block-getwid-section__wrapper\"><div class=\"wp-block-getwid-section__inner-wrapper\"><div class=\"wp-block-getwid-section__background-holder\"><div class=\"wp-block-getwid-section__background\"><\/div><div class=\"wp-block-getwid-section__foreground\"><\/div><\/div><div class=\"wp-block-getwid-section__content\"><div class=\"wp-block-getwid-section__inner-content\">\n<div class=\"wp-block-getwid-banner has-text-animation-opacity-bottom\"><a href=\"#\" class=\"wp-block-getwid-banner__link\"><div class=\"wp-block-getwid-banner__wrapper\"><img loading=\"lazy\" decoding=\"async\" width=\"1697\" height=\"548\" src=\"https:\/\/projectes.xtec.cat\/steamcat\/wp-content\/uploads\/usu1760\/2025\/03\/1697px-Barcelona_Cosmocaixa_Foucaults_Pendulum-e1742761540108.jpg\" alt=\"\" class=\"wp-block-getwid-banner__image wp-block-getwid-banner__source wp-image-18438\" srcset=\"https:\/\/projectes.xtec.cat\/steamcat\/wp-content\/uploads\/usu1760\/2025\/03\/1697px-Barcelona_Cosmocaixa_Foucaults_Pendulum-e1742761540108.jpg 1697w, https:\/\/projectes.xtec.cat\/steamcat\/wp-content\/uploads\/usu1760\/2025\/03\/1697px-Barcelona_Cosmocaixa_Foucaults_Pendulum-e1742761540108-300x97.jpg 300w, https:\/\/projectes.xtec.cat\/steamcat\/wp-content\/uploads\/usu1760\/2025\/03\/1697px-Barcelona_Cosmocaixa_Foucaults_Pendulum-e1742761540108-1024x331.jpg 1024w, https:\/\/projectes.xtec.cat\/steamcat\/wp-content\/uploads\/usu1760\/2025\/03\/1697px-Barcelona_Cosmocaixa_Foucaults_Pendulum-e1742761540108-768x248.jpg 768w, https:\/\/projectes.xtec.cat\/steamcat\/wp-content\/uploads\/usu1760\/2025\/03\/1697px-Barcelona_Cosmocaixa_Foucaults_Pendulum-e1742761540108-1536x496.jpg 1536w\" sizes=\"auto, (max-width: 1697px) 100vw, 1697px\" \/><div class=\"wp-block-getwid-banner__caption has-text-color has-white-color\" style=\"min-height:25%\"><div class=\"wp-block-getwid-banner__caption-wrapper\"><span class=\"wp-block-getwid-banner__title\"><strong>II Comunitat de pr\u00e0ctica STEAMcat<\/strong><\/span><p class=\"wp-block-getwid-banner__text\"><mark style=\"background-color:rgba(0, 0, 0, 0)\" class=\"has-inline-color has-white-color\"><strong>08_04_2025<br>Museu de la Ci\u00e8ncia CosmoCaixa Barcelona<\/strong><\/mark><\/p><\/div><\/div><\/div><\/a><\/div>\n<\/div><\/div><\/div><\/div><\/div>\n\n\n\n<div style=\"height:28px\" aria-hidden=\"true\" class=\"wp-block-spacer\"><\/div>\n\n\n\n<p class=\"has-text-align-center\" style=\"font-size:28px\">II Comunitat de Pr\u00e0ctica STEAMcat<br>8 d&#8217;abril de 2025<br><a href=\"https:\/\/cosmocaixa.org\/ca\/info-centre\">Museu de la Ci\u00e8ncia &#8211; CosmoCaixa &#8211; Barcelona<\/a><\/p>\n\n\n\n<p class=\"has-text-align-center\"><a href=\"https:\/\/cosmocaixa.org\/ca\/info-centre\" target=\"_blank\" rel=\"noreferrer noopener\">pl\u00e0nol i informaci\u00f3 del museu<\/a><br><a href=\"https:\/\/projectes.xtec.cat\/steamcat\/18437-2\/2\/\" data-type=\"internal\" data-id=\"#WIFI\" target=\"_blank\" rel=\"noreferrer noopener\">acc\u00e9s al wifi<\/a><\/p>\n\n\n\n<div class=\"wp-block-getwid-section\"><div class=\"wp-block-getwid-section__wrapper\"><div class=\"wp-block-getwid-section__inner-wrapper\"><div class=\"wp-block-getwid-section__background-holder\"><div class=\"wp-block-getwid-section__background\"><\/div><div class=\"wp-block-getwid-section__foreground\"><\/div><\/div><div class=\"wp-block-getwid-section__content\"><div class=\"wp-block-getwid-section__inner-content\">\n<div class=\"wp-block-getwid-advanced-heading has-custom-font-size\" style=\"font-size:28px\"><span class=\"wp-block-getwid-advanced-heading__content has-text-color has-background\" style=\"text-align:center;font-family:&quot;Roboto&quot;;font-weight:normal;text-transform:none;letter-spacing:15px;padding-top:5px;padding-bottom:5px;color:#ff4f04;background-color:#aeb8c0\">programa<\/span><\/div>\n\n\n\n<div style=\"height:28px\" aria-hidden=\"true\" class=\"wp-block-spacer\"><\/div>\n\n\n\n<p class=\"has-text-align-center\"><mark style=\"background-color:rgba(0, 0, 0, 0);color:#ff4f04\" class=\"has-inline-color\">9.15 h a 9.45 h<\/mark> &#8211; Acreditacions (Planta -1)<br><br><mark style=\"background-color:rgba(0, 0, 0, 0);color:#ff4f04\" class=\"has-inline-color\">9.45 h a 10.00 h<\/mark> &#8211; Benvinguda <mark style=\"background-color:rgba(0, 0, 0, 0)\" class=\"has-inline-color has-black-color\">(Auditori Planta -2)<\/mark><br><br><mark style=\"background-color:rgba(0, 0, 0, 0);color:#ff4f04\" class=\"has-inline-color\">10.00 h a 11.30 h <\/mark>&#8211; L&#8217;avaluaci\u00f3 competencial i qualificadora (Auditori Planta -2)<br><strong>Jaume Feliu<\/strong> i <strong>Joan Caminal<\/strong><br><a href=\"https:\/\/projectes.xtec.cat\/steamcat\/wp-content\/uploads\/usu1760\/2025\/04\/Presentacio-Avaluacio-i-qualificacio-de-situacions-daprenentatges-Abril-2025.pdf\" target=\"_blank\" rel=\"noreferrer noopener\"><mark style=\"background-color:#fadd8c\" class=\"has-inline-color\"><strong>***presentaci\u00f3***<\/strong><\/mark><\/a><br><br><mark style=\"background-color:rgba(0, 0, 0, 0);color:#ff4f04\" class=\"has-inline-color\">11.30 h a 13.00 h <\/mark>&#8211; Exposici\u00f3: <a href=\"https:\/\/cosmocaixa.org\/ca\/p\/extraterrestres-hi-ha-vida-fora-de-la-terra-_a168820682\" target=\"_blank\" rel=\"noreferrer noopener\">Extraterrestres. Hi ha vida fora de la Terra?<\/a><br><strong>G1<\/strong>: 11.30\u202fh a 12.30\u202fh (sortida des de l&#8217;Auditori)<br><strong>G2 &#8211; G3 -G4<\/strong>: 12.00 h a 13.00 h (sortida des del p\u00e8ndol planta-5)<br><br><mark style=\"background-color:rgba(0, 0, 0, 0);color:#ff4f04\" class=\"has-inline-color\">13.00 a 14.45 h<\/mark> &#8211; <strong>Grups de pr\u00e0ctica<\/strong><br><a href=\"https:\/\/docs.google.com\/presentation\/d\/1argyvGtNOIIfSMqofRYTpaXmUvQUPhgQtCTV7_b3R2w\/edit?usp=sharing\" target=\"_blank\" rel=\"noreferrer noopener\">TEMES A TRACTAR i ESPAIS<\/a><br><mark style=\"background-color:#fadd8c\" class=\"has-inline-color\"><a href=\"https:\/\/docs.google.com\/presentation\/d\/1iMaJMfP_WllWvKtXW5kU-l32e-mTrQEOMhK3UdYwkVo\/edit?usp=sharing\" target=\"_blank\" rel=\"noreferrer noopener\"><strong>RECULL DE CONCLUSIONS<\/strong><\/a> <\/mark><br><br><mark style=\"background-color:rgba(0, 0, 0, 0);color:#ff4f04\" class=\"has-inline-color\">14.45 h a 15.45 h <\/mark>&#8211; Networking &#8211; P\u00edcnic (a c\u00e0rrec de l&#8217;organitzaci\u00f3) Jardins d&#8217;Arqu\u00edmedes (planta -1)<br><br><mark style=\"background-color:rgba(0, 0, 0, 0);color:#ff4f04\" class=\"has-inline-color\">15.45 h a 16.00 h<\/mark> &#8211; Posada en com\u00fa (Auditori Planta -2)<br><br><mark style=\"background-color:rgba(0, 0, 0, 0);color:#ff4f04\" class=\"has-inline-color\">16.00 h a 17.30 h<\/mark> &#8211; Espais per fomentar les STEAM al Museu<br>Punt de trobada: Espai Hip\u00e0tia (planta -2)<br><a href=\"https:\/\/cosmocaixa.org\/ca\/p\/clik_a167377431\" target=\"_blank\" rel=\"noreferrer noopener\">Click<\/a><br><a href=\"https:\/\/cosmocaixa.org\/ca\/p\/creactivity-en-obert_a168960418\" target=\"_blank\" rel=\"noreferrer noopener\">Creactivity<\/a><br><a href=\"https:\/\/cosmocaixa.org\/ca\/p\/micrarium-en-obert_a170302158\" target=\"_blank\" rel=\"noreferrer noopener\">Micrarium<\/a><br><a href=\"https:\/\/cosmocaixa.org\/ca\/p\/lab-math_a461564\" target=\"_blank\" rel=\"noreferrer noopener\">Lab Math<\/a><br><a href=\"https:\/\/cosmocaixa.org\/ca\/p\/planetari-bombolla_a25988347\" target=\"_blank\" rel=\"noreferrer noopener\">Planetari Bombolla<\/a><br><a href=\"https:\/\/cosmocaixa.org\/ca\/planetari\" target=\"_blank\" rel=\"noreferrer noopener\">Planetari<\/a><\/p>\n\n\n\n<p class=\"has-text-align-center\"><br><\/p>\n\n\n\n<div class=\"wp-block-buttons is-content-justification-center is-layout-flex wp-container-core-buttons-is-layout-1 wp-block-buttons-is-layout-flex\">\n<div class=\"wp-block-button has-custom-width wp-block-button__width-50 has-custom-font-size is-style-outline is-style-outline--1\" style=\"font-size:20px\"><a class=\"wp-block-button__link has-text-color has-link-color wp-element-button\" href=\"https:\/\/forms.gle\/hRF4B2BrHPMax3Tm9\" style=\"border-radius:10px;color:#ff4f04\" target=\"_blank\" rel=\"noreferrer noopener\">valoraci\u00f3<\/a><\/div>\n<\/div>\n<\/div><\/div><\/div><\/div><\/div>\n\n\n\n<div class=\"wp-block-getwid-section\"><div class=\"wp-block-getwid-section__wrapper\"><div class=\"wp-block-getwid-section__inner-wrapper\"><div class=\"wp-block-getwid-section__background-holder\"><div class=\"wp-block-getwid-section__background\"><\/div><div class=\"wp-block-getwid-section__foreground\"><\/div><\/div><div class=\"wp-block-getwid-section__content\"><div class=\"wp-block-getwid-section__inner-content\"><\/div><\/div><\/div><\/div><\/div>\n\n\n\n<div class=\"wp-block-getwid-section\"><div class=\"wp-block-getwid-section__wrapper\"><div class=\"wp-block-getwid-section__inner-wrapper\"><div class=\"wp-block-getwid-section__background-holder\"><div class=\"wp-block-getwid-section__background has-background\" style=\"background-color:#f6f6f6\"><\/div><div class=\"wp-block-getwid-section__foreground\"><\/div><\/div><div class=\"wp-block-getwid-section__content\"><div class=\"wp-block-getwid-section__inner-content\">\n<p class=\"has-text-align-center\">Amb la col\u00b7laboraci\u00f3 de: <\/p>\n\n\n\n<figure class=\"wp-block-image aligncenter size-full is-resized\"><a href=\"https:\/\/projectes.xtec.cat\/steamcat\/wp-content\/uploads\/usu1760\/2025\/04\/image.png\"><img loading=\"lazy\" decoding=\"async\" width=\"536\" height=\"162\" src=\"https:\/\/projectes.xtec.cat\/steamcat\/wp-content\/uploads\/usu1760\/2025\/04\/image.png\" alt=\"\" class=\"wp-image-18573\" style=\"width:238px;height:auto\" srcset=\"https:\/\/projectes.xtec.cat\/steamcat\/wp-content\/uploads\/usu1760\/2025\/04\/image.png 536w, https:\/\/projectes.xtec.cat\/steamcat\/wp-content\/uploads\/usu1760\/2025\/04\/image-300x91.png 300w\" sizes=\"auto, (max-width: 536px) 100vw, 536px\" \/><\/a><\/figure>\n<\/div><\/div><\/div><\/div><\/div>\n\n\n\n<!--nextpage-->\n\n\n\n<h2 class=\"wp-block-heading has-text-align-center\" id=\"WIFI\">WIFI<\/h2>\n\n\n\n<p class=\"has-text-align-center\"><strong>EVENTOS_COSMOCAIXA_BCN<\/strong><br>contrasenya: asistente@<\/p>\n\n\n\n<p class=\"has-text-align-center\"><img loading=\"lazy\" decoding=\"async\" src=\"https:\/\/lh7-rt.googleusercontent.com\/docsz\/AD_4nXdveYI-p6-oEPaHOITd20nVjUzRc6aoEjR-plnUPgLemGqTgzSP9ZCUMt-2DfAu8BPr-eGjXMp4fIpLjArfNVqkm_w6_8hBGOc-rKQowy9DO-Km_zBcVpyM9ckf8WDjPbi-3POWQA?key=hyu6AG04McCkYLWCOT_U5U58\" width=\"225\" height=\"225\"><\/p>\n\n\n\n<!--nextpage-->\n\n\n\n<p><\/p>\n","protected":false},"excerpt":{"rendered":"<p>II Comunitat de Pr\u00e0ctica STEAMcat8 d&#8217;abril de 2025Museu de la Ci\u00e8ncia &#8211; CosmoCaixa &#8211; Barcelona pl\u00e0nol i informaci\u00f3 del museuacc\u00e9s al wifi<\/p>\n","protected":false},"author":8,"featured_media":18438,"parent":0,"menu_order":0,"comment_status":"closed","ping_status":"close","template":"","meta":{"_bbp_topic_count":0,"_bbp_reply_count":0,"_bbp_total_topic_count":0,"_bbp_total_reply_count":0,"_bbp_voice_count":0,"_bbp_anonymous_reply_count":0,"_bbp_topic_count_hidden":0,"_bbp_reply_count_hidden":0,"_bbp_forum_subforum_count":0,"site-sidebar-layout":"default","site-content-layout":"","ast-site-content-layout":"default","site-content-style":"default","site-sidebar-style":"default","ast-global-header-display":"","ast-banner-title-visibility":"","ast-main-header-display":"","ast-hfb-above-header-display":"","ast-hfb-below-header-display":"","ast-hfb-mobile-header-display":"","site-post-title":"disabled","ast-breadcrumbs-content":"","ast-featured-img":"","footer-sml-layout":"","theme-transparent-header-meta":"","adv-header-id-meta":"","stick-header-meta":"","header-above-stick-meta":"","header-main-stick-meta":"","header-below-stick-meta":"","astra-migrate-meta-layouts":"set","ast-page-background-enabled":"default","ast-page-background-meta":{"desktop":{"background-color":"var(--ast-global-color-4)","background-image":"","background-repeat":"repeat","background-position":"center center","background-size":"auto","background-attachment":"scroll","background-type":"","background-media":"","overlay-type":"","overlay-color":"","overlay-opacity":"","overlay-gradient":""},"tablet":{"background-color":"","background-image":"","background-repeat":"repeat","background-position":"center center","background-size":"auto","background-attachment":"scroll","background-type":"","background-media":"","overlay-type":"","overlay-color":"","overlay-opacity":"","overlay-gradient":""},"mobile":{"background-color":"","background-image":"","background-repeat":"repeat","background-position":"center center","background-size":"auto","background-attachment":"scroll","background-type":"","background-media":"","overlay-type":"","overlay-color":"","overlay-opacity":"","overlay-gradient":""}},"ast-content-background-meta":{"desktop":{"background-color":"var(--ast-global-color-5)","background-image":"","background-repeat":"repeat","background-position":"center center","background-size":"auto","background-attachment":"scroll","background-type":"","background-media":"","overlay-type":"","overlay-color":"","overlay-opacity":"","overlay-gradient":""},"tablet":{"background-color":"var(--ast-global-color-5)","background-image":"","background-repeat":"repeat","background-position":"center center","background-size":"auto","background-attachment":"scroll","background-type":"","background-media":"","overlay-type":"","overlay-color":"","overlay-opacity":"","overlay-gradient":""},"mobile":{"background-color":"var(--ast-global-color-5)","background-image":"","background-repeat":"repeat","background-position":"center center","background-size":"auto","background-attachment":"scroll","background-type":"","background-media":"","overlay-type":"","overlay-color":"","overlay-opacity":"","overlay-gradient":""}},"footnotes":""},"class_list":["post-18437","page","type-page","status-publish","has-post-thumbnail","hentry"],"post_mailing_queue_ids":[],"_links":{"self":[{"href":"https:\/\/projectes.xtec.cat\/steamcat\/wp-json\/wp\/v2\/pages\/18437","targetHints":{"allow":["GET"]}}],"collection":[{"href":"https:\/\/projectes.xtec.cat\/steamcat\/wp-json\/wp\/v2\/pages"}],"about":[{"href":"https:\/\/projectes.xtec.cat\/steamcat\/wp-json\/wp\/v2\/types\/page"}],"author":[{"embeddable":true,"href":"https:\/\/projectes.xtec.cat\/steamcat\/wp-json\/wp\/v2\/users\/8"}],"replies":[{"embeddable":true,"href":"https:\/\/projectes.xtec.cat\/steamcat\/wp-json\/wp\/v2\/comments?post=18437"}],"version-history":[{"count":6,"href":"https:\/\/projectes.xtec.cat\/steamcat\/wp-json\/wp\/v2\/pages\/18437\/revisions"}],"predecessor-version":[{"id":19630,"href":"https:\/\/projectes.xtec.cat\/steamcat\/wp-json\/wp\/v2\/pages\/18437\/revisions\/19630"}],"wp:featuredmedia":[{"embeddable":true,"href":"https:\/\/projectes.xtec.cat\/steamcat\/wp-json\/wp\/v2\/media\/18438"}],"wp:attachment":[{"href":"https:\/\/projectes.xtec.cat\/steamcat\/wp-json\/wp\/v2\/media?parent=18437"}],"curies":[{"name":"wp","href":"https:\/\/api.w.org\/{rel}","templated":true}]}}