{"id":19319,"date":"2025-08-22T12:40:51","date_gmt":"2025-08-22T10:40:51","guid":{"rendered":"https:\/\/projectes.xtec.cat\/steamcat\/?page_id=19319"},"modified":"2025-08-27T22:38:54","modified_gmt":"2025-08-27T20:38:54","slug":"projectesecosistema-steam","status":"publish","type":"page","link":"https:\/\/projectes.xtec.cat\/steamcat\/projectesecosistema-steam\/","title":{"rendered":"Projectes educatius &#8211; ecosistema STEAM"},"content":{"rendered":"\n<h5 class=\"wp-block-heading\">Projectes educatius oferts per entitats col\u00b7laboradores amb el programa STEAMcat.<\/h5>\n\n\n\n<p><\/p>\n\n\n<ul class=\"wp-block-latest-posts__list is-grid columns-3 wp-block-latest-posts\"><li><div class=\"wp-block-latest-posts__featured-image alignleft\"><img loading=\"lazy\" decoding=\"async\" width=\"150\" height=\"150\" src=\"https:\/\/projectes.xtec.cat\/steamcat\/wp-content\/uploads\/usu1760\/2024\/10\/2019-12-10-00_00_2019-12-10-23_59_Sentinel-2_L2A_True_color-150x150.jpg\" class=\"attachment-thumbnail size-thumbnail wp-post-image\" alt=\"\" style=\"\" \/><\/div><a class=\"wp-block-latest-posts__post-title\" href=\"https:\/\/projectes.xtec.cat\/steamcat\/general\/edusat-challenge-2a-edicio\/\">Edusat Challenge &#8211; 2a edici\u00f3<\/a><div class=\"wp-block-latest-posts__post-excerpt\">Inscripci\u00f3 oberta al repte fins al 14 de gener!<\/div><\/li>\n<li><div class=\"wp-block-latest-posts__featured-image alignleft\"><img loading=\"lazy\" decoding=\"async\" width=\"150\" height=\"150\" src=\"https:\/\/projectes.xtec.cat\/steamcat\/wp-content\/uploads\/usu1760\/2025\/11\/smartmakers-150x150.png\" class=\"attachment-thumbnail size-thumbnail wp-post-image\" alt=\"\" style=\"\" \/><\/div><a class=\"wp-block-latest-posts__post-title\" href=\"https:\/\/projectes.xtec.cat\/steamcat\/general\/smart-makers-for-smart-towns-1a-edicio\/\">Smart Makers for Smart Towns &#8211; 1a edici\u00f3<\/a><div class=\"wp-block-latest-posts__post-excerpt\">Vols tenir informaci\u00f3 del projecte sense cap comprom\u00eds de participaci\u00f3? Fes-nos-ho saber a trav\u00e9s d&#8217;aquest formulari<\/div><\/li>\n<li><div class=\"wp-block-latest-posts__featured-image alignleft\"><img loading=\"lazy\" decoding=\"async\" width=\"150\" height=\"150\" src=\"https:\/\/projectes.xtec.cat\/steamcat\/wp-content\/uploads\/usu1760\/2024\/11\/esero-corto-150x150.png\" class=\"attachment-thumbnail size-thumbnail wp-post-image\" alt=\"esero Oficina Europea de recursos per a l&#039;educaci\u00f3 espacial a Espanya\" style=\"\" \/><\/div><a class=\"wp-block-latest-posts__post-title\" href=\"https:\/\/projectes.xtec.cat\/steamcat\/general\/reptes-esero-2\/\">Reptes ESERO<\/a><div class=\"wp-block-latest-posts__post-excerpt\">Obertes les inscripcions pels reptes ESERO curs 2025\/2026! Una gran oportunitat per acostar a l&#8217;alumnat a la ci\u00e8ncia, la tecnologia i l&#8217;espai de manera pr\u00e0ctica\u2026 <a class=\"wp-block-latest-posts__read-more\" href=\"https:\/\/projectes.xtec.cat\/steamcat\/general\/reptes-esero-2\/\" rel=\"noopener noreferrer\">M\u00e9s informaci\u00f3<span class=\"screen-reader-text\">: Reptes ESERO<\/span><\/a><\/div><\/li>\n<li><div class=\"wp-block-latest-posts__featured-image alignleft\"><img loading=\"lazy\" decoding=\"async\" width=\"150\" height=\"150\" src=\"https:\/\/projectes.xtec.cat\/steamcat\/wp-content\/uploads\/usu1760\/2021\/11\/cansat-150x150.jpg\" class=\"attachment-thumbnail size-thumbnail wp-post-image\" alt=\"\" style=\"\" \/><\/div><a class=\"wp-block-latest-posts__post-title\" href=\"https:\/\/projectes.xtec.cat\/steamcat\/entitats\/cansat\/\">CanSat 25-26<\/a><div class=\"wp-block-latest-posts__post-excerpt\">CanSat \u00e9s una competici\u00f3 internacional, iniciativa de l\u2019Ag\u00e8ncia Espacial Europea, que convida a grups d&#8217;estudiants d&#8217;educaci\u00f3 secund\u00e0ria de tota Europa a dissenyar, construir i llan\u00e7ar\u2026 <a class=\"wp-block-latest-posts__read-more\" href=\"https:\/\/projectes.xtec.cat\/steamcat\/entitats\/cansat\/\" rel=\"noopener noreferrer\">M\u00e9s informaci\u00f3<span class=\"screen-reader-text\">: CanSat 25-26<\/span><\/a><\/div><\/li>\n<li><div class=\"wp-block-latest-posts__featured-image alignleft\"><img loading=\"lazy\" decoding=\"async\" width=\"150\" height=\"150\" src=\"https:\/\/projectes.xtec.cat\/steamcat\/wp-content\/uploads\/usu1760\/2025\/09\/collage-LivingSoils-150x150.png\" class=\"attachment-thumbnail size-thumbnail wp-post-image\" alt=\"\" style=\"\" \/><\/div><a class=\"wp-block-latest-posts__post-title\" href=\"https:\/\/projectes.xtec.cat\/steamcat\/formacions\/livingsoils-implementacio-i-mentoria\/\">LivingSoils &#8211; Implementaci\u00f3 i mentoria<\/a><div class=\"wp-block-latest-posts__post-excerpt\">Mentoria Projecte LivingSoils: acompanyament pr\u00e0ctic per al professorat que implementa el projecte als seus centres. Certificaci\u00f3 amb de 15 hores de formaci\u00f3Sessi\u00f3 inicial d&#8217;activaci\u00f3 al\u2026 <a class=\"wp-block-latest-posts__read-more\" href=\"https:\/\/projectes.xtec.cat\/steamcat\/formacions\/livingsoils-implementacio-i-mentoria\/\" rel=\"noopener noreferrer\">M\u00e9s informaci\u00f3<span class=\"screen-reader-text\">: LivingSoils &#8211; Implementaci\u00f3 i mentoria<\/span><\/a><\/div><\/li>\n<li><div class=\"wp-block-latest-posts__featured-image alignleft\"><img loading=\"lazy\" decoding=\"async\" width=\"150\" height=\"150\" src=\"https:\/\/projectes.xtec.cat\/steamcat\/wp-content\/uploads\/usu1760\/2025\/09\/20221222_ris3cat2030-150x150.png\" class=\"attachment-thumbnail size-thumbnail wp-post-image\" alt=\"\" style=\"\" \/><\/div><a class=\"wp-block-latest-posts__post-title\" href=\"https:\/\/projectes.xtec.cat\/steamcat\/general\/aps-ciencia-ciutadana-ris3cat\/\">Aps &#8211; Ci\u00e8ncia ciutadana RIS3CAT<\/a><div class=\"wp-block-latest-posts__post-excerpt\">El departament d\u2019Educaci\u00f3, en el marc de l\u2019estrat\u00e8gia RIS3CAT del govern de Catalunya, impulsa pel curs 2025-2026 4 propostes d\u2019aplicaci\u00f3 a l\u2019aula amb la col\u00b7laboraci\u00f3\u2026 <a class=\"wp-block-latest-posts__read-more\" href=\"https:\/\/projectes.xtec.cat\/steamcat\/general\/aps-ciencia-ciutadana-ris3cat\/\" rel=\"noopener noreferrer\">M\u00e9s informaci\u00f3<span class=\"screen-reader-text\">: Aps &#8211; Ci\u00e8ncia ciutadana RIS3CAT<\/span><\/a><\/div><\/li>\n<li><div class=\"wp-block-latest-posts__featured-image alignleft\"><img loading=\"lazy\" decoding=\"async\" width=\"150\" height=\"150\" src=\"https:\/\/projectes.xtec.cat\/steamcat\/wp-content\/uploads\/usu1760\/2025\/06\/Diapositiva1-1-150x150.png\" class=\"attachment-thumbnail size-thumbnail wp-post-image\" alt=\"\" style=\"\" \/><\/div><a class=\"wp-block-latest-posts__post-title\" href=\"https:\/\/projectes.xtec.cat\/steamcat\/formacions\/hi-ha-vida-a-mart-descobreix-ho-amb-el-projecte-catmart\/\">Hi ha vida a Mart? Descobreix-ho amb el projecte CatMart!<\/a><div class=\"wp-block-latest-posts__post-excerpt\">T\u2019imagines poder investigar Mart des de la teva aula?\nAmb CatMart, el nou projecte educatiu d\u2019Hypatia Mars per a escoles de prim\u00e0ria, l\u2019exploraci\u00f3 del planeta vermell arriba directament al teu centre.<\/div><\/li>\n<li><div class=\"wp-block-latest-posts__featured-image alignleft\"><img loading=\"lazy\" decoding=\"async\" width=\"150\" height=\"150\" src=\"https:\/\/projectes.xtec.cat\/steamcat\/wp-content\/uploads\/usu1760\/2023\/05\/baixa-150x150.png\" class=\"attachment-thumbnail size-thumbnail wp-post-image\" alt=\"\" style=\"\" \/><\/div><a class=\"wp-block-latest-posts__post-title\" href=\"https:\/\/projectes.xtec.cat\/steamcat\/general\/22-dies-en-22-peus-aventura-en-solitari-a-latlantic\/\">22 dies en 22 peus, aventura en solitari a l&#8217;Atl\u00e0ntic<\/a><div class=\"wp-block-latest-posts__post-excerpt\">Programa educatiu pel seguiment de la regata Mini Transat 2023<\/div><\/li>\n<li><div class=\"wp-block-latest-posts__featured-image alignleft\"><img loading=\"lazy\" decoding=\"async\" width=\"150\" height=\"150\" src=\"https:\/\/projectes.xtec.cat\/steamcat\/wp-content\/uploads\/usu1760\/2025\/03\/LivingSoilsxSTEAM-150x150.jpg\" class=\"attachment-thumbnail size-thumbnail wp-post-image\" alt=\"\" style=\"\" \/><\/div><a class=\"wp-block-latest-posts__post-title\" href=\"https:\/\/projectes.xtec.cat\/steamcat\/general\/livingsoils\/\">LivingSoils<\/a><div class=\"wp-block-latest-posts__post-excerpt\">LivingSoils \u00e9s un projecte europeu de ci\u00e8ncia ciutadana per con\u00e8ixer l\u2019estat del s\u00f2l dels parcs i boscos on juguen els nostres infants.<\/div><\/li>\n<li><div class=\"wp-block-latest-posts__featured-image alignleft\"><img loading=\"lazy\" decoding=\"async\" width=\"150\" height=\"150\" src=\"https:\/\/projectes.xtec.cat\/steamcat\/wp-content\/uploads\/usu1760\/2024\/01\/image-11-150x150.png\" class=\"attachment-thumbnail size-thumbnail wp-post-image\" alt=\"\" style=\"\" \/><\/div><a class=\"wp-block-latest-posts__post-title\" href=\"https:\/\/projectes.xtec.cat\/steamcat\/general\/reptes-esero\/\">REPTES ESERO<\/a><div class=\"wp-block-latest-posts__post-excerpt\">El context de l&#8217;espai, a m\u00e9s de ser inspirador \u00e9s cada vegada m\u00e9s quotidi\u00e0. El futur de la humanitat \u00e9s probablement a l&#8217;espai, i el\u2026 <a class=\"wp-block-latest-posts__read-more\" href=\"https:\/\/projectes.xtec.cat\/steamcat\/general\/reptes-esero\/\" rel=\"noopener noreferrer\">M\u00e9s informaci\u00f3<span class=\"screen-reader-text\">: REPTES ESERO<\/span><\/a><\/div><\/li>\n<\/ul>","protected":false},"excerpt":{"rendered":"<p>Projectes educatius oferts per entitats col\u00b7laboradores amb el programa STEAMcat.<\/p>\n","protected":false},"author":8,"featured_media":0,"parent":0,"menu_order":0,"comment_status":"closed","ping_status":"close","template":"","meta":{"_bbp_topic_count":0,"_bbp_reply_count":0,"_bbp_total_topic_count":0,"_bbp_total_reply_count":0,"_bbp_voice_count":0,"_bbp_anonymous_reply_count":0,"_bbp_topic_count_hidden":0,"_bbp_reply_count_hidden":0,"_bbp_forum_subforum_count":0,"site-sidebar-layout":"default","site-content-layout":"","ast-site-content-layout":"default","site-content-style":"default","site-sidebar-style":"default","ast-global-header-display":"","ast-banner-title-visibility":"","ast-main-header-display":"","ast-hfb-above-header-display":"","ast-hfb-below-header-display":"","ast-hfb-mobile-header-display":"","site-post-title":"","ast-breadcrumbs-content":"","ast-featured-img":"","footer-sml-layout":"","theme-transparent-header-meta":"","adv-header-id-meta":"","stick-header-meta":"","header-above-stick-meta":"","header-main-stick-meta":"","header-below-stick-meta":"","astra-migrate-meta-layouts":"set","ast-page-background-enabled":"default","ast-page-background-meta":{"desktop":{"background-color":"var(--ast-global-color-4)","background-image":"","background-repeat":"repeat","background-position":"center center","background-size":"auto","background-attachment":"scroll","background-type":"","background-media":"","overlay-type":"","overlay-color":"","overlay-opacity":"","overlay-gradient":""},"tablet":{"background-color":"","background-image":"","background-repeat":"repeat","background-position":"center center","background-size":"auto","background-attachment":"scroll","background-type":"","background-media":"","overlay-type":"","overlay-color":"","overlay-opacity":"","overlay-gradient":""},"mobile":{"background-color":"","background-image":"","background-repeat":"repeat","background-position":"center center","background-size":"auto","background-attachment":"scroll","background-type":"","background-media":"","overlay-type":"","overlay-color":"","overlay-opacity":"","overlay-gradient":""}},"ast-content-background-meta":{"desktop":{"background-color":"var(--ast-global-color-5)","background-image":"","background-repeat":"repeat","background-position":"center center","background-size":"auto","background-attachment":"scroll","background-type":"","background-media":"","overlay-type":"","overlay-color":"","overlay-opacity":"","overlay-gradient":""},"tablet":{"background-color":"var(--ast-global-color-5)","background-image":"","background-repeat":"repeat","background-position":"center center","background-size":"auto","background-attachment":"scroll","background-type":"","background-media":"","overlay-type":"","overlay-color":"","overlay-opacity":"","overlay-gradient":""},"mobile":{"background-color":"var(--ast-global-color-5)","background-image":"","background-repeat":"repeat","background-position":"center center","background-size":"auto","background-attachment":"scroll","background-type":"","background-media":"","overlay-type":"","overlay-color":"","overlay-opacity":"","overlay-gradient":""}},"footnotes":""},"class_list":["post-19319","page","type-page","status-publish","hentry"],"post_mailing_queue_ids":[],"_links":{"self":[{"href":"https:\/\/projectes.xtec.cat\/steamcat\/wp-json\/wp\/v2\/pages\/19319","targetHints":{"allow":["GET"]}}],"collection":[{"href":"https:\/\/projectes.xtec.cat\/steamcat\/wp-json\/wp\/v2\/pages"}],"about":[{"href":"https:\/\/projectes.xtec.cat\/steamcat\/wp-json\/wp\/v2\/types\/page"}],"author":[{"embeddable":true,"href":"https:\/\/projectes.xtec.cat\/steamcat\/wp-json\/wp\/v2\/users\/8"}],"replies":[{"embeddable":true,"href":"https:\/\/projectes.xtec.cat\/steamcat\/wp-json\/wp\/v2\/comments?post=19319"}],"version-history":[{"count":6,"href":"https:\/\/projectes.xtec.cat\/steamcat\/wp-json\/wp\/v2\/pages\/19319\/revisions"}],"predecessor-version":[{"id":19456,"href":"https:\/\/projectes.xtec.cat\/steamcat\/wp-json\/wp\/v2\/pages\/19319\/revisions\/19456"}],"wp:attachment":[{"href":"https:\/\/projectes.xtec.cat\/steamcat\/wp-json\/wp\/v2\/media?parent=19319"}],"curies":[{"name":"wp","href":"https:\/\/api.w.org\/{rel}","templated":true}]}}