{"id":19638,"date":"2025-09-19T16:46:00","date_gmt":"2025-09-19T14:46:00","guid":{"rendered":"https:\/\/projectes.xtec.cat\/steamcat\/?page_id=19638"},"modified":"2025-09-19T16:47:35","modified_gmt":"2025-09-19T14:47:35","slug":"premis","status":"publish","type":"page","link":"https:\/\/projectes.xtec.cat\/steamcat\/premis\/","title":{"rendered":"Premis i concursos"},"content":{"rendered":"<ul class=\"wp-block-latest-posts__list is-grid columns-3 wp-block-latest-posts\"><li><div class=\"wp-block-latest-posts__featured-image aligncenter\"><img loading=\"lazy\" decoding=\"async\" width=\"300\" height=\"224\" src=\"https:\/\/projectes.xtec.cat\/steamcat\/wp-content\/uploads\/usu1760\/2026\/03\/Premis-Dona-TIC-2026.png_1742757103-300x224.png\" class=\"attachment-medium size-medium wp-post-image\" alt=\"\" style=\"max-height:150px;\" srcset=\"https:\/\/projectes.xtec.cat\/steamcat\/wp-content\/uploads\/usu1760\/2026\/03\/Premis-Dona-TIC-2026.png_1742757103-300x224.png 300w, https:\/\/projectes.xtec.cat\/steamcat\/wp-content\/uploads\/usu1760\/2026\/03\/Premis-Dona-TIC-2026.png_1742757103-768x575.png 768w, https:\/\/projectes.xtec.cat\/steamcat\/wp-content\/uploads\/usu1760\/2026\/03\/Premis-Dona-TIC-2026.png_1742757103.png 1024w\" sizes=\"auto, (max-width: 300px) 100vw, 300px\" \/><\/div><a class=\"wp-block-latest-posts__post-title\" href=\"https:\/\/projectes.xtec.cat\/steamcat\/general\/premis-donatic-2026\/\">Premis DonaTIC 2026<\/a><div class=\"wp-block-latest-posts__post-excerpt\">Docents STEAM, aquest premi tamb\u00e9 \u00e9s per a vosaltres! La convocat\u00f2ria dels Premis DonaTIC 2026 ja \u00e9s oberta i \u00e9s una magn\u00edfica oportunitat per donar\u2026 <a class=\"wp-block-latest-posts__read-more\" href=\"https:\/\/projectes.xtec.cat\/steamcat\/general\/premis-donatic-2026\/\" rel=\"noopener noreferrer\">M\u00e9s informaci\u00f3<span class=\"screen-reader-text\">: Premis DonaTIC 2026<\/span><\/a><\/div><\/li>\n<li><div class=\"wp-block-latest-posts__featured-image aligncenter\"><img loading=\"lazy\" decoding=\"async\" width=\"300\" height=\"187\" src=\"https:\/\/projectes.xtec.cat\/steamcat\/wp-content\/uploads\/usu1760\/2025\/12\/premis-ciencia-enginyeria-300x187.png\" class=\"attachment-medium size-medium wp-post-image\" alt=\"\" style=\"max-height:150px;\" srcset=\"https:\/\/projectes.xtec.cat\/steamcat\/wp-content\/uploads\/usu1760\/2025\/12\/premis-ciencia-enginyeria-300x187.png 300w, https:\/\/projectes.xtec.cat\/steamcat\/wp-content\/uploads\/usu1760\/2025\/12\/premis-ciencia-enginyeria-1024x640.png 1024w, https:\/\/projectes.xtec.cat\/steamcat\/wp-content\/uploads\/usu1760\/2025\/12\/premis-ciencia-enginyeria-768x480.png 768w, https:\/\/projectes.xtec.cat\/steamcat\/wp-content\/uploads\/usu1760\/2025\/12\/premis-ciencia-enginyeria.png 1074w\" sizes=\"auto, (max-width: 300px) 100vw, 300px\" \/><\/div><a class=\"wp-block-latest-posts__post-title\" href=\"https:\/\/projectes.xtec.cat\/steamcat\/general\/premi-la-ciencia-i-els-infants-0-6-i-lenginyeria-i-els-infants-6-12\/\">Premi &#8220;la ci\u00e8ncia i els infants&#8221; (0-6) i &#8220;l&#8217;enginyeria i els infants&#8221; (6-12)<\/a><div class=\"wp-block-latest-posts__post-excerpt\">Obertes les inscripcions d\u2019una nova edici\u00f3 del premi \u201cLa ci\u00e8ncia i els infants\u201d (0-6), i tamb\u00e9 del premi\u00a0\u201cL\u2019enginyeria i els infants\u201d\u00a0(6-12). Uns premis on tothom\u2026 <a class=\"wp-block-latest-posts__read-more\" href=\"https:\/\/projectes.xtec.cat\/steamcat\/general\/premi-la-ciencia-i-els-infants-0-6-i-lenginyeria-i-els-infants-6-12\/\" rel=\"noopener noreferrer\">M\u00e9s informaci\u00f3<span class=\"screen-reader-text\">: Premi &#8220;la ci\u00e8ncia i els infants&#8221; (0-6) i &#8220;l&#8217;enginyeria i els infants&#8221; (6-12)<\/span><\/a><\/div><\/li>\n<li><div class=\"wp-block-latest-posts__featured-image aligncenter\"><img loading=\"lazy\" decoding=\"async\" width=\"300\" height=\"209\" src=\"https:\/\/projectes.xtec.cat\/steamcat\/wp-content\/uploads\/usu1760\/2025\/12\/redesteamV_Arranque-V-Edicion-300x209.jpeg\" class=\"attachment-medium size-medium wp-post-image\" alt=\"\" style=\"max-height:150px;\" srcset=\"https:\/\/projectes.xtec.cat\/steamcat\/wp-content\/uploads\/usu1760\/2025\/12\/redesteamV_Arranque-V-Edicion-300x209.jpeg 300w, https:\/\/projectes.xtec.cat\/steamcat\/wp-content\/uploads\/usu1760\/2025\/12\/redesteamV_Arranque-V-Edicion.jpeg 768w\" sizes=\"auto, (max-width: 300px) 100vw, 300px\" \/><\/div><a class=\"wp-block-latest-posts__post-title\" href=\"https:\/\/projectes.xtec.cat\/steamcat\/general\/v-edicio-redesteam\/\">V edici\u00f3 redesteam<\/a><div class=\"wp-block-latest-posts__post-excerpt\">Destinat\u00e0ries: Noies estudiants de 3r i 4t d&#8217;ESO o FP equivalent. Repte: Presentar un projecte que respongui a la resoluci\u00f3 d&#8217;una necessitat que pr\u00e8viament s&#8217;hagi\u2026 <a class=\"wp-block-latest-posts__read-more\" href=\"https:\/\/projectes.xtec.cat\/steamcat\/general\/v-edicio-redesteam\/\" rel=\"noopener noreferrer\">M\u00e9s informaci\u00f3<span class=\"screen-reader-text\">: V edici\u00f3 redesteam<\/span><\/a><\/div><\/li>\n<li><div class=\"wp-block-latest-posts__featured-image aligncenter\"><img loading=\"lazy\" decoding=\"async\" width=\"300\" height=\"300\" src=\"https:\/\/projectes.xtec.cat\/steamcat\/wp-content\/uploads\/usu1760\/2025\/11\/Premis-equitat-300x300.png\" class=\"attachment-medium size-medium wp-post-image\" alt=\"\" style=\"max-height:150px;\" srcset=\"https:\/\/projectes.xtec.cat\/steamcat\/wp-content\/uploads\/usu1760\/2025\/11\/Premis-equitat-300x300.png 300w, https:\/\/projectes.xtec.cat\/steamcat\/wp-content\/uploads\/usu1760\/2025\/11\/Premis-equitat-150x150.png 150w, https:\/\/projectes.xtec.cat\/steamcat\/wp-content\/uploads\/usu1760\/2025\/11\/Premis-equitat.png 465w\" sizes=\"auto, (max-width: 300px) 100vw, 300px\" \/><\/div><a class=\"wp-block-latest-posts__post-title\" href=\"https:\/\/projectes.xtec.cat\/steamcat\/equitat\/premis-equitat\/\">PREMIS EQUIT@T<\/a><div class=\"wp-block-latest-posts__post-excerpt\">Els Estudis d\u2019Inform\u00e0tica, Multim\u00e8dia i Telecomunicaci\u00f3 (EIMT) de la Universitat Oberta de Catalunya (UOC) organitzen la quarta edici\u00f3 dels Premis internacionals equit@T, una iniciativa que\u2026 <a class=\"wp-block-latest-posts__read-more\" href=\"https:\/\/projectes.xtec.cat\/steamcat\/equitat\/premis-equitat\/\" rel=\"noopener noreferrer\">M\u00e9s informaci\u00f3<span class=\"screen-reader-text\">: PREMIS EQUIT@T<\/span><\/a><\/div><\/li>\n<li><div class=\"wp-block-latest-posts__featured-image aligncenter\"><img loading=\"lazy\" decoding=\"async\" width=\"271\" height=\"300\" src=\"https:\/\/projectes.xtec.cat\/steamcat\/wp-content\/uploads\/usu1760\/2021\/11\/cansat-271x300.jpg\" class=\"attachment-medium size-medium wp-post-image\" alt=\"\" style=\"max-height:150px;\" srcset=\"https:\/\/projectes.xtec.cat\/steamcat\/wp-content\/uploads\/usu1760\/2021\/11\/cansat-271x300.jpg 271w, https:\/\/projectes.xtec.cat\/steamcat\/wp-content\/uploads\/usu1760\/2021\/11\/cansat.jpg 661w\" sizes=\"auto, (max-width: 271px) 100vw, 271px\" \/><\/div><a class=\"wp-block-latest-posts__post-title\" href=\"https:\/\/projectes.xtec.cat\/steamcat\/entitats\/cansat\/\">CanSat 25-26<\/a><div class=\"wp-block-latest-posts__post-excerpt\">CanSat \u00e9s una competici\u00f3 internacional, iniciativa de l\u2019Ag\u00e8ncia Espacial Europea, que convida a grups d&#8217;estudiants d&#8217;educaci\u00f3 secund\u00e0ria de tota Europa a dissenyar, construir i llan\u00e7ar\u2026 <a class=\"wp-block-latest-posts__read-more\" href=\"https:\/\/projectes.xtec.cat\/steamcat\/entitats\/cansat\/\" rel=\"noopener noreferrer\">M\u00e9s informaci\u00f3<span class=\"screen-reader-text\">: CanSat 25-26<\/span><\/a><\/div><\/li>\n<li><div class=\"wp-block-latest-posts__featured-image aligncenter\"><img loading=\"lazy\" decoding=\"async\" width=\"300\" height=\"115\" src=\"https:\/\/projectes.xtec.cat\/steamcat\/wp-content\/uploads\/usu1760\/2025\/09\/Postal-XI-RetoTech_Catalunya_1-300x115.jpg\" class=\"attachment-medium size-medium wp-post-image\" alt=\"Torna RetoTech, el projecte d&#039;innovaci\u00f3 educativa de Fundaci\u00f3n Endesa que fomenta les vocacions STEM i aposta per una educaci\u00f3 creativa, tecnol\u00f2gica i sostenible.\" style=\"max-height:150px;\" srcset=\"https:\/\/projectes.xtec.cat\/steamcat\/wp-content\/uploads\/usu1760\/2025\/09\/Postal-XI-RetoTech_Catalunya_1-300x115.jpg 300w, https:\/\/projectes.xtec.cat\/steamcat\/wp-content\/uploads\/usu1760\/2025\/09\/Postal-XI-RetoTech_Catalunya_1-1024x393.jpg 1024w, https:\/\/projectes.xtec.cat\/steamcat\/wp-content\/uploads\/usu1760\/2025\/09\/Postal-XI-RetoTech_Catalunya_1-768x295.jpg 768w, https:\/\/projectes.xtec.cat\/steamcat\/wp-content\/uploads\/usu1760\/2025\/09\/Postal-XI-RetoTech_Catalunya_1-1536x590.jpg 1536w, https:\/\/projectes.xtec.cat\/steamcat\/wp-content\/uploads\/usu1760\/2025\/09\/Postal-XI-RetoTech_Catalunya_1-2048x787.jpg 2048w\" sizes=\"auto, (max-width: 300px) 100vw, 300px\" \/><\/div><a class=\"wp-block-latest-posts__post-title\" href=\"https:\/\/projectes.xtec.cat\/steamcat\/general\/retotech-xi-edicio_2025-26\/\">RetoTech &#8211; XI edici\u00f3_2025\/26<\/a><div class=\"wp-block-latest-posts__post-excerpt\">Torna RetoTech, el projecte d&#8217;innovaci\u00f3 educativa de Fundaci\u00f3n Endesa que fomenta les vocacions STEM i aposta per una educaci\u00f3 creativa, tecnol\u00f2gica i sostenible.<\/div><\/li>\n<li><div class=\"wp-block-latest-posts__featured-image aligncenter\"><img loading=\"lazy\" decoding=\"async\" width=\"300\" height=\"74\" src=\"https:\/\/projectes.xtec.cat\/steamcat\/wp-content\/uploads\/usu1760\/2025\/07\/premi-escoles-2025-300x74.png\" class=\"attachment-medium size-medium wp-post-image\" alt=\"\" style=\"max-height:150px;\" srcset=\"https:\/\/projectes.xtec.cat\/steamcat\/wp-content\/uploads\/usu1760\/2025\/07\/premi-escoles-2025-300x74.png 300w, https:\/\/projectes.xtec.cat\/steamcat\/wp-content\/uploads\/usu1760\/2025\/07\/premi-escoles-2025-1024x253.png 1024w, https:\/\/projectes.xtec.cat\/steamcat\/wp-content\/uploads\/usu1760\/2025\/07\/premi-escoles-2025-768x190.png 768w, https:\/\/projectes.xtec.cat\/steamcat\/wp-content\/uploads\/usu1760\/2025\/07\/premi-escoles-2025-1536x379.png 1536w, https:\/\/projectes.xtec.cat\/steamcat\/wp-content\/uploads\/usu1760\/2025\/07\/premi-escoles-2025.png 1823w\" sizes=\"auto, (max-width: 300px) 100vw, 300px\" \/><\/div><a class=\"wp-block-latest-posts__post-title\" href=\"https:\/\/projectes.xtec.cat\/steamcat\/general\/xiii-premi-escola-agricultura-i-alimentacio-ecologica-2025\/\">XIII Premi Escola, Agricultura i Alimentaci\u00f3 Ecol\u00f2gica 2025<\/a><div class=\"wp-block-latest-posts__post-excerpt\"> XIII Premi Escola que reconeix projectes educatius sobre agricultura i alimentaci\u00f3 ecol\u00f2giques. El termini per presentar candidatures \u00e9s del 2 de juny al 21 de juliol de 2025.<\/div><\/li>\n<li><div class=\"wp-block-latest-posts__featured-image aligncenter\"><img loading=\"lazy\" decoding=\"async\" width=\"300\" height=\"300\" src=\"https:\/\/projectes.xtec.cat\/steamcat\/wp-content\/uploads\/usu1760\/2025\/07\/250707-premi-ev.png_428131507-300x300.png\" class=\"attachment-medium size-medium wp-post-image\" alt=\"\" style=\"max-height:150px;\" srcset=\"https:\/\/projectes.xtec.cat\/steamcat\/wp-content\/uploads\/usu1760\/2025\/07\/250707-premi-ev.png_428131507-300x300.png 300w, https:\/\/projectes.xtec.cat\/steamcat\/wp-content\/uploads\/usu1760\/2025\/07\/250707-premi-ev.png_428131507-150x150.png 150w, https:\/\/projectes.xtec.cat\/steamcat\/wp-content\/uploads\/usu1760\/2025\/07\/250707-premi-ev.png_428131507.png 450w\" sizes=\"auto, (max-width: 300px) 100vw, 300px\" \/><\/div><a class=\"wp-block-latest-posts__post-title\" href=\"https:\/\/projectes.xtec.cat\/steamcat\/general\/premi-escoles-verdes-2025\/\">Premi escoles verdes 2025<\/a><div class=\"wp-block-latest-posts__post-excerpt\">La Generalitat ha publicat la convocat\u00f2ria del Premi Escoles Verdes per al 2025, que reconeix p\u00fablicament traject\u00f2ries i iniciatives exemplars d\u2019educaci\u00f3 per a la sostenibilitat.<\/div><\/li>\n<\/ul>","protected":false},"excerpt":{"rendered":"","protected":false},"author":8,"featured_media":0,"parent":0,"menu_order":0,"comment_status":"closed","ping_status":"close","template":"","meta":{"_bbp_topic_count":0,"_bbp_reply_count":0,"_bbp_total_topic_count":0,"_bbp_total_reply_count":0,"_bbp_voice_count":0,"_bbp_anonymous_reply_count":0,"_bbp_topic_count_hidden":0,"_bbp_reply_count_hidden":0,"_bbp_forum_subforum_count":0,"site-sidebar-layout":"default","site-content-layout":"","ast-site-content-layout":"default","site-content-style":"default","site-sidebar-style":"default","ast-global-header-display":"","ast-banner-title-visibility":"","ast-main-header-display":"","ast-hfb-above-header-display":"","ast-hfb-below-header-display":"","ast-hfb-mobile-header-display":"","site-post-title":"","ast-breadcrumbs-content":"","ast-featured-img":"","footer-sml-layout":"","theme-transparent-header-meta":"","adv-header-id-meta":"","stick-header-meta":"","header-above-stick-meta":"","header-main-stick-meta":"","header-below-stick-meta":"","astra-migrate-meta-layouts":"set","ast-page-background-enabled":"default","ast-page-background-meta":{"desktop":{"background-color":"var(--ast-global-color-4)","background-image":"","background-repeat":"repeat","background-position":"center center","background-size":"auto","background-attachment":"scroll","background-type":"","background-media":"","overlay-type":"","overlay-color":"","overlay-opacity":"","overlay-gradient":""},"tablet":{"background-color":"","background-image":"","background-repeat":"repeat","background-position":"center center","background-size":"auto","background-attachment":"scroll","background-type":"","background-media":"","overlay-type":"","overlay-color":"","overlay-opacity":"","overlay-gradient":""},"mobile":{"background-color":"","background-image":"","background-repeat":"repeat","background-position":"center center","background-size":"auto","background-attachment":"scroll","background-type":"","background-media":"","overlay-type":"","overlay-color":"","overlay-opacity":"","overlay-gradient":""}},"ast-content-background-meta":{"desktop":{"background-color":"var(--ast-global-color-5)","background-image":"","background-repeat":"repeat","background-position":"center center","background-size":"auto","background-attachment":"scroll","background-type":"","background-media":"","overlay-type":"","overlay-color":"","overlay-opacity":"","overlay-gradient":""},"tablet":{"background-color":"var(--ast-global-color-5)","background-image":"","background-repeat":"repeat","background-position":"center center","background-size":"auto","background-attachment":"scroll","background-type":"","background-media":"","overlay-type":"","overlay-color":"","overlay-opacity":"","overlay-gradient":""},"mobile":{"background-color":"var(--ast-global-color-5)","background-image":"","background-repeat":"repeat","background-position":"center center","background-size":"auto","background-attachment":"scroll","background-type":"","background-media":"","overlay-type":"","overlay-color":"","overlay-opacity":"","overlay-gradient":""}},"footnotes":""},"class_list":["post-19638","page","type-page","status-publish","hentry"],"post_mailing_queue_ids":[],"_links":{"self":[{"href":"https:\/\/projectes.xtec.cat\/steamcat\/wp-json\/wp\/v2\/pages\/19638","targetHints":{"allow":["GET"]}}],"collection":[{"href":"https:\/\/projectes.xtec.cat\/steamcat\/wp-json\/wp\/v2\/pages"}],"about":[{"href":"https:\/\/projectes.xtec.cat\/steamcat\/wp-json\/wp\/v2\/types\/page"}],"author":[{"embeddable":true,"href":"https:\/\/projectes.xtec.cat\/steamcat\/wp-json\/wp\/v2\/users\/8"}],"replies":[{"embeddable":true,"href":"https:\/\/projectes.xtec.cat\/steamcat\/wp-json\/wp\/v2\/comments?post=19638"}],"version-history":[{"count":3,"href":"https:\/\/projectes.xtec.cat\/steamcat\/wp-json\/wp\/v2\/pages\/19638\/revisions"}],"predecessor-version":[{"id":19641,"href":"https:\/\/projectes.xtec.cat\/steamcat\/wp-json\/wp\/v2\/pages\/19638\/revisions\/19641"}],"wp:attachment":[{"href":"https:\/\/projectes.xtec.cat\/steamcat\/wp-json\/wp\/v2\/media?parent=19638"}],"curies":[{"name":"wp","href":"https:\/\/api.w.org\/{rel}","templated":true}]}}