{"id":19842,"date":"2025-10-20T15:48:36","date_gmt":"2025-10-20T13:48:36","guid":{"rendered":"https:\/\/projectes.xtec.cat\/steamcat\/?page_id=19842"},"modified":"2025-10-28T21:36:06","modified_gmt":"2025-10-28T20:36:06","slug":"somequip_somsteam","status":"publish","type":"page","link":"https:\/\/projectes.xtec.cat\/steamcat\/somequip_somsteam\/","title":{"rendered":"SomEquip_SomSTEAM"},"content":{"rendered":"\n<div class=\"wp-block-getwid-section getwid-section-content-full-width\"><div class=\"wp-block-getwid-section__wrapper\"><div class=\"wp-block-getwid-section__inner-wrapper\"><div class=\"wp-block-getwid-section__background-holder\"><div class=\"wp-block-getwid-section__background\"><\/div><div class=\"wp-block-getwid-section__foreground\"><\/div><\/div><div class=\"wp-block-getwid-section__content\"><div class=\"wp-block-getwid-section__inner-content\">\n<div class=\"wp-block-cover alignfull\" style=\"min-height:223px;aspect-ratio:unset;\"><span aria-hidden=\"true\" class=\"wp-block-cover__background has-background-dim\"><\/span><img loading=\"lazy\" decoding=\"async\" width=\"2560\" height=\"1440\" class=\"wp-block-cover__image-background wp-image-19864\" alt=\"\" src=\"https:\/\/projectes.xtec.cat\/steamcat\/wp-content\/uploads\/usu1760\/2025\/10\/Barcelona_-_Museu_Blau_de_les_Ciencies_Naturals_6-edited.jpg\" style=\"object-position:4% 63%\" data-object-fit=\"cover\" data-object-position=\"4% 63%\" srcset=\"https:\/\/projectes.xtec.cat\/steamcat\/wp-content\/uploads\/usu1760\/2025\/10\/Barcelona_-_Museu_Blau_de_les_Ciencies_Naturals_6-edited.jpg 2560w, https:\/\/projectes.xtec.cat\/steamcat\/wp-content\/uploads\/usu1760\/2025\/10\/Barcelona_-_Museu_Blau_de_les_Ciencies_Naturals_6-edited-300x169.jpg 300w, https:\/\/projectes.xtec.cat\/steamcat\/wp-content\/uploads\/usu1760\/2025\/10\/Barcelona_-_Museu_Blau_de_les_Ciencies_Naturals_6-edited-1024x576.jpg 1024w, https:\/\/projectes.xtec.cat\/steamcat\/wp-content\/uploads\/usu1760\/2025\/10\/Barcelona_-_Museu_Blau_de_les_Ciencies_Naturals_6-edited-768x432.jpg 768w, https:\/\/projectes.xtec.cat\/steamcat\/wp-content\/uploads\/usu1760\/2025\/10\/Barcelona_-_Museu_Blau_de_les_Ciencies_Naturals_6-edited-1536x864.jpg 1536w, https:\/\/projectes.xtec.cat\/steamcat\/wp-content\/uploads\/usu1760\/2025\/10\/Barcelona_-_Museu_Blau_de_les_Ciencies_Naturals_6-edited-2048x1152.jpg 2048w\" sizes=\"auto, (max-width: 2560px) 100vw, 2560px\" \/><div class=\"wp-block-cover__inner-container is-layout-flow wp-block-cover-is-layout-flow\">\n<p class=\"has-text-align-center has-large-font-size\"><strong>Comunitat de Pr\u00e0ctica STEAMcat<\/strong><\/p>\n\n\n\n<p class=\"has-text-align-center has-x-large-font-size\"><strong>SomEquip_SomSTEAM<\/strong><\/p>\n<\/div><\/div>\n<\/div><\/div><\/div><\/div><\/div>\n\n\n\n<h3 class=\"wp-block-heading has-text-align-center\">Una jornada per enfortir el lideratge educatiu i descobrir recursos inspiradors per a l\u2019aula STEAM.<\/h3>\n\n\n\n<p class=\"has-text-align-center has-large-font-size\"><strong>29 d&#8217;octubre de 2025<\/strong><\/p>\n\n\n\n<p class=\"has-text-align-center has-large-font-size\"><a href=\"https:\/\/museuciencies.cat\/\" target=\"_blank\" rel=\"noreferrer noopener\">Museu de Ci\u00e8ncies Naturals de Barcelona<\/a><\/p>\n\n\n\n<p class=\"has-text-align-center\"><a href=\"https:\/\/museuciencies.cat\/el-nat\/les-seus\/museu-de-ciencies-naturals-de-barcelona\/informacio-practica\/com-arribar\/\" target=\"_blank\" rel=\"noreferrer noopener\">Pla\u00e7a Leonardo da Vinci, 4-5 &#8211; Parc del F\u00f2rum &#8211; 08019 Barcelona<\/a><\/p>\n\n\n\n<div class=\"wp-block-getwid-section\"><div class=\"wp-block-getwid-section__wrapper\"><div class=\"wp-block-getwid-section__inner-wrapper\"><div class=\"wp-block-getwid-section__background-holder\"><div class=\"wp-block-getwid-section__background\"><\/div><div class=\"wp-block-getwid-section__foreground\"><\/div><\/div><div class=\"wp-block-getwid-section__content\"><div class=\"wp-block-getwid-section__inner-content\">\n<div class=\"wp-block-columns is-layout-flex wp-container-core-columns-is-layout-1 wp-block-columns-is-layout-flex\">\n<div class=\"wp-block-column is-layout-flow wp-block-column-is-layout-flow\">\n<h3 class=\"wp-block-heading\">Franja mat\u00ed<\/h3>\n\n\n\n<p><strong><mark style=\"background-color:#ff4f04;color:#f9f8f8\" class=\"has-inline-color\">Lideratge i equip<\/mark><\/strong><\/p>\n\n\n\n<p>Objectiu: Con\u00e8ixer i aplicar eines per enfortir el lideratge, el treball en equip i la cohesi\u00f3 dins dels centres educatius, aspectes clau per impulsar processos de canvi cap a la millora. <\/p>\n\n\n\n<p><strong>Metodologia: de manera vivencial i gamificada<\/strong><\/p>\n\n\n\n<p>09.00 a 09.30\u202fh Acreditacions<br>09.30 a 09.45 h Connexi\u00f3<br>09.45 a 10.15 h Benvinguda i TedTalks<br>10.15 a 13.40 h Tallers<br>13. 40 a 14.30 h Tancament<br><\/p>\n<\/div>\n\n\n\n<div class=\"wp-block-column is-layout-flow wp-block-column-is-layout-flow\">\n<h3 class=\"wp-block-heading\">Franja tarda<\/h3>\n\n\n\n<p><strong><mark style=\"background-color:#ff4f04;color:#f9f8f8\" class=\"has-inline-color\">el Museu de les Ci\u00e8ncies Naturals de Barcelona com a recurs<\/mark><\/strong><\/p>\n\n\n\n<p>Objectiu: Con\u00e8ixer la metodologia i recursos del Museu a partir de dues activitats paral\u00b7leles:<\/p>\n\n\n\n<p>Horari: de 16.00 h a 18.30 h<\/p>\n\n\n\n<ul class=\"wp-block-list\">\n<li><a href=\"https:\/\/edunat.museuciencies.cat\/activitat\/com-fem-el-niu\/\">Com fem el Niu?<\/a> Ci\u00e8ncia amb infants 0-6 (per Infantil i CI)<\/li>\n\n\n\n<li><a href=\"https:\/\/edunat.museuciencies.cat\/activitat\/ampliem-els-limits\/\">Ampliem els l\u00edmits <\/a>El model did\u00e0ctic del Museu (per PRI i SEC)<\/li>\n<\/ul>\n<\/div>\n<\/div>\n<\/div><\/div><\/div><\/div><\/div>\n\n\n\n<h3 class=\"wp-block-heading has-text-align-center\">Certificaci\u00f3 de la jornada:<\/h3>\n\n\n\n<p><\/p>\n\n\n\n<div class=\"wp-block-getwid-section\"><div class=\"wp-block-getwid-section__wrapper\"><div class=\"wp-block-getwid-section__inner-wrapper\"><div class=\"wp-block-getwid-section__background-holder\"><div class=\"wp-block-getwid-section__background\"><\/div><div class=\"wp-block-getwid-section__foreground\"><\/div><\/div><div class=\"wp-block-getwid-section__content\"><div class=\"wp-block-getwid-section__inner-content\">\n<div class=\"wp-block-columns has-background is-layout-flex wp-container-core-columns-is-layout-2 wp-block-columns-is-layout-flex\" style=\"background-color:#e6ecee\">\n<div class=\"wp-block-column is-layout-flow wp-block-column-is-layout-flow\">\n<p>Franja mat\u00ed i tarda: <strong>10h<\/strong><br>Requisits:<br>Assist\u00e8ncia i participaci\u00f3 activa a les sessions de mat\u00ed i tarda<br>Lliurament d&#8217;una petita tasca<\/p>\n<\/div>\n\n\n\n<div class=\"wp-block-column is-layout-flow wp-block-column-is-layout-flow\">\n<p>Franja mat\u00ed: <strong>5h<\/strong><br>Requisits: <br>Assist\u00e8ncia i participaci\u00f3 activa<\/p>\n<\/div>\n<\/div>\n<\/div><\/div><\/div><\/div><\/div>\n\n\n\n<div class=\"wp-block-getwid-section getwid-section-content-custom-width\"><div class=\"wp-block-getwid-section__wrapper\"><div class=\"wp-block-getwid-section__inner-wrapper\" style=\"max-width:584px\"><div class=\"wp-block-getwid-section__background-holder\"><div class=\"wp-block-getwid-section__background\"><\/div><div class=\"wp-block-getwid-section__foreground\"><\/div><\/div><div class=\"wp-block-getwid-section__content\"><div class=\"wp-block-getwid-section__inner-content\">\n<p><strong>Entitats col\u00b7laboradores:<\/strong><\/p>\n\n\n\n<div class=\"wp-block-columns is-layout-flex wp-container-core-columns-is-layout-3 wp-block-columns-is-layout-flex\">\n<div class=\"wp-block-column is-vertically-aligned-bottom is-layout-flow wp-block-column-is-layout-flow\">\n<figure class=\"wp-block-image alignwide size-full\"><a href=\"https:\/\/projectes.xtec.cat\/steamcat\/wp-content\/uploads\/usu1760\/2025\/10\/logo-general-b.png\"><img loading=\"lazy\" decoding=\"async\" width=\"245\" height=\"59\" src=\"https:\/\/projectes.xtec.cat\/steamcat\/wp-content\/uploads\/usu1760\/2025\/10\/logo-general-b.png\" alt=\"\" class=\"wp-image-19855\"\/><\/a><\/figure>\n<\/div>\n\n\n\n<div class=\"wp-block-column is-layout-flow wp-block-column-is-layout-flow\">\n<figure class=\"wp-block-image aligncenter size-full is-resized\"><a href=\"https:\/\/projectes.xtec.cat\/steamcat\/wp-content\/uploads\/usu1760\/2025\/10\/baixa-3.png\"><img loading=\"lazy\" decoding=\"async\" width=\"224\" height=\"225\" src=\"https:\/\/projectes.xtec.cat\/steamcat\/wp-content\/uploads\/usu1760\/2025\/10\/baixa-3.png\" alt=\"\" class=\"wp-image-19857\" style=\"width:118px;height:auto\" srcset=\"https:\/\/projectes.xtec.cat\/steamcat\/wp-content\/uploads\/usu1760\/2025\/10\/baixa-3.png 224w, https:\/\/projectes.xtec.cat\/steamcat\/wp-content\/uploads\/usu1760\/2025\/10\/baixa-3-150x150.png 150w\" sizes=\"auto, (max-width: 224px) 100vw, 224px\" \/><\/a><\/figure>\n<\/div>\n<\/div>\n<\/div><\/div><\/div><\/div><\/div>\n\n\n\n<div class=\"wp-block-getwid-section\"><div class=\"wp-block-getwid-section__wrapper\"><div class=\"wp-block-getwid-section__inner-wrapper\"><div class=\"wp-block-getwid-section__background-holder\"><div class=\"wp-block-getwid-section__background\"><\/div><div class=\"wp-block-getwid-section__foreground\"><\/div><\/div><div class=\"wp-block-getwid-section__content\"><div class=\"wp-block-getwid-section__inner-content\">\n<figure class=\"wp-block-image aligncenter size-full is-resized\"><a href=\"https:\/\/projectes.xtec.cat\/steamcat\/wp-content\/uploads\/usu1760\/2025\/10\/logos-innertic-1.webp\"><img loading=\"lazy\" decoding=\"async\" width=\"1000\" height=\"200\" src=\"https:\/\/projectes.xtec.cat\/steamcat\/wp-content\/uploads\/usu1760\/2025\/10\/logos-innertic-1.webp\" alt=\"\" class=\"wp-image-19856\" style=\"width:545px;height:auto\" srcset=\"https:\/\/projectes.xtec.cat\/steamcat\/wp-content\/uploads\/usu1760\/2025\/10\/logos-innertic-1.webp 1000w, https:\/\/projectes.xtec.cat\/steamcat\/wp-content\/uploads\/usu1760\/2025\/10\/logos-innertic-1-300x60.webp 300w, https:\/\/projectes.xtec.cat\/steamcat\/wp-content\/uploads\/usu1760\/2025\/10\/logos-innertic-1-768x154.webp 768w\" sizes=\"auto, (max-width: 1000px) 100vw, 1000px\" \/><\/a><\/figure>\n\n\n\n<p class=\"has-text-align-center\" style=\"font-size:14px\">Aquesta jornada \u00e9s finan\u00e7ada amb el suport del Departament d\u2019Empresa i Treball \u2013 Secretaria de Pol\u00edtiques Digitals, en el marc del Pla de Recuperaci\u00f3, Transformaci\u00f3 i Resili\u00e8ncia, finan\u00e7at per la Uni\u00f3 Europea \u2013 fons NextGenerationEU.<\/p>\n\n\n\n<div class=\"wp-block-columns is-layout-flex wp-container-core-columns-is-layout-4 wp-block-columns-is-layout-flex\">\n<div class=\"wp-block-column is-layout-flow wp-block-column-is-layout-flow\"><\/div>\n\n\n\n<div class=\"wp-block-column is-layout-flow wp-block-column-is-layout-flow\"><\/div>\n<\/div>\n<\/div><\/div><\/div><\/div><\/div>\n\n\n\n<p><\/p>\n","protected":false},"excerpt":{"rendered":"<p>Una jornada per enfortir el lideratge educatiu i descobrir recursos inspiradors per a l\u2019aula STEAM. 29 d&#8217;octubre de 2025 Museu de Ci\u00e8ncies Naturals de Barcelona Pla\u00e7a Leonardo da Vinci, 4-5 &#8211; Parc del F\u00f2rum &#8211; 08019 Barcelona Certificaci\u00f3 de la jornada:<\/p>\n","protected":false},"author":24,"featured_media":19864,"parent":0,"menu_order":0,"comment_status":"closed","ping_status":"close","template":"","meta":{"_bbp_topic_count":0,"_bbp_reply_count":0,"_bbp_total_topic_count":0,"_bbp_total_reply_count":0,"_bbp_voice_count":0,"_bbp_anonymous_reply_count":0,"_bbp_topic_count_hidden":0,"_bbp_reply_count_hidden":0,"_bbp_forum_subforum_count":0,"site-sidebar-layout":"default","site-content-layout":"","ast-site-content-layout":"default","site-content-style":"default","site-sidebar-style":"default","ast-global-header-display":"","ast-banner-title-visibility":"","ast-main-header-display":"","ast-hfb-above-header-display":"","ast-hfb-below-header-display":"","ast-hfb-mobile-header-display":"","site-post-title":"disabled","ast-breadcrumbs-content":"","ast-featured-img":"disabled","footer-sml-layout":"","theme-transparent-header-meta":"","adv-header-id-meta":"","stick-header-meta":"","header-above-stick-meta":"","header-main-stick-meta":"","header-below-stick-meta":"","astra-migrate-meta-layouts":"set","ast-page-background-enabled":"default","ast-page-background-meta":{"desktop":{"background-color":"var(--ast-global-color-4)","background-image":"","background-repeat":"repeat","background-position":"center center","background-size":"auto","background-attachment":"scroll","background-type":"","background-media":"","overlay-type":"","overlay-color":"","overlay-opacity":"","overlay-gradient":""},"tablet":{"background-color":"","background-image":"","background-repeat":"repeat","background-position":"center center","background-size":"auto","background-attachment":"scroll","background-type":"","background-media":"","overlay-type":"","overlay-color":"","overlay-opacity":"","overlay-gradient":""},"mobile":{"background-color":"","background-image":"","background-repeat":"repeat","background-position":"center center","background-size":"auto","background-attachment":"scroll","background-type":"","background-media":"","overlay-type":"","overlay-color":"","overlay-opacity":"","overlay-gradient":""}},"ast-content-background-meta":{"desktop":{"background-color":"var(--ast-global-color-5)","background-image":"","background-repeat":"repeat","background-position":"center center","background-size":"auto","background-attachment":"scroll","background-type":"","background-media":"","overlay-type":"","overlay-color":"","overlay-opacity":"","overlay-gradient":""},"tablet":{"background-color":"var(--ast-global-color-5)","background-image":"","background-repeat":"repeat","background-position":"center center","background-size":"auto","background-attachment":"scroll","background-type":"","background-media":"","overlay-type":"","overlay-color":"","overlay-opacity":"","overlay-gradient":""},"mobile":{"background-color":"var(--ast-global-color-5)","background-image":"","background-repeat":"repeat","background-position":"center center","background-size":"auto","background-attachment":"scroll","background-type":"","background-media":"","overlay-type":"","overlay-color":"","overlay-opacity":"","overlay-gradient":""}},"footnotes":""},"class_list":["post-19842","page","type-page","status-publish","has-post-thumbnail","hentry"],"post_mailing_queue_ids":[],"_links":{"self":[{"href":"https:\/\/projectes.xtec.cat\/steamcat\/wp-json\/wp\/v2\/pages\/19842","targetHints":{"allow":["GET"]}}],"collection":[{"href":"https:\/\/projectes.xtec.cat\/steamcat\/wp-json\/wp\/v2\/pages"}],"about":[{"href":"https:\/\/projectes.xtec.cat\/steamcat\/wp-json\/wp\/v2\/types\/page"}],"author":[{"embeddable":true,"href":"https:\/\/projectes.xtec.cat\/steamcat\/wp-json\/wp\/v2\/users\/24"}],"replies":[{"embeddable":true,"href":"https:\/\/projectes.xtec.cat\/steamcat\/wp-json\/wp\/v2\/comments?post=19842"}],"version-history":[{"count":6,"href":"https:\/\/projectes.xtec.cat\/steamcat\/wp-json\/wp\/v2\/pages\/19842\/revisions"}],"predecessor-version":[{"id":19950,"href":"https:\/\/projectes.xtec.cat\/steamcat\/wp-json\/wp\/v2\/pages\/19842\/revisions\/19950"}],"wp:featuredmedia":[{"embeddable":true,"href":"https:\/\/projectes.xtec.cat\/steamcat\/wp-json\/wp\/v2\/media\/19864"}],"wp:attachment":[{"href":"https:\/\/projectes.xtec.cat\/steamcat\/wp-json\/wp\/v2\/media?parent=19842"}],"curies":[{"name":"wp","href":"https:\/\/api.w.org\/{rel}","templated":true}]}}