{"id":8385,"date":"2022-11-29T10:38:31","date_gmt":"2022-11-29T09:38:31","guid":{"rendered":"https:\/\/projectes.xtec.cat\/stem-espai\/\/\/?page_id=8385"},"modified":"2022-11-29T10:41:08","modified_gmt":"2022-11-29T09:41:08","slug":"iii-jornada-info","status":"publish","type":"page","link":"https:\/\/projectes.xtec.cat\/stem-espai\/jornades\/iii\/iii-jornada-info\/","title":{"rendered":"III Jornada &#8211; Informaci\u00f3 diversa"},"content":{"rendered":"\n<figure class=\"wp-block-image size-large\"><a href=\"https:\/\/projectes.xtec.cat\/stem-espai\/\/\/wp-content\/uploads\/usu2332\/2022\/11\/stem-espai-e1594031469486.jpg\"><img loading=\"lazy\" decoding=\"async\" width=\"1024\" height=\"349\" src=\"https:\/\/projectes.xtec.cat\/stem-espai\/\/\/wp-content\/uploads\/usu2332\/2022\/11\/stem-espai-e1594031469486-1024x349.jpg\" alt=\"\" class=\"wp-image-8382\" srcset=\"https:\/\/projectes.xtec.cat\/stem-espai\/wp-content\/uploads\/usu2332\/2022\/11\/stem-espai-e1594031469486-1024x349.jpg 1024w, https:\/\/projectes.xtec.cat\/stem-espai\/wp-content\/uploads\/usu2332\/2022\/11\/stem-espai-e1594031469486-300x102.jpg 300w, https:\/\/projectes.xtec.cat\/stem-espai\/wp-content\/uploads\/usu2332\/2022\/11\/stem-espai-e1594031469486-768x262.jpg 768w, https:\/\/projectes.xtec.cat\/stem-espai\/wp-content\/uploads\/usu2332\/2022\/11\/stem-espai-e1594031469486.jpg 1112w\" sizes=\"auto, (max-width: 1024px) 100vw, 1024px\" \/><\/a><\/figure>\n\n\n\n<p>El dia <strong>3&nbsp;d&#8217;octubre de 2020<\/strong> es va celebrar la tercera edici\u00f3 de la <strong>Jornada STEM a l\u2019Espai<\/strong>, dedicada a l\u2019intercanvi d\u2019experi\u00e8ncies did\u00e0ctiques relacionades amb l\u2019univers i l\u2019espai. Degut a l&#8217;excepcionalitat a causa del COVID 19, la jornada es va realitzar<strong> de format virtual.&nbsp;<\/strong><\/p>\n\n<p>Aquesta jornada est\u00e0 emmarcada a l\u2019\u00e0mbit STEAM i especialment adre\u00e7ada als mestres de&nbsp;prim\u00e0ria i al professorat de secund\u00e0ria, per\u00f2 tamb\u00e9 oberta a altres professionals interessats en la tem\u00e0tica.<\/p>\n<p>\nLa Jornada STEM a l\u2019Espai es celebra bianualment en una data propera de la <strong><a href=\"https:\/\/www.worldspaceweek.org\/\">Setmana Mundial de l\u2019Espai<\/a>,<\/strong> i s&#8217;organitza de manera conjunta entre el <strong>Departament d&#8217;Educaci\u00f3<\/strong> i el campus Baix Llobregat de la <strong>Universitat Polit\u00e8cnica de Catalunya.&nbsp;<\/strong>\n<\/p>\n<p>En aquesta edici\u00f3 vam comptar amb la participaci\u00f3 de professorat de diversos nivells i etapes educatives que van presentar experi\u00e8ncies d\u2019aula, i tamb\u00e9 associacions d\u2019amics de l\u2019astronomia i observatoris amb propostes interessants en formats diversos: tallers, confer\u00e8ncies, comunicacions i taules de debat.<\/p>\n","protected":false},"excerpt":{"rendered":"<p>El dia 3&nbsp;d&#8217;octubre de 2020 es va celebrar la tercera edici\u00f3 de la Jornada STEM a l\u2019Espai, dedicada a l\u2019intercanvi d\u2019experi\u00e8ncies did\u00e0ctiques relacionades amb l\u2019univers i l\u2019espai. Degut a l&#8217;excepcionalitat a causa del COVID 19, la jornada es va realitzar de format virtual.&nbsp; Aquesta jornada est\u00e0 emmarcada a l\u2019\u00e0mbit STEAM i especialment adre\u00e7ada als mestres [&hellip;]<\/p>\n","protected":false},"author":1,"featured_media":0,"parent":8380,"menu_order":1,"comment_status":"closed","ping_status":"close","template":"","meta":{"_bbp_topic_count":0,"_bbp_reply_count":0,"_bbp_total_topic_count":0,"_bbp_total_reply_count":0,"_bbp_voice_count":0,"_bbp_anonymous_reply_count":0,"_bbp_topic_count_hidden":0,"_bbp_reply_count_hidden":0,"_bbp_forum_subforum_count":0,"site-sidebar-layout":"default","site-content-layout":"","ast-site-content-layout":"","site-content-style":"default","site-sidebar-style":"default","ast-global-header-display":"","ast-banner-title-visibility":"","ast-main-header-display":"","ast-hfb-above-header-display":"","ast-hfb-below-header-display":"","ast-hfb-mobile-header-display":"","site-post-title":"","ast-breadcrumbs-content":"","ast-featured-img":"","footer-sml-layout":"","theme-transparent-header-meta":"","adv-header-id-meta":"","stick-header-meta":"","header-above-stick-meta":"","header-main-stick-meta":"","header-below-stick-meta":"","astra-migrate-meta-layouts":"default","ast-page-background-enabled":"default","ast-page-background-meta":{"desktop":{"background-color":"var(--ast-global-color-4)","background-image":"","background-repeat":"repeat","background-position":"center center","background-size":"auto","background-attachment":"scroll","background-type":"","background-media":"","overlay-type":"","overlay-color":"","overlay-opacity":"","overlay-gradient":""},"tablet":{"background-color":"","background-image":"","background-repeat":"repeat","background-position":"center center","background-size":"auto","background-attachment":"scroll","background-type":"","background-media":"","overlay-type":"","overlay-color":"","overlay-opacity":"","overlay-gradient":""},"mobile":{"background-color":"","background-image":"","background-repeat":"repeat","background-position":"center center","background-size":"auto","background-attachment":"scroll","background-type":"","background-media":"","overlay-type":"","overlay-color":"","overlay-opacity":"","overlay-gradient":""}},"ast-content-background-meta":{"desktop":{"background-color":"var(--ast-global-color-5)","background-image":"","background-repeat":"repeat","background-position":"center center","background-size":"auto","background-attachment":"scroll","background-type":"","background-media":"","overlay-type":"","overlay-color":"","overlay-opacity":"","overlay-gradient":""},"tablet":{"background-color":"var(--ast-global-color-5)","background-image":"","background-repeat":"repeat","background-position":"center center","background-size":"auto","background-attachment":"scroll","background-type":"","background-media":"","overlay-type":"","overlay-color":"","overlay-opacity":"","overlay-gradient":""},"mobile":{"background-color":"var(--ast-global-color-5)","background-image":"","background-repeat":"repeat","background-position":"center center","background-size":"auto","background-attachment":"scroll","background-type":"","background-media":"","overlay-type":"","overlay-color":"","overlay-opacity":"","overlay-gradient":""}},"footnotes":""},"class_list":["post-8385","page","type-page","status-publish","hentry"],"post_mailing_queue_ids":[],"_links":{"self":[{"href":"https:\/\/projectes.xtec.cat\/stem-espai\/wp-json\/wp\/v2\/pages\/8385","targetHints":{"allow":["GET"]}}],"collection":[{"href":"https:\/\/projectes.xtec.cat\/stem-espai\/wp-json\/wp\/v2\/pages"}],"about":[{"href":"https:\/\/projectes.xtec.cat\/stem-espai\/wp-json\/wp\/v2\/types\/page"}],"author":[{"embeddable":true,"href":"https:\/\/projectes.xtec.cat\/stem-espai\/wp-json\/wp\/v2\/users\/1"}],"replies":[{"embeddable":true,"href":"https:\/\/projectes.xtec.cat\/stem-espai\/wp-json\/wp\/v2\/comments?post=8385"}],"version-history":[{"count":2,"href":"https:\/\/projectes.xtec.cat\/stem-espai\/wp-json\/wp\/v2\/pages\/8385\/revisions"}],"predecessor-version":[{"id":8387,"href":"https:\/\/projectes.xtec.cat\/stem-espai\/wp-json\/wp\/v2\/pages\/8385\/revisions\/8387"}],"up":[{"embeddable":true,"href":"https:\/\/projectes.xtec.cat\/stem-espai\/wp-json\/wp\/v2\/pages\/8380"}],"wp:attachment":[{"href":"https:\/\/projectes.xtec.cat\/stem-espai\/wp-json\/wp\/v2\/media?parent=8385"}],"curies":[{"name":"wp","href":"https:\/\/api.w.org\/{rel}","templated":true}]}}