{"id":8523,"date":"2022-11-30T12:28:35","date_gmt":"2022-11-30T11:28:35","guid":{"rendered":"https:\/\/projectes.xtec.cat\/stem-espai\/\/\/?page_id=8523"},"modified":"2022-11-30T12:48:56","modified_gmt":"2022-11-30T11:48:56","slug":"i-jornada-info","status":"publish","type":"page","link":"https:\/\/projectes.xtec.cat\/stem-espai\/jornades\/i\/i-jornada-info\/","title":{"rendered":"I Jornada &#8211; Informaci\u00f3 diversa"},"content":{"rendered":"\n<h4 class=\"wp-block-heading\"><strong>Programa<\/strong><\/h4>\n\n\n\n<p><strong>08:45<\/strong>&nbsp;\u2013 Acreditacions<br><strong>09:00<\/strong>&nbsp;\u2013 Inauguraci\u00f3 de la Jornada<br><strong>09:30<\/strong>&nbsp;\u2013 Panell d\u2019experts:<\/p>\n\n\n\n<p>Javier Ventura ESAC.&nbsp;<a href=\"https:\/\/youtu.be\/X6qniqc8zV4\" target=\"_blank\" rel=\"noreferrer noopener\">V\u00eddeo de presentaci\u00f3 del projecte CESAR<\/a><\/p>\n\n\n\n<p>Jordi Corbera ICGC.<\/p>\n\n\n\n<p>Jordi Gut\u00ederrez EETAC<\/p>\n\n\n\n<p><strong>10:30<\/strong>\u00a0\u2013 Pausa caf\u00e8<br><strong>11:00<\/strong>\u00a0\u2013\u00a0<a href=\"https:\/\/projectes.xtec.cat\/stem-espai\/\/\/jornades\/i\/i-jornada-info\/a\/\">BLOC A: experi\u00e8ncies i tallers<\/a><br><strong>12:30<\/strong>\u00a0\u2013\u00a0<a href=\"http:\/\/blocs.xtec.cat\/stemalespai\/j2016\/programa-bloc-b\/\">BLOC B: exper<\/a><a href=\"https:\/\/projectes.xtec.cat\/stem-espai\/\/\/jornades\/i\/i-jornada-info\/b\/\">i\u00e8ncies i tallers<\/a><br><strong>14:00<\/strong>\u00a0\u2013 Cloenda<\/p>\n\n\n\n<p><\/p>\n","protected":false},"excerpt":{"rendered":"<p>Programa 08:45&nbsp;\u2013 Acreditacions09:00&nbsp;\u2013 Inauguraci\u00f3 de la Jornada09:30&nbsp;\u2013 Panell d\u2019experts: Javier Ventura ESAC.&nbsp;V\u00eddeo de presentaci\u00f3 del projecte CESAR Jordi Corbera ICGC. Jordi Gut\u00ederrez EETAC 10:30\u00a0\u2013 Pausa caf\u00e811:00\u00a0\u2013\u00a0BLOC A: experi\u00e8ncies i tallers12:30\u00a0\u2013\u00a0BLOC B: experi\u00e8ncies i tallers14:00\u00a0\u2013 Cloenda<\/p>\n","protected":false},"author":1,"featured_media":0,"parent":8396,"menu_order":2,"comment_status":"closed","ping_status":"close","template":"","meta":{"_bbp_topic_count":0,"_bbp_reply_count":0,"_bbp_total_topic_count":0,"_bbp_total_reply_count":0,"_bbp_voice_count":0,"_bbp_anonymous_reply_count":0,"_bbp_topic_count_hidden":0,"_bbp_reply_count_hidden":0,"_bbp_forum_subforum_count":0,"site-sidebar-layout":"default","site-content-layout":"","ast-site-content-layout":"","site-content-style":"default","site-sidebar-style":"default","ast-global-header-display":"","ast-banner-title-visibility":"","ast-main-header-display":"","ast-hfb-above-header-display":"","ast-hfb-below-header-display":"","ast-hfb-mobile-header-display":"","site-post-title":"","ast-breadcrumbs-content":"","ast-featured-img":"","footer-sml-layout":"","theme-transparent-header-meta":"","adv-header-id-meta":"","stick-header-meta":"","header-above-stick-meta":"","header-main-stick-meta":"","header-below-stick-meta":"","astra-migrate-meta-layouts":"default","ast-page-background-enabled":"default","ast-page-background-meta":{"desktop":{"background-color":"var(--ast-global-color-4)","background-image":"","background-repeat":"repeat","background-position":"center center","background-size":"auto","background-attachment":"scroll","background-type":"","background-media":"","overlay-type":"","overlay-color":"","overlay-opacity":"","overlay-gradient":""},"tablet":{"background-color":"","background-image":"","background-repeat":"repeat","background-position":"center center","background-size":"auto","background-attachment":"scroll","background-type":"","background-media":"","overlay-type":"","overlay-color":"","overlay-opacity":"","overlay-gradient":""},"mobile":{"background-color":"","background-image":"","background-repeat":"repeat","background-position":"center center","background-size":"auto","background-attachment":"scroll","background-type":"","background-media":"","overlay-type":"","overlay-color":"","overlay-opacity":"","overlay-gradient":""}},"ast-content-background-meta":{"desktop":{"background-color":"var(--ast-global-color-5)","background-image":"","background-repeat":"repeat","background-position":"center center","background-size":"auto","background-attachment":"scroll","background-type":"","background-media":"","overlay-type":"","overlay-color":"","overlay-opacity":"","overlay-gradient":""},"tablet":{"background-color":"var(--ast-global-color-5)","background-image":"","background-repeat":"repeat","background-position":"center center","background-size":"auto","background-attachment":"scroll","background-type":"","background-media":"","overlay-type":"","overlay-color":"","overlay-opacity":"","overlay-gradient":""},"mobile":{"background-color":"var(--ast-global-color-5)","background-image":"","background-repeat":"repeat","background-position":"center center","background-size":"auto","background-attachment":"scroll","background-type":"","background-media":"","overlay-type":"","overlay-color":"","overlay-opacity":"","overlay-gradient":""}},"footnotes":""},"class_list":["post-8523","page","type-page","status-publish","hentry"],"post_mailing_queue_ids":[],"_links":{"self":[{"href":"https:\/\/projectes.xtec.cat\/stem-espai\/wp-json\/wp\/v2\/pages\/8523","targetHints":{"allow":["GET"]}}],"collection":[{"href":"https:\/\/projectes.xtec.cat\/stem-espai\/wp-json\/wp\/v2\/pages"}],"about":[{"href":"https:\/\/projectes.xtec.cat\/stem-espai\/wp-json\/wp\/v2\/types\/page"}],"author":[{"embeddable":true,"href":"https:\/\/projectes.xtec.cat\/stem-espai\/wp-json\/wp\/v2\/users\/1"}],"replies":[{"embeddable":true,"href":"https:\/\/projectes.xtec.cat\/stem-espai\/wp-json\/wp\/v2\/comments?post=8523"}],"version-history":[{"count":3,"href":"https:\/\/projectes.xtec.cat\/stem-espai\/wp-json\/wp\/v2\/pages\/8523\/revisions"}],"predecessor-version":[{"id":8534,"href":"https:\/\/projectes.xtec.cat\/stem-espai\/wp-json\/wp\/v2\/pages\/8523\/revisions\/8534"}],"up":[{"embeddable":true,"href":"https:\/\/projectes.xtec.cat\/stem-espai\/wp-json\/wp\/v2\/pages\/8396"}],"wp:attachment":[{"href":"https:\/\/projectes.xtec.cat\/stem-espai\/wp-json\/wp\/v2\/media?parent=8523"}],"curies":[{"name":"wp","href":"https:\/\/api.w.org\/{rel}","templated":true}]}}