{"id":8529,"date":"2022-11-30T12:43:57","date_gmt":"2022-11-30T11:43:57","guid":{"rendered":"https:\/\/projectes.xtec.cat\/stem-espai\/\/\/?page_id=8529"},"modified":"2022-11-30T12:43:58","modified_gmt":"2022-11-30T11:43:58","slug":"a","status":"publish","type":"page","link":"https:\/\/projectes.xtec.cat\/stem-espai\/jornades\/i\/i-jornada-info\/a\/","title":{"rendered":"I Jornada &#8211; Bloc A"},"content":{"rendered":"\n<table dir=\"ltr\" border=\"1\" cellspacing=\"0\" cellpadding=\"0\"><colgroup> <col width=\"100\" \/> <col width=\"234\" \/> <col width=\"561\" \/> <col width=\"278\" \/><\/colgroup>\n<tbody>\n<tr>\n<td data-sheets-value=\"{&quot;1&quot;:2,&quot;2&quot;:&quot;A-EXP1&quot;}\">A-EXP1<\/td>\n<td data-sheets-value=\"{&quot;1&quot;:2,&quot;2&quot;:&quot;Pixel your Space - ESA project&quot;}\"><strong>Pixel your Space &#8211; ESA project<\/strong><\/td>\n<td data-sheets-value=\"{&quot;1&quot;:2,&quot;2&quot;:&quot;El projecte de la ESA \\&quot;Pixel your Space\\&quot; realitzat dins la mat\\u00e8ria de Science amb els alumnes de 6\\u00e8. Aquesta activitat es va realitzar utilitzant Ipads, PDI i realitzant un mosaic gegant. El resultat va ser presentat als tallers d'estiu per a mestres a una de les seus de la ESA, a Noordjvik, Holanda.\\n&quot;}\">El projecte de la ESA &#8220;Pixel your Space&#8221; realitzat dins la mat\u00e8ria de Science amb els alumnes de 6\u00e8. Aquesta activitat es va realitzar utilitzant Ipads, PDI i realitzant un mosaic gegant. El resultat va ser presentat als tallers d&#8217;estiu per a mestres a una de les seus de la ESA, a Noordjvik, Holanda.\n\n<a href=\"https:\/\/drive.google.com\/open?id=0B6ZzzGq4i28nUW5KMmp2N2lzVUlOSjJRUmtGSU0xSGNRVHpJ\">Presentaci\u00f3<\/a><\/td>\n<td data-sheets-value=\"{&quot;1&quot;:2,&quot;2&quot;:&quot;Aleix Roig Mateu\\naleix.roig@escolagem.cat\\nEscola GEM&quot;}\">Aleix Roig Mateu\nEscola GEM<\/td>\n<\/tr>\n<tr>\n<td data-sheets-value=\"{&quot;1&quot;:2,&quot;2&quot;:&quot;A-EXP1&quot;}\">A-EXP1<\/td>\n<td data-sheets-value=\"{&quot;1&quot;:2,&quot;2&quot;:&quot;Objectiu: La Lluna (Treball per projectes al voltant de la rob\\u00f2tica)&quot;}\"><strong>Objectiu: La Lluna (Treball per projectes al voltant de la rob\u00f2tica)<\/strong><\/td>\n<td data-sheets-value=\"{&quot;1&quot;:2,&quot;2&quot;:&quot;Dins de la franja de treball per projectes on s'integren diverses mat\\u00e8ries (ci\\u00e8ncies naturals, socials i tecnologia), en dues hores di\\u00e0ries, es va desenvolupar durant un trimestre el projecte \\&quot;Objectiu:la Lluna\\&quot;. L'enc\\u00e0rrec que es va fer als alumnes va ser construir una maqueta de la superf\\u00edcie lunar i en parelles programar i dissenyar un cotxe lunar que hi fes un recorregut.\\n&quot;}\">Dins de la franja de treball per projectes on s&#8217;integren diverses mat\u00e8ries (ci\u00e8ncies naturals, socials i tecnologia), en dues hores di\u00e0ries, es va desenvolupar durant un trimestre el projecte &#8220;Objectiu:la Lluna&#8221;. L&#8217;enc\u00e0rrec que es va fer als alumnes va ser construir una maqueta de la superf\u00edcie lunar i en parelles programar i dissenyar un cotxe lunar que hi fes un recorregut.\n\n<a href=\"https:\/\/drive.google.com\/open?id=0B6ZzzGq4i28nbVVnZW1ka2dmYzlYSGMwNzFLNzBrb1JYSVNF\">Presentaci\u00f3<\/a>\n\n<a href=\"https:\/\/drive.google.com\/open?id=0B1Rhzv6jtwi7Vnowa256UzFKUWc\">Video<\/a><\/td>\n<td data-sheets-value=\"{&quot;1&quot;:2,&quot;2&quot;:&quot;Marta ca\\u00f1o\\nmarta.cano@inscornella.cat\\nINS Cornell\\u00e0&quot;}\">Marta ca\u00f1o\nINS Cornell\u00e0<\/td>\n<\/tr>\n<tr>\n<td data-sheets-value=\"{&quot;1&quot;:2,&quot;2&quot;:&quot;A-EXP1&quot;}\">A-EXP1<\/td>\n<td data-sheets-value=\"{&quot;1&quot;:2,&quot;2&quot;:&quot;Expo Toca Toca Univers&quot;}\"><strong>Expo Toca Toca Univers<\/strong><\/td>\n<td data-sheets-value=\"{&quot;1&quot;:2,&quot;2&quot;:&quot;Aprofitant que el 2015 va ser l'any de la LLUM i que els alumnes de primer d'ESO de L'INS Matadepera comen\\u00e7aven a treballar per Projectes. Vam organitzar una exposici\\u00f3 sobre alguns continguts del sistema solar i univers i els vam treballar de diferents maneres perqu\\u00e8 els alumnes de tercer de prim\\u00e0ria de les escoles del poble fossin els visitants. Van realitzar un sistema solar a escala 300m realitzant v\\u00eddeo on una un dron, un p\\u00f2ster cient\\u00edfic, una exposici\\u00f3 manipulativa on caracter\\u00edstiques com densitats, temperatura, impactes meteorits, gasos....es treballaven des de secund\\u00e0ria per prim\\u00e0ria, acaban en una exposici\\u00f3 de LLUM fosca del sistema solar. &quot;}\">Aprofitant que el 2015 va ser l&#8217;any de la LLUM i que els alumnes de primer d&#8217;ESO de L&#8217;INS Matadepera comen\u00e7aven a treballar per Projectes. Vam organitzar una exposici\u00f3 sobre alguns continguts del sistema solar i univers i els vam treballar de diferents maneres perqu\u00e8 els alumnes de tercer de prim\u00e0ria de les escoles del poble fossin els visitants. Van realitzar un sistema solar a escala 300m realitzant v\u00eddeo on una un dron, un p\u00f2ster cient\u00edfic, una exposici\u00f3 manipulativa on caracter\u00edstiques com densitats, temperatura, impactes meteorits, gasos&#8230;.es treballaven des de secund\u00e0ria per prim\u00e0ria, acaban en una exposici\u00f3 de LLUM fosca del sistema solar.<\/td>\n<td data-sheets-value=\"{&quot;1&quot;:2,&quot;2&quot;:&quot;Esther Gonz\\u00e1lez\\nesthergdv@gmail.com\\nINS Matadepera&quot;}\">Esther Gonz\u00e1lez\nINS Matadepera<\/td>\n<\/tr>\n<tr>\n<td data-sheets-value=\"{&quot;1&quot;:2,&quot;2&quot;:&quot;A-EXP1&quot;}\">A-EXP1<\/td>\n<td data-sheets-value=\"{&quot;1&quot;:2,&quot;2&quot;:&quot;L'Univers com a projecte interdisciplinar&quot;}\"><strong>L&#8217;Univers com a projecte interdisciplinar<\/strong><\/td>\n<td data-sheets-value=\"{&quot;1&quot;:2,&quot;2&quot;:&quot;L'INS de Tordera \\u00e9s un Institut que va comen\\u00e7ar el curs passat i treballa de manera globalitzada, per projectes. Els temes de l'espai i l'Univers s'han abordat de manera interdisciplinar en dues experi\\u00e8ncies: El projecte de l\\u00danivers, que ha abra\\u00e7at una part important del primer trimestre amb un treball de 10 hores per setmana, i la participaci\\u00f3 al projecte europeu Erathostenes de mesura de la circumfer\\u00e8ncia de la Terra.&quot;}\">L&#8217;INS de Tordera \u00e9s un Institut que va comen\u00e7ar el curs passat i treballa de manera globalitzada, per projectes. Els temes de l&#8217;espai i l&#8217;Univers s&#8217;han abordat de manera interdisciplinar en dues experi\u00e8ncies: El projecte de l\u00danivers, que ha abra\u00e7at una part important del primer trimestre amb un treball de 10 hores per setmana, i la participaci\u00f3 al projecte europeu Erathostenes de mesura de la circumfer\u00e8ncia de la Terra.<\/td>\n<td data-sheets-value=\"{&quot;1&quot;:2,&quot;2&quot;:&quot;Silvia Zurita\\nszurita@xtec.cat\\nINS de Tordera&quot;}\">Silvia Zurita\nINS de Tordera<\/td>\n<\/tr>\n<tr>\n<td data-sheets-value=\"{&quot;1&quot;:2,&quot;2&quot;:&quot;A-EXP1&quot;}\">A-EXP1<\/td>\n<td data-sheets-value=\"{&quot;1&quot;:2,&quot;2&quot;:&quot;El Viatger de L'Espai&quot;}\"><strong>El Viatger de L&#8217;Espai<\/strong><\/td>\n<td data-sheets-value=\"{&quot;1&quot;:2,&quot;2&quot;:&quot;El viatger de l'espai\\u201d \\u00e9s el nom que donem a al TPP (treball per projectes) de l' 1r d'ESO del centre. \\u00c9s un projecte de caire col\\u00b7laboratiu que dura tot el curs escolar i que fusiona les assignatures de Ci\\u00e8ncies Naturals, Socials i Tecnologia (8 hores setmanals) per crear un sol projecte interdisciplinari on dintre dels objectius curriculars \\u00e9s situa l'astronomia.&quot;}\">El viatger de l&#8217;espai\u201d \u00e9s el nom que donem a al TPP (treball per projectes) de l&#8217; 1r d&#8217;ESO del centre. \u00c9s un projecte de caire col\u00b7laboratiu que dura tot el curs escolar i que fusiona les assignatures de Ci\u00e8ncies Naturals, Socials i Tecnologia (8 hores setmanals) per crear un sol projecte interdisciplinari on dintre dels objectius curriculars \u00e9s situa l&#8217;astronomia.\n\n<a href=\"https:\/\/drive.google.com\/open?id=0B6ZzzGq4i28nb1dQR2lLU2lTNkVraElPVm04OVM0bVo5cVZn\">Presentaci\u00f3<\/a><\/td>\n<td data-sheets-value=\"{&quot;1&quot;:2,&quot;2&quot;:&quot;Txeli Segu\\u00e9\\nmsegue@xtec.cat\\nINS Doctor Puigvert&quot;}\">Txeli Segu\u00e9\nINS Doctor Puigvert<\/td>\n<\/tr>\n<tr>\n<td>A- EXP1<\/td>\n<td data-sheets-value=\"{&quot;1&quot;:2,&quot;2&quot;:&quot;Formaci\\u00f3 del Professorat: Astronomia, Astrof\\u00edsica i Cosmologia&quot;}\"><strong><span data-sheets-value=\"{&quot;1&quot;:2,&quot;2&quot;:&quot;Formaci\\u00f3 del Professorat: Astronomia, Astrof\\u00edsica i Cosmologia&quot;}\" data-sheets-userformat=\"{&quot;2&quot;:769,&quot;3&quot;:{&quot;1&quot;:0},&quot;11&quot;:4,&quot;12&quot;:0}\">Formaci\u00f3 del Professorat: Astronomia, Astrof\u00edsica i Cosmologia<\/span><\/strong><\/td>\n<td data-sheets-value=\"{&quot;1&quot;:2,&quot;2&quot;:&quot;L'ICE de la UAB t\\u00e9 constitu\\u00eft un equip de formaci\\u00f3 del professorat que organitza i imparteix activitats de formaci\\u00f3 en el camp de l'astronomia i ci\\u00e8ncies afins, assessora treballs de recerca de batxillerat i coordina una xarxa d'observatoris escolars astron\\u00f2mics que suggereix peri\\u00f2dicament activitats als centres educatius. En les activitats formatives s'inclou tamb\\u00e9 la utilitzaci\\u00f3 de programari astron\\u00f2mic.&quot;}\">L&#8217;ICE de la UAB t\u00e9 constitu\u00eft un equip de formaci\u00f3 del professorat que organitza i imparteix activitats de formaci\u00f3 en el camp de l&#8217;astronomia i ci\u00e8ncies afins, assessora treballs de recerca de batxillerat i coordina una xarxa d&#8217;observatoris escolars astron\u00f2mics que suggereix peri\u00f2dicament activitats als centres educatius. En les activitats formatives s&#8217;inclou tamb\u00e9 la utilitzaci\u00f3 de programari astron\u00f2mic.<\/td>\n<td data-sheets-value=\"{&quot;1&quot;:2,&quot;2&quot;:&quot;Josep Massalles\\njmasalle@xtec.cat\\nICE-UAB&quot;}\"><span data-sheets-value=\"{&quot;1&quot;:2,&quot;2&quot;:&quot;Josep Massalles\\njmasalle@xtec.cat\\nICE-UAB&quot;}\" data-sheets-userformat=\"{&quot;2&quot;:513,&quot;3&quot;:{&quot;1&quot;:0},&quot;12&quot;:0}\">Josep Massalles\njmasalle@xtec.cat\nICE-UAB<\/span><\/td>\n<\/tr>\n<tr>\n<td><\/td>\n<td><\/td>\n<td><\/td>\n<td><\/td>\n<\/tr>\n<tr>\n<td data-sheets-value=\"{&quot;1&quot;:2,&quot;2&quot;:&quot;A-T1&quot;}\">A-T1<\/td>\n<td data-sheets-value=\"{&quot;1&quot;:2,&quot;2&quot;:&quot;Space Apps&quot;}\"><strong>Space Apps<\/strong><\/td>\n<td data-sheets-value=\"{&quot;1&quot;:2,&quot;2&quot;:&quot;Aprendre a trobar i a utilitzar aplicacions especialitzades en Espai per m\\u00f2bils i tauletes.&quot;}\">Aprendre a trobar i a utilitzar aplicacions especialitzades en Espai per m\u00f2bils i tauletes.\n\nPresentaci\u00f3<\/td>\n<td data-sheets-value=\"{&quot;1&quot;:2,&quot;2&quot;:&quot;Eduard Garcia Luengo&quot;}\">Armengol Torres<\/td>\n<\/tr>\n<tr>\n<td data-sheets-value=\"{&quot;1&quot;:2,&quot;2&quot;:&quot;A-T2&quot;}\">A-T2<\/td>\n<td data-sheets-value=\"{&quot;1&quot;:2,&quot;2&quot;:&quot;Observaci\\u00f3 de la Terra des de l'espai&quot;}\"><strong>Observaci\u00f3 de la Terra des de l&#8217;espai<\/strong><\/td>\n<td data-sheets-value=\"{&quot;1&quot;:2,&quot;2&quot;:&quot;Pr\\u00e0ctiques de recepci\\u00f3 i an\\u00e0lisi de imatges de Barcelona per sat\\u00e8l\\u00b7lit. Les ciutats s\\u00f3n un laboratori d\\u2019innovaci\\u00f3 en geoinformaci\\u00f3 integrant academia, ciutadania, sector p\\u00fablic\/privat per resoldre problemes reals.\\n- Els focs\\n- El verd urb\\u00e0\\n- L\\u2019illa de calor (imatges dels sensors de temperatura)\\n\\n\\n&quot;}\">Pr\u00e0ctiques de recepci\u00f3 i an\u00e0lisi de imatges de Barcelona per sat\u00e8l\u00b7lit. Les ciutats s\u00f3n un laboratori d\u2019innovaci\u00f3 en geoinformaci\u00f3 integrant academia, ciutadania, sector p\u00fablic\/privat per resoldre problemes reals.\n&#8211; Els focs\n&#8211; El verd urb\u00e0\n&#8211; L\u2019illa de calor (imatges dels sensors de temperatura)<a href=\"https:\/\/drive.google.com\/open?id=0B9qL8T_0UtzJRFNndGpIMGVKU1VnVUpDYXYyMy1OUnRuNFZZ\">Presentaci\u00f3<\/a><a href=\"https:\/\/drive.google.com\/open?id=0B9qL8T_0UtzJQldPTXN5NFhSU00\">Materials<\/a><\/td>\n<td data-sheets-value=\"{&quot;1&quot;:2,&quot;2&quot;:&quot;Jordi Corbera ICGC&quot;}\">Jordi Corbera ICGC<\/td>\n<\/tr>\n<tr>\n<td data-sheets-value=\"{&quot;1&quot;:2,&quot;2&quot;:&quot;A-T3&quot;}\">A-T3<\/td>\n<td data-sheets-value=\"{&quot;1&quot;:2,&quot;2&quot;:&quot;Drons&quot;}\"><strong>Drons Flone\n<\/strong><\/td>\n<td data-sheets-value=\"{&quot;1&quot;:2,&quot;2&quot;:&quot;Introducci\\u00f3 a les possibilitats professionals i d\\u2019aplicaci\\u00f3 dels drons en la ciutat.&quot;}\">Introducci\u00f3 a les possibilitats d\u2019aplicaci\u00f3 dels drons.\u00a0La formaci\u00f3\/taller ens apropa al m\u00f3n dels drons, la seva tecnologia, i aplicacions possibles per a un desenvolupament sostenible de la societat (drons pel b\u00e9 com\u00fa) a trav\u00e9s de la construcci\u00f3 (acoblament) d&#8217;un dron basat en l&#8217;eco-innovaci\u00f3 i software lliure (open source).\n\n<a href=\"https:\/\/drive.google.com\/open?id=0B6ZzzGq4i28nRnBzZjVRajVCSVNIN1VzWmRkY0Jad2FhY0FR\">Presentaci\u00f3<\/a><\/td>\n<td data-sheets-value=\"{&quot;1&quot;:2,&quot;2&quot;:&quot;Natxo Varona&quot;}\">Natxo Varona<\/td>\n<\/tr>\n<tr>\n<td data-sheets-value=\"{&quot;1&quot;:2,&quot;2&quot;:&quot;A-T4&quot;}\">A-T4<\/td>\n<td data-sheets-value=\"{&quot;1&quot;:2,&quot;2&quot;:&quot;CanSat ESERO Competition&quot;}\"><strong>CanSat ESERO Competition<\/strong><\/td>\n<td data-sheets-value=\"{&quot;1&quot;:2,&quot;2&quot;:&quot;Orientat a la preparaci\\u00f3 per a la competici\\u00f3 Europea de pico sat\\u00e8l\\u00b7lits en \\u201cllaunes\\u201d.&quot;}\">Orientat a la preparaci\u00f3 per a la competici\u00f3 Europea de pico sat\u00e8l\u00b7lits en \u201cllaunes\u201d.\n\n<a href=\"https:\/\/drive.google.com\/open?id=0B9qL8T_0UtzJSnc4RFNsclNQaFJGREdENFgyNW40eEtFdDlj\">Presentaci\u00f3<\/a><\/td>\n<td data-sheets-value=\"{&quot;1&quot;:2,&quot;2&quot;:&quot;Jordi Escofet&quot;}\">Jordi Escofet<\/td>\n<\/tr>\n<tr>\n<td data-sheets-value=\"{&quot;1&quot;:2,&quot;2&quot;:&quot;A-T5&quot;}\">A-T5<\/td>\n<td data-sheets-value=\"{&quot;1&quot;:2,&quot;2&quot;:&quot;Tecnologia aliment\\u00e0ria i ind\\u00fastria aeroespacial&quot;}\"><strong>Tecnologia aliment\u00e0ria i ind\u00fastria aeroespacial<\/strong><\/td>\n<td data-sheets-value=\"{&quot;1&quot;:2,&quot;2&quot;:&quot;Taller on es podran entendre i provar algunes de les t\\u00e8cniques i les tecnologies implicades en la producci\\u00f3 aliment\\u00e0ria per a garantir una correcta alimentaci\\u00f3 a l'espai. A m\\u00e9s podrem veure quines d'aquestes t\\u00e8cniques s'han anat aplicant a la quotidianitat de les nostres vides&quot;}\">Taller on es podran entendre i provar algunes de les t\u00e8cniques i les tecnologies implicades en la producci\u00f3 aliment\u00e0ria per a garantir una correcta alimentaci\u00f3 a l&#8217;espai. A m\u00e9s podrem veure quines d&#8217;aquestes t\u00e8cniques s&#8217;han anat aplicant a la quotidianitat de les nostres vides<\/td>\n<td data-sheets-value=\"{&quot;1&quot;:2,&quot;2&quot;:&quot;UPC&quot;}\">UPC<\/td>\n<\/tr>\n<tr>\n<td data-sheets-value=\"{&quot;1&quot;:2,&quot;2&quot;:&quot;A-T6&quot;}\">A-T6<\/td>\n<td data-sheets-value=\"{&quot;1&quot;:2,&quot;2&quot;:&quot;La microgravetat i els seus efectes&quot;}\"><strong>La microgravetat i els seus efectes<\/strong><\/td>\n<td data-sheets-value=\"{&quot;1&quot;:2,&quot;2&quot;:&quot;La microgravetat \\u00e9s un dels principals condicionants dels viatges a l'espai. Aquesta produeix efectes molt diversos no nom\\u00e9s sobre les persones, sin\\u00f3 sobre els materials i els equips. D'una manera pr\\u00e0ctica veurem com identificar alguns dels seus efectes sobre la mat\\u00e8ria, i construirem una torre de microgravetat&quot;}\">La microgravetat \u00e9s un dels principals condicionants dels viatges a l&#8217;espai. Aquesta produeix efectes molt diversos no nom\u00e9s sobre les persones, sin\u00f3 sobre els materials i els equips. D&#8217;una manera pr\u00e0ctica veurem com identificar alguns dels seus efectes sobre la mat\u00e8ria, i construirem una torre de microgravetat<\/td>\n<td data-sheets-value=\"{&quot;1&quot;:2,&quot;2&quot;:&quot;UPC&quot;}\">UPC<\/td>\n<\/tr>\n<\/tbody>\n<\/table>\n","protected":false},"excerpt":{"rendered":"<p>A-EXP1 Pixel your Space &#8211; ESA project El projecte de la ESA &#8220;Pixel your Space&#8221; realitzat dins la mat\u00e8ria de Science amb els alumnes de 6\u00e8. Aquesta activitat es va realitzar utilitzant Ipads, PDI i realitzant un mosaic gegant. El resultat va ser presentat als tallers d&#8217;estiu per a mestres a una de les seus [&hellip;]<\/p>\n","protected":false},"author":1,"featured_media":0,"parent":8523,"menu_order":0,"comment_status":"closed","ping_status":"close","template":"","meta":{"_bbp_topic_count":0,"_bbp_reply_count":0,"_bbp_total_topic_count":0,"_bbp_total_reply_count":0,"_bbp_voice_count":0,"_bbp_anonymous_reply_count":0,"_bbp_topic_count_hidden":0,"_bbp_reply_count_hidden":0,"_bbp_forum_subforum_count":0,"site-sidebar-layout":"default","site-content-layout":"","ast-site-content-layout":"","site-content-style":"default","site-sidebar-style":"default","ast-global-header-display":"","ast-banner-title-visibility":"","ast-main-header-display":"","ast-hfb-above-header-display":"","ast-hfb-below-header-display":"","ast-hfb-mobile-header-display":"","site-post-title":"","ast-breadcrumbs-content":"","ast-featured-img":"","footer-sml-layout":"","theme-transparent-header-meta":"","adv-header-id-meta":"","stick-header-meta":"","header-above-stick-meta":"","header-main-stick-meta":"","header-below-stick-meta":"","astra-migrate-meta-layouts":"default","ast-page-background-enabled":"default","ast-page-background-meta":{"desktop":{"background-color":"var(--ast-global-color-4)","background-image":"","background-repeat":"repeat","background-position":"center center","background-size":"auto","background-attachment":"scroll","background-type":"","background-media":"","overlay-type":"","overlay-color":"","overlay-opacity":"","overlay-gradient":""},"tablet":{"background-color":"","background-image":"","background-repeat":"repeat","background-position":"center center","background-size":"auto","background-attachment":"scroll","background-type":"","background-media":"","overlay-type":"","overlay-color":"","overlay-opacity":"","overlay-gradient":""},"mobile":{"background-color":"","background-image":"","background-repeat":"repeat","background-position":"center center","background-size":"auto","background-attachment":"scroll","background-type":"","background-media":"","overlay-type":"","overlay-color":"","overlay-opacity":"","overlay-gradient":""}},"ast-content-background-meta":{"desktop":{"background-color":"var(--ast-global-color-5)","background-image":"","background-repeat":"repeat","background-position":"center center","background-size":"auto","background-attachment":"scroll","background-type":"","background-media":"","overlay-type":"","overlay-color":"","overlay-opacity":"","overlay-gradient":""},"tablet":{"background-color":"var(--ast-global-color-5)","background-image":"","background-repeat":"repeat","background-position":"center center","background-size":"auto","background-attachment":"scroll","background-type":"","background-media":"","overlay-type":"","overlay-color":"","overlay-opacity":"","overlay-gradient":""},"mobile":{"background-color":"var(--ast-global-color-5)","background-image":"","background-repeat":"repeat","background-position":"center center","background-size":"auto","background-attachment":"scroll","background-type":"","background-media":"","overlay-type":"","overlay-color":"","overlay-opacity":"","overlay-gradient":""}},"footnotes":""},"class_list":["post-8529","page","type-page","status-publish","hentry"],"post_mailing_queue_ids":[],"_links":{"self":[{"href":"https:\/\/projectes.xtec.cat\/stem-espai\/wp-json\/wp\/v2\/pages\/8529","targetHints":{"allow":["GET"]}}],"collection":[{"href":"https:\/\/projectes.xtec.cat\/stem-espai\/wp-json\/wp\/v2\/pages"}],"about":[{"href":"https:\/\/projectes.xtec.cat\/stem-espai\/wp-json\/wp\/v2\/types\/page"}],"author":[{"embeddable":true,"href":"https:\/\/projectes.xtec.cat\/stem-espai\/wp-json\/wp\/v2\/users\/1"}],"replies":[{"embeddable":true,"href":"https:\/\/projectes.xtec.cat\/stem-espai\/wp-json\/wp\/v2\/comments?post=8529"}],"version-history":[{"count":1,"href":"https:\/\/projectes.xtec.cat\/stem-espai\/wp-json\/wp\/v2\/pages\/8529\/revisions"}],"predecessor-version":[{"id":8530,"href":"https:\/\/projectes.xtec.cat\/stem-espai\/wp-json\/wp\/v2\/pages\/8529\/revisions\/8530"}],"up":[{"embeddable":true,"href":"https:\/\/projectes.xtec.cat\/stem-espai\/wp-json\/wp\/v2\/pages\/8523"}],"wp:attachment":[{"href":"https:\/\/projectes.xtec.cat\/stem-espai\/wp-json\/wp\/v2\/media?parent=8529"}],"curies":[{"name":"wp","href":"https:\/\/api.w.org\/{rel}","templated":true}]}}