{"id":8967,"date":"2023-03-15T14:53:36","date_gmt":"2023-03-15T13:53:36","guid":{"rendered":"https:\/\/projectes.xtec.cat\/stem-espai\/?page_id=8967"},"modified":"2023-09-19T13:57:23","modified_gmt":"2023-09-19T11:57:23","slug":"cansat-2023","status":"publish","type":"page","link":"https:\/\/projectes.xtec.cat\/stem-espai\/cansat-2023\/","title":{"rendered":"CanSat 2023"},"content":{"rendered":"\n<div class=\"wp-block-getwid-section alignfull alignfull\"><div class=\"wp-block-getwid-section__wrapper\"><div class=\"wp-block-getwid-section__inner-wrapper\"><div class=\"wp-block-getwid-section__background-holder\"><div class=\"wp-block-getwid-section__background\"><\/div><div class=\"wp-block-getwid-section__foreground\"><\/div><\/div><div class=\"wp-block-getwid-section__content\"><div class=\"wp-block-getwid-section__inner-content\">\n<figure class=\"wp-block-embed alignright is-type-video is-provider-youtube wp-block-embed-youtube wp-embed-aspect-16-9 wp-has-aspect-ratio\"><div class=\"wp-block-embed__wrapper\">\n<div class=\"ast-oembed-container \" style=\"height: 100%;\"><iframe loading=\"lazy\" title=\"Concurs CanSat 2023\" width=\"500\" height=\"281\" src=\"https:\/\/www.youtube.com\/embed\/7fL1eJUmd4s?feature=oembed\" frameborder=\"0\" allow=\"accelerometer; autoplay; clipboard-write; encrypted-media; gyroscope; picture-in-picture; web-share\" referrerpolicy=\"strict-origin-when-cross-origin\" allowfullscreen><\/iframe><\/div>\n<\/div><\/figure>\n\n\n\n<div class=\"wp-block-columns caixa has-background is-layout-flex wp-container-core-columns-is-layout-1 wp-block-columns-is-layout-flex\" style=\"background-color:#bed8e3\">\n<div class=\"wp-block-column is-layout-flow wp-block-column-is-layout-flow\">\n<p>El passat<strong> dissabte 29 d\u2019abril va tenir lloc la fase classificat\u00f2ria estatal a Catalunya <\/strong>a l\u2019Aeroport d\u2019Alguaire (Lleida), en qu\u00e8 van participar fins a 130 alumnes d\u2019ESO, batxillerat i FP d\u2019arreu de Catalunya, tutoritzats pel seu professorat.<\/p>\n\n\n\n<p>Posteriorment, el dimecres 3 de maig, es va dur a terme la jornada de valoraci\u00f3 final de projectes i lliurament de premis a Terrassa. On el jurat va decidir l&#8217;equip guanyador, <strong>&#8220;VILADOSAT&#8221; de l&#8217;Institut Viladomat de Barcelona<\/strong>, que representar\u00e0 Catalunya a la final estatal del concurs, els propers 19 i 20 de maig a Granada.<\/p>\n<\/div>\n<\/div>\n<\/div><\/div><\/div><\/div><\/div>\n\n\n\n<div class=\"wp-block-getwid-section alignfull alignfull\"><div class=\"wp-block-getwid-section__wrapper\"><div class=\"wp-block-getwid-section__inner-wrapper\"><div class=\"wp-block-getwid-section__background-holder\"><div class=\"wp-block-getwid-section__background\"><\/div><div class=\"wp-block-getwid-section__foreground\"><\/div><\/div><div class=\"wp-block-getwid-section__content\"><div class=\"wp-block-getwid-section__inner-content\">\n<p>La competici\u00f3 <a href=\"https:\/\/esero.es\/cansat\/\"><strong>CanSat<\/strong><\/a> \u00e9s una iniciativa internacional, de l\u2019<a href=\"https:\/\/cansat.esa.int\/\">Ag\u00e8ncia Espacial Europea<\/a>, que t\u00e9 com a objectiu fomentar l&#8217;inter\u00e8s per les ci\u00e8ncies i la tecnologia entre els joves de secund\u00e0ria. Els participants han de <strong>dissenyar, construir i llan\u00e7ar un mini sat\u00e8l\u00b7lit<\/strong>, en qu\u00e8 el desafiament \u00e9s adaptar tots els subsistemes principals que es troben en un sat\u00e8l\u00b7lit, com ara l&#8217;energia, els sensors i un sistema de comunicaci\u00f3, dins del volum i la forma d&#8217;una llauna de refrescos.<\/p>\n\n\n\n<p>En l\u2019edici\u00f3 d\u2019enguany es van inscriure <strong>74 equips <\/strong>d\u2019arreu de Catalunya que ja estan desenvolupant el seu projecte, tot un \u00e8xit de participaci\u00f3.<\/p>\n\n\n\n<p>El calendari de la competici\u00f3 va ser el seg\u00fcent:<\/p>\n\n\n\n<ul class=\"wp-block-list\" id=\"block-0661c364-722d-4fb4-a1de-65b5884c1e9d\"><li><strong>26 mar\u00e7 2023: <\/strong>entrega per seleccionar els 18 equips que aniran en coet<\/li><li><strong>16 abril 2023<\/strong>: entrega de l\u2019informe del projecte i un v\u00eddeo per la verificaci\u00f3 t\u00e8cnica<\/li><li><strong>29 abril 2023<\/strong>: jornada d\u2019enlairaments (Aeroport Lleida-Alguaire)<\/li><li><strong>3 maig 2023<\/strong>: presentacions de resultats (ESEIAAT-UPC, Terrassa)<\/li><\/ul>\n\n\n\n<p>Per a m\u00e9s informaci\u00f3 sobre la competici\u00f3 CanSat Catalunya 2023 podeu visitar el web <a rel=\"noreferrer noopener\" href=\"https:\/\/eseiaat.upc.edu\/ca\/projectes-estudiants\/cansat\" target=\"_blank\">https:\/\/eseiaat.upc.edu\/ca\/projectes-estudiants\/cansat<\/a>.<\/p>\n<\/div><\/div><\/div><\/div><\/div>\n\n\n\n<div class=\"wp-block-getwid-section alignfull alignfull\" style=\"margin-top:4px\"><div class=\"wp-block-getwid-section__wrapper\" style=\"padding-top:36px\"><div class=\"wp-block-getwid-section__inner-wrapper\"><div class=\"wp-block-getwid-section__background-holder\"><div class=\"wp-block-getwid-section__background\"><\/div><div class=\"wp-block-getwid-section__foreground\"><\/div><\/div><div class=\"wp-block-getwid-section__content\"><div class=\"wp-block-getwid-section__inner-content\">\n<div class=\"wp-block-columns is-layout-flex wp-container-core-columns-is-layout-5 wp-block-columns-is-layout-flex\">\n<div class=\"wp-block-column marge-destacat is-layout-flow wp-block-column-is-layout-flow\">\n<p class=\"has-ast-global-color-5-background-color has-background\" style=\"font-size:17px\">Organitzat per   &#8212;&#8212;&#8212;&#8212;&#8212;&#8212;&#8212;&#8212;&#8212;&#8212;&#8212;&#8212;&#8212;&#8212;&#8212;&#8212;&#8212;&#8212;&#8212;&#8212;&#8212;&#8212;&#8212;&#8212;&#8212;&#8212;&#8212;&#8212;&#8212;&#8212;&#8212;&#8212;&#8212;&#8212;&#8212;&#8212;&#8212;&#8212;&#8212;&#8212;&#8212;&#8212;&#8212;&#8212;&#8212;&#8212;&#8212;&#8212;&#8212;&#8212;&#8212;&#8212;&#8212;&#8212;&#8212;&#8212;&#8212;&#8212;<\/p>\n\n\n\n<div class=\"wp-block-columns is-layout-flex wp-container-core-columns-is-layout-2 wp-block-columns-is-layout-flex\">\n<div class=\"wp-block-column is-vertically-aligned-center is-layout-flow wp-block-column-is-layout-flow\">\n<div class=\"wp-block-image\"><figure class=\"aligncenter size-large is-resized\"><img loading=\"lazy\" decoding=\"async\" src=\"https:\/\/projectes.xtec.cat\/stem-espai\/wp-content\/uploads\/usu2332\/2023\/03\/parque-de-las-ciencias-1024x419.jpg\" alt=\"Logotip del Parc de Ci\u00e8ncies\" class=\"wp-image-9003\" width=\"159\" height=\"63\"\/><\/figure><\/div>\n<\/div>\n\n\n\n<div class=\"wp-block-column is-vertically-aligned-center is-layout-flow wp-block-column-is-layout-flow\">\n<div class=\"wp-block-image\"><figure class=\"aligncenter size-large is-resized\"><img loading=\"lazy\" decoding=\"async\" src=\"https:\/\/projectes.xtec.cat\/stem-espai\/wp-content\/uploads\/usu2332\/2023\/03\/esa_-1024x419.jpg\" alt=\"Logotip ESA\" class=\"wp-image-9002\" width=\"120\" height=\"49\" srcset=\"https:\/\/projectes.xtec.cat\/stem-espai\/wp-content\/uploads\/usu2332\/2023\/03\/esa_-1024x419.jpg 1024w, https:\/\/projectes.xtec.cat\/stem-espai\/wp-content\/uploads\/usu2332\/2023\/03\/esa_-300x123.jpg 300w, https:\/\/projectes.xtec.cat\/stem-espai\/wp-content\/uploads\/usu2332\/2023\/03\/esa_-768x314.jpg 768w, https:\/\/projectes.xtec.cat\/stem-espai\/wp-content\/uploads\/usu2332\/2023\/03\/esa_-1536x628.jpg 1536w, https:\/\/projectes.xtec.cat\/stem-espai\/wp-content\/uploads\/usu2332\/2023\/03\/esa_.jpg 1623w\" sizes=\"auto, (max-width: 120px) 100vw, 120px\" \/><\/figure><\/div>\n<\/div>\n\n\n\n<div class=\"wp-block-column is-vertically-aligned-center is-layout-flow wp-block-column-is-layout-flow\">\n<div class=\"wp-block-image\"><figure class=\"aligncenter size-large is-resized\"><img loading=\"lazy\" decoding=\"async\" src=\"https:\/\/projectes.xtec.cat\/stem-espai\/wp-content\/uploads\/usu2332\/2023\/03\/esero-corto-1.png\" alt=\"Logotip ESERO\" class=\"wp-image-9001\" width=\"125\" height=\"49\" srcset=\"https:\/\/projectes.xtec.cat\/stem-espai\/wp-content\/uploads\/usu2332\/2023\/03\/esero-corto-1.png 600w, https:\/\/projectes.xtec.cat\/stem-espai\/wp-content\/uploads\/usu2332\/2023\/03\/esero-corto-1-300x121.png 300w\" sizes=\"auto, (max-width: 125px) 100vw, 125px\" \/><\/figure><\/div>\n<\/div>\n\n\n\n<div class=\"wp-block-column is-vertically-aligned-center is-layout-flow wp-block-column-is-layout-flow\">\n<div class=\"wp-block-image\"><figure class=\"aligncenter size-large is-resized\"><img loading=\"lazy\" decoding=\"async\" src=\"https:\/\/projectes.xtec.cat\/stem-espai\/wp-content\/uploads\/usu2332\/2023\/03\/cansat_key_visual_pillars-1.png\" alt=\"Logotip CanSat\" class=\"wp-image-9036\" width=\"97\" height=\"97\" srcset=\"https:\/\/projectes.xtec.cat\/stem-espai\/wp-content\/uploads\/usu2332\/2023\/03\/cansat_key_visual_pillars-1.png 491w, https:\/\/projectes.xtec.cat\/stem-espai\/wp-content\/uploads\/usu2332\/2023\/03\/cansat_key_visual_pillars-1-300x300.png 300w, https:\/\/projectes.xtec.cat\/stem-espai\/wp-content\/uploads\/usu2332\/2023\/03\/cansat_key_visual_pillars-1-150x150.png 150w\" sizes=\"auto, (max-width: 97px) 100vw, 97px\" \/><\/figure><\/div>\n<\/div>\n<\/div>\n\n\n\n<div class=\"wp-block-columns is-layout-flex wp-container-core-columns-is-layout-3 wp-block-columns-is-layout-flex\">\n<div class=\"wp-block-column is-layout-flow wp-block-column-is-layout-flow\">\n<div class=\"wp-block-image\"><figure class=\"aligncenter size-large is-resized\"><img loading=\"lazy\" decoding=\"async\" src=\"https:\/\/projectes.xtec.cat\/stem-espai\/wp-content\/uploads\/usu2332\/2023\/03\/f3c7f354-093e-4950-99a5-e0919cf90810.jpeg\" alt=\"Logotip Generalitat de Catalunya\" class=\"wp-image-9009\" width=\"123\" height=\"50\" srcset=\"https:\/\/projectes.xtec.cat\/stem-espai\/wp-content\/uploads\/usu2332\/2023\/03\/f3c7f354-093e-4950-99a5-e0919cf90810.jpeg 500w, https:\/\/projectes.xtec.cat\/stem-espai\/wp-content\/uploads\/usu2332\/2023\/03\/f3c7f354-093e-4950-99a5-e0919cf90810-300x120.jpeg 300w\" sizes=\"auto, (max-width: 123px) 100vw, 123px\" \/><\/figure><\/div>\n<\/div>\n\n\n\n<div class=\"wp-block-column is-layout-flow wp-block-column-is-layout-flow\">\n<div class=\"wp-block-image\"><figure class=\"aligncenter size-large is-resized\"><img loading=\"lazy\" decoding=\"async\" src=\"https:\/\/projectes.xtec.cat\/stem-espai\/wp-content\/uploads\/usu2332\/2023\/03\/DescriptorRegular3x.png\" alt=\"Logotip IEEC\" class=\"wp-image-9007\" width=\"120\" height=\"66\" srcset=\"https:\/\/projectes.xtec.cat\/stem-espai\/wp-content\/uploads\/usu2332\/2023\/03\/DescriptorRegular3x.png 786w, https:\/\/projectes.xtec.cat\/stem-espai\/wp-content\/uploads\/usu2332\/2023\/03\/DescriptorRegular3x-300x163.png 300w, https:\/\/projectes.xtec.cat\/stem-espai\/wp-content\/uploads\/usu2332\/2023\/03\/DescriptorRegular3x-768x417.png 768w\" sizes=\"auto, (max-width: 120px) 100vw, 120px\" \/><\/figure><\/div>\n<\/div>\n\n\n\n<div class=\"wp-block-column is-layout-flow wp-block-column-is-layout-flow\">\n<div class=\"wp-block-image\"><figure class=\"aligncenter size-large is-resized\"><img loading=\"lazy\" decoding=\"async\" src=\"https:\/\/projectes.xtec.cat\/stem-espai\/wp-content\/uploads\/usu2332\/2023\/03\/eseiaat.png\" alt=\"Logotip UPC\" class=\"wp-image-9008\" width=\"210\" height=\"84\" srcset=\"https:\/\/projectes.xtec.cat\/stem-espai\/wp-content\/uploads\/usu2332\/2023\/03\/eseiaat.png 500w, https:\/\/projectes.xtec.cat\/stem-espai\/wp-content\/uploads\/usu2332\/2023\/03\/eseiaat-300x120.png 300w\" sizes=\"auto, (max-width: 210px) 100vw, 210px\" \/><\/figure><\/div>\n<\/div>\n\n\n\n<div class=\"wp-block-column is-layout-flow wp-block-column-is-layout-flow\"><\/div>\n<\/div>\n\n\n\n<p class=\"has-ast-global-color-5-background-color has-background\" style=\"font-size:17px\">Amb la col\u00b7laboraci\u00f3 de   &#8212;&#8212;&#8212;&#8212;&#8212;&#8212;&#8212;&#8212;&#8212;&#8212;&#8212;&#8212;&#8212;&#8212;&#8212;&#8212;&#8212;&#8212;&#8212;&#8212;&#8212;&#8212;&#8212;&#8212;&#8212;&#8212;&#8212;&#8212;&#8212;&#8212;&#8212;&#8212;&#8212;&#8212;&#8212;&#8212;&#8212;&#8212;&#8212;&#8212;&#8212;&#8212;&#8212;&#8212;&#8212;&#8212;&#8212;&#8212;&#8212;&#8212;&#8212;&#8212;&#8212;&#8212;-<\/p>\n\n\n\n<div class=\"wp-block-columns is-layout-flex wp-container-core-columns-is-layout-4 wp-block-columns-is-layout-flex\">\n<div class=\"wp-block-column is-layout-flow wp-block-column-is-layout-flow\">\n<div class=\"wp-block-image\"><figure class=\"aligncenter size-large is-resized\"><img loading=\"lazy\" decoding=\"async\" src=\"https:\/\/projectes.xtec.cat\/stem-espai\/wp-content\/uploads\/usu2332\/2023\/03\/cosimc-research-1-1024x419.png\" alt=\"Logotip Cosmic Research\" class=\"wp-image-9032\" width=\"142\" height=\"57\" srcset=\"https:\/\/projectes.xtec.cat\/stem-espai\/wp-content\/uploads\/usu2332\/2023\/03\/cosimc-research-1-1024x419.png 1024w, https:\/\/projectes.xtec.cat\/stem-espai\/wp-content\/uploads\/usu2332\/2023\/03\/cosimc-research-1-300x123.png 300w, https:\/\/projectes.xtec.cat\/stem-espai\/wp-content\/uploads\/usu2332\/2023\/03\/cosimc-research-1-768x314.png 768w, https:\/\/projectes.xtec.cat\/stem-espai\/wp-content\/uploads\/usu2332\/2023\/03\/cosimc-research-1.png 1200w\" sizes=\"auto, (max-width: 142px) 100vw, 142px\" \/><\/figure><\/div>\n<\/div>\n\n\n\n<div class=\"wp-block-column is-layout-flow wp-block-column-is-layout-flow\">\n<div class=\"wp-block-image\"><figure class=\"aligncenter size-large is-resized\"><img loading=\"lazy\" decoding=\"async\" src=\"https:\/\/projectes.xtec.cat\/stem-espai\/wp-content\/uploads\/usu2332\/2023\/03\/aeroports-1-1024x337.jpg\" alt=\"Logotip Aeroports de Catalunya\" class=\"wp-image-9031\" width=\"121\" height=\"40\" srcset=\"https:\/\/projectes.xtec.cat\/stem-espai\/wp-content\/uploads\/usu2332\/2023\/03\/aeroports-1-1024x337.jpg 1024w, https:\/\/projectes.xtec.cat\/stem-espai\/wp-content\/uploads\/usu2332\/2023\/03\/aeroports-1-300x99.jpg 300w, https:\/\/projectes.xtec.cat\/stem-espai\/wp-content\/uploads\/usu2332\/2023\/03\/aeroports-1-768x253.jpg 768w, https:\/\/projectes.xtec.cat\/stem-espai\/wp-content\/uploads\/usu2332\/2023\/03\/aeroports-1.jpg 1150w\" sizes=\"auto, (max-width: 121px) 100vw, 121px\" \/><\/figure><\/div>\n<\/div>\n\n\n\n<div class=\"wp-block-column is-layout-flow wp-block-column-is-layout-flow\"><\/div>\n\n\n\n<div class=\"wp-block-column is-layout-flow wp-block-column-is-layout-flow\"><\/div>\n<\/div>\n<\/div>\n<\/div>\n<\/div><\/div><\/div><\/div><\/div>\n","protected":false},"excerpt":{"rendered":"","protected":false},"author":1,"featured_media":8979,"parent":0,"menu_order":0,"comment_status":"closed","ping_status":"close","template":"","meta":{"_bbp_topic_count":0,"_bbp_reply_count":0,"_bbp_total_topic_count":0,"_bbp_total_reply_count":0,"_bbp_voice_count":0,"_bbp_anonymous_reply_count":0,"_bbp_topic_count_hidden":0,"_bbp_reply_count_hidden":0,"_bbp_forum_subforum_count":0,"site-sidebar-layout":"default","site-content-layout":"","ast-site-content-layout":"","site-content-style":"default","site-sidebar-style":"default","ast-global-header-display":"","ast-banner-title-visibility":"","ast-main-header-display":"","ast-hfb-above-header-display":"","ast-hfb-below-header-display":"","ast-hfb-mobile-header-display":"","site-post-title":"","ast-breadcrumbs-content":"","ast-featured-img":"disabled","footer-sml-layout":"","theme-transparent-header-meta":"","adv-header-id-meta":"","stick-header-meta":"","header-above-stick-meta":"","header-main-stick-meta":"","header-below-stick-meta":"","astra-migrate-meta-layouts":"default","ast-page-background-enabled":"default","ast-page-background-meta":{"desktop":{"background-color":"var(--ast-global-color-4)","background-image":"","background-repeat":"repeat","background-position":"center center","background-size":"auto","background-attachment":"scroll","background-type":"","background-media":"","overlay-type":"","overlay-color":"","overlay-opacity":"","overlay-gradient":""},"tablet":{"background-color":"","background-image":"","background-repeat":"repeat","background-position":"center center","background-size":"auto","background-attachment":"scroll","background-type":"","background-media":"","overlay-type":"","overlay-color":"","overlay-opacity":"","overlay-gradient":""},"mobile":{"background-color":"","background-image":"","background-repeat":"repeat","background-position":"center center","background-size":"auto","background-attachment":"scroll","background-type":"","background-media":"","overlay-type":"","overlay-color":"","overlay-opacity":"","overlay-gradient":""}},"ast-content-background-meta":{"desktop":{"background-color":"var(--ast-global-color-5)","background-image":"","background-repeat":"repeat","background-position":"center center","background-size":"auto","background-attachment":"scroll","background-type":"","background-media":"","overlay-type":"","overlay-color":"","overlay-opacity":"","overlay-gradient":""},"tablet":{"background-color":"var(--ast-global-color-5)","background-image":"","background-repeat":"repeat","background-position":"center center","background-size":"auto","background-attachment":"scroll","background-type":"","background-media":"","overlay-type":"","overlay-color":"","overlay-opacity":"","overlay-gradient":""},"mobile":{"background-color":"var(--ast-global-color-5)","background-image":"","background-repeat":"repeat","background-position":"center center","background-size":"auto","background-attachment":"scroll","background-type":"","background-media":"","overlay-type":"","overlay-color":"","overlay-opacity":"","overlay-gradient":""}},"footnotes":""},"class_list":["post-8967","page","type-page","status-publish","has-post-thumbnail","hentry"],"post_mailing_queue_ids":[],"_links":{"self":[{"href":"https:\/\/projectes.xtec.cat\/stem-espai\/wp-json\/wp\/v2\/pages\/8967","targetHints":{"allow":["GET"]}}],"collection":[{"href":"https:\/\/projectes.xtec.cat\/stem-espai\/wp-json\/wp\/v2\/pages"}],"about":[{"href":"https:\/\/projectes.xtec.cat\/stem-espai\/wp-json\/wp\/v2\/types\/page"}],"author":[{"embeddable":true,"href":"https:\/\/projectes.xtec.cat\/stem-espai\/wp-json\/wp\/v2\/users\/1"}],"replies":[{"embeddable":true,"href":"https:\/\/projectes.xtec.cat\/stem-espai\/wp-json\/wp\/v2\/comments?post=8967"}],"version-history":[{"count":2,"href":"https:\/\/projectes.xtec.cat\/stem-espai\/wp-json\/wp\/v2\/pages\/8967\/revisions"}],"predecessor-version":[{"id":9821,"href":"https:\/\/projectes.xtec.cat\/stem-espai\/wp-json\/wp\/v2\/pages\/8967\/revisions\/9821"}],"wp:featuredmedia":[{"embeddable":true,"href":"https:\/\/projectes.xtec.cat\/stem-espai\/wp-json\/wp\/v2\/media\/8979"}],"wp:attachment":[{"href":"https:\/\/projectes.xtec.cat\/stem-espai\/wp-json\/wp\/v2\/media?parent=8967"}],"curies":[{"name":"wp","href":"https:\/\/api.w.org\/{rel}","templated":true}]}}