{"id":9149,"date":"2023-03-29T12:15:42","date_gmt":"2023-03-29T10:15:42","guid":{"rendered":"https:\/\/projectes.xtec.cat\/stem-espai\/?page_id=9149"},"modified":"2023-11-21T08:42:38","modified_gmt":"2023-11-21T07:42:38","slug":"seguiment-de-la-missio-hypatia-i","status":"publish","type":"page","link":"https:\/\/projectes.xtec.cat\/stem-espai\/seguiment-de-la-missio-hypatia-i\/","title":{"rendered":"Seguiment de la missi\u00f3 Hypatia I"},"content":{"rendered":"\n<div class=\"wp-block-getwid-section alignfull getwid-section-content-custom-width\" style=\"margin-bottom:0px\"><div class=\"wp-block-getwid-section__wrapper\" style=\"min-height:29vh;padding-top:0px;padding-bottom:0px\"><div class=\"wp-block-getwid-section__inner-wrapper\" style=\"max-width:1390px\"><div class=\"wp-block-getwid-section__background-holder\"><div class=\"wp-block-getwid-section__background\" style=\"background-image:url('https:\/\/projectes.xtec.cat\/stem-espai\/wp-content\/uploads\/usu2332\/2023\/03\/Hypatia_Web_Home_2-1536x1094-1.png')\"><div class=\"wp-block-getwid-section__background-image-wrapper\"><img decoding=\"async\" class=\"wp-block-getwid-section__background-image\" src=\"https:\/\/projectes.xtec.cat\/stem-espai\/wp-content\/uploads\/usu2332\/2023\/03\/Hypatia_Web_Home_2-1536x1094-1.png\" alt=\"\"\/><\/div><\/div><div class=\"wp-block-getwid-section__foreground\"><\/div><\/div><div class=\"wp-block-getwid-section__content\"><div class=\"wp-block-getwid-section__inner-content\">\n<div class=\"wp-block-getwid-advanced-heading has-custom-font-size\" style=\"font-size:30px\"><span class=\"wp-block-getwid-advanced-heading__content has-text-color\" style=\"text-align:center;color:#4b4f58\"><strong>Seguiment de la missi\u00f3 Hypatia I<\/strong><\/span><\/div>\n\n\n\n<p class=\"has-background\" style=\"background-color:#e9f1f9;font-size:14px\"><strong>La missi\u00f3 Hypatia I va portar a un equip de nou dones cient\u00edfiques catalanes fins al desert de Utah, als Estats Units, per participar en un exercici de simulaci\u00f3 d&#8217;una missi\u00f3 a Mart. <\/strong>Des de la Generalitat de Catalunya es va dur a terme el projecte &#8220;<strong>Seguiment de la missi\u00f3 Hypatia I<\/strong>&#8221; que es basa en actuacions educatives relacionades amb la missi\u00f3. En aquest espai podeu trobar els materials <\/p>\n<\/div><\/div><\/div><\/div><\/div>\n\n\n\n<div class=\"wp-block-getwid-section alignfull alignfull\"><div class=\"wp-block-getwid-section__wrapper\"><div class=\"wp-block-getwid-section__inner-wrapper\"><div class=\"wp-block-getwid-section__background-holder\"><div class=\"wp-block-getwid-section__background\"><\/div><div class=\"wp-block-getwid-section__foreground\"><\/div><\/div><div class=\"wp-block-getwid-section__content\"><div class=\"wp-block-getwid-section__inner-content\">\n<div class=\"wp-block-getwid-tabs font\" data-active-tab=\"0\"><ul class=\"wp-block-getwid-tabs__nav-links\"><\/ul>\n<div class=\"wp-block-getwid-tabs__nav-link\"><h6 class=\"wp-block-getwid-tabs__title-wrapper\"><a href=\"#\"><span class=\"wp-block-getwid-tabs__title\"><strong><span style=\"color:#a25d81\" class=\"has-inline-color\">Presentaci\u00f3<\/span><\/strong><\/span><\/a><\/h6><\/div><div class=\"wp-block-getwid-tabs__tab-content-wrapper\"><div class=\"wp-block-getwid-tabs__tab-content\">\n<p class=\"has-ast-global-color-8-color has-text-color\" style=\"font-size:15px\">En aquest v\u00eddeo podeu visualitzar la <strong>presentaci\u00f3 del projecte &#8220;Seguiment de la missi\u00f3 Hypatia I&#8221;<\/strong> realitzada per dues de les tripulants de l&#8217;experi\u00e8ncia, <strong>Neus Sabat\u00e9 i Cesca Cuf\u00ed<\/strong>, i adre\u00e7ada a l&#8217;alumnat dels centres educatius.<\/p>\n\n\n\n<div class=\"wp-block-image\"><figure class=\"aligncenter size-large is-resized\"><a href=\"https:\/\/www.youtube.com\/watch?v=rh3K1H9iZeo\" target=\"_blank\" rel=\"noopener\"><img loading=\"lazy\" decoding=\"async\" src=\"https:\/\/projectes.xtec.cat\/stem-espai\/wp-content\/uploads\/usu2332\/2023\/03\/presentacio-Hypatia.png\" alt=\"\" class=\"wp-image-9133\" width=\"403\" height=\"225\" srcset=\"https:\/\/projectes.xtec.cat\/stem-espai\/wp-content\/uploads\/usu2332\/2023\/03\/presentacio-Hypatia.png 447w, https:\/\/projectes.xtec.cat\/stem-espai\/wp-content\/uploads\/usu2332\/2023\/03\/presentacio-Hypatia-300x168.png 300w\" sizes=\"auto, (max-width: 403px) 100vw, 403px\" \/><\/a><\/figure><\/div>\n<\/div><\/div>\n\n\n\n<div class=\"wp-block-getwid-tabs__nav-link\"><h6 class=\"wp-block-getwid-tabs__title-wrapper\"><a href=\"#\"><span class=\"wp-block-getwid-tabs__title\"><span style=\"color:#a25d81\" class=\"has-inline-color\"><strong>Recursos<\/strong><\/span><\/span><\/a><\/h6><\/div><div class=\"wp-block-getwid-tabs__tab-content-wrapper\"><div class=\"wp-block-getwid-tabs__tab-content\">\n<p style=\"font-size:15px\">Seguidament, us compartim els <strong>recursos<\/strong> que es van treballar a les aules per fer el seguiment de la missi\u00f3 Hypatia I: <\/p>\n\n\n\n<ul class=\"wp-block-list\" id=\"block-fbcff602-afb6-4dfe-b166-4ee8e7c136fb\" style=\"font-size:15px\"><li>CR\u00d2NICA: dia a dia de la tripulaci\u00f3 durant les dues setmanes de la missi\u00f3.<\/li><li>INTERACCI\u00d3: respostes que la tripulaci\u00f3 ens va donar a les preguntes proposades pels centres educatius.<\/li><li>REPTE \u201cAnem a Mart!\u201d: realitzaci\u00f3 d&#8217;una guia per preparar una missi\u00f3 espacial a Mart, per a dur a terme a l\u2019aula.<\/li><\/ul>\n\n\n\n<div class=\"wp-block-columns has-background is-layout-flex wp-container-core-columns-is-layout-2 wp-block-columns-is-layout-flex\" style=\"background-color:#e1eaf5\">\n<div class=\"wp-block-column is-layout-flow wp-block-column-is-layout-flow\">\n<div class=\"wp-block-columns is-layout-flex wp-container-core-columns-is-layout-1 wp-block-columns-is-layout-flex\">\n<div class=\"wp-block-column is-layout-flow wp-block-column-is-layout-flow\">\n<div class=\"wp-block-buttons is-content-justification-center is-layout-flex wp-block-buttons-is-layout-flex\">\n<div class=\"wp-block-button is-style-outline is-style-outline--1\"><a class=\"wp-block-button__link has-ast-global-color-5-background-color has-text-color has-background\" href=\"https:\/\/projectes.xtec.cat\/stem-espai\/cronica-de-la-missio-hypatia-i\/\" style=\"border-radius:50px;color:#4b4f58\"><strong>CR\u00d2NICA<\/strong><\/a><\/div>\n<\/div>\n<\/div>\n\n\n\n<div class=\"wp-block-column is-layout-flow wp-block-column-is-layout-flow\">\n<div class=\"wp-block-buttons is-content-justification-center is-layout-flex wp-block-buttons-is-layout-flex\">\n<div class=\"wp-block-button is-style-outline is-style-outline--2\"><a class=\"wp-block-button__link has-ast-global-color-5-background-color has-text-color has-background\" href=\"https:\/\/projectes.xtec.cat\/stem-espai\/interaccio-hypatia\/\" style=\"border-radius:50px;color:#4b4f58\"><strong>INTERACCI\u00d3<\/strong><\/a><\/div>\n<\/div>\n<\/div>\n\n\n\n<div class=\"wp-block-column is-layout-flow wp-block-column-is-layout-flow\">\n<div class=\"wp-block-buttons is-content-justification-center is-layout-flex wp-block-buttons-is-layout-flex\">\n<div class=\"wp-block-button is-style-outline is-style-outline--3\"><a class=\"wp-block-button__link has-ast-global-color-5-background-color has-text-color has-background\" href=\"https:\/\/projectes.xtec.cat\/stem-espai\/hypatia-i-repte\/\" style=\"border-radius:47px;color:#4b4f58\"><strong>REPTE<\/strong><\/a><\/div>\n<\/div>\n<\/div>\n<\/div>\n<\/div>\n<\/div>\n<\/div><\/div>\n\n\n\n<div class=\"wp-block-getwid-tabs__nav-link\"><h6 class=\"wp-block-getwid-tabs__title-wrapper\"><a href=\"#\"><span class=\"wp-block-getwid-tabs__title\"><span style=\"color:#a25d81\" class=\"has-inline-color\"><strong>Post-missi\u00f3<\/strong><\/span><\/span><\/a><\/h6><\/div><div class=\"wp-block-getwid-tabs__tab-content-wrapper\"><div class=\"wp-block-getwid-tabs__tab-content\">\n<p style=\"font-size:15px\">En el seg\u00fcent v\u00eddeo podeu visualitzar la <strong>videoconfer\u00e8ncia<\/strong> on les tripulants, <strong>Laia Ribas <\/strong>i<strong> N\u00faria Jar<\/strong>, interpel\u00b7lades per alguns <strong>alumnes<\/strong> de diversos centres en directe, <strong>parlen sobre l\u2019experi\u00e8ncia a &#8220;Mart&#8221; i presenten els resultats de la missi\u00f3<\/strong>.<\/p>\n\n\n\n<div class=\"wp-block-image is-style-default\"><figure class=\"aligncenter size-large is-resized\"><a href=\"https:\/\/www.youtube.com\/watch?v=o-6gg7RBtOc&amp;t=1s\" target=\"_blank\" rel=\"noopener\"><img loading=\"lazy\" decoding=\"async\" src=\"https:\/\/projectes.xtec.cat\/stem-espai\/wp-content\/uploads\/usu2332\/2023\/07\/postmissio-1024x578.png\" alt=\"\" class=\"wp-image-9784\" width=\"416\" height=\"234\" srcset=\"https:\/\/projectes.xtec.cat\/stem-espai\/wp-content\/uploads\/usu2332\/2023\/07\/postmissio-1024x578.png 1024w, https:\/\/projectes.xtec.cat\/stem-espai\/wp-content\/uploads\/usu2332\/2023\/07\/postmissio-300x169.png 300w, https:\/\/projectes.xtec.cat\/stem-espai\/wp-content\/uploads\/usu2332\/2023\/07\/postmissio-768x433.png 768w, https:\/\/projectes.xtec.cat\/stem-espai\/wp-content\/uploads\/usu2332\/2023\/07\/postmissio.png 1365w\" sizes=\"auto, (max-width: 416px) 100vw, 416px\" \/><\/a><\/figure><\/div>\n<\/div><\/div>\n\n\n\n<div class=\"wp-block-getwid-tabs__nav-link\"><h6 class=\"wp-block-getwid-tabs__title-wrapper\"><a href=\"#\"><span class=\"wp-block-getwid-tabs__title\"><span style=\"color:#a25d81\" class=\"has-inline-color\"><strong>Mapa centres participants<\/strong><\/span><\/span><\/a><\/h6><\/div><div class=\"wp-block-getwid-tabs__tab-content-wrapper\"><div class=\"wp-block-getwid-tabs__tab-content\">\n<div style=\"display:flex;justify-content:center;max-width:unset\"><iframe style=\"width: 100%; height: 800px;\" src=\"https:\/\/edumet.cat\/areatac\/presentacions\/index.php?ID=1WKntEk2DpSqpRGufla5zTkHDPq7lVQXEOOD3UiQ6Kvc&amp;config=Mapa\"><\/iframe><\/div>\n<\/div><\/div>\n<\/div>\n<\/div><\/div><\/div><\/div><\/div>\n\n\n\n<div style=\"height:12px\" aria-hidden=\"true\" class=\"wp-block-spacer\"><\/div>\n\n\n\n<div style=\"height:5px\" aria-hidden=\"true\" class=\"wp-block-spacer\"><\/div>\n\n\n\n<p class=\"has-ast-global-color-5-color has-text-color has-background\" style=\"background-color:#9ab7ce\">M\u00e9s informaci\u00f3 sobre el <strong>Projecte Hypatia<\/strong><\/p>\n\n\n\n<p><a rel=\"noreferrer noopener\" href=\"https:\/\/linktr.ee\/hypatia_mars\" target=\"_blank\"><strong><span style=\"color:#a25d81\" class=\"has-inline-color\">Hypatia Mars<\/span><\/strong><\/a> \u00e9s un projecte de simulaci\u00f3 de missi\u00f3 a Mart que t\u00e9 com a objectiu establir una base aut\u00f2noma a la superf\u00edcie del planeta vermell. Les participants viuran en h\u00e0bitats simulats i realitzaran tasques cient\u00edfiques i t\u00e8cniques per avaluar la viabilitat d&#8217;una missi\u00f3 real a Mart. El projecte se centra en la tecnologia de reciclatge, la producci\u00f3 d&#8217;energia i l&#8217;agricultura sostenible per a futures missions espacials.<\/p>\n\n\n\n<p><strong><a rel=\"noreferrer noopener\" href=\"https:\/\/hypatiamars.com\/\" target=\"_blank\"><span style=\"color:#a25d81\" class=\"has-inline-color\">Hypatia I<\/span><\/a> <\/strong>pret\u00e9n ser una font d\u2019inspiraci\u00f3 per a nenes i noies que, en un futur proper, optin per realitzar estudis relacionats amb les STEM i, tal vegada, acabin formant part d\u2019una tripulaci\u00f3.<\/p>\n\n\n\n<p><strong>La tripulaci\u00f3 d\u2019aquesta primera missi\u00f3 est\u00e0 formada per dones de diferents edats i perfils professionals, que viatjaran aquest abril a l\u2019<a rel=\"noreferrer noopener\" href=\"http:\/\/mdrs.marssociety.org\/\" data-type=\"URL\" data-id=\"http:\/\/mdrs.marssociety.org\/\" target=\"_blank\"><span style=\"color:#a25d81\" class=\"has-inline-color\">estaci\u00f3 de Utah<\/span><\/a>, als Estats Units. (constru\u00efda tenint present com hauria de ser una estaci\u00f3 a Mart). Durant dues setmanes, del 16 al 29 d&#8217;abril, aquesta tripulaci\u00f3 dur\u00e0 a terme investigacions relacionades amb l&#8217;espai i simular\u00e0 rigorosament el que seria la seva vida a Mart, confinada en la petita estaci\u00f3 i privada d\u2019h\u00e0bits quotidians a la Terra, com una dutxa di\u00e0ria.<\/strong><\/p>\n\n\n\n<p>El projecte Hypatia tamb\u00e9 porta l\u2019experi\u00e8ncia de ser astronauta a les escoles, impulsant un <a rel=\"noreferrer noopener\" href=\"https:\/\/habilis.ro-botica.com\/curs\/curs-dastronautes-6-8\/\" target=\"_blank\"><span style=\"color:#a25d81\" class=\"has-inline-color\">curs per a nenes i nens de 6 a 12 anys<\/span><\/a>, amb un recull d\u2019explicacions cient\u00edfiques, experiments, novel\u00b7la, i hist\u00f2ries de grans dones cient\u00edfiques.<\/p>\n\n\n\n<div class=\"wp-block-image is-style-rounded\"><figure class=\"aligncenter size-large is-resized\"><a href=\"https:\/\/projectes.xtec.cat\/stem-espai\/wp-content\/uploads\/usu2332\/2023\/06\/230601_FCLP-2048x1309-1-edited.jpeg\"><img loading=\"lazy\" decoding=\"async\" src=\"https:\/\/projectes.xtec.cat\/stem-espai\/wp-content\/uploads\/usu2332\/2023\/06\/230601_FCLP-2048x1309-1-edited-1024x655.jpeg\" alt=\"\" class=\"wp-image-9739\" width=\"320\" height=\"212\"\/><\/a><figcaption><em>Tripulants de la missi\u00f3 Hypatia I<\/em><\/figcaption><\/figure><\/div>\n\n\n\n<p class=\"has-background\" style=\"background-color:#e9f1f9\">Podeu fer-nos arribar qualsevol dubte a&nbsp;<strong><a rel=\"noreferrer noopener\" href=\"mailto:pensamentcomputacional@xtec.cat?subject=&amp;body=\" target=\"_blank\">stemalespai@xtec.cat<\/a>&nbsp;<\/strong><\/p>\n","protected":false},"excerpt":{"rendered":"<p>M\u00e9s informaci\u00f3 sobre el Projecte Hypatia Hypatia Mars \u00e9s un projecte de simulaci\u00f3 de missi\u00f3 a Mart que t\u00e9 com a objectiu establir una base aut\u00f2noma a la superf\u00edcie del planeta vermell. Les participants viuran en h\u00e0bitats simulats i realitzaran tasques cient\u00edfiques i t\u00e8cniques per avaluar la viabilitat d&#8217;una missi\u00f3 real a Mart. El projecte [&hellip;]<\/p>\n","protected":false},"author":1,"featured_media":0,"parent":0,"menu_order":0,"comment_status":"closed","ping_status":"close","template":"","meta":{"_bbp_topic_count":0,"_bbp_reply_count":0,"_bbp_total_topic_count":0,"_bbp_total_reply_count":0,"_bbp_voice_count":0,"_bbp_anonymous_reply_count":0,"_bbp_topic_count_hidden":0,"_bbp_reply_count_hidden":0,"_bbp_forum_subforum_count":0,"site-sidebar-layout":"default","site-content-layout":"","ast-site-content-layout":"","site-content-style":"default","site-sidebar-style":"default","ast-global-header-display":"","ast-banner-title-visibility":"","ast-main-header-display":"","ast-hfb-above-header-display":"","ast-hfb-below-header-display":"","ast-hfb-mobile-header-display":"","site-post-title":"disabled","ast-breadcrumbs-content":"","ast-featured-img":"","footer-sml-layout":"","theme-transparent-header-meta":"","adv-header-id-meta":"","stick-header-meta":"","header-above-stick-meta":"","header-main-stick-meta":"","header-below-stick-meta":"","astra-migrate-meta-layouts":"default","ast-page-background-enabled":"default","ast-page-background-meta":{"desktop":{"background-color":"var(--ast-global-color-4)","background-image":"","background-repeat":"repeat","background-position":"center center","background-size":"auto","background-attachment":"scroll","background-type":"","background-media":"","overlay-type":"","overlay-color":"","overlay-opacity":"","overlay-gradient":""},"tablet":{"background-color":"","background-image":"","background-repeat":"repeat","background-position":"center center","background-size":"auto","background-attachment":"scroll","background-type":"","background-media":"","overlay-type":"","overlay-color":"","overlay-opacity":"","overlay-gradient":""},"mobile":{"background-color":"","background-image":"","background-repeat":"repeat","background-position":"center center","background-size":"auto","background-attachment":"scroll","background-type":"","background-media":"","overlay-type":"","overlay-color":"","overlay-opacity":"","overlay-gradient":""}},"ast-content-background-meta":{"desktop":{"background-color":"var(--ast-global-color-5)","background-image":"","background-repeat":"repeat","background-position":"center center","background-size":"auto","background-attachment":"scroll","background-type":"","background-media":"","overlay-type":"","overlay-color":"","overlay-opacity":"","overlay-gradient":""},"tablet":{"background-color":"var(--ast-global-color-5)","background-image":"","background-repeat":"repeat","background-position":"center center","background-size":"auto","background-attachment":"scroll","background-type":"","background-media":"","overlay-type":"","overlay-color":"","overlay-opacity":"","overlay-gradient":""},"mobile":{"background-color":"var(--ast-global-color-5)","background-image":"","background-repeat":"repeat","background-position":"center center","background-size":"auto","background-attachment":"scroll","background-type":"","background-media":"","overlay-type":"","overlay-color":"","overlay-opacity":"","overlay-gradient":""}},"footnotes":""},"class_list":["post-9149","page","type-page","status-publish","hentry"],"post_mailing_queue_ids":[],"_links":{"self":[{"href":"https:\/\/projectes.xtec.cat\/stem-espai\/wp-json\/wp\/v2\/pages\/9149","targetHints":{"allow":["GET"]}}],"collection":[{"href":"https:\/\/projectes.xtec.cat\/stem-espai\/wp-json\/wp\/v2\/pages"}],"about":[{"href":"https:\/\/projectes.xtec.cat\/stem-espai\/wp-json\/wp\/v2\/types\/page"}],"author":[{"embeddable":true,"href":"https:\/\/projectes.xtec.cat\/stem-espai\/wp-json\/wp\/v2\/users\/1"}],"replies":[{"embeddable":true,"href":"https:\/\/projectes.xtec.cat\/stem-espai\/wp-json\/wp\/v2\/comments?post=9149"}],"version-history":[{"count":4,"href":"https:\/\/projectes.xtec.cat\/stem-espai\/wp-json\/wp\/v2\/pages\/9149\/revisions"}],"predecessor-version":[{"id":9837,"href":"https:\/\/projectes.xtec.cat\/stem-espai\/wp-json\/wp\/v2\/pages\/9149\/revisions\/9837"}],"wp:attachment":[{"href":"https:\/\/projectes.xtec.cat\/stem-espai\/wp-json\/wp\/v2\/media?parent=9149"}],"curies":[{"name":"wp","href":"https:\/\/api.w.org\/{rel}","templated":true}]}}