{"id":9199,"date":"2023-03-30T10:49:32","date_gmt":"2023-03-30T08:49:32","guid":{"rendered":"https:\/\/projectes.xtec.cat\/stem-espai\/?page_id=9199"},"modified":"2023-06-19T13:52:53","modified_gmt":"2023-06-19T11:52:53","slug":"hypatia-i-repte","status":"publish","type":"page","link":"https:\/\/projectes.xtec.cat\/stem-espai\/hypatia-i-repte\/","title":{"rendered":"Repte de seguiment de la missi\u00f3 Hypatia I"},"content":{"rendered":"\n<div class=\"wp-block-getwid-section alignfull\"><div class=\"wp-block-getwid-section__wrapper\" style=\"padding-top:0px;padding-bottom:1px\"><div class=\"wp-block-getwid-section__inner-wrapper\"><div class=\"wp-block-getwid-section__background-holder\"><div class=\"wp-block-getwid-section__background\" style=\"background-image:url('https:\/\/projectes.xtec.cat\/stem-espai\/wp-content\/uploads\/usu2332\/2023\/03\/projecte_Hypatia.png');background-position:bottom left\"><div class=\"wp-block-getwid-section__background-image-wrapper\"><img decoding=\"async\" class=\"wp-block-getwid-section__background-image\" src=\"https:\/\/projectes.xtec.cat\/stem-espai\/wp-content\/uploads\/usu2332\/2023\/03\/projecte_Hypatia.png\" alt=\"\"\/><\/div><\/div><div class=\"wp-block-getwid-section__foreground\"><\/div><\/div><div class=\"wp-block-getwid-section__content\"><div class=\"wp-block-getwid-section__inner-content\">\n<div class=\"wp-block-getwid-advanced-heading has-custom-font-size\" style=\"font-size:30px\"><span class=\"wp-block-getwid-advanced-heading__content\" style=\"text-align:center\"><strong>Repte &#8220;Anem a Mart&#8221;<\/strong><\/span><\/div>\n\n\n\n<p class=\"has-ast-global-color-8-color has-text-color has-background\" style=\"background-color:#f5e8db\">Us presentem el repte de la missi\u00f3 Hypatia I, \u201c<strong>Anem a Mart<\/strong>\u201d! Aquesta proposta s\u2019estructura en la realitzaci\u00f3 de 6 fases consecutives, formant una guia per preparar una missi\u00f3 espacial a Mart. Cada fase consta d&#8217;uns passos a seguir amb la seva explicaci\u00f3 corresponent, per tal que l\u2019alumnat pugui elaborar la missi\u00f3 en un treball en equip. <strong>Podeu compartir el resultat final<\/strong>, que posteriorment penjarem al web, enviant l\u2019enlla\u00e7 del seu treball a aquest\u00a0<strong><a rel=\"noreferrer noopener\" href=\"https:\/\/forms.gle\/rSNvLFc5JETrVzKQ7\" target=\"_blank\">formulari<\/a>.<\/strong><\/p>\n<\/div><\/div><\/div><\/div><\/div>\n\n\n\n<div style=\"height:21px\" aria-hidden=\"true\" class=\"wp-block-spacer\"><\/div>\n\n\n\n<div style=\"width: 100%;\"><div style=\"position: relative; padding-bottom: 56.25%; padding-top: 0; height: 0;\"><iframe loading=\"lazy\" title=\"anem a Mart. Seguiment escolar de la missi\u00f3 HypatiaI\" frameborder=\"0\" width=\"1200\" height=\"675\" style=\"position: absolute; top: 0; left: 0; width: 100%; height: 100%;\" src=\"https:\/\/view.genial.ly\/6423d181d7c5d800187c9fdd\" type=\"text\/html\" allowscriptaccess=\"always\" allowfullscreen=\"true\" scrolling=\"yes\" allownetworking=\"all\"><\/iframe> <\/div> <\/div>\n","protected":false},"excerpt":{"rendered":"","protected":false},"author":1,"featured_media":0,"parent":0,"menu_order":0,"comment_status":"closed","ping_status":"close","template":"","meta":{"_bbp_topic_count":0,"_bbp_reply_count":0,"_bbp_total_topic_count":0,"_bbp_total_reply_count":0,"_bbp_voice_count":0,"_bbp_anonymous_reply_count":0,"_bbp_topic_count_hidden":0,"_bbp_reply_count_hidden":0,"_bbp_forum_subforum_count":0,"site-sidebar-layout":"default","site-content-layout":"","ast-site-content-layout":"","site-content-style":"default","site-sidebar-style":"default","ast-global-header-display":"","ast-banner-title-visibility":"","ast-main-header-display":"","ast-hfb-above-header-display":"","ast-hfb-below-header-display":"","ast-hfb-mobile-header-display":"","site-post-title":"disabled","ast-breadcrumbs-content":"","ast-featured-img":"","footer-sml-layout":"","theme-transparent-header-meta":"","adv-header-id-meta":"","stick-header-meta":"","header-above-stick-meta":"","header-main-stick-meta":"","header-below-stick-meta":"","astra-migrate-meta-layouts":"default","ast-page-background-enabled":"default","ast-page-background-meta":{"desktop":{"background-color":"var(--ast-global-color-4)","background-image":"","background-repeat":"repeat","background-position":"center center","background-size":"auto","background-attachment":"scroll","background-type":"","background-media":"","overlay-type":"","overlay-color":"","overlay-opacity":"","overlay-gradient":""},"tablet":{"background-color":"","background-image":"","background-repeat":"repeat","background-position":"center center","background-size":"auto","background-attachment":"scroll","background-type":"","background-media":"","overlay-type":"","overlay-color":"","overlay-opacity":"","overlay-gradient":""},"mobile":{"background-color":"","background-image":"","background-repeat":"repeat","background-position":"center center","background-size":"auto","background-attachment":"scroll","background-type":"","background-media":"","overlay-type":"","overlay-color":"","overlay-opacity":"","overlay-gradient":""}},"ast-content-background-meta":{"desktop":{"background-color":"var(--ast-global-color-5)","background-image":"","background-repeat":"repeat","background-position":"center center","background-size":"auto","background-attachment":"scroll","background-type":"","background-media":"","overlay-type":"","overlay-color":"","overlay-opacity":"","overlay-gradient":""},"tablet":{"background-color":"var(--ast-global-color-5)","background-image":"","background-repeat":"repeat","background-position":"center center","background-size":"auto","background-attachment":"scroll","background-type":"","background-media":"","overlay-type":"","overlay-color":"","overlay-opacity":"","overlay-gradient":""},"mobile":{"background-color":"var(--ast-global-color-5)","background-image":"","background-repeat":"repeat","background-position":"center center","background-size":"auto","background-attachment":"scroll","background-type":"","background-media":"","overlay-type":"","overlay-color":"","overlay-opacity":"","overlay-gradient":""}},"footnotes":""},"class_list":["post-9199","page","type-page","status-publish","hentry"],"post_mailing_queue_ids":[],"_links":{"self":[{"href":"https:\/\/projectes.xtec.cat\/stem-espai\/wp-json\/wp\/v2\/pages\/9199","targetHints":{"allow":["GET"]}}],"collection":[{"href":"https:\/\/projectes.xtec.cat\/stem-espai\/wp-json\/wp\/v2\/pages"}],"about":[{"href":"https:\/\/projectes.xtec.cat\/stem-espai\/wp-json\/wp\/v2\/types\/page"}],"author":[{"embeddable":true,"href":"https:\/\/projectes.xtec.cat\/stem-espai\/wp-json\/wp\/v2\/users\/1"}],"replies":[{"embeddable":true,"href":"https:\/\/projectes.xtec.cat\/stem-espai\/wp-json\/wp\/v2\/comments?post=9199"}],"version-history":[{"count":2,"href":"https:\/\/projectes.xtec.cat\/stem-espai\/wp-json\/wp\/v2\/pages\/9199\/revisions"}],"predecessor-version":[{"id":9747,"href":"https:\/\/projectes.xtec.cat\/stem-espai\/wp-json\/wp\/v2\/pages\/9199\/revisions\/9747"}],"wp:attachment":[{"href":"https:\/\/projectes.xtec.cat\/stem-espai\/wp-json\/wp\/v2\/media?parent=9199"}],"curies":[{"name":"wp","href":"https:\/\/api.w.org\/{rel}","templated":true}]}}