{"id":9758,"date":"2023-06-27T13:33:20","date_gmt":"2023-06-27T11:33:20","guid":{"rendered":"https:\/\/projectes.xtec.cat\/stem-espai\/?page_id=9758"},"modified":"2023-06-28T08:41:26","modified_gmt":"2023-06-28T06:41:26","slug":"recursos","status":"publish","type":"page","link":"https:\/\/projectes.xtec.cat\/stem-espai\/newspace\/recursos\/","title":{"rendered":"Recursos"},"content":{"rendered":"\n<p class=\"has-small-font-size\">Cadascun dels recursos (situacions d&#8217;aprenentatge o projectes globalitzats) incorpora el document docent i el material per a l&#8217;alumnat (guies o dossiers de treball). Podeu filtrar els recursos segons el nivell i mat\u00e8ria on aconsellem aplicar-los o segons la tem\u00e0tica. Fent clic al text &#8220;+ informaci\u00f3&#8221; de les targetes obrireu les fitxes corresponents, on tamb\u00e9 trobareu la descripci\u00f3, la durada aproximada, les compet\u00e8ncies que desenvolupa i el tipus d&#8217;activitat que inclou. Per visualitzar les targetes i les fitxes a pantalla completa, cliqueu el bot\u00f3 que hi ha a la part superior dreta del targeter.<\/p>\n\n\n\n<div style=\"display:flex;justify-content:center;max-width:unset\"><p><iframe loading=\"lazy\" src=\"https:\/\/edumet.cat\/areatac\/presentacions\/index.php?ID=1HFim87ES2Oz3H6JKaHKKVOYnqBDuprXMmo9-V9AR_3Q&amp;config=Programa\" sandbox=\"allow-same-origin allow-scripts allow-top-navigation allow-popups allow-pointer-lock allow-forms\" width=\"1100\" height=\"730\"><\/iframe><\/p><\/div>\n","protected":false},"excerpt":{"rendered":"<p>Cadascun dels recursos (situacions d&#8217;aprenentatge o projectes globalitzats) incorpora el document docent i el material per a l&#8217;alumnat (guies o dossiers de treball). Podeu filtrar els recursos segons el nivell i mat\u00e8ria on aconsellem aplicar-los o segons la tem\u00e0tica. Fent clic al text &#8220;+ informaci\u00f3&#8221; de les targetes obrireu les fitxes corresponents, on tamb\u00e9 trobareu [&hellip;]<\/p>\n","protected":false},"author":4,"featured_media":0,"parent":8283,"menu_order":0,"comment_status":"closed","ping_status":"close","template":"","meta":{"_bbp_topic_count":0,"_bbp_reply_count":0,"_bbp_total_topic_count":0,"_bbp_total_reply_count":0,"_bbp_voice_count":0,"_bbp_anonymous_reply_count":0,"_bbp_topic_count_hidden":0,"_bbp_reply_count_hidden":0,"_bbp_forum_subforum_count":0,"site-sidebar-layout":"default","site-content-layout":"","ast-site-content-layout":"","site-content-style":"default","site-sidebar-style":"default","ast-global-header-display":"","ast-banner-title-visibility":"","ast-main-header-display":"","ast-hfb-above-header-display":"","ast-hfb-below-header-display":"","ast-hfb-mobile-header-display":"","site-post-title":"disabled","ast-breadcrumbs-content":"","ast-featured-img":"","footer-sml-layout":"","theme-transparent-header-meta":"","adv-header-id-meta":"","stick-header-meta":"","header-above-stick-meta":"","header-main-stick-meta":"","header-below-stick-meta":"","astra-migrate-meta-layouts":"default","ast-page-background-enabled":"default","ast-page-background-meta":{"desktop":{"background-color":"var(--ast-global-color-4)","background-image":"","background-repeat":"repeat","background-position":"center center","background-size":"auto","background-attachment":"scroll","background-type":"","background-media":"","overlay-type":"","overlay-color":"","overlay-opacity":"","overlay-gradient":""},"tablet":{"background-color":"","background-image":"","background-repeat":"repeat","background-position":"center center","background-size":"auto","background-attachment":"scroll","background-type":"","background-media":"","overlay-type":"","overlay-color":"","overlay-opacity":"","overlay-gradient":""},"mobile":{"background-color":"","background-image":"","background-repeat":"repeat","background-position":"center center","background-size":"auto","background-attachment":"scroll","background-type":"","background-media":"","overlay-type":"","overlay-color":"","overlay-opacity":"","overlay-gradient":""}},"ast-content-background-meta":{"desktop":{"background-color":"var(--ast-global-color-5)","background-image":"","background-repeat":"repeat","background-position":"center center","background-size":"auto","background-attachment":"scroll","background-type":"","background-media":"","overlay-type":"","overlay-color":"","overlay-opacity":"","overlay-gradient":""},"tablet":{"background-color":"var(--ast-global-color-5)","background-image":"","background-repeat":"repeat","background-position":"center center","background-size":"auto","background-attachment":"scroll","background-type":"","background-media":"","overlay-type":"","overlay-color":"","overlay-opacity":"","overlay-gradient":""},"mobile":{"background-color":"var(--ast-global-color-5)","background-image":"","background-repeat":"repeat","background-position":"center center","background-size":"auto","background-attachment":"scroll","background-type":"","background-media":"","overlay-type":"","overlay-color":"","overlay-opacity":"","overlay-gradient":""}},"footnotes":""},"class_list":["post-9758","page","type-page","status-publish","hentry"],"post_mailing_queue_ids":[],"_links":{"self":[{"href":"https:\/\/projectes.xtec.cat\/stem-espai\/wp-json\/wp\/v2\/pages\/9758","targetHints":{"allow":["GET"]}}],"collection":[{"href":"https:\/\/projectes.xtec.cat\/stem-espai\/wp-json\/wp\/v2\/pages"}],"about":[{"href":"https:\/\/projectes.xtec.cat\/stem-espai\/wp-json\/wp\/v2\/types\/page"}],"author":[{"embeddable":true,"href":"https:\/\/projectes.xtec.cat\/stem-espai\/wp-json\/wp\/v2\/users\/4"}],"replies":[{"embeddable":true,"href":"https:\/\/projectes.xtec.cat\/stem-espai\/wp-json\/wp\/v2\/comments?post=9758"}],"version-history":[{"count":3,"href":"https:\/\/projectes.xtec.cat\/stem-espai\/wp-json\/wp\/v2\/pages\/9758\/revisions"}],"predecessor-version":[{"id":9770,"href":"https:\/\/projectes.xtec.cat\/stem-espai\/wp-json\/wp\/v2\/pages\/9758\/revisions\/9770"}],"up":[{"embeddable":true,"href":"https:\/\/projectes.xtec.cat\/stem-espai\/wp-json\/wp\/v2\/pages\/8283"}],"wp:attachment":[{"href":"https:\/\/projectes.xtec.cat\/stem-espai\/wp-json\/wp\/v2\/media?parent=9758"}],"curies":[{"name":"wp","href":"https:\/\/api.w.org\/{rel}","templated":true}]}}