{"id":8257,"date":"2020-05-20T13:51:26","date_gmt":"2020-05-20T11:51:26","guid":{"rendered":"https:\/\/projectes.xtec.cat\/stemalespai\/?page_id=8257"},"modified":"2022-04-20T11:31:43","modified_gmt":"2022-04-20T09:31:43","slug":"observatoris-i-associacions","status":"publish","type":"page","link":"https:\/\/projectes.xtec.cat\/stemalespai\/observatoris-i-associacions\/","title":{"rendered":"Observatoris i associacions"},"content":{"rendered":"<p>A Catalunya tenim molta oferta en astronomia per part de diferents parcs, observatoris i associacions. Moltes tenen proposta educativa adre\u00e7ada a les escoles i instituts.<\/p>\n<table style=\"width: 844px; height: 2922px; margin-left: auto; margin-right: auto;\">\n<tbody>\n<tr style=\"height: 193px;\">\n<td style=\"width: 191.111px; height: 193px;\"><a href=\"http:\/\/www.observatoridepujalt.cat\/\"><img loading=\"lazy\" decoding=\"async\" class=\"alignnone wp-image-8244 size-full\" src=\"https:\/\/projectes.xtec.cat\/stemalespai\/wp-content\/uploads\/usu2180\/2020\/05\/pujalt.png\" alt=\"\" width=\"199\" height=\"199\" srcset=\"https:\/\/projectes.xtec.cat\/stemalespai\/wp-content\/uploads\/usu2180\/2020\/05\/pujalt.png 199w, https:\/\/projectes.xtec.cat\/stemalespai\/wp-content\/uploads\/usu2180\/2020\/05\/pujalt-150x150.png 150w\" sizes=\"auto, (max-width: 199px) 100vw, 199px\" \/><\/a><\/td>\n<td style=\"width: 646.667px; height: 193px;\">\n<div class=\"CjVfdc CJIdie\"><a class=\"dhtgD aw5Odc\" href=\"http:\/\/www.google.com\/url?q=http%3A%2F%2Fwww.observatoridepujalt.cat%2F&amp;sa=D&amp;sntz=1&amp;usg=AFQjCNGiyNa0cYBs-slLs29cJ917ZlSqqw\" target=\"_blank\" rel=\"noopener noreferrer\">Observatori de Pujalt<\/a><\/div>\n<p>\u00c9s un dels Entorns d&#8217;Aprenentatge del Departament d&#8217;Ensenyament. Ofereixen tallers de meteorologia, astronomia i energies renovables.<\/td>\n<\/tr>\n<tr style=\"height: 193px;\">\n<td style=\"width: 191.111px; height: 193px;\"><a href=\"https:\/\/astrocastellblog.wordpress.com\/activitats-2\/activitats\/\"><img loading=\"lazy\" decoding=\"async\" class=\"alignnone wp-image-8250\" src=\"https:\/\/projectes.xtec.cat\/stemalespai\/wp-content\/uploads\/usu2180\/2020\/05\/castelltallat.gif\" alt=\"\" width=\"175\" height=\"175\" \/><\/a><\/td>\n<td style=\"width: 646.667px; height: 193px;\">\n<div class=\"CjVfdc CJIdie\"><a class=\"dhtgD aw5Odc\" href=\"https:\/\/www.google.com\/url?q=https%3A%2F%2Fastrocastellblog.wordpress.com%2Fescoles%2F&amp;sa=D&amp;sntz=1&amp;usg=AFQjCNFyR0weelpz_Lnj85O8nvWvAjq4HA\" target=\"_blank\" rel=\"noopener noreferrer\">Observatori astron\u00f2mic de Castelltallat<\/a><\/div>\n<div><\/div>\n<div><\/div>\n<p>Gaudireu d&#8217;instal\u00b7lacions de caire cient\u00edfic on els vostres alumnes podran explorar l&#8217;Univers i podran viure en plena natura en un entorn arquitect\u00f2nic que va des del segle VII amb les runes del castell de Montedono, fins avui dia a l\u2019observatori.<\/td>\n<\/tr>\n<tr style=\"height: 193px;\">\n<td style=\"width: 191.111px; height: 193px;\"><a href=\"https:\/\/www.observatorialbanya.com\/ca\/centres-educatius\"><img loading=\"lazy\" decoding=\"async\" class=\"alignnone wp-image-8254\" src=\"https:\/\/projectes.xtec.cat\/stemalespai\/wp-content\/uploads\/usu2180\/2020\/05\/albanya.jpg\" alt=\"\" width=\"175\" height=\"175\" srcset=\"https:\/\/projectes.xtec.cat\/stemalespai\/wp-content\/uploads\/usu2180\/2020\/05\/albanya.jpg 264w, https:\/\/projectes.xtec.cat\/stemalespai\/wp-content\/uploads\/usu2180\/2020\/05\/albanya-150x150.jpg 150w\" sizes=\"auto, (max-width: 175px) 100vw, 175px\" \/><\/a><\/td>\n<td style=\"width: 646.667px; height: 193px;\">\n<div class=\"CjVfdc\">\n<div class=\"CjVfdc\"><a class=\"dhtgD aw5Odc\" href=\"https:\/\/www.google.com\/url?q=https%3A%2F%2Fwww.observatorialbanya.com%2Fca%2Fcentres-educatius&amp;sa=D&amp;sntz=1&amp;usg=AFQjCNHsOGRDuDAOKIcucRWy9s74NFQhJg\" target=\"_blank\" rel=\"noopener noreferrer\">Observatori astron\u00f2mic d&#8217;Albany\u00e0<\/a><\/div>\n<div><\/div>\n<div><\/div>\n<p>Si busqueu un lloc diferent on portar els vostres alumnes per gaudir d&#8217;estades astron\u00f2miques l\u2019<a class=\"dhtgD aw5Odc\" href=\"https:\/\/www.google.com\/url?q=https%3A%2F%2Fwww.observatorialbanya.com&amp;sa=D&amp;sntz=1&amp;usg=AFQjCNFgEXHHB4ajfdXpGfmJCY1okuiYsg\" target=\"_blank\" rel=\"noopener noreferrer\">Observatori Astron\u00f2mic d\u2019Albany\u00e0<\/a> us proposa activitats per a prim\u00e0ria i secund\u00e0ria en estades de tres dies.<\/p>\n<\/div>\n<\/td>\n<\/tr>\n<tr style=\"height: 193px;\">\n<td style=\"width: 191.111px; height: 193px;\"><a href=\"http:\/\/www.obsebre.url.edu\/ca\/activitats\"><img loading=\"lazy\" decoding=\"async\" class=\"alignnone wp-image-8251\" src=\"https:\/\/projectes.xtec.cat\/stemalespai\/wp-content\/uploads\/usu2180\/2020\/05\/ebre.jpg\" alt=\"\" width=\"175\" height=\"175\" srcset=\"https:\/\/projectes.xtec.cat\/stemalespai\/wp-content\/uploads\/usu2180\/2020\/05\/ebre.jpg 271w, https:\/\/projectes.xtec.cat\/stemalespai\/wp-content\/uploads\/usu2180\/2020\/05\/ebre-150x150.jpg 150w\" sizes=\"auto, (max-width: 175px) 100vw, 175px\" \/><\/a><\/td>\n<td style=\"width: 646.667px; height: 193px;\"><a class=\"dhtgD aw5Odc\" href=\"https:\/\/www.google.com\/url?q=https%3A%2F%2Fastrocastellblog.wordpress.com%2Fescoles%2Fhttp%3A%2F%2Fwww.obsebre.url.edu%2Fca%2Factivitats&amp;sa=D&amp;sntz=1&amp;usg=AFQjCNFUvfUsHpntLiyR7DStnWGMPvrskg\" target=\"_blank\" rel=\"noopener noreferrer\">Observatori de l&#8217;Ebre<\/a><\/p>\n<p>Diferents activitats adre\u00e7ades a grups escolars per a descobrir l&#8217;Observatori. Visites, tallers i xerrades des de prim\u00e0ria fins a batxillerat. Tamb\u00e9 tenen <a class=\"dhtgD aw5Odc\" href=\"http:\/\/www.google.com\/url?q=http%3A%2F%2Fwww.obsebre.url.edu%2Fca%2Factivitats-de-divulgacio%2F723-guies-educatives-primaria&amp;sa=D&amp;sntz=1&amp;usg=AFQjCNG7bw_KqhuAg0f66pu9LZBiOpPF3A\" target=\"_blank\" rel=\"noopener noreferrer\"><strong>guies educatives per a prim\u00e0ria<\/strong><\/a> elaborades pel grup de ci\u00e8ncies l&#8217;Institut de Ci\u00e8ncies de l&#8217;Educaci\u00f3 amb la col\u00b7laboraci\u00f3 de l&#8217;Observatori de l&#8217;Ebre.<\/td>\n<\/tr>\n<tr style=\"height: 193px;\">\n<td style=\"width: 191.111px; height: 193px;\"><a href=\"http:\/\/www.planetari.cat\/\"><img loading=\"lazy\" decoding=\"async\" class=\"alignnone wp-image-8241 size-full\" src=\"https:\/\/projectes.xtec.cat\/stemalespai\/wp-content\/uploads\/usu2180\/2020\/05\/foradorbita.png\" alt=\"\" width=\"271\" height=\"271\" srcset=\"https:\/\/projectes.xtec.cat\/stemalespai\/wp-content\/uploads\/usu2180\/2020\/05\/foradorbita.png 271w, https:\/\/projectes.xtec.cat\/stemalespai\/wp-content\/uploads\/usu2180\/2020\/05\/foradorbita-150x150.png 150w\" sizes=\"auto, (max-width: 271px) 100vw, 271px\" \/><\/a><\/td>\n<td style=\"width: 646.667px; height: 193px;\">\n<div class=\"CjVfdc\">\n<div class=\"CjVfdc\"><a class=\"dhtgD aw5Odc\" href=\"http:\/\/www.google.com\/url?q=http%3A%2F%2Fwww.planetari.cat%2F&amp;sa=D&amp;sntz=1&amp;usg=AFQjCNFkdZgIeuAjxtV74fRDU-DxQtJkRA\" target=\"_blank\" rel=\"noopener noreferrer\">Fora d&#8217;\u00d2rbita<\/a><\/div>\n<div><\/div>\n<p id=\"h.p_5u2ow6jBrfk0\" class=\"zfr3Q\">Fora d&#8217;\u00d2rbita \u00e9s una experi\u00e8ncia educativa i de divulgaci\u00f3 amb l&#8217;objectiu fonamental d&#8217;apropar l&#8217;Astronomia a totes les persones, despullant-la del mite de ci\u00e8ncia incomprensible. A la seva web diuen: &#8220;No us portarem a visitar ni forats negres, ni supernoves ni gal\u00e0xies llunyanes. Tot al contrari, us ensenyarem a gaudir i a entendre l&#8217;astronomia amb els vostres sentits&#8221;.<\/p>\n<\/div>\n<\/td>\n<\/tr>\n<tr style=\"height: 193px;\">\n<td style=\"width: 191.111px; height: 193px;\"><a href=\"http:\/\/www.planetari.cat\/benvinguts\"><img loading=\"lazy\" decoding=\"async\" class=\"alignnone wp-image-8252\" src=\"https:\/\/projectes.xtec.cat\/stemalespai\/wp-content\/uploads\/usu2180\/2020\/05\/garraf.jpg\" alt=\"\" width=\"175\" height=\"175\" srcset=\"https:\/\/projectes.xtec.cat\/stemalespai\/wp-content\/uploads\/usu2180\/2020\/05\/garraf.jpg 178w, https:\/\/projectes.xtec.cat\/stemalespai\/wp-content\/uploads\/usu2180\/2020\/05\/garraf-150x150.jpg 150w\" sizes=\"auto, (max-width: 175px) 100vw, 175px\" \/><\/a><\/td>\n<td style=\"width: 646.667px; height: 193px;\">\n<div class=\"CjVfdc\">\n<div class=\"CjVfdc\"><a href=\"https:\/\/www.oagarraf.net\/\">Observatori astron\u00f2mic del Garraf<\/a><\/div>\n<div><\/div>\n<p>L&#8217;equip de l&#8217;<a class=\"dhtgD aw5Odc\" href=\"https:\/\/www.google.com\/url?q=https%3A%2F%2Fwww.oagarraf.net%2F&amp;sa=D&amp;sntz=1&amp;usg=AFQjCNGorQnc6oFPi0Wgs9r3Qv65lQyIFg\" target=\"_blank\" rel=\"noopener noreferrer\">Observatori Astron\u00f2mic del Garraf<\/a> en col\u00b7laboraci\u00f3 amb <a class=\"dhtgD aw5Odc\" href=\"http:\/\/www.google.com\/url?q=http%3A%2F%2Fwww.planetari.cat%2F&amp;sa=D&amp;sntz=1&amp;usg=AFQjCNFkdZgIeuAjxtV74fRDU-DxQtJkRA\" target=\"_blank\" rel=\"noopener noreferrer\"><em>Fora d&#8217;\u00d2rbita<\/em><\/a><em>, <\/em>ofereix al llarg de l&#8217;any un seguit d&#8217;activitats d&#8217;Astronomia assequibles a tots els p\u00fablics.<\/p>\n<\/div>\n<\/td>\n<\/tr>\n<tr style=\"height: 31px;\">\n<td style=\"width: 191.111px; height: 31px;\"><a href=\"https:\/\/projectes.xtec.cat\/stemalespai\/wp-content\/uploads\/usu2180\/2020\/09\/CUPULA-blanca.png\"><img loading=\"lazy\" decoding=\"async\" class=\"alignnone size-large wp-image-8362\" src=\"https:\/\/projectes.xtec.cat\/stemalespai\/wp-content\/uploads\/usu2180\/2020\/09\/CUPULA-blanca-1024x1024.png\" alt=\"\" width=\"1024\" height=\"1024\" srcset=\"https:\/\/projectes.xtec.cat\/stemalespai\/wp-content\/uploads\/usu2180\/2020\/09\/CUPULA-blanca-1024x1024.png 1024w, https:\/\/projectes.xtec.cat\/stemalespai\/wp-content\/uploads\/usu2180\/2020\/09\/CUPULA-blanca-150x150.png 150w, https:\/\/projectes.xtec.cat\/stemalespai\/wp-content\/uploads\/usu2180\/2020\/09\/CUPULA-blanca-300x300.png 300w, https:\/\/projectes.xtec.cat\/stemalespai\/wp-content\/uploads\/usu2180\/2020\/09\/CUPULA-blanca-768x768.png 768w, https:\/\/projectes.xtec.cat\/stemalespai\/wp-content\/uploads\/usu2180\/2020\/09\/CUPULA-blanca.png 1093w\" sizes=\"auto, (max-width: 1024px) 100vw, 1024px\" \/><\/a><\/td>\n<td style=\"width: 646.667px; height: 31px;\">\n<div><a href=\"https:\/\/www.parcastronomicprades.cat\/\" target=\"_blank\" rel=\"noopener noreferrer\">Parc Astron\u00f2mic Muntanyes de Prades<\/a><\/div>\n<div><\/div>\n<p>Els cels foscos de Prades s\u00f3n un marc incomparable per viure experi\u00e8ncies \u00faniques de la m\u00e0 dels nostres Guies Astron\u00f2mics acreditats per la Fundaci\u00f3 Starlight. Som mestres titulats amb m\u00e9s de 15 anys d\u2019experi\u00e8ncia en l\u2019\u00e0mbit educatiu i cient\u00edfic. Contacteu-nos i us oferim una proposta a mida a Prades o al vostre centre educatiu. Els nostres equipaments: Planetari 360\u00ba, Sala d&#8217;Audiovisuals (100 places), Museu de l&#8217;Astronomia i Mirador Astron\u00f2mic amb telescopis automatitzats de gran di\u00e0metre per observar l&#8217;univers amb els vostres propis ulls.<\/td>\n<\/tr>\n<tr style=\"height: 193px;\">\n<td style=\"width: 191.111px; height: 193px;\"><a href=\"http:\/\/www.fabra.cat\/visites\/index.html\"><img loading=\"lazy\" decoding=\"async\" class=\"alignnone wp-image-8255\" src=\"https:\/\/projectes.xtec.cat\/stemalespai\/wp-content\/uploads\/usu2180\/2020\/05\/fabra.jpg\" alt=\"\" width=\"175\" height=\"175\" srcset=\"https:\/\/projectes.xtec.cat\/stemalespai\/wp-content\/uploads\/usu2180\/2020\/05\/fabra.jpg 271w, https:\/\/projectes.xtec.cat\/stemalespai\/wp-content\/uploads\/usu2180\/2020\/05\/fabra-150x150.jpg 150w\" sizes=\"auto, (max-width: 175px) 100vw, 175px\" \/><\/a><\/td>\n<td style=\"width: 646.667px; height: 193px;\">\n<div class=\"CjVfdc\"><a class=\"dhtgD aw5Odc\" href=\"http:\/\/www.google.com\/url?q=http%3A%2F%2Fwww.fabra.cat%2Fvisites%2Findex.html&amp;sa=D&amp;sntz=1&amp;usg=AFQjCNEZUVfgOvz21lMQ-DleWCsw6w3h7w\" target=\"_blank\" rel=\"noopener noreferrer\">Observatori Fabra<\/a><\/div>\n<div><\/div>\n<p>Visites personalitzades a escoles i a grups organitzats (m\u00ednim 20 persones). La durada i el contingut de la mateixa es fa atenent les necessitats espec\u00edfiques dels visitants.<\/td>\n<\/tr>\n<tr style=\"height: 192px;\">\n<td style=\"width: 191.111px; height: 192px;\"><a href=\"https:\/\/astrosabadell.org\/ca\/oferta-educativa\/per-al-public-2\"><img loading=\"lazy\" decoding=\"async\" class=\"alignnone wp-image-8249\" src=\"https:\/\/projectes.xtec.cat\/stemalespai\/wp-content\/uploads\/usu2180\/2020\/05\/astrosabadell.png\" alt=\"\" width=\"175\" height=\"175\" srcset=\"https:\/\/projectes.xtec.cat\/stemalespai\/wp-content\/uploads\/usu2180\/2020\/05\/astrosabadell.png 271w, https:\/\/projectes.xtec.cat\/stemalespai\/wp-content\/uploads\/usu2180\/2020\/05\/astrosabadell-150x150.png 150w\" sizes=\"auto, (max-width: 175px) 100vw, 175px\" \/><\/a><\/td>\n<td style=\"width: 646.667px; height: 192px;\">\n<div class=\"CjVfdc\"><a class=\"dhtgD aw5Odc\" href=\"https:\/\/www.google.com\/url?q=https%3A%2F%2Fastrosabadell.org%2Fca%2Foferta-educativa%2Fper-al-public-2&amp;sa=D&amp;sntz=1&amp;usg=AFQjCNH8NhV2Z4zGOsiZR3Lmodz094FtrA\" target=\"_blank\" rel=\"noopener noreferrer\">Astrosabadell<\/a><\/div>\n<div><\/div>\n<p>A l&#8217;astron\u00f2mica de Sabadell des de fa molts anys ofereixen activitats d&#8217;astronomia per a les escoles i Instituts. S\u00f3n sessions adaptades a cada nivell. Aquestes sessions s\u00f3n ideals per arrodonir qualsevol tema o projecte que estigueu fent sobre l&#8217;Univers i es poden fer al nostre observatori o poden venir al vostre centre.<\/td>\n<\/tr>\n<tr style=\"height: 193px;\">\n<td style=\"width: 191.111px; height: 193px;\"><a href=\"https:\/\/www.parcastronomic.cat\/oferta-escolar\"><img loading=\"lazy\" decoding=\"async\" class=\"alignnone wp-image-8253\" src=\"https:\/\/projectes.xtec.cat\/stemalespai\/wp-content\/uploads\/usu2180\/2020\/05\/montsec.jpg\" alt=\"\" width=\"175\" height=\"175\" srcset=\"https:\/\/projectes.xtec.cat\/stemalespai\/wp-content\/uploads\/usu2180\/2020\/05\/montsec.jpg 271w, https:\/\/projectes.xtec.cat\/stemalespai\/wp-content\/uploads\/usu2180\/2020\/05\/montsec-150x150.jpg 150w\" sizes=\"auto, (max-width: 175px) 100vw, 175px\" \/><\/a><\/td>\n<td style=\"width: 646.667px; height: 193px;\">\n<div class=\"CjVfdc CJIdie\"><a class=\"dhtgD aw5Odc\" href=\"http:\/\/www.google.com\/url?q=http%3A%2F%2Fwww.parcastronomic.cat%2Foferta-escolar&amp;sa=D&amp;sntz=1&amp;usg=AFQjCNEyIMrYKXfxsh2pprLL4tZb5kBTkQ\" target=\"_blank\" rel=\"noopener noreferrer\">Parc astron\u00f2mic del Montsec<\/a><\/div>\n<div><\/div>\n<p>Ofereix un programa complert d\u2019activitats did\u00e0ctiques, complementari a la tasca educativa dels centres escolars, que abarca tots els nivells educatius des d\u2019Educaci\u00f3 Infantil fins a Batxillerat.<\/td>\n<\/tr>\n<tr style=\"height: 193px;\">\n<td style=\"width: 191.111px; height: 193px;\"><a href=\"http:\/\/www.astrogirona.com\/\"><img loading=\"lazy\" decoding=\"async\" class=\"alignnone wp-image-8248 size-full\" src=\"https:\/\/projectes.xtec.cat\/stemalespai\/wp-content\/uploads\/usu2180\/2020\/05\/astrogirona.png\" alt=\"\" width=\"271\" height=\"271\" srcset=\"https:\/\/projectes.xtec.cat\/stemalespai\/wp-content\/uploads\/usu2180\/2020\/05\/astrogirona.png 271w, https:\/\/projectes.xtec.cat\/stemalespai\/wp-content\/uploads\/usu2180\/2020\/05\/astrogirona-150x150.png 150w\" sizes=\"auto, (max-width: 271px) 100vw, 271px\" \/><\/a><\/td>\n<td style=\"width: 646.667px; height: 193px;\">\n<div class=\"CjVfdc\"><a class=\"dhtgD aw5Odc\" href=\"http:\/\/www.google.com\/url?q=http%3A%2F%2Fwww.astrogirona.com%2F&amp;sa=D&amp;sntz=1&amp;usg=AFQjCNG77fwVxH-dao_ZwFX8MEWnymOhIw\" target=\"_blank\" rel=\"noopener noreferrer\">Astrogirona<\/a><\/div>\n<div><\/div>\n<p>L\u2019Agrupaci\u00f3 Astron\u00f2mica de Girona compta amb dos observatoris astron\u00f2mics preparats amb instrumental de precisi\u00f3 per tal de portar a terme activitats de difusi\u00f3 i de recerca cient\u00edfica. Tots dos s\u00f3n a Llagostera, un al centre i l\u2019altre en un mas proper al poble<\/td>\n<\/tr>\n<tr style=\"height: 192px;\">\n<td style=\"width: 191.111px; height: 192px;\"><a href=\"https:\/\/projectes.xtec.cat\/stemalespai\/wp-content\/uploads\/usu2180\/2020\/05\/gavarres.jpg\"><img loading=\"lazy\" decoding=\"async\" class=\"alignnone size-full wp-image-8247\" src=\"https:\/\/projectes.xtec.cat\/stemalespai\/wp-content\/uploads\/usu2180\/2020\/05\/gavarres.jpg\" alt=\"\" width=\"263\" height=\"262\" srcset=\"https:\/\/projectes.xtec.cat\/stemalespai\/wp-content\/uploads\/usu2180\/2020\/05\/gavarres.jpg 263w, https:\/\/projectes.xtec.cat\/stemalespai\/wp-content\/uploads\/usu2180\/2020\/05\/gavarres-150x150.jpg 150w\" sizes=\"auto, (max-width: 263px) 100vw, 263px\" \/><\/a><\/td>\n<td style=\"width: 646.667px; height: 192px;\">\n<div class=\"CjVfdc CJIdie\"><a href=\"http:\/\/tergavarres.cat\/activitats\/observatori-astronomic-les-gavarres\/\">Observatori astron\u00f2mic de les Gavarres<\/a><\/div>\n<div><\/div>\n<p>Ubicat a la \u00faltima planta del\u00a0Santuari dels \u00c0ngels\u00a0de Girona, neix amb la intenci\u00f3 d&#8217;apropar el m\u00f3n de l&#8217;astronomia i &#8216;\u2019observaci\u00f3 astron\u00f2mica a tothom qui tingui curiositat per aprendre sobre aquesta meravellosa ci\u00e8ncia. Juntament amb\u00a0Espai Astron\u00f2mic\u00a0realitzen cursos, tallers i xerrades divulgatives sobre astronomia, astrof\u00edsica, astrofotografia, etc.<\/td>\n<\/tr>\n<tr style=\"height: 193px;\">\n<td style=\"width: 191.111px; height: 193px;\"><a href=\"https:\/\/projectes.xtec.cat\/stemalespai\/wp-content\/uploads\/usu2180\/2020\/05\/osona.jpg\"><img loading=\"lazy\" decoding=\"async\" class=\"alignnone size-full wp-image-8245\" src=\"https:\/\/projectes.xtec.cat\/stemalespai\/wp-content\/uploads\/usu2180\/2020\/05\/osona.jpg\" alt=\"\" width=\"271\" height=\"271\" srcset=\"https:\/\/projectes.xtec.cat\/stemalespai\/wp-content\/uploads\/usu2180\/2020\/05\/osona.jpg 271w, https:\/\/projectes.xtec.cat\/stemalespai\/wp-content\/uploads\/usu2180\/2020\/05\/osona-150x150.jpg 150w\" sizes=\"auto, (max-width: 271px) 100vw, 271px\" \/><\/a><\/td>\n<td style=\"width: 646.667px; height: 193px;\">\n<div class=\"CjVfdc CJIdie\"><a class=\"dhtgD aw5Odc\" href=\"http:\/\/www.google.com\/url?q=http%3A%2F%2Fwww.astrogirona.com%2F&amp;sa=D&amp;sntz=1&amp;usg=AFQjCNG77fwVxH-dao_ZwFX8MEWnymOhIw\" target=\"_blank\" rel=\"noopener noreferrer\">Agrupaci\u00f3 astron\u00f2mica d&#8217;Osona<\/a><\/div>\n<div><\/div>\n<p>A m\u00e9s de les observacions a l&#8217;Observatori Mn. Manel Serinanell, que \u00e9s obert al p\u00fablic tots els primers dijous de mes, anualment fan diverses confer\u00e8ncies sobre astronomia, rellotges de sol i altres temes.<\/td>\n<\/tr>\n<tr style=\"height: 192px;\">\n<td style=\"width: 191.111px; height: 192px;\"><a href=\"https:\/\/projectes.xtec.cat\/stemalespai\/wp-content\/uploads\/usu2180\/2020\/05\/steveduran.png\"><img loading=\"lazy\" decoding=\"async\" class=\"alignnone size-full wp-image-8242\" src=\"https:\/\/projectes.xtec.cat\/stemalespai\/wp-content\/uploads\/usu2180\/2020\/05\/steveduran.png\" alt=\"\" width=\"271\" height=\"271\" srcset=\"https:\/\/projectes.xtec.cat\/stemalespai\/wp-content\/uploads\/usu2180\/2020\/05\/steveduran.png 271w, https:\/\/projectes.xtec.cat\/stemalespai\/wp-content\/uploads\/usu2180\/2020\/05\/steveduran-150x150.png 150w\" sizes=\"auto, (max-width: 271px) 100vw, 271px\" \/><\/a><\/td>\n<td style=\"width: 646.667px; height: 192px;\">\n<div class=\"CjVfdc\"><a href=\"http:\/\/www.museugranollersciencies.org\/es\/blog\/observatori-esteve-duran\/\">Observatori Esteve Duran<\/a><\/div>\n<div><\/div>\n<p id=\"h.p_WeRQXbUb0lH5\" class=\"zfr3Q\">La seva oferta \u00e9s ben diversa: sessions escolars i cr\u00e8dits ESO, cr\u00e8dits universitaris, cursets d&#8217;iniciaci\u00f3, cursos per a personal docent, sessions d&#8217;observaci\u00f3 a l&#8217;Observatori, material did\u00e0ctic i formatiu per a escolars i adults i pr\u00e9stec de telescopis a centres docents<\/p>\n<\/td>\n<\/tr>\n<tr style=\"height: 193px;\">\n<td style=\"width: 191.111px; height: 193px;\"><a href=\"https:\/\/astrotiana.org\/72-activitats-divulgacio\"><img loading=\"lazy\" decoding=\"async\" class=\"alignnone wp-image-8243 size-full\" src=\"https:\/\/projectes.xtec.cat\/stemalespai\/wp-content\/uploads\/usu2180\/2020\/05\/tiana.jpg\" alt=\"\" width=\"271\" height=\"272\" srcset=\"https:\/\/projectes.xtec.cat\/stemalespai\/wp-content\/uploads\/usu2180\/2020\/05\/tiana.jpg 271w, https:\/\/projectes.xtec.cat\/stemalespai\/wp-content\/uploads\/usu2180\/2020\/05\/tiana-150x150.jpg 150w\" sizes=\"auto, (max-width: 271px) 100vw, 271px\" \/><\/a><\/td>\n<td style=\"width: 646.667px; height: 193px;\">\n<div class=\"CjVfdc\"><a class=\"dhtgD aw5Odc\" href=\"http:\/\/www.google.com\/url?q=http%3A%2F%2Fastrotiana.org%2F72-activitats-divulgacio&amp;sa=D&amp;sntz=1&amp;usg=AFQjCNE9zSuPW8ARPhp8kbxw5diTlDFu1w\" target=\"_blank\" rel=\"noopener noreferrer\">Grup d&#8217;Astronomia de Tiana<\/a><\/div>\n<div><\/div>\n<p>A banda de les observacions t\u00e8cniques, realitzades per socis, el Grup d&#8217;Astronomia de Tiana organitza una s\u00e8rie d&#8217;activitats adre\u00e7ades a tot el p\u00fablic en general: Observacions p\u00fabliques, confer\u00e8ncies i activitats infantils .<\/td>\n<\/tr>\n<tr style=\"height: 192px;\">\n<td style=\"width: 191.111px; height: 192px;\"><a href=\"https:\/\/monnaturapirineus.com\/ca\/que-es-monnatura\/observatori\"><img loading=\"lazy\" decoding=\"async\" class=\"alignnone wp-image-8246 size-full\" src=\"https:\/\/projectes.xtec.cat\/stemalespai\/wp-content\/uploads\/usu2180\/2020\/05\/monnatura.jpg\" alt=\"\" width=\"265\" height=\"265\" srcset=\"https:\/\/projectes.xtec.cat\/stemalespai\/wp-content\/uploads\/usu2180\/2020\/05\/monnatura.jpg 265w, https:\/\/projectes.xtec.cat\/stemalespai\/wp-content\/uploads\/usu2180\/2020\/05\/monnatura-150x150.jpg 150w\" sizes=\"auto, (max-width: 265px) 100vw, 265px\" \/><\/a><\/td>\n<td style=\"width: 646.667px; height: 192px;\">\n<div class=\"CjVfdc\"><a class=\"dhtgD aw5Odc\" href=\"https:\/\/www.google.com\/url?q=https%3A%2F%2Fmonnaturapirineus.com%2Fca%2Fque-es-monnatura%2Fobservatori&amp;sa=D&amp;sntz=1&amp;usg=AFQjCNHCsKwyHxprImpULQ4sbEBwQuoi4A\" target=\"_blank\" rel=\"noopener noreferrer\">MonNatura Pirineus<\/a><\/div>\n<div><\/div>\n<p>Per poder fer una mirada al cosmos, M\u00f3nNatura Pirineus disposa d\u2019un observatori astron\u00f2mic. Les vistes que ofereix s\u00f3n d&#8217;una singularitat espectacular gr\u00e0cies a l&#8217;abs\u00e8ncia de contaminaci\u00f3 lum\u00ednica i atmosf\u00e8rica. De la fundaci\u00f3 Catalunya &#8211; La Pedrera.<\/td>\n<\/tr>\n<\/tbody>\n<\/table>\n<p>&nbsp;<\/p>\n","protected":false},"excerpt":{"rendered":"<p>A Catalunya tenim molta oferta en astronomia per part de diferents parcs, observatoris i associacions. Moltes tenen proposta educativa adre\u00e7ada a les escoles i instituts.<\/p>\n<p><a href=\"http:\/\/www.observatoridepujalt.cat\/\"><\/a><\/p>\n<p><a class=\"dhtgD aw5Odc\" href=\"http:\/\/www.google.com\/url?q=http%3A%2F%2Fwww.observatoridepujalt.cat%2F&amp;sa=D&amp;sntz=1&amp;usg=AFQjCNGiyNa0cYBs-slLs29cJ917ZlSqqw\" target=\"_blank\" rel=\"noopener noreferrer\">Observatori de Pujalt<\/a><br \/>\n\u00c9s un dels Entorns d&#8217;Aprenentatge del Departament d&#8217;Ensenyament. Ofereixen tallers de meteorologia,&hellip;  <a href=\"https:\/\/projectes.xtec.cat\/stemalespai\/observatoris-i-associacions\/\" title=\"Read Observatoris i associacions\">Llegeix m\u00e9s\u00bb<\/a><\/p>\n","protected":false},"author":6,"featured_media":0,"parent":0,"menu_order":0,"comment_status":"closed","ping_status":"closed","template":"","meta":{"_bbp_topic_count":0,"_bbp_reply_count":0,"_bbp_total_topic_count":0,"_bbp_total_reply_count":0,"_bbp_voice_count":0,"_bbp_anonymous_reply_count":0,"_bbp_topic_count_hidden":0,"_bbp_reply_count_hidden":0,"_bbp_forum_subforum_count":0,"footnotes":""},"class_list":["post-8257","page","type-page","status-publish","hentry"],"post_mailing_queue_ids":[],"_links":{"self":[{"href":"https:\/\/projectes.xtec.cat\/stemalespai\/wp-json\/wp\/v2\/pages\/8257","targetHints":{"allow":["GET"]}}],"collection":[{"href":"https:\/\/projectes.xtec.cat\/stemalespai\/wp-json\/wp\/v2\/pages"}],"about":[{"href":"https:\/\/projectes.xtec.cat\/stemalespai\/wp-json\/wp\/v2\/types\/page"}],"author":[{"embeddable":true,"href":"https:\/\/projectes.xtec.cat\/stemalespai\/wp-json\/wp\/v2\/users\/6"}],"replies":[{"embeddable":true,"href":"https:\/\/projectes.xtec.cat\/stemalespai\/wp-json\/wp\/v2\/comments?post=8257"}],"version-history":[{"count":4,"href":"https:\/\/projectes.xtec.cat\/stemalespai\/wp-json\/wp\/v2\/pages\/8257\/revisions"}],"predecessor-version":[{"id":8499,"href":"https:\/\/projectes.xtec.cat\/stemalespai\/wp-json\/wp\/v2\/pages\/8257\/revisions\/8499"}],"wp:attachment":[{"href":"https:\/\/projectes.xtec.cat\/stemalespai\/wp-json\/wp\/v2\/media?parent=8257"}],"curies":[{"name":"wp","href":"https:\/\/api.w.org\/{rel}","templated":true}]}}