{"id":8462,"date":"2022-04-08T13:22:47","date_gmt":"2022-04-08T11:22:47","guid":{"rendered":"https:\/\/projectes.xtec.cat\/stemalespai\/?page_id=8462"},"modified":"2022-04-20T10:40:47","modified_gmt":"2022-04-20T08:40:47","slug":"newspace","status":"publish","type":"page","link":"https:\/\/projectes.xtec.cat\/stemalespai\/newspace\/","title":{"rendered":"NewSpace"},"content":{"rendered":"<p><span style=\"font-weight: 400;\">El Govern de la Generalitat de Catalunya impulsa l\u2019Estrat\u00e8gia NewSpace de Catalunya, que desplega un programa d\u2019actuacions espec\u00edfiques per:<\/span><\/p>\n<ul>\n<li style=\"font-weight: 400;\" aria-level=\"1\"><span style=\"font-weight: 400;\">enfortir l\u2019ecosistema del NewSpace catal\u00e0,<\/span><\/li>\n<li style=\"font-weight: 400;\" aria-level=\"1\"><span style=\"font-weight: 400;\">liderar la generaci\u00f3 de coneixement,\u00a0<\/span><\/li>\n<li style=\"font-weight: 400;\" aria-level=\"1\"><span style=\"font-weight: 400;\">promoure\u2019n l\u2019aplicaci\u00f3 social i empresarial,\u00a0<\/span><\/li>\n<li style=\"font-weight: 400;\" aria-level=\"1\"><span style=\"font-weight: 400;\">i crear noves solucions basades en les dades que es poden obtenir d\u2019aquesta tecnologia,<\/span><\/li>\n<\/ul>\n<p><span style=\"font-weight: 400;\">amb l\u2019objectiu de fomentar el <\/span><b>creixement econ\u00f2mic<\/b><span style=\"font-weight: 400;\"> i <\/span><b>millorar la vida de les persones<\/b><span style=\"font-weight: 400;\">.<\/span><\/p>\n<p>Aquest \u00e9s un espai per compartir informaci\u00f3 sobre la vessant educativa de l&#8217;Estrat\u00e8gia NewSpace de Catalunya.<\/p>\n","protected":false},"excerpt":{"rendered":"<p>El Govern de la Generalitat de Catalunya impulsa l\u2019Estrat\u00e8gia NewSpace de Catalunya, que desplega un programa d\u2019actuacions espec\u00edfiques per:<\/p>\n<ul>\n<li style=\"font-weight: 400;\" aria-level=\"1\">enfortir l\u2019ecosistema del NewSpace catal\u00e0,<\/li>\n<li style=\"font-weight: 400;\" aria-level=\"1\">liderar la generaci\u00f3 de coneixement,\u00a0<\/li>\n<li style=\"font-weight: 400;\" aria-level=\"1\">promoure\u2019n l\u2019aplicaci\u00f3 social i empresarial,\u00a0<\/li>\n<li style=\"font-weight: 400;\" aria-level=\"1\">i crear noves&hellip;  <a href=\"https:\/\/projectes.xtec.cat\/stemalespai\/newspace\/\" title=\"Read NewSpace\">Llegeix m\u00e9s\u00bb<\/a><br \/>\n","protected":false},"author":7,"featured_media":0,"parent":0,"menu_order":0,"comment_status":"closed","ping_status":"closed","template":"page-templates\/side-menu.php","meta":{"_bbp_topic_count":0,"_bbp_reply_count":0,"_bbp_total_topic_count":0,"_bbp_total_reply_count":0,"_bbp_voice_count":0,"_bbp_anonymous_reply_count":0,"_bbp_topic_count_hidden":0,"_bbp_reply_count_hidden":0,"_bbp_forum_subforum_count":0,"footnotes":""},"class_list":["post-8462","page","type-page","status-publish","hentry"],"post_mailing_queue_ids":[],"_links":{"self":[{"href":"https:\/\/projectes.xtec.cat\/stemalespai\/wp-json\/wp\/v2\/pages\/8462","targetHints":{"allow":["GET"]}}],"collection":[{"href":"https:\/\/projectes.xtec.cat\/stemalespai\/wp-json\/wp\/v2\/pages"}],"about":[{"href":"https:\/\/projectes.xtec.cat\/stemalespai\/wp-json\/wp\/v2\/types\/page"}],"author":[{"embeddable":true,"href":"https:\/\/projectes.xtec.cat\/stemalespai\/wp-json\/wp\/v2\/users\/7"}],"replies":[{"embeddable":true,"href":"https:\/\/projectes.xtec.cat\/stemalespai\/wp-json\/wp\/v2\/comments?post=8462"}],"version-history":[{"count":3,"href":"https:\/\/projectes.xtec.cat\/stemalespai\/wp-json\/wp\/v2\/pages\/8462\/revisions"}],"predecessor-version":[{"id":8472,"href":"https:\/\/projectes.xtec.cat\/stemalespai\/wp-json\/wp\/v2\/pages\/8462\/revisions\/8472"}],"wp:attachment":[{"href":"https:\/\/projectes.xtec.cat\/stemalespai\/wp-json\/wp\/v2\/media?parent=8462"}],"curies":[{"name":"wp","href":"https:\/\/api.w.org\/{rel}","templated":true}]}}