{"id":10303,"date":"2021-05-14T15:26:08","date_gmt":"2021-05-14T13:26:08","guid":{"rendered":"https:\/\/projectes.xtec.cat\/tilc\/?page_id=10303"},"modified":"2021-06-10T09:13:04","modified_gmt":"2021-06-10T07:13:04","slug":"acompanyar","status":"publish","type":"page","link":"https:\/\/projectes.xtec.cat\/tilc\/elements-tilc\/com-ensenyar\/acompanyar\/","title":{"rendered":"Acompanyar"},"content":{"rendered":"<p><span style=\"font-weight: 400;\">En tot proc\u00e9s educatiu i en qualsevol situaci\u00f3 d\u2019aula, l\u2019eina clau que garanteix l\u2019aprenentatge \u00e9s l\u2019acompanyament i la col\u00b7laboraci\u00f3 del docent.<\/span><\/p>\n<p><span style=\"font-weight: 400;\">Al llarg d\u2019aquest proc\u00e9s, el docent ha de desplegar tot un conjunt d\u2019ajudes i estrat\u00e8gies orientades a fer que l\u2019alumnat vagi assolint autonomia en la gesti\u00f3 del seu aprenentatge, \u00e9s a dir que aprengui a aprendre. Es tracta d\u2019un proc\u00e9s gradual, al llarg del qual caldr\u00e0 adequar aquestes ajudes a la situaci\u00f3 de partida de cada alumne i anar-les ajustant a mesura que avan\u00e7a l\u2019aprenentatge.\u00a0<\/span><\/p>\n<p><span style=\"font-weight: 400;\">En la metodologia TILC es fa imprescindible aplicar aquest sistema d\u2019aplicaci\u00f3 i retirada gradual de suports per garantir l\u2019acc\u00e9s al llenguatge acad\u00e8mic, amb l\u2019objectiu de garantir l\u2019\u00e8xit acad\u00e8mic i l\u2019assoliment competencial a tot l\u2019alumnat.<\/span><\/p>\n<p><a href=\"https:\/\/projectes.xtec.cat\/tilc\/wp-content\/uploads\/usu2098\/2021\/05\/Info-Acompanyar.png\"><img loading=\"lazy\" decoding=\"async\" class=\"alignnone size-full wp-image-10304\" src=\"https:\/\/projectes.xtec.cat\/tilc\/wp-content\/uploads\/usu2098\/2021\/05\/Info-Acompanyar.png\" alt=\"\" width=\"750\" height=\"800\" srcset=\"https:\/\/projectes.xtec.cat\/tilc\/wp-content\/uploads\/usu2098\/2021\/05\/Info-Acompanyar.png 750w, https:\/\/projectes.xtec.cat\/tilc\/wp-content\/uploads\/usu2098\/2021\/05\/Info-Acompanyar-281x300.png 281w\" sizes=\"auto, (max-width: 750px) 100vw, 750px\" \/><\/a><\/p>\n<p>&nbsp;<\/p>\n","protected":false},"excerpt":{"rendered":"<p>En tot proc\u00e9s educatiu i en qualsevol situaci\u00f3 d\u2019aula, l\u2019eina clau que garanteix l\u2019aprenentatge \u00e9s l\u2019acompanyament i la col\u00b7laboraci\u00f3 del docent.<br \/>\nAl llarg d\u2019aquest proc\u00e9s, el docent ha de desplegar tot un conjunt d\u2019ajudes i estrat\u00e8gies orientades a fer que l\u2019alumnat vagi assolint autonomia en la&hellip;  <a href=\"https:\/\/projectes.xtec.cat\/tilc\/elements-tilc\/com-ensenyar\/acompanyar\/\" title=\"Read Acompanyar\">Llegeix m\u00e9s\u00bb<\/a><\/p>\n","protected":false},"author":9,"featured_media":0,"parent":9020,"menu_order":0,"comment_status":"closed","ping_status":"closed","template":"","meta":{"_bbp_topic_count":0,"_bbp_reply_count":0,"_bbp_total_topic_count":0,"_bbp_total_reply_count":0,"_bbp_voice_count":0,"_bbp_anonymous_reply_count":0,"_bbp_topic_count_hidden":0,"_bbp_reply_count_hidden":0,"_bbp_forum_subforum_count":0,"footnotes":""},"class_list":["post-10303","page","type-page","status-publish","hentry"],"post_mailing_queue_ids":[],"_links":{"self":[{"href":"https:\/\/projectes.xtec.cat\/tilc\/wp-json\/wp\/v2\/pages\/10303","targetHints":{"allow":["GET"]}}],"collection":[{"href":"https:\/\/projectes.xtec.cat\/tilc\/wp-json\/wp\/v2\/pages"}],"about":[{"href":"https:\/\/projectes.xtec.cat\/tilc\/wp-json\/wp\/v2\/types\/page"}],"author":[{"embeddable":true,"href":"https:\/\/projectes.xtec.cat\/tilc\/wp-json\/wp\/v2\/users\/9"}],"replies":[{"embeddable":true,"href":"https:\/\/projectes.xtec.cat\/tilc\/wp-json\/wp\/v2\/comments?post=10303"}],"version-history":[{"count":3,"href":"https:\/\/projectes.xtec.cat\/tilc\/wp-json\/wp\/v2\/pages\/10303\/revisions"}],"predecessor-version":[{"id":10640,"href":"https:\/\/projectes.xtec.cat\/tilc\/wp-json\/wp\/v2\/pages\/10303\/revisions\/10640"}],"up":[{"embeddable":true,"href":"https:\/\/projectes.xtec.cat\/tilc\/wp-json\/wp\/v2\/pages\/9020"}],"wp:attachment":[{"href":"https:\/\/projectes.xtec.cat\/tilc\/wp-json\/wp\/v2\/media?parent=10303"}],"curies":[{"name":"wp","href":"https:\/\/api.w.org\/{rel}","templated":true}]}}