{"id":10438,"date":"2021-05-25T17:12:41","date_gmt":"2021-05-25T15:12:41","guid":{"rendered":"https:\/\/projectes.xtec.cat\/tilc\/?page_id=10438"},"modified":"2021-06-03T15:32:08","modified_gmt":"2021-06-03T13:32:08","slug":"participacio","status":"publish","type":"page","link":"https:\/\/projectes.xtec.cat\/tilc\/elements-tilc\/paper-de-lalumne\/participacio\/","title":{"rendered":"PARTICIPACI\u00d3"},"content":{"rendered":"<p>Davant els problemes que la humanitat ha de resoldre el proper decenni, es fa necessari educar per exercir una ciutadania global. Com a docents, ens cal impulsar en l\u2019alumnat una actitud cr\u00edtica i participativa, perqu\u00e8 pugui aportar el seu punt de vista, proposar solucions i implicar-se en projectes relacionats amb q\u00fcestions socialment vives, que van m\u00e9s enll\u00e0 de l\u2019aula i del centre.<\/p>\n<p>En una societat interconnectada, on rebem di\u00e0riament una gran quantitat d\u2019informaci\u00f3 sovint contradict\u00f2ria, tenir criteri propi permet identificar la informaci\u00f3 vera\u00e7 i desmuntar les <em>fake news<\/em>. La comprensi\u00f3 cr\u00edtica davant dels missatges orals i escrits resulta, per tant, imprescindible, com tamb\u00e9 ho \u00e9s la capacitat d\u2019expressar l\u2019opini\u00f3 personal de manera raonada i respectuosa.<\/p>\n<p>Transformar tota aquesta informaci\u00f3 en coneixement \u00e9s m\u00e9s f\u00e0cil si es fa de manera compartida. Entre iguals es posen en joc les habilitats orals i les relacionades amb l\u2019exposici\u00f3, la justificaci\u00f3 i l\u2019argumentaci\u00f3, per verbalitzar all\u00f2 que sabem, defensar-ho i contrastar diferents punts de vista.<\/p>\n<p>Per fomentar aquesta actitud i aquestes habilitats, hem de portar a l\u2019aula temes del m\u00f3n real, que proporcionin un context rellevant a l\u2019aprenentatge i fomentin la presa de posici\u00f3, i treballar-los amb metodologies col\u00b7laboratives. Cal tamb\u00e9 fomentar la discussi\u00f3 entre iguals i proporcionar estrat\u00e8gies per a la interacci\u00f3 que permetin aprendre de manera participativa i implicada.<\/p>\n<p><a href=\"https:\/\/projectes.xtec.cat\/tilc\/wp-content\/uploads\/usu2098\/2021\/06\/21060_Info-Participaci\u00f3_V2_revisat_CAP-ESMENA.png\"><img loading=\"lazy\" decoding=\"async\" class=\"alignnone wp-image-10552\" src=\"https:\/\/projectes.xtec.cat\/tilc\/wp-content\/uploads\/usu2098\/2021\/06\/21060_Info-Participaci\u00f3_V2_revisat_CAP-ESMENA-960x1024.png\" alt=\"\" width=\"750\" height=\"800\" srcset=\"https:\/\/projectes.xtec.cat\/tilc\/wp-content\/uploads\/usu2098\/2021\/06\/21060_Info-Participaci\u00f3_V2_revisat_CAP-ESMENA-960x1024.png 960w, https:\/\/projectes.xtec.cat\/tilc\/wp-content\/uploads\/usu2098\/2021\/06\/21060_Info-Participaci\u00f3_V2_revisat_CAP-ESMENA-281x300.png 281w, https:\/\/projectes.xtec.cat\/tilc\/wp-content\/uploads\/usu2098\/2021\/06\/21060_Info-Participaci\u00f3_V2_revisat_CAP-ESMENA-768x819.png 768w\" sizes=\"auto, (max-width: 750px) 100vw, 750px\" \/><\/a><\/p>\n","protected":false},"excerpt":{"rendered":"<p>Davant els problemes que la humanitat ha de resoldre el proper decenni, es fa necessari educar per exercir una ciutadania global. Com a docents, ens cal impulsar en l\u2019alumnat una actitud cr\u00edtica i participativa, perqu\u00e8 pugui aportar el seu punt de vista, proposar solucions i&hellip;  <a href=\"https:\/\/projectes.xtec.cat\/tilc\/elements-tilc\/paper-de-lalumne\/participacio\/\" title=\"Read PARTICIPACI\u00d3\">Llegeix m\u00e9s\u00bb<\/a><\/p>\n","protected":false},"author":4,"featured_media":0,"parent":9018,"menu_order":0,"comment_status":"closed","ping_status":"closed","template":"","meta":{"_bbp_topic_count":0,"_bbp_reply_count":0,"_bbp_total_topic_count":0,"_bbp_total_reply_count":0,"_bbp_voice_count":0,"_bbp_anonymous_reply_count":0,"_bbp_topic_count_hidden":0,"_bbp_reply_count_hidden":0,"_bbp_forum_subforum_count":0,"footnotes":""},"class_list":["post-10438","page","type-page","status-publish","hentry"],"post_mailing_queue_ids":[],"_links":{"self":[{"href":"https:\/\/projectes.xtec.cat\/tilc\/wp-json\/wp\/v2\/pages\/10438","targetHints":{"allow":["GET"]}}],"collection":[{"href":"https:\/\/projectes.xtec.cat\/tilc\/wp-json\/wp\/v2\/pages"}],"about":[{"href":"https:\/\/projectes.xtec.cat\/tilc\/wp-json\/wp\/v2\/types\/page"}],"author":[{"embeddable":true,"href":"https:\/\/projectes.xtec.cat\/tilc\/wp-json\/wp\/v2\/users\/4"}],"replies":[{"embeddable":true,"href":"https:\/\/projectes.xtec.cat\/tilc\/wp-json\/wp\/v2\/comments?post=10438"}],"version-history":[{"count":3,"href":"https:\/\/projectes.xtec.cat\/tilc\/wp-json\/wp\/v2\/pages\/10438\/revisions"}],"predecessor-version":[{"id":10554,"href":"https:\/\/projectes.xtec.cat\/tilc\/wp-json\/wp\/v2\/pages\/10438\/revisions\/10554"}],"up":[{"embeddable":true,"href":"https:\/\/projectes.xtec.cat\/tilc\/wp-json\/wp\/v2\/pages\/9018"}],"wp:attachment":[{"href":"https:\/\/projectes.xtec.cat\/tilc\/wp-json\/wp\/v2\/media?parent=10438"}],"curies":[{"name":"wp","href":"https:\/\/api.w.org\/{rel}","templated":true}]}}