{"id":11039,"date":"2022-03-11T13:34:31","date_gmt":"2022-03-11T12:34:31","guid":{"rendered":"https:\/\/projectes.xtec.cat\/tilc\/?page_id=11039"},"modified":"2022-04-04T09:22:50","modified_gmt":"2022-04-04T07:22:50","slug":"avaluar-es-dialogar","status":"publish","type":"page","link":"https:\/\/projectes.xtec.cat\/tilc\/elements-tilc\/com-avaluar\/avaluar-es-dialogar\/","title":{"rendered":"AVALUAR \u00c9S DIALOGAR"},"content":{"rendered":"<p>L\u2019avaluaci\u00f3, quan \u00e9s formativa, es basa en la interacci\u00f3 i el di\u00e0leg: entre iguals, entre alumne i docent, o amb un mateix en l\u2019autoavaluaci\u00f3. Aquest di\u00e0leg interior contrasta l\u2019objectiu que vol\u00edem assolir i el punt on som: en l\u2019aprenentatge, entre el que ja sabem i el que encara no; quan revisem un text, entre el que preten\u00edem comunicar i el que hem escrit. Aquest \u00e9s el di\u00e0leg fonamental al qual s\u2019orienten els processos d\u2019avaluaci\u00f3, perqu\u00e8 \u00e9s el que permet aprendre.<\/p>\n<p>I, com tota activitat dial\u00f2gica, t\u00e9 un llenguatge propi que l\u2019alumnat ha de poder entendre i fer servir. Aquest aprenentatge el fa per imitaci\u00f3 del docent, que ha de tenir clar el seu paper de model quan parla d\u2019avaluaci\u00f3. \u00c9s important tenir en compte com \u00e9s aquest llenguatge per proporcionar un feedback constructiu, que ajudi l\u2019aprenent a millorar, amb indicacions clares, concretes i formulades de manera positiva.<\/p>\n<p>El llenguatge de l\u2019avaluaci\u00f3, a m\u00e9s d\u2019un vocabulari espec\u00edfic, tamb\u00e9 implica una pr\u00e0ctica social concreta, en la qual s\u00f3n essencials el respecte entre qui rep l\u2019avaluaci\u00f3 i qui l\u2019emet.<\/p>\n<p style=\"text-align: center;\"><a href=\"https:\/\/projectes.xtec.cat\/tilc\/wp-content\/uploads\/usu2098\/2022\/04\/Nodes-avaluar-es-dialogar.png\"><img loading=\"lazy\" decoding=\"async\" class=\"alignnone size-full wp-image-11144\" src=\"https:\/\/projectes.xtec.cat\/tilc\/wp-content\/uploads\/usu2098\/2022\/04\/Nodes-avaluar-es-dialogar.png\" alt=\"\" width=\"750\" height=\"800\" srcset=\"https:\/\/projectes.xtec.cat\/tilc\/wp-content\/uploads\/usu2098\/2022\/04\/Nodes-avaluar-es-dialogar.png 750w, https:\/\/projectes.xtec.cat\/tilc\/wp-content\/uploads\/usu2098\/2022\/04\/Nodes-avaluar-es-dialogar-281x300.png 281w\" sizes=\"auto, (max-width: 750px) 100vw, 750px\" \/><\/a><\/p>\n","protected":false},"excerpt":{"rendered":"<p>L\u2019avaluaci\u00f3, quan \u00e9s formativa, es basa en la interacci\u00f3 i el di\u00e0leg: entre iguals, entre alumne i docent, o amb un mateix en l\u2019autoavaluaci\u00f3. Aquest di\u00e0leg interior contrasta l\u2019objectiu que vol\u00edem assolir i el punt on som: en l\u2019aprenentatge, entre el que ja sabem i&hellip;  <a href=\"https:\/\/projectes.xtec.cat\/tilc\/elements-tilc\/com-avaluar\/avaluar-es-dialogar\/\" title=\"Read AVALUAR \u00c9S DIALOGAR\">Llegeix m\u00e9s\u00bb<\/a><\/p>\n","protected":false},"author":4,"featured_media":0,"parent":8237,"menu_order":0,"comment_status":"closed","ping_status":"closed","template":"","meta":{"_bbp_topic_count":0,"_bbp_reply_count":0,"_bbp_total_topic_count":0,"_bbp_total_reply_count":0,"_bbp_voice_count":0,"_bbp_anonymous_reply_count":0,"_bbp_topic_count_hidden":0,"_bbp_reply_count_hidden":0,"_bbp_forum_subforum_count":0,"footnotes":""},"class_list":["post-11039","page","type-page","status-publish","hentry"],"post_mailing_queue_ids":[],"_links":{"self":[{"href":"https:\/\/projectes.xtec.cat\/tilc\/wp-json\/wp\/v2\/pages\/11039","targetHints":{"allow":["GET"]}}],"collection":[{"href":"https:\/\/projectes.xtec.cat\/tilc\/wp-json\/wp\/v2\/pages"}],"about":[{"href":"https:\/\/projectes.xtec.cat\/tilc\/wp-json\/wp\/v2\/types\/page"}],"author":[{"embeddable":true,"href":"https:\/\/projectes.xtec.cat\/tilc\/wp-json\/wp\/v2\/users\/4"}],"replies":[{"embeddable":true,"href":"https:\/\/projectes.xtec.cat\/tilc\/wp-json\/wp\/v2\/comments?post=11039"}],"version-history":[{"count":2,"href":"https:\/\/projectes.xtec.cat\/tilc\/wp-json\/wp\/v2\/pages\/11039\/revisions"}],"predecessor-version":[{"id":11145,"href":"https:\/\/projectes.xtec.cat\/tilc\/wp-json\/wp\/v2\/pages\/11039\/revisions\/11145"}],"up":[{"embeddable":true,"href":"https:\/\/projectes.xtec.cat\/tilc\/wp-json\/wp\/v2\/pages\/8237"}],"wp:attachment":[{"href":"https:\/\/projectes.xtec.cat\/tilc\/wp-json\/wp\/v2\/media?parent=11039"}],"curies":[{"name":"wp","href":"https:\/\/api.w.org\/{rel}","templated":true}]}}