{"id":11063,"date":"2022-03-11T14:45:50","date_gmt":"2022-03-11T13:45:50","guid":{"rendered":"https:\/\/projectes.xtec.cat\/tilc\/?page_id=11063"},"modified":"2022-04-04T10:08:28","modified_gmt":"2022-04-04T08:08:28","slug":"avaluar-per-decidir","status":"publish","type":"page","link":"https:\/\/projectes.xtec.cat\/tilc\/elements-tilc\/com-avaluar\/avaluar-per-decidir\/","title":{"rendered":"AVALUAR PER DECIDIR"},"content":{"rendered":"<p>Quan orientem l\u2019avaluaci\u00f3 a l\u2019aprenentatge, la plantegem com un proc\u00e9s de reflexi\u00f3 orientat a decidir qu\u00e8 cal millorar i com ho podem fer. Des d\u2019aquesta perspectiva, l\u2019avaluaci\u00f3 parteix de la recollida d\u2019evid\u00e8ncies d\u2019aprenentatge, que cal analitzar per detectar necessitats i decidir quins canvis s\u2019han d\u2019aplicar.<\/p>\n<p>Aquest proc\u00e9s de presa de decisions \u00e9s responsabilitat dels agents que participen, amb diferents rols, en el proc\u00e9s d\u2019avaluaci\u00f3: alumne, docent i equip docent.<\/p>\n<p>Quan avaluem en el TILC, un grup de decisions necess\u00e0ries s\u00f3n les relacionades amb l\u2019aprenentatge del llenguatge propi de cada mat\u00e8ria: l\u2019alumne decideix de quina manera pot millorar la comprensi\u00f3 i la comunicaci\u00f3 dels aprenentatges fets i el docent replanteja estrat\u00e8gies did\u00e0ctiques i detecta quines ajudes ha de proporcionar. I l\u2019equip docent, a partir de les necessitats que es fan evidents en l\u2019avaluaci\u00f3, ha de consensuar els components ling\u00fc\u00edstics que cal introduir i com graduar-los al llarg dels cursos.<\/p>\n<p style=\"text-align: center;\"><a href=\"https:\/\/projectes.xtec.cat\/tilc\/wp-content\/uploads\/usu2098\/2022\/04\/Nodes-avaluar-per-decidir.png\"><img loading=\"lazy\" decoding=\"async\" class=\"alignnone size-full wp-image-11161\" src=\"https:\/\/projectes.xtec.cat\/tilc\/wp-content\/uploads\/usu2098\/2022\/04\/Nodes-avaluar-per-decidir.png\" alt=\"\" width=\"750\" height=\"800\" srcset=\"https:\/\/projectes.xtec.cat\/tilc\/wp-content\/uploads\/usu2098\/2022\/04\/Nodes-avaluar-per-decidir.png 750w, https:\/\/projectes.xtec.cat\/tilc\/wp-content\/uploads\/usu2098\/2022\/04\/Nodes-avaluar-per-decidir-281x300.png 281w\" sizes=\"auto, (max-width: 750px) 100vw, 750px\" \/><\/a><\/p>\n","protected":false},"excerpt":{"rendered":"<p>Quan orientem l\u2019avaluaci\u00f3 a l\u2019aprenentatge, la plantegem com un proc\u00e9s de reflexi\u00f3 orientat a decidir qu\u00e8 cal millorar i com ho podem fer. Des d\u2019aquesta perspectiva, l\u2019avaluaci\u00f3 parteix de la recollida d\u2019evid\u00e8ncies d\u2019aprenentatge, que cal analitzar per detectar necessitats i decidir quins canvis s\u2019han d\u2019aplicar.<br \/>\nAquest&hellip;  <a href=\"https:\/\/projectes.xtec.cat\/tilc\/elements-tilc\/com-avaluar\/avaluar-per-decidir\/\" title=\"Read AVALUAR PER DECIDIR\">Llegeix m\u00e9s\u00bb<\/a><\/p>\n","protected":false},"author":4,"featured_media":0,"parent":8237,"menu_order":0,"comment_status":"closed","ping_status":"closed","template":"","meta":{"_bbp_topic_count":0,"_bbp_reply_count":0,"_bbp_total_topic_count":0,"_bbp_total_reply_count":0,"_bbp_voice_count":0,"_bbp_anonymous_reply_count":0,"_bbp_topic_count_hidden":0,"_bbp_reply_count_hidden":0,"_bbp_forum_subforum_count":0,"footnotes":""},"class_list":["post-11063","page","type-page","status-publish","hentry"],"post_mailing_queue_ids":[],"_links":{"self":[{"href":"https:\/\/projectes.xtec.cat\/tilc\/wp-json\/wp\/v2\/pages\/11063","targetHints":{"allow":["GET"]}}],"collection":[{"href":"https:\/\/projectes.xtec.cat\/tilc\/wp-json\/wp\/v2\/pages"}],"about":[{"href":"https:\/\/projectes.xtec.cat\/tilc\/wp-json\/wp\/v2\/types\/page"}],"author":[{"embeddable":true,"href":"https:\/\/projectes.xtec.cat\/tilc\/wp-json\/wp\/v2\/users\/4"}],"replies":[{"embeddable":true,"href":"https:\/\/projectes.xtec.cat\/tilc\/wp-json\/wp\/v2\/comments?post=11063"}],"version-history":[{"count":2,"href":"https:\/\/projectes.xtec.cat\/tilc\/wp-json\/wp\/v2\/pages\/11063\/revisions"}],"predecessor-version":[{"id":11162,"href":"https:\/\/projectes.xtec.cat\/tilc\/wp-json\/wp\/v2\/pages\/11063\/revisions\/11162"}],"up":[{"embeddable":true,"href":"https:\/\/projectes.xtec.cat\/tilc\/wp-json\/wp\/v2\/pages\/8237"}],"wp:attachment":[{"href":"https:\/\/projectes.xtec.cat\/tilc\/wp-json\/wp\/v2\/media?parent=11063"}],"curies":[{"name":"wp","href":"https:\/\/api.w.org\/{rel}","templated":true}]}}