{"id":806,"date":"2015-11-28T21:29:55","date_gmt":"2015-11-28T20:29:55","guid":{"rendered":"http:\/\/projectes.xtec.cat\/tilc\/?page_id=806"},"modified":"2022-12-20T13:38:33","modified_gmt":"2022-12-20T12:38:33","slug":"elements-tilc","status":"publish","type":"page","link":"https:\/\/projectes.xtec.cat\/tilc\/","title":{"rendered":"Elements TILC"},"content":{"rendered":"<div id=\"tilcimatge\">\n<p><img loading=\"lazy\" decoding=\"async\" src=\"https:\/\/projectes.xtec.cat\/tilc\/wp-content\/uploads\/usu2098\/2020\/12\/5A\u0300mbits-TILC-transpOK-gran.png\" alt=\"Ambits TILC\" usemap=\"#TILC\" width=\"1024\" height=\"900\" \/><\/p>\n<map name=\"TILC\">\n<area coords=\"485,654,153\" shape=\"circle\" href=\"https:\/\/projectes.xtec.cat\/tilc\/elements-tilc\/com-planificar\/\" target=\"_self\" \/>\n<area coords=\"204,675,436,472,313,353,86,538,204,673\" shape=\"poly\" href=\"https:\/\/projectes.xtec.cat\/tilc\/elements-tilc\/paper-de-lalumne\/\" target=\"_self\" \/>\n<area coords=\"583,489,731,636,811,707,905,415,604,449\" shape=\"poly\" href=\"https:\/\/projectes.xtec.cat\/tilc\/elements-tilc\/com-ensenyar\/\" target=\"_self\" \/>\n<area coords=\"851,117,608,184,555,417,787,369,850,117\" shape=\"poly\" href=\"https:\/\/projectes.xtec.cat\/tilc\/elements-tilc\/que-ensenyar\/\" target=\"_self\" \/>\n<area coords=\"504,424,539,176,329,56,278,173,308,335\" shape=\"poly\" href=\"https:\/\/projectes.xtec.cat\/tilc\/elements-tilc\/com-avaluar\/\" target=\"_self\" \/> <\/map>\n<\/div>\n<div id=\"tilctexte\">\n<h6><\/h6>\n<p><a href=\"https:\/\/projectes.xtec.cat\/tilc\/elements-tilc\/que-ensenyar\/\"><img loading=\"lazy\" decoding=\"async\" class=\"alignnone wp-image-9527\" src=\"https:\/\/projectes.xtec.cat\/tilc\/wp-content\/uploads\/usu2098\/2021\/01\/5A\u0300mbits-TILC-QUE\u0300-ENSENYAR-1-300x218.png\" alt=\"\" width=\"355\" height=\"258\" srcset=\"https:\/\/projectes.xtec.cat\/tilc\/wp-content\/uploads\/usu2098\/2021\/01\/5A\u0300mbits-TILC-QUE\u0300-ENSENYAR-1-300x218.png 300w, https:\/\/projectes.xtec.cat\/tilc\/wp-content\/uploads\/usu2098\/2021\/01\/5A\u0300mbits-TILC-QUE\u0300-ENSENYAR-1-768x559.png 768w, https:\/\/projectes.xtec.cat\/tilc\/wp-content\/uploads\/usu2098\/2021\/01\/5A\u0300mbits-TILC-QUE\u0300-ENSENYAR-1-1024x745.png 1024w, https:\/\/projectes.xtec.cat\/tilc\/wp-content\/uploads\/usu2098\/2021\/01\/5A\u0300mbits-TILC-QUE\u0300-ENSENYAR-1.png 1375w\" sizes=\"auto, (max-width: 355px) 100vw, 355px\" \/><\/a> <a href=\"https:\/\/projectes.xtec.cat\/tilc\/elements-tilc\/com-avaluar\/\"><img loading=\"lazy\" decoding=\"async\" class=\"alignnone wp-image-9535\" src=\"https:\/\/projectes.xtec.cat\/tilc\/wp-content\/uploads\/usu2098\/2021\/01\/5A\u0300mbits-TILC-COM-AVALUAR-1-300x218.png\" alt=\"\" width=\"355\" height=\"258\" srcset=\"https:\/\/projectes.xtec.cat\/tilc\/wp-content\/uploads\/usu2098\/2021\/01\/5A\u0300mbits-TILC-COM-AVALUAR-1-300x218.png 300w, https:\/\/projectes.xtec.cat\/tilc\/wp-content\/uploads\/usu2098\/2021\/01\/5A\u0300mbits-TILC-COM-AVALUAR-1-768x559.png 768w, https:\/\/projectes.xtec.cat\/tilc\/wp-content\/uploads\/usu2098\/2021\/01\/5A\u0300mbits-TILC-COM-AVALUAR-1-1024x745.png 1024w, https:\/\/projectes.xtec.cat\/tilc\/wp-content\/uploads\/usu2098\/2021\/01\/5A\u0300mbits-TILC-COM-AVALUAR-1.png 1375w\" sizes=\"auto, (max-width: 355px) 100vw, 355px\" \/><\/a> <a href=\"https:\/\/projectes.xtec.cat\/tilc\/elements-tilc\/com-ensenyar\/\"><img loading=\"lazy\" decoding=\"async\" class=\"alignnone wp-image-9534\" src=\"https:\/\/projectes.xtec.cat\/tilc\/wp-content\/uploads\/usu2098\/2021\/01\/5A\u0300mbits-TILC-COM-ENSENYAR-1-300x218.png\" alt=\"\" width=\"355\" height=\"258\" srcset=\"https:\/\/projectes.xtec.cat\/tilc\/wp-content\/uploads\/usu2098\/2021\/01\/5A\u0300mbits-TILC-COM-ENSENYAR-1-300x218.png 300w, https:\/\/projectes.xtec.cat\/tilc\/wp-content\/uploads\/usu2098\/2021\/01\/5A\u0300mbits-TILC-COM-ENSENYAR-1-768x559.png 768w, https:\/\/projectes.xtec.cat\/tilc\/wp-content\/uploads\/usu2098\/2021\/01\/5A\u0300mbits-TILC-COM-ENSENYAR-1-1024x745.png 1024w, https:\/\/projectes.xtec.cat\/tilc\/wp-content\/uploads\/usu2098\/2021\/01\/5A\u0300mbits-TILC-COM-ENSENYAR-1.png 1375w\" sizes=\"auto, (max-width: 355px) 100vw, 355px\" \/><\/a> <a href=\"https:\/\/projectes.xtec.cat\/tilc\/elements-tilc\/com-planificar\/\"><img loading=\"lazy\" decoding=\"async\" class=\"alignnone wp-image-9533\" src=\"https:\/\/projectes.xtec.cat\/tilc\/wp-content\/uploads\/usu2098\/2021\/01\/5A\u0300mbits-TILC-COM-PLANIFICAR-1-300x218.png\" alt=\"\" width=\"355\" height=\"258\" srcset=\"https:\/\/projectes.xtec.cat\/tilc\/wp-content\/uploads\/usu2098\/2021\/01\/5A\u0300mbits-TILC-COM-PLANIFICAR-1-300x218.png 300w, https:\/\/projectes.xtec.cat\/tilc\/wp-content\/uploads\/usu2098\/2021\/01\/5A\u0300mbits-TILC-COM-PLANIFICAR-1-768x559.png 768w, https:\/\/projectes.xtec.cat\/tilc\/wp-content\/uploads\/usu2098\/2021\/01\/5A\u0300mbits-TILC-COM-PLANIFICAR-1-1024x745.png 1024w, https:\/\/projectes.xtec.cat\/tilc\/wp-content\/uploads\/usu2098\/2021\/01\/5A\u0300mbits-TILC-COM-PLANIFICAR-1.png 1375w\" sizes=\"auto, (max-width: 355px) 100vw, 355px\" \/><\/a> <a href=\"https:\/\/projectes.xtec.cat\/tilc\/elements-tilc\/paper-de-lalumne\/\"><img loading=\"lazy\" decoding=\"async\" class=\"alignnone wp-image-9532\" src=\"https:\/\/projectes.xtec.cat\/tilc\/wp-content\/uploads\/usu2098\/2021\/01\/5A\u0300mbits-TILC-PAPER-ALUMNE-1-300x218.png\" alt=\"\" width=\"355\" height=\"258\" srcset=\"https:\/\/projectes.xtec.cat\/tilc\/wp-content\/uploads\/usu2098\/2021\/01\/5A\u0300mbits-TILC-PAPER-ALUMNE-1-300x218.png 300w, https:\/\/projectes.xtec.cat\/tilc\/wp-content\/uploads\/usu2098\/2021\/01\/5A\u0300mbits-TILC-PAPER-ALUMNE-1-768x559.png 768w, https:\/\/projectes.xtec.cat\/tilc\/wp-content\/uploads\/usu2098\/2021\/01\/5A\u0300mbits-TILC-PAPER-ALUMNE-1-1024x745.png 1024w, https:\/\/projectes.xtec.cat\/tilc\/wp-content\/uploads\/usu2098\/2021\/01\/5A\u0300mbits-TILC-PAPER-ALUMNE-1.png 1375w\" sizes=\"auto, (max-width: 355px) 100vw, 355px\" \/><\/a><\/p>\n<\/div>\n<h5><\/h5>\n<h5><\/h5>\n<h5>El tractament integrat de llengua i continguts (TILC) \u00e9s una proposta metodol\u00f2gica orientada a ensenyar de manera integrada els continguts i el llenguatge acad\u00e8mic dels \u00e0mbits curriculars no ling\u00fc\u00edstics, per millorar els resultats en l&#8217;aprenentatge de totes les mat\u00e8ries. El TILC tamb\u00e9 proposa desenvolupar les destreses cognitives, la consci\u00e8ncia cr\u00edtica i la perspectiva intercultural dels aprenents.<br \/>\nEn aquesta p\u00e0gina trobareu un recull d\u2019orientacions did\u00e0ctiques per aplicar el TILC al vostre \u00e0mbit curricular.<\/h5>\n","protected":false},"excerpt":{"rendered":"<p><a href=\"https:\/\/projectes.xtec.cat\/tilc\/elements-tilc\/que-ensenyar\/\"><\/a> <a href=\"https:\/\/projectes.xtec.cat\/tilc\/elements-tilc\/com-avaluar\/\"><\/a> <a href=\"https:\/\/projectes.xtec.cat\/tilc\/elements-tilc\/com-ensenyar\/\"><\/a> <a href=\"https:\/\/projectes.xtec.cat\/tilc\/elements-tilc\/com-planificar\/\"><\/a> <a href=\"https:\/\/projectes.xtec.cat\/tilc\/elements-tilc\/paper-de-lalumne\/\"><\/a><\/p>\n<p>El tractament integrat de llengua i continguts (TILC) \u00e9s una proposta metodol\u00f2gica orientada a ensenyar de manera integrada els continguts i el llenguatge acad\u00e8mic dels \u00e0mbits curriculars no ling\u00fc\u00edstics, per millorar els resultats en l&#8217;aprenentatge&hellip;  <a href=\"https:\/\/projectes.xtec.cat\/tilc\/\" title=\"Read Elements TILC\">Llegeix m\u00e9s\u00bb<\/a><\/p>\n","protected":false},"author":1,"featured_media":0,"parent":0,"menu_order":0,"comment_status":"closed","ping_status":"closed","template":"page-templates\/front-page.php","meta":{"_bbp_topic_count":0,"_bbp_reply_count":0,"_bbp_total_topic_count":0,"_bbp_total_reply_count":0,"_bbp_voice_count":0,"_bbp_anonymous_reply_count":0,"_bbp_topic_count_hidden":0,"_bbp_reply_count_hidden":0,"_bbp_forum_subforum_count":0,"footnotes":""},"class_list":["post-806","page","type-page","status-publish","hentry"],"post_mailing_queue_ids":[],"_links":{"self":[{"href":"https:\/\/projectes.xtec.cat\/tilc\/wp-json\/wp\/v2\/pages\/806","targetHints":{"allow":["GET"]}}],"collection":[{"href":"https:\/\/projectes.xtec.cat\/tilc\/wp-json\/wp\/v2\/pages"}],"about":[{"href":"https:\/\/projectes.xtec.cat\/tilc\/wp-json\/wp\/v2\/types\/page"}],"author":[{"embeddable":true,"href":"https:\/\/projectes.xtec.cat\/tilc\/wp-json\/wp\/v2\/users\/1"}],"replies":[{"embeddable":true,"href":"https:\/\/projectes.xtec.cat\/tilc\/wp-json\/wp\/v2\/comments?post=806"}],"version-history":[{"count":4,"href":"https:\/\/projectes.xtec.cat\/tilc\/wp-json\/wp\/v2\/pages\/806\/revisions"}],"predecessor-version":[{"id":11487,"href":"https:\/\/projectes.xtec.cat\/tilc\/wp-json\/wp\/v2\/pages\/806\/revisions\/11487"}],"wp:attachment":[{"href":"https:\/\/projectes.xtec.cat\/tilc\/wp-json\/wp\/v2\/media?parent=806"}],"curies":[{"name":"wp","href":"https:\/\/api.w.org\/{rel}","templated":true}]}}