{"id":8229,"date":"2020-08-22T13:07:26","date_gmt":"2020-08-22T11:07:26","guid":{"rendered":"https:\/\/projectes.xtec.cat\/tilc\/?page_id=8229"},"modified":"2021-03-14T18:26:44","modified_gmt":"2021-03-14T17:26:44","slug":"activitats","status":"publish","type":"page","link":"https:\/\/projectes.xtec.cat\/tilc\/activitats\/","title":{"rendered":"PROPOSTES DID\u00c0CTIQUES"},"content":{"rendered":"<p>Des d\u2019aquest men\u00fa podreu accedir a un bon grapat d\u2019exemples d\u2019integraci\u00f3 de llengua i continguts. La selecci\u00f3 de propostes did\u00e0ctiques que hi trobareu tenen en com\u00fa el protagonisme que la llengua ha de tenir en l\u2019aprenentatge dels continguts de totes les mat\u00e8ries, tant a Prim\u00e0ria com a Secund\u00e0ria.<\/p>\n<p>A l\u2019hora de seleccionar les propostes, s\u2019ha tingut en compte que es faci evident aquesta integraci\u00f3, per\u00f2 tamb\u00e9 la qualitat did\u00e0ctica. Per aix\u00f2, algunes de les etiquetes remarquen aspectes que no s\u00f3n pr\u00f2piament TILC, com ara l\u2019aprenentatge competencial, la interdisciplinarietat, el vessant integrador i la motivaci\u00f3 de l\u2019alumnat, entre d\u2019altres.<\/p>\n<p>Aquest fons es mantindr\u00e0 actiu i anir\u00e0 creixent a mesura que ens vagin arribant propostes que calgui compartir i difondre. Amb aquesta intenci\u00f3, us convidem a fer-nos arribar activitats vostres a <a href=\"mailto:llenguaicontinguts@xtec.cat\">llenguaicontinguts@xtec.cat<\/a>.<\/p>\n<p>Esperem que hi trobeu propostes que donin resposta a les vostres necessitats i les implementeu a les vostres aules.<\/p>\n<p><a href=\"https:\/\/projectes.xtec.cat\/tilc\/wp-content\/uploads\/usu2098\/2021\/03\/Infografia_Propostes-did\u00e0ctiques_Com-cercar-les_V2.png\"><img loading=\"lazy\" decoding=\"async\" class=\"alignnone size-full wp-image-10192\" src=\"https:\/\/projectes.xtec.cat\/tilc\/wp-content\/uploads\/usu2098\/2021\/03\/Infografia_Propostes-did\u00e0ctiques_Com-cercar-les_V2.png\" alt=\"\" width=\"750\" height=\"800\" srcset=\"https:\/\/projectes.xtec.cat\/tilc\/wp-content\/uploads\/usu2098\/2021\/03\/Infografia_Propostes-did\u00e0ctiques_Com-cercar-les_V2.png 750w, https:\/\/projectes.xtec.cat\/tilc\/wp-content\/uploads\/usu2098\/2021\/03\/Infografia_Propostes-did\u00e0ctiques_Com-cercar-les_V2-281x300.png 281w\" sizes=\"auto, (max-width: 750px) 100vw, 750px\" \/><\/a><\/p>\n","protected":false},"excerpt":{"rendered":"<p>Des d\u2019aquest men\u00fa podreu accedir a un bon grapat d\u2019exemples d\u2019integraci\u00f3 de llengua i continguts. La selecci\u00f3 de propostes did\u00e0ctiques que hi trobareu tenen en com\u00fa el protagonisme que la llengua ha de tenir en l\u2019aprenentatge dels continguts de totes les mat\u00e8ries, tant a Prim\u00e0ria&hellip;  <a href=\"https:\/\/projectes.xtec.cat\/tilc\/activitats\/\" title=\"Read PROPOSTES DID\u00c0CTIQUES\">Llegeix m\u00e9s\u00bb<\/a><\/p>\n","protected":false},"author":4,"featured_media":0,"parent":0,"menu_order":0,"comment_status":"closed","ping_status":"closed","template":"","meta":{"_bbp_topic_count":0,"_bbp_reply_count":0,"_bbp_total_topic_count":0,"_bbp_total_reply_count":0,"_bbp_voice_count":0,"_bbp_anonymous_reply_count":0,"_bbp_topic_count_hidden":0,"_bbp_reply_count_hidden":0,"_bbp_forum_subforum_count":0,"footnotes":""},"class_list":["post-8229","page","type-page","status-publish","hentry"],"post_mailing_queue_ids":[],"_links":{"self":[{"href":"https:\/\/projectes.xtec.cat\/tilc\/wp-json\/wp\/v2\/pages\/8229","targetHints":{"allow":["GET"]}}],"collection":[{"href":"https:\/\/projectes.xtec.cat\/tilc\/wp-json\/wp\/v2\/pages"}],"about":[{"href":"https:\/\/projectes.xtec.cat\/tilc\/wp-json\/wp\/v2\/types\/page"}],"author":[{"embeddable":true,"href":"https:\/\/projectes.xtec.cat\/tilc\/wp-json\/wp\/v2\/users\/4"}],"replies":[{"embeddable":true,"href":"https:\/\/projectes.xtec.cat\/tilc\/wp-json\/wp\/v2\/comments?post=8229"}],"version-history":[{"count":3,"href":"https:\/\/projectes.xtec.cat\/tilc\/wp-json\/wp\/v2\/pages\/8229\/revisions"}],"predecessor-version":[{"id":10193,"href":"https:\/\/projectes.xtec.cat\/tilc\/wp-json\/wp\/v2\/pages\/8229\/revisions\/10193"}],"wp:attachment":[{"href":"https:\/\/projectes.xtec.cat\/tilc\/wp-json\/wp\/v2\/media?parent=8229"}],"curies":[{"name":"wp","href":"https:\/\/api.w.org\/{rel}","templated":true}]}}