{"id":8236,"date":"2020-08-22T13:07:26","date_gmt":"2020-08-22T11:07:26","guid":{"rendered":"https:\/\/projectes.xtec.cat\/tilc\/?page_id=8236"},"modified":"2022-03-11T16:54:00","modified_gmt":"2022-03-11T15:54:00","slug":"com-planificar","status":"publish","type":"page","link":"https:\/\/projectes.xtec.cat\/tilc\/elements-tilc\/com-planificar\/","title":{"rendered":"COM PLANIFICAR"},"content":{"rendered":"<h1><strong><span style=\"color: #00d745;\">LA SEQ\u00dc\u00c8NCIA DID\u00c0CTICA TILC<\/span><\/strong><\/h1>\n<p>&nbsp;<\/p>\n<p><a href=\"https:\/\/projectes.xtec.cat\/tilc\/elements-tilc\/com-planificar\/estils-didactics-i-metodologies\/\"><img loading=\"lazy\" decoding=\"async\" class=\"alignnone wp-image-10137\" src=\"https:\/\/projectes.xtec.cat\/tilc\/wp-content\/uploads\/usu2098\/2021\/03\/COM-PLANIFICAR-_Inici-EstilsDida\u0300cIMetodo-1-300x300.png\" alt=\"\" width=\"250\" height=\"250\" srcset=\"https:\/\/projectes.xtec.cat\/tilc\/wp-content\/uploads\/usu2098\/2021\/03\/COM-PLANIFICAR-_Inici-EstilsDida\u0300cIMetodo-1-300x300.png 300w, https:\/\/projectes.xtec.cat\/tilc\/wp-content\/uploads\/usu2098\/2021\/03\/COM-PLANIFICAR-_Inici-EstilsDida\u0300cIMetodo-1-150x150.png 150w, https:\/\/projectes.xtec.cat\/tilc\/wp-content\/uploads\/usu2098\/2021\/03\/COM-PLANIFICAR-_Inici-EstilsDida\u0300cIMetodo-1.png 649w\" sizes=\"auto, (max-width: 250px) 100vw, 250px\" \/><\/a><a href=\"https:\/\/projectes.xtec.cat\/tilc\/elements-tilc\/com-planificar\/planificar-pas-a-pas\/\"><img loading=\"lazy\" decoding=\"async\" class=\"alignnone wp-image-10143\" src=\"https:\/\/projectes.xtec.cat\/tilc\/wp-content\/uploads\/usu2098\/2021\/03\/COM-PLANIFICAR-_Inici-PlanifPasAPas.png\" alt=\"\" width=\"250\" height=\"250\" srcset=\"https:\/\/projectes.xtec.cat\/tilc\/wp-content\/uploads\/usu2098\/2021\/03\/COM-PLANIFICAR-_Inici-PlanifPasAPas.png 649w, https:\/\/projectes.xtec.cat\/tilc\/wp-content\/uploads\/usu2098\/2021\/03\/COM-PLANIFICAR-_Inici-PlanifPasAPas-150x150.png 150w, https:\/\/projectes.xtec.cat\/tilc\/wp-content\/uploads\/usu2098\/2021\/03\/COM-PLANIFICAR-_Inici-PlanifPasAPas-300x300.png 300w\" sizes=\"auto, (max-width: 250px) 100vw, 250px\" \/><\/a><a href=\"https:\/\/projectes.xtec.cat\/tilc\/elements-tilc\/com-planificar\/requeriments-de-llengua\/\"><img loading=\"lazy\" decoding=\"async\" class=\"alignnone wp-image-10147\" src=\"https:\/\/projectes.xtec.cat\/tilc\/wp-content\/uploads\/usu2098\/2021\/03\/COM-PLANIFICAR-_Inici-ReqDLlengDCurri\u0301c.png\" alt=\"\" width=\"250\" height=\"250\" srcset=\"https:\/\/projectes.xtec.cat\/tilc\/wp-content\/uploads\/usu2098\/2021\/03\/COM-PLANIFICAR-_Inici-ReqDLlengDCurri\u0301c.png 649w, https:\/\/projectes.xtec.cat\/tilc\/wp-content\/uploads\/usu2098\/2021\/03\/COM-PLANIFICAR-_Inici-ReqDLlengDCurri\u0301c-150x150.png 150w, https:\/\/projectes.xtec.cat\/tilc\/wp-content\/uploads\/usu2098\/2021\/03\/COM-PLANIFICAR-_Inici-ReqDLlengDCurri\u0301c-300x300.png 300w\" sizes=\"auto, (max-width: 250px) 100vw, 250px\" \/><\/a><\/p>\n","protected":false},"excerpt":{"rendered":"<p>LA SEQ\u00dc\u00c8NCIA DID\u00c0CTICA TILC<br \/>\n&nbsp;<br \/>\n<a href=\"https:\/\/projectes.xtec.cat\/tilc\/elements-tilc\/com-planificar\/estils-didactics-i-metodologies\/\"><\/a><a href=\"https:\/\/projectes.xtec.cat\/tilc\/elements-tilc\/com-planificar\/planificar-pas-a-pas\/\"><\/a><a href=\"https:\/\/projectes.xtec.cat\/tilc\/elements-tilc\/com-planificar\/requeriments-de-llengua\/\"><\/a><\/p>\n","protected":false},"author":4,"featured_media":0,"parent":806,"menu_order":2,"comment_status":"closed","ping_status":"closed","template":"","meta":{"_bbp_topic_count":0,"_bbp_reply_count":0,"_bbp_total_topic_count":0,"_bbp_total_reply_count":0,"_bbp_voice_count":0,"_bbp_anonymous_reply_count":0,"_bbp_topic_count_hidden":0,"_bbp_reply_count_hidden":0,"_bbp_forum_subforum_count":0,"footnotes":""},"class_list":["post-8236","page","type-page","status-publish","hentry"],"post_mailing_queue_ids":[],"_links":{"self":[{"href":"https:\/\/projectes.xtec.cat\/tilc\/wp-json\/wp\/v2\/pages\/8236","targetHints":{"allow":["GET"]}}],"collection":[{"href":"https:\/\/projectes.xtec.cat\/tilc\/wp-json\/wp\/v2\/pages"}],"about":[{"href":"https:\/\/projectes.xtec.cat\/tilc\/wp-json\/wp\/v2\/types\/page"}],"author":[{"embeddable":true,"href":"https:\/\/projectes.xtec.cat\/tilc\/wp-json\/wp\/v2\/users\/4"}],"replies":[{"embeddable":true,"href":"https:\/\/projectes.xtec.cat\/tilc\/wp-json\/wp\/v2\/comments?post=8236"}],"version-history":[{"count":3,"href":"https:\/\/projectes.xtec.cat\/tilc\/wp-json\/wp\/v2\/pages\/8236\/revisions"}],"predecessor-version":[{"id":11105,"href":"https:\/\/projectes.xtec.cat\/tilc\/wp-json\/wp\/v2\/pages\/8236\/revisions\/11105"}],"up":[{"embeddable":true,"href":"https:\/\/projectes.xtec.cat\/tilc\/wp-json\/wp\/v2\/pages\/806"}],"wp:attachment":[{"href":"https:\/\/projectes.xtec.cat\/tilc\/wp-json\/wp\/v2\/media?parent=8236"}],"curies":[{"name":"wp","href":"https:\/\/api.w.org\/{rel}","templated":true}]}}