{"id":8361,"date":"2020-08-28T15:37:13","date_gmt":"2020-08-28T13:37:13","guid":{"rendered":"https:\/\/projectes.xtec.cat\/tilc\/?page_id=8361"},"modified":"2023-05-04T09:26:17","modified_gmt":"2023-05-04T07:26:17","slug":"requeriments-de-llengua","status":"publish","type":"page","link":"https:\/\/projectes.xtec.cat\/tilc\/elements-tilc\/com-planificar\/requeriments-de-llengua\/","title":{"rendered":"Requeriments de llengua del curr\u00edculum"},"content":{"rendered":"<p>Per formar la ciutadania del segle XXI, els principis pedag\u00f2gics del nou curr\u00edculum incideixen en sis vectors claus, un dels quals \u00e9s la qualitat de l&#8217;educaci\u00f3 de les lleng\u00fces. Aix\u00f2 dota la compet\u00e8ncia comunicativa de transversalitat, i per aix\u00f2 \u00e9s present en el curr\u00edculum de totes les mat\u00e8ries. Cada \u00e0rea o mat\u00e8ria ha de planificar l&#8217;assoliment de les compet\u00e8ncies pr\u00f2pies i la compet\u00e8ncia clau en comunicaci\u00f3 ling\u00fc\u00edstica.<\/p>\n<p>Us mostrem l&#8217;itinerari que cal seguir per localitzar la pres\u00e8ncia de la llengua al llarg de tot el curr\u00edculum i, de manera especial, en el de les mat\u00e8ries.<\/p>\n<p><a href=\"https:\/\/projectes.xtec.cat\/tilc\/wp-content\/uploads\/usu2098\/2022\/12\/Info_La-llengua-en-el-curriculum-de-les-materies.png\"><img loading=\"lazy\" decoding=\"async\" class=\"alignleft wp-image-11476 size-full\" src=\"https:\/\/projectes.xtec.cat\/tilc\/wp-content\/uploads\/usu2098\/2022\/12\/Info_La-llengua-en-el-curriculum-de-les-materies.png\" alt=\"\" width=\"750\" height=\"800\" srcset=\"https:\/\/projectes.xtec.cat\/tilc\/wp-content\/uploads\/usu2098\/2022\/12\/Info_La-llengua-en-el-curriculum-de-les-materies.png 750w, https:\/\/projectes.xtec.cat\/tilc\/wp-content\/uploads\/usu2098\/2022\/12\/Info_La-llengua-en-el-curriculum-de-les-materies-281x300.png 281w\" sizes=\"auto, (max-width: 750px) 100vw, 750px\" \/><\/a><\/p>\n<p>&nbsp;<\/p>\n<p>&nbsp;<\/p>\n","protected":false},"excerpt":{"rendered":"<p>Per formar la ciutadania del segle XXI, els principis pedag\u00f2gics del nou curr\u00edculum incideixen en sis vectors claus, un dels quals \u00e9s la qualitat de l&#8217;educaci\u00f3 de les lleng\u00fces. Aix\u00f2 dota la compet\u00e8ncia comunicativa de transversalitat, i per aix\u00f2 \u00e9s present en el curr\u00edculum de&hellip;  <a href=\"https:\/\/projectes.xtec.cat\/tilc\/elements-tilc\/com-planificar\/requeriments-de-llengua\/\" title=\"Read Requeriments de llengua del curr\u00edculum\">Llegeix m\u00e9s\u00bb<\/a><\/p>\n","protected":false},"author":4,"featured_media":0,"parent":8236,"menu_order":0,"comment_status":"closed","ping_status":"closed","template":"","meta":{"_bbp_topic_count":0,"_bbp_reply_count":0,"_bbp_total_topic_count":0,"_bbp_total_reply_count":0,"_bbp_voice_count":0,"_bbp_anonymous_reply_count":0,"_bbp_topic_count_hidden":0,"_bbp_reply_count_hidden":0,"_bbp_forum_subforum_count":0,"footnotes":""},"class_list":["post-8361","page","type-page","status-publish","hentry"],"post_mailing_queue_ids":[],"_links":{"self":[{"href":"https:\/\/projectes.xtec.cat\/tilc\/wp-json\/wp\/v2\/pages\/8361","targetHints":{"allow":["GET"]}}],"collection":[{"href":"https:\/\/projectes.xtec.cat\/tilc\/wp-json\/wp\/v2\/pages"}],"about":[{"href":"https:\/\/projectes.xtec.cat\/tilc\/wp-json\/wp\/v2\/types\/page"}],"author":[{"embeddable":true,"href":"https:\/\/projectes.xtec.cat\/tilc\/wp-json\/wp\/v2\/users\/4"}],"replies":[{"embeddable":true,"href":"https:\/\/projectes.xtec.cat\/tilc\/wp-json\/wp\/v2\/comments?post=8361"}],"version-history":[{"count":4,"href":"https:\/\/projectes.xtec.cat\/tilc\/wp-json\/wp\/v2\/pages\/8361\/revisions"}],"predecessor-version":[{"id":11648,"href":"https:\/\/projectes.xtec.cat\/tilc\/wp-json\/wp\/v2\/pages\/8361\/revisions\/11648"}],"up":[{"embeddable":true,"href":"https:\/\/projectes.xtec.cat\/tilc\/wp-json\/wp\/v2\/pages\/8236"}],"wp:attachment":[{"href":"https:\/\/projectes.xtec.cat\/tilc\/wp-json\/wp\/v2\/media?parent=8361"}],"curies":[{"name":"wp","href":"https:\/\/api.w.org\/{rel}","templated":true}]}}