{"id":8447,"date":"2020-09-16T17:58:52","date_gmt":"2020-09-16T15:58:52","guid":{"rendered":"https:\/\/projectes.xtec.cat\/tilc\/?page_id=8447"},"modified":"2021-01-17T11:42:33","modified_gmt":"2021-01-17T10:42:33","slug":"vocabulari-academic","status":"publish","type":"page","link":"https:\/\/projectes.xtec.cat\/tilc\/elements-tilc\/que-ensenyar\/vocabulari-academic\/","title":{"rendered":"VOCABULARI ACAD\u00c8MIC"},"content":{"rendered":"<p>El vocabulari acad\u00e8mic inclou termes ling\u00fc\u00edstics propis de cada \u00e0mbit de coneixement. \u00c9s diferent del llenguatge conversacional i requereix molt m\u00e9s temps per assolir-ne la compet\u00e8ncia funcional. Sol ser complex i descontextualitzat i planteja demandes cognitives elevades, relacionades amb els continguts que expressa.<br \/>\nEls alumnes necessiten aprendre aquest vocabulari espec\u00edfic de cada mat\u00e8ria, que els permetr\u00e0 adquirir, recordar i comunicar els coneixements.<\/p>\n<p><a href=\"https:\/\/projectes.xtec.cat\/tilc\/wp-content\/uploads\/usu2098\/2021\/01\/Info_Vocabulari-acad\u00e8mic.png\"><img loading=\"lazy\" decoding=\"async\" class=\"alignnone size-full wp-image-9612\" src=\"https:\/\/projectes.xtec.cat\/tilc\/wp-content\/uploads\/usu2098\/2021\/01\/Info_Vocabulari-acad\u00e8mic.png\" alt=\"\" width=\"750\" height=\"800\" srcset=\"https:\/\/projectes.xtec.cat\/tilc\/wp-content\/uploads\/usu2098\/2021\/01\/Info_Vocabulari-acad\u00e8mic.png 750w, https:\/\/projectes.xtec.cat\/tilc\/wp-content\/uploads\/usu2098\/2021\/01\/Info_Vocabulari-acad\u00e8mic-281x300.png 281w\" sizes=\"auto, (max-width: 750px) 100vw, 750px\" \/><\/a><\/p>\n<p>&nbsp;<\/p>\n<p>&nbsp;<\/p>\n","protected":false},"excerpt":{"rendered":"<p>El vocabulari acad\u00e8mic inclou termes ling\u00fc\u00edstics propis de cada \u00e0mbit de coneixement. \u00c9s diferent del llenguatge conversacional i requereix molt m\u00e9s temps per assolir-ne la compet\u00e8ncia funcional. Sol ser complex i descontextualitzat i planteja demandes cognitives elevades, relacionades amb els continguts que expressa.<br \/>\nEls alumnes necessiten&hellip;  <a href=\"https:\/\/projectes.xtec.cat\/tilc\/elements-tilc\/que-ensenyar\/vocabulari-academic\/\" title=\"Read VOCABULARI ACAD\u00c8MIC\">Llegeix m\u00e9s\u00bb<\/a><\/p>\n","protected":false},"author":4,"featured_media":0,"parent":8382,"menu_order":0,"comment_status":"closed","ping_status":"closed","template":"","meta":{"_bbp_topic_count":0,"_bbp_reply_count":0,"_bbp_total_topic_count":0,"_bbp_total_reply_count":0,"_bbp_voice_count":0,"_bbp_anonymous_reply_count":0,"_bbp_topic_count_hidden":0,"_bbp_reply_count_hidden":0,"_bbp_forum_subforum_count":0,"footnotes":""},"class_list":["post-8447","page","type-page","status-publish","hentry"],"post_mailing_queue_ids":[],"_links":{"self":[{"href":"https:\/\/projectes.xtec.cat\/tilc\/wp-json\/wp\/v2\/pages\/8447","targetHints":{"allow":["GET"]}}],"collection":[{"href":"https:\/\/projectes.xtec.cat\/tilc\/wp-json\/wp\/v2\/pages"}],"about":[{"href":"https:\/\/projectes.xtec.cat\/tilc\/wp-json\/wp\/v2\/types\/page"}],"author":[{"embeddable":true,"href":"https:\/\/projectes.xtec.cat\/tilc\/wp-json\/wp\/v2\/users\/4"}],"replies":[{"embeddable":true,"href":"https:\/\/projectes.xtec.cat\/tilc\/wp-json\/wp\/v2\/comments?post=8447"}],"version-history":[{"count":4,"href":"https:\/\/projectes.xtec.cat\/tilc\/wp-json\/wp\/v2\/pages\/8447\/revisions"}],"predecessor-version":[{"id":9615,"href":"https:\/\/projectes.xtec.cat\/tilc\/wp-json\/wp\/v2\/pages\/8447\/revisions\/9615"}],"up":[{"embeddable":true,"href":"https:\/\/projectes.xtec.cat\/tilc\/wp-json\/wp\/v2\/pages\/8382"}],"wp:attachment":[{"href":"https:\/\/projectes.xtec.cat\/tilc\/wp-json\/wp\/v2\/media?parent=8447"}],"curies":[{"name":"wp","href":"https:\/\/api.w.org\/{rel}","templated":true}]}}