{"id":8662,"date":"2020-10-29T14:39:36","date_gmt":"2020-10-29T13:39:36","guid":{"rendered":"https:\/\/projectes.xtec.cat\/tilc\/?page_id=8662"},"modified":"2020-12-30T17:17:25","modified_gmt":"2020-12-30T16:17:25","slug":"funcions-cognitivolinguistiques","status":"publish","type":"page","link":"https:\/\/projectes.xtec.cat\/tilc\/elements-tilc\/que-ensenyar\/funcions-cognitivolinguistiques\/","title":{"rendered":"FUNCIONS  COGNITIVOLING\u00dc\u00cdSTIQUES"},"content":{"rendered":"<p><span style=\"font-weight: 400;\">Hi ha una s\u00e8rie de funcions del llenguatge que s\u00f3n a la base de les activitats mentals que apliquen totes les disciplines cient\u00edfiques i que s\u2019activen quan s\u2019ha de produir un missatge oral o escrit: s\u00f3n les habilitats o funcions cognitivoling\u00fc\u00edstiques.\u00a0<\/span><\/p>\n<p><span style=\"font-weight: 400;\">Aquestes funcions es designen amb verbs, que es relacionen amb les tipologies textuals i tenen, per tant, una naturalesa dual, a mig cam\u00ed entre les destreses cognitives i les ling\u00fc\u00edstiques. Per exemple, \u201cdescriure\u201d es considera una funci\u00f3 cognitivoling\u00fc\u00edstica perqu\u00e8 implica una s\u00e8rie d\u2019habilitats cognitives (enumerar, caracteritzar, localitzar, quantificar, avaluar o comparar) i es comunica amb textos descriptius.<\/span><\/p>\n<p><span style=\"font-weight: 400;\">Es tracta d\u2019habilitats transversals que es concreten de forma diferent en cada disciplina: seguint amb l\u2019exemple, no \u00e9s el mateix una descripci\u00f3 liter\u00e0ria que una de cient\u00edfica. Tenen prop\u00f2sits diferents i per tant la concreci\u00f3 formal no \u00e9s la mateixa.<\/span><\/p>\n<p><a href=\"https:\/\/projectes.xtec.cat\/tilc\/wp-content\/uploads\/usu2098\/2020\/12\/INFO_Funcions-cognitivoling\u00fc\u00edstiques.png\"><img loading=\"lazy\" decoding=\"async\" class=\"alignnone size-full wp-image-9029\" src=\"https:\/\/projectes.xtec.cat\/tilc\/wp-content\/uploads\/usu2098\/2020\/12\/INFO_Funcions-cognitivoling\u00fc\u00edstiques.png\" alt=\"\" width=\"750\" height=\"800\" srcset=\"https:\/\/projectes.xtec.cat\/tilc\/wp-content\/uploads\/usu2098\/2020\/12\/INFO_Funcions-cognitivoling\u00fc\u00edstiques.png 750w, https:\/\/projectes.xtec.cat\/tilc\/wp-content\/uploads\/usu2098\/2020\/12\/INFO_Funcions-cognitivoling\u00fc\u00edstiques-281x300.png 281w\" sizes=\"auto, (max-width: 750px) 100vw, 750px\" \/><\/a><\/p>\n","protected":false},"excerpt":{"rendered":"<p>Hi ha una s\u00e8rie de funcions del llenguatge que s\u00f3n a la base de les activitats mentals que apliquen totes les disciplines cient\u00edfiques i que s\u2019activen quan s\u2019ha de produir un missatge oral o escrit: s\u00f3n les habilitats o funcions cognitivoling\u00fc\u00edstiques.\u00a0<br \/>\nAquestes funcions es designen amb&hellip;  <a href=\"https:\/\/projectes.xtec.cat\/tilc\/elements-tilc\/que-ensenyar\/funcions-cognitivolinguistiques\/\" title=\"Read FUNCIONS  COGNITIVOLING\u00dc\u00cdSTIQUES\">Llegeix m\u00e9s\u00bb<\/a><\/p>\n","protected":false},"author":4,"featured_media":0,"parent":8382,"menu_order":0,"comment_status":"closed","ping_status":"closed","template":"","meta":{"_bbp_topic_count":0,"_bbp_reply_count":0,"_bbp_total_topic_count":0,"_bbp_total_reply_count":0,"_bbp_voice_count":0,"_bbp_anonymous_reply_count":0,"_bbp_topic_count_hidden":0,"_bbp_reply_count_hidden":0,"_bbp_forum_subforum_count":0,"footnotes":""},"class_list":["post-8662","page","type-page","status-publish","hentry"],"post_mailing_queue_ids":[],"_links":{"self":[{"href":"https:\/\/projectes.xtec.cat\/tilc\/wp-json\/wp\/v2\/pages\/8662","targetHints":{"allow":["GET"]}}],"collection":[{"href":"https:\/\/projectes.xtec.cat\/tilc\/wp-json\/wp\/v2\/pages"}],"about":[{"href":"https:\/\/projectes.xtec.cat\/tilc\/wp-json\/wp\/v2\/types\/page"}],"author":[{"embeddable":true,"href":"https:\/\/projectes.xtec.cat\/tilc\/wp-json\/wp\/v2\/users\/4"}],"replies":[{"embeddable":true,"href":"https:\/\/projectes.xtec.cat\/tilc\/wp-json\/wp\/v2\/comments?post=8662"}],"version-history":[{"count":4,"href":"https:\/\/projectes.xtec.cat\/tilc\/wp-json\/wp\/v2\/pages\/8662\/revisions"}],"predecessor-version":[{"id":9030,"href":"https:\/\/projectes.xtec.cat\/tilc\/wp-json\/wp\/v2\/pages\/8662\/revisions\/9030"}],"up":[{"embeddable":true,"href":"https:\/\/projectes.xtec.cat\/tilc\/wp-json\/wp\/v2\/pages\/8382"}],"wp:attachment":[{"href":"https:\/\/projectes.xtec.cat\/tilc\/wp-json\/wp\/v2\/media?parent=8662"}],"curies":[{"name":"wp","href":"https:\/\/api.w.org\/{rel}","templated":true}]}}