{"id":8728,"date":"2020-11-12T20:45:45","date_gmt":"2020-11-12T19:45:45","guid":{"rendered":"https:\/\/projectes.xtec.cat\/tilc\/?page_id=8728"},"modified":"2023-06-23T08:49:29","modified_gmt":"2023-06-23T06:49:29","slug":"habilitats-comunicatives-2","status":"publish","type":"page","link":"https:\/\/projectes.xtec.cat\/tilc\/elements-tilc\/que-ensenyar\/habilitats-comunicatives-2\/","title":{"rendered":"HABILITATS COMUNICATIVES"},"content":{"rendered":"<p>Totes les activitats que es fan a l\u2019aula tenen un component comunicatiu: l\u2019alumnat rep informaci\u00f3 oral, del docent o de la resta de companys, i escrita, de les lectures que proposa el docent i de la cerca d\u2019informaci\u00f3 que fa pel seu compte. I fa evolucionar aquesta informaci\u00f3, parlant-ne amb la resta del grup i amb el docent o b\u00e9 desenvolupant-la per escrit.<br \/>\nLes formes de comunicaci\u00f3 a l\u2019aula es concreten en una s\u00e8rie de g\u00e8neres t\u00edpicament escolars, a trav\u00e9s dels quals s\u2019aprenen coneixements de les diferents mat\u00e8ries i, a la vegada, s\u2019avan\u00e7a en el domini d\u2019aquests g\u00e8neres:<br \/>\n&#8211; L\u2019exposici\u00f3 oral del docent (\u201cexplicar\u201d) i la presa d\u2019apunts de l\u2019alumnat<br \/>\n&#8211; La interacci\u00f3 directa docent-alumne, habitualment seguint l\u2019esquema interrogaci\u00f3-resposta-valoraci\u00f3<br \/>\n&#8211; La conversa constructiva entre iguals, el debat entorn d\u2019un tema i l\u2019assemblea<br \/>\n&#8211; L\u2019exposici\u00f3 oral de l\u2019alumnat, individualment o per grups<br \/>\n&#8211; El treball oral o escrit a partir de la lectura<br \/>\n&#8211; La producci\u00f3 de textos escrits: resums, resoluci\u00f3 de problemes, ex\u00e0mens, desenvolupament d\u2019un tema&#8230;<\/p>\n<p style=\"text-align: left;\"><a href=\"https:\/\/projectes.xtec.cat\/tilc\/wp-content\/uploads\/usu2098\/2023\/06\/Info-habilitats-comunicatives.png\" target=\"_blank\" rel=\"noopener\"><img loading=\"lazy\" decoding=\"async\" class=\"alignleft wp-image-11751 size-full\" src=\"https:\/\/projectes.xtec.cat\/tilc\/wp-content\/uploads\/usu2098\/2023\/06\/Info-habilitats-comunicatives.png\" alt=\"\" width=\"750\" height=\"800\" srcset=\"https:\/\/projectes.xtec.cat\/tilc\/wp-content\/uploads\/usu2098\/2023\/06\/Info-habilitats-comunicatives.png 750w, https:\/\/projectes.xtec.cat\/tilc\/wp-content\/uploads\/usu2098\/2023\/06\/Info-habilitats-comunicatives-281x300.png 281w\" sizes=\"auto, (max-width: 750px) 100vw, 750px\" \/><\/a><\/p>\n","protected":false},"excerpt":{"rendered":"<p>Totes les activitats que es fan a l\u2019aula tenen un component comunicatiu: l\u2019alumnat rep informaci\u00f3 oral, del docent o de la resta de companys, i escrita, de les lectures que proposa el docent i de la cerca d\u2019informaci\u00f3 que fa pel seu compte. I fa&hellip;  <a href=\"https:\/\/projectes.xtec.cat\/tilc\/elements-tilc\/que-ensenyar\/habilitats-comunicatives-2\/\" title=\"Read HABILITATS COMUNICATIVES\">Llegeix m\u00e9s\u00bb<\/a><\/p>\n","protected":false},"author":4,"featured_media":0,"parent":8382,"menu_order":0,"comment_status":"closed","ping_status":"closed","template":"","meta":{"_bbp_topic_count":0,"_bbp_reply_count":0,"_bbp_total_topic_count":0,"_bbp_total_reply_count":0,"_bbp_voice_count":0,"_bbp_anonymous_reply_count":0,"_bbp_topic_count_hidden":0,"_bbp_reply_count_hidden":0,"_bbp_forum_subforum_count":0,"footnotes":""},"class_list":["post-8728","page","type-page","status-publish","hentry"],"post_mailing_queue_ids":[],"_links":{"self":[{"href":"https:\/\/projectes.xtec.cat\/tilc\/wp-json\/wp\/v2\/pages\/8728","targetHints":{"allow":["GET"]}}],"collection":[{"href":"https:\/\/projectes.xtec.cat\/tilc\/wp-json\/wp\/v2\/pages"}],"about":[{"href":"https:\/\/projectes.xtec.cat\/tilc\/wp-json\/wp\/v2\/types\/page"}],"author":[{"embeddable":true,"href":"https:\/\/projectes.xtec.cat\/tilc\/wp-json\/wp\/v2\/users\/4"}],"replies":[{"embeddable":true,"href":"https:\/\/projectes.xtec.cat\/tilc\/wp-json\/wp\/v2\/comments?post=8728"}],"version-history":[{"count":4,"href":"https:\/\/projectes.xtec.cat\/tilc\/wp-json\/wp\/v2\/pages\/8728\/revisions"}],"predecessor-version":[{"id":11753,"href":"https:\/\/projectes.xtec.cat\/tilc\/wp-json\/wp\/v2\/pages\/8728\/revisions\/11753"}],"up":[{"embeddable":true,"href":"https:\/\/projectes.xtec.cat\/tilc\/wp-json\/wp\/v2\/pages\/8382"}],"wp:attachment":[{"href":"https:\/\/projectes.xtec.cat\/tilc\/wp-json\/wp\/v2\/media?parent=8728"}],"curies":[{"name":"wp","href":"https:\/\/api.w.org\/{rel}","templated":true}]}}