{"id":8757,"date":"2020-11-12T21:34:24","date_gmt":"2020-11-12T20:34:24","guid":{"rendered":"https:\/\/projectes.xtec.cat\/tilc\/?page_id=8757"},"modified":"2023-01-19T17:11:08","modified_gmt":"2023-01-19T16:11:08","slug":"llegir","status":"publish","type":"page","link":"https:\/\/projectes.xtec.cat\/tilc\/elements-tilc\/que-ensenyar\/habilitats-comunicatives-2\/llegir\/","title":{"rendered":"Llegir"},"content":{"rendered":"<p><span style=\"font-weight: 400;\">Llegir a les mat\u00e8ries implica quelcom m\u00e9s que aplicar la mec\u00e0nica de la lectura. L\u2019alumnat ha d\u2019aprendre a ser aut\u00f2nom, estrat\u00e8gic i eficient sigui quina sigui la naturalesa dels textos: ha de desplegar compet\u00e8ncies lectores que permetin utilitzar la lectura com a eina per accedir als continguts disciplinaris (tant se val si s\u00f3n de matem\u00e0tiques, ci\u00e8ncies socials o m\u00fasica), descobrir i construir i ampliar coneixements. \u00c9s a dir, la lectura com a eina d\u2019aprenentatge en totes les \u00e0rees del curr\u00edculum.<\/span><\/p>\n<p><span style=\"font-weight: 400;\">Aquest repte ens obliga, com a docents, a prendre decisions quant a quins textos fem llegir en les mat\u00e8ries, quins objectius prioritzem, quines estrat\u00e8gies es posen en joc i quines ajudes hem de facilitar a l\u2019alumnat.<\/span><\/p>\n<p><a href=\"https:\/\/projectes.xtec.cat\/tilc\/wp-content\/uploads\/usu2098\/2021\/01\/Llegir-en-totes-les-mat\u00e8ries.png\"><img loading=\"lazy\" decoding=\"async\" class=\"alignnone size-full wp-image-9604\" src=\"https:\/\/projectes.xtec.cat\/tilc\/wp-content\/uploads\/usu2098\/2021\/01\/Llegir-en-totes-les-mat\u00e8ries.png\" alt=\"\" width=\"750\" height=\"800\" srcset=\"https:\/\/projectes.xtec.cat\/tilc\/wp-content\/uploads\/usu2098\/2021\/01\/Llegir-en-totes-les-mat\u00e8ries.png 750w, https:\/\/projectes.xtec.cat\/tilc\/wp-content\/uploads\/usu2098\/2021\/01\/Llegir-en-totes-les-mat\u00e8ries-281x300.png 281w\" sizes=\"auto, (max-width: 750px) 100vw, 750px\" \/><\/a><\/p>\n<p>&nbsp;<\/p>\n<p>&nbsp;<\/p>\n","protected":false},"excerpt":{"rendered":"<p>Llegir a les mat\u00e8ries implica quelcom m\u00e9s que aplicar la mec\u00e0nica de la lectura. L\u2019alumnat ha d\u2019aprendre a ser aut\u00f2nom, estrat\u00e8gic i eficient sigui quina sigui la naturalesa dels textos: ha de desplegar compet\u00e8ncies lectores que permetin utilitzar la lectura com a eina per accedir&hellip;  <a href=\"https:\/\/projectes.xtec.cat\/tilc\/elements-tilc\/que-ensenyar\/habilitats-comunicatives-2\/llegir\/\" title=\"Read Llegir\">Llegeix m\u00e9s\u00bb<\/a><\/p>\n","protected":false},"author":4,"featured_media":0,"parent":8728,"menu_order":0,"comment_status":"closed","ping_status":"closed","template":"","meta":{"_bbp_topic_count":0,"_bbp_reply_count":0,"_bbp_total_topic_count":0,"_bbp_total_reply_count":0,"_bbp_voice_count":0,"_bbp_anonymous_reply_count":0,"_bbp_topic_count_hidden":0,"_bbp_reply_count_hidden":0,"_bbp_forum_subforum_count":0,"footnotes":""},"class_list":["post-8757","page","type-page","status-publish","hentry"],"post_mailing_queue_ids":[],"_links":{"self":[{"href":"https:\/\/projectes.xtec.cat\/tilc\/wp-json\/wp\/v2\/pages\/8757","targetHints":{"allow":["GET"]}}],"collection":[{"href":"https:\/\/projectes.xtec.cat\/tilc\/wp-json\/wp\/v2\/pages"}],"about":[{"href":"https:\/\/projectes.xtec.cat\/tilc\/wp-json\/wp\/v2\/types\/page"}],"author":[{"embeddable":true,"href":"https:\/\/projectes.xtec.cat\/tilc\/wp-json\/wp\/v2\/users\/4"}],"replies":[{"embeddable":true,"href":"https:\/\/projectes.xtec.cat\/tilc\/wp-json\/wp\/v2\/comments?post=8757"}],"version-history":[{"count":4,"href":"https:\/\/projectes.xtec.cat\/tilc\/wp-json\/wp\/v2\/pages\/8757\/revisions"}],"predecessor-version":[{"id":11528,"href":"https:\/\/projectes.xtec.cat\/tilc\/wp-json\/wp\/v2\/pages\/8757\/revisions\/11528"}],"up":[{"embeddable":true,"href":"https:\/\/projectes.xtec.cat\/tilc\/wp-json\/wp\/v2\/pages\/8728"}],"wp:attachment":[{"href":"https:\/\/projectes.xtec.cat\/tilc\/wp-json\/wp\/v2\/media?parent=8757"}],"curies":[{"name":"wp","href":"https:\/\/api.w.org\/{rel}","templated":true}]}}