{"id":9068,"date":"2020-12-30T20:50:29","date_gmt":"2020-12-30T19:50:29","guid":{"rendered":"https:\/\/projectes.xtec.cat\/tilc\/?page_id=9068"},"modified":"2023-06-26T15:01:30","modified_gmt":"2023-06-26T13:01:30","slug":"estils-didactics-i-metodologies","status":"publish","type":"page","link":"https:\/\/projectes.xtec.cat\/tilc\/elements-tilc\/com-planificar\/estils-didactics-i-metodologies\/","title":{"rendered":"Estils did\u00e0ctics i metodologies"},"content":{"rendered":"<p>Introduir el TILC en la pr\u00e0ctica d\u2019aula no ha d\u2019implicar canviar l\u2019estil personal de fer classe ni tampoc fer un gir en l\u2019orientaci\u00f3 did\u00e0ctica que ha consensuat el centre. Simplement es tracta d\u2019incorporar, en les activitats did\u00e0ctiques, el treball del llenguatge acad\u00e8mic i, per afavorir-ne el tractament, activar en l\u2019alumnat els processos mentals que ajuden a aprendre i fer visibles els elements socioculturals presents en el context; \u00f2bviament, sense deixar de treballar els sabers \u2014imprescindibles\u2014 i, per tant, integrant tots aquests elements (sabers, llenguatge acad\u00e8mic, destreses mentals, elements socioculturals) en les seq\u00fc\u00e8ncies did\u00e0ctiques.<\/p>\n<p>Per aix\u00f2, parlarem de <em>monoseq\u00fc\u00e8ncies<\/em>, quan incorporem elements TILC a seq\u00fc\u00e8ncies did\u00e0ctiques simples centrades en un sol objectiu, i de <em>multiseq\u00fc\u00e8ncies<\/em>, quan ho fem en seq\u00fc\u00e8ncies complexes, per exemple en un projecte.<\/p>\n<p>En un sistema educatiu orientat a l\u2019assoliment de compet\u00e8ncies clau i espec\u00edfiques de mat\u00e8ria, integrar aquesta mirada TILC en la planificaci\u00f3 i implementaci\u00f3 de situacions d&#8217;aprenentatge garanteix un enfocament competencial, amb l\u2019objectiu d\u2019ajudar l\u2019alumnat a construir els sabers sobre la base del seu bagatge cultural i de les seves experi\u00e8ncies i coneixements previs.<\/p>\n<p><a href=\"https:\/\/projectes.xtec.cat\/tilc\/wp-content\/uploads\/usu2098\/2022\/12\/Info_Que-integra-una-SD-TILC.png\"><img loading=\"lazy\" decoding=\"async\" class=\"alignleft wp-image-11467 size-full\" src=\"https:\/\/projectes.xtec.cat\/tilc\/wp-content\/uploads\/usu2098\/2022\/12\/Info_Que-integra-una-SD-TILC.png\" alt=\"\" width=\"750\" height=\"800\" srcset=\"https:\/\/projectes.xtec.cat\/tilc\/wp-content\/uploads\/usu2098\/2022\/12\/Info_Que-integra-una-SD-TILC.png 750w, https:\/\/projectes.xtec.cat\/tilc\/wp-content\/uploads\/usu2098\/2022\/12\/Info_Que-integra-una-SD-TILC-281x300.png 281w\" sizes=\"auto, (max-width: 750px) 100vw, 750px\" \/><\/a><\/p>\n<p>&nbsp;<\/p>\n<p>&nbsp;<\/p>\n","protected":false},"excerpt":{"rendered":"<p>Introduir el TILC en la pr\u00e0ctica d\u2019aula no ha d\u2019implicar canviar l\u2019estil personal de fer classe ni tampoc fer un gir en l\u2019orientaci\u00f3 did\u00e0ctica que ha consensuat el centre. Simplement es tracta d\u2019incorporar, en les activitats did\u00e0ctiques, el treball del llenguatge acad\u00e8mic i, per afavorir-ne&hellip;  <a href=\"https:\/\/projectes.xtec.cat\/tilc\/elements-tilc\/com-planificar\/estils-didactics-i-metodologies\/\" title=\"Read Estils did\u00e0ctics i metodologies\">Llegeix m\u00e9s\u00bb<\/a><\/p>\n","protected":false},"author":4,"featured_media":0,"parent":8236,"menu_order":0,"comment_status":"closed","ping_status":"closed","template":"","meta":{"_bbp_topic_count":0,"_bbp_reply_count":0,"_bbp_total_topic_count":0,"_bbp_total_reply_count":0,"_bbp_voice_count":0,"_bbp_anonymous_reply_count":0,"_bbp_topic_count_hidden":0,"_bbp_reply_count_hidden":0,"_bbp_forum_subforum_count":0,"footnotes":""},"class_list":["post-9068","page","type-page","status-publish","hentry"],"post_mailing_queue_ids":[],"_links":{"self":[{"href":"https:\/\/projectes.xtec.cat\/tilc\/wp-json\/wp\/v2\/pages\/9068","targetHints":{"allow":["GET"]}}],"collection":[{"href":"https:\/\/projectes.xtec.cat\/tilc\/wp-json\/wp\/v2\/pages"}],"about":[{"href":"https:\/\/projectes.xtec.cat\/tilc\/wp-json\/wp\/v2\/types\/page"}],"author":[{"embeddable":true,"href":"https:\/\/projectes.xtec.cat\/tilc\/wp-json\/wp\/v2\/users\/4"}],"replies":[{"embeddable":true,"href":"https:\/\/projectes.xtec.cat\/tilc\/wp-json\/wp\/v2\/comments?post=9068"}],"version-history":[{"count":3,"href":"https:\/\/projectes.xtec.cat\/tilc\/wp-json\/wp\/v2\/pages\/9068\/revisions"}],"predecessor-version":[{"id":11793,"href":"https:\/\/projectes.xtec.cat\/tilc\/wp-json\/wp\/v2\/pages\/9068\/revisions\/11793"}],"up":[{"embeddable":true,"href":"https:\/\/projectes.xtec.cat\/tilc\/wp-json\/wp\/v2\/pages\/8236"}],"wp:attachment":[{"href":"https:\/\/projectes.xtec.cat\/tilc\/wp-json\/wp\/v2\/media?parent=9068"}],"curies":[{"name":"wp","href":"https:\/\/api.w.org\/{rel}","templated":true}]}}