{"id":9166,"date":"2021-01-06T16:47:59","date_gmt":"2021-01-06T15:47:59","guid":{"rendered":"https:\/\/projectes.xtec.cat\/tilc\/?page_id=9166"},"modified":"2021-06-16T09:39:23","modified_gmt":"2021-06-16T07:39:23","slug":"multiculturalitat-i-plurilinguisme","status":"publish","type":"page","link":"https:\/\/projectes.xtec.cat\/tilc\/elements-tilc\/que-ensenyar\/multiculturalitat-i-plurilinguisme\/","title":{"rendered":"MULTICULTURALITAT I PLURILING\u00dcISME"},"content":{"rendered":"<p><span style=\"font-weight: 400;\">Les nostres aules s\u2019emmarquen en una societat complexa. Els alumnes conviuen, dins i fora del centre, amb moltes lleng\u00fces i cultures diferents.\u00a0<\/span><\/p>\n<p><span style=\"font-weight: 400;\">Per aix\u00f2, tot l\u2019alumnat ha de desenvolupar compet\u00e8ncies pluriling\u00fces i interculturals, per esdevenir parlants pluriling\u00fces i saber conviure en la societat multicultural<\/span><\/p>\n<p><span style=\"font-weight: 400;\"><a href=\"https:\/\/projectes.xtec.cat\/tilc\/wp-content\/uploads\/usu2098\/2021\/01\/INFO_Habilitats-pluriling\u00fces-i-interculturals.png\"><img loading=\"lazy\" decoding=\"async\" class=\"alignnone size-full wp-image-9186\" src=\"https:\/\/projectes.xtec.cat\/tilc\/wp-content\/uploads\/usu2098\/2021\/01\/INFO_Habilitats-pluriling\u00fces-i-interculturals.png\" alt=\"\" width=\"750\" height=\"800\" srcset=\"https:\/\/projectes.xtec.cat\/tilc\/wp-content\/uploads\/usu2098\/2021\/01\/INFO_Habilitats-pluriling\u00fces-i-interculturals.png 750w, https:\/\/projectes.xtec.cat\/tilc\/wp-content\/uploads\/usu2098\/2021\/01\/INFO_Habilitats-pluriling\u00fces-i-interculturals-281x300.png 281w\" sizes=\"auto, (max-width: 750px) 100vw, 750px\" \/><\/a><\/span><\/p>\n<p>&nbsp;<\/p>\n","protected":false},"excerpt":{"rendered":"<p>Les nostres aules s\u2019emmarquen en una societat complexa. Els alumnes conviuen, dins i fora del centre, amb moltes lleng\u00fces i cultures diferents.\u00a0<br \/>\nPer aix\u00f2, tot l\u2019alumnat ha de desenvolupar compet\u00e8ncies pluriling\u00fces i interculturals, per esdevenir parlants pluriling\u00fces i saber conviure en la societat multicultural<br \/>\n<a href=\"https:\/\/projectes.xtec.cat\/tilc\/wp-content\/uploads\/usu2098\/2021\/01\/INFO_Habilitats-pluriling\u00fces-i-interculturals.png\"><\/a><br \/>\n&nbsp;<\/p>\n","protected":false},"author":3,"featured_media":0,"parent":8382,"menu_order":0,"comment_status":"closed","ping_status":"closed","template":"","meta":{"_bbp_topic_count":0,"_bbp_reply_count":0,"_bbp_total_topic_count":0,"_bbp_total_reply_count":0,"_bbp_voice_count":0,"_bbp_anonymous_reply_count":0,"_bbp_topic_count_hidden":0,"_bbp_reply_count_hidden":0,"_bbp_forum_subforum_count":0,"footnotes":""},"class_list":["post-9166","page","type-page","status-publish","hentry"],"post_mailing_queue_ids":[],"_links":{"self":[{"href":"https:\/\/projectes.xtec.cat\/tilc\/wp-json\/wp\/v2\/pages\/9166","targetHints":{"allow":["GET"]}}],"collection":[{"href":"https:\/\/projectes.xtec.cat\/tilc\/wp-json\/wp\/v2\/pages"}],"about":[{"href":"https:\/\/projectes.xtec.cat\/tilc\/wp-json\/wp\/v2\/types\/page"}],"author":[{"embeddable":true,"href":"https:\/\/projectes.xtec.cat\/tilc\/wp-json\/wp\/v2\/users\/3"}],"replies":[{"embeddable":true,"href":"https:\/\/projectes.xtec.cat\/tilc\/wp-json\/wp\/v2\/comments?post=9166"}],"version-history":[{"count":3,"href":"https:\/\/projectes.xtec.cat\/tilc\/wp-json\/wp\/v2\/pages\/9166\/revisions"}],"predecessor-version":[{"id":9358,"href":"https:\/\/projectes.xtec.cat\/tilc\/wp-json\/wp\/v2\/pages\/9166\/revisions\/9358"}],"up":[{"embeddable":true,"href":"https:\/\/projectes.xtec.cat\/tilc\/wp-json\/wp\/v2\/pages\/8382"}],"wp:attachment":[{"href":"https:\/\/projectes.xtec.cat\/tilc\/wp-json\/wp\/v2\/media?parent=9166"}],"curies":[{"name":"wp","href":"https:\/\/api.w.org\/{rel}","templated":true}]}}