{"id":9175,"date":"2021-01-06T16:53:48","date_gmt":"2021-01-06T15:53:48","guid":{"rendered":"https:\/\/projectes.xtec.cat\/tilc\/?page_id=9175"},"modified":"2021-01-18T14:15:39","modified_gmt":"2021-01-18T13:15:39","slug":"destreses-de-pensament","status":"publish","type":"page","link":"https:\/\/projectes.xtec.cat\/tilc\/elements-tilc\/que-ensenyar\/destreses-de-pensament\/","title":{"rendered":"DESTRESES DE PENSAMENT"},"content":{"rendered":"<p>Les destreses de pensament s\u00f3n operacions mentals que s\u2019activen per respondre a una necessitat concreta: fer plans, prendre decisions, donar sentit a una experi\u00e8ncia o a una informaci\u00f3 nova, resoldre un problema&#8230;<\/p>\n<p>Molts alumnes poden desenvolupar aquestes destreses de manera aut\u00f2noma, per\u00f2 en el TILC \u00e9s convenient estimular-les i acompanyar-les, perqu\u00e8 s\u00f3n operacions necess\u00e0ries per elaborar un producte comunicatiu.<\/p>\n<p>Les destreses cognitives s\u2019expressen amb verbs d\u2019acci\u00f3 (comparar, sintetitzar, definir, relacionar, avaluar, analitzar, seq\u00fcenciar&#8230;) i, en l\u2019aprenentatge, es posen al servei de prop\u00f2sits cognitius concrets; \u00e9s quan parlem d\u2019habilitats cognitives, que poden tenir diferents graus de complexitat: recordar, comprendre, aplicar, analitzar, avaluar i crear.<\/p>\n<p><img decoding=\"async\" src=\"https:\/\/projectes.xtec.cat\/tilc\/wp-content\/uploads\/usu2098\/2021\/01\/Info_Destreses-de-pensament_DEF.png\" \/><\/p>\n","protected":false},"excerpt":{"rendered":"<p>Les destreses de pensament s\u00f3n operacions mentals que s\u2019activen per respondre a una necessitat concreta: fer plans, prendre decisions, donar sentit a una experi\u00e8ncia o a una informaci\u00f3 nova, resoldre un problema&#8230;<br \/>\nMolts alumnes poden desenvolupar aquestes destreses de manera aut\u00f2noma, per\u00f2 en el TILC \u00e9s&hellip;  <a href=\"https:\/\/projectes.xtec.cat\/tilc\/elements-tilc\/que-ensenyar\/destreses-de-pensament\/\" title=\"Read DESTRESES DE PENSAMENT\">Llegeix m\u00e9s\u00bb<\/a><\/p>\n","protected":false},"author":3,"featured_media":0,"parent":8382,"menu_order":0,"comment_status":"closed","ping_status":"closed","template":"","meta":{"_bbp_topic_count":0,"_bbp_reply_count":0,"_bbp_total_topic_count":0,"_bbp_total_reply_count":0,"_bbp_voice_count":0,"_bbp_anonymous_reply_count":0,"_bbp_topic_count_hidden":0,"_bbp_reply_count_hidden":0,"_bbp_forum_subforum_count":0,"footnotes":""},"class_list":["post-9175","page","type-page","status-publish","hentry"],"post_mailing_queue_ids":[],"_links":{"self":[{"href":"https:\/\/projectes.xtec.cat\/tilc\/wp-json\/wp\/v2\/pages\/9175","targetHints":{"allow":["GET"]}}],"collection":[{"href":"https:\/\/projectes.xtec.cat\/tilc\/wp-json\/wp\/v2\/pages"}],"about":[{"href":"https:\/\/projectes.xtec.cat\/tilc\/wp-json\/wp\/v2\/types\/page"}],"author":[{"embeddable":true,"href":"https:\/\/projectes.xtec.cat\/tilc\/wp-json\/wp\/v2\/users\/3"}],"replies":[{"embeddable":true,"href":"https:\/\/projectes.xtec.cat\/tilc\/wp-json\/wp\/v2\/comments?post=9175"}],"version-history":[{"count":3,"href":"https:\/\/projectes.xtec.cat\/tilc\/wp-json\/wp\/v2\/pages\/9175\/revisions"}],"predecessor-version":[{"id":9636,"href":"https:\/\/projectes.xtec.cat\/tilc\/wp-json\/wp\/v2\/pages\/9175\/revisions\/9636"}],"up":[{"embeddable":true,"href":"https:\/\/projectes.xtec.cat\/tilc\/wp-json\/wp\/v2\/pages\/8382"}],"wp:attachment":[{"href":"https:\/\/projectes.xtec.cat\/tilc\/wp-json\/wp\/v2\/media?parent=9175"}],"curies":[{"name":"wp","href":"https:\/\/api.w.org\/{rel}","templated":true}]}}