{"id":9178,"date":"2021-01-06T16:55:18","date_gmt":"2021-01-06T15:55:18","guid":{"rendered":"https:\/\/projectes.xtec.cat\/tilc\/?page_id=9178"},"modified":"2022-02-07T20:34:32","modified_gmt":"2022-02-07T19:34:32","slug":"generes-discursius","status":"publish","type":"page","link":"https:\/\/projectes.xtec.cat\/tilc\/elements-tilc\/que-ensenyar\/generes-discursius\/","title":{"rendered":"G\u00c8NERES DISCURSIUS"},"content":{"rendered":"<p><span style=\"font-weight: 400;\">Quan sorgeix una <\/span><b>necessitat comunicativa<\/b><span style=\"font-weight: 400;\">, la forma que adoptar\u00e0 la comunicaci\u00f3 ser\u00e0 diferent en funci\u00f3 de l\u2019objectiu comunicatiu (<\/span><b>prop\u00f2sit<\/b><span style=\"font-weight: 400;\">), el <\/span><b>context<\/b><span style=\"font-weight: 400;\"> en qu\u00e8 ha sorgit la necessitat, l\u2019<\/span><b>emissor<\/b><span style=\"font-weight: 400;\"> del missatge i l\u2019<\/span><b>audi\u00e8ncia<\/b><span style=\"font-weight: 400;\"> que l\u2019ha de rebre. Aquesta forma \u00e9s el <\/span><b>g\u00e8nere discursiu<\/b><span style=\"font-weight: 400;\">, i inclou el missatge textual (oral o escrit), per\u00f2 tamb\u00e9 el comportament extratextual, i l&#8217;un i l&#8217;altre es condicionen entre si. Per exemple: un p\u00f2ster cient\u00edfic \u00e9s un text escrit, pensat per ser comentat oralment per l\u2019autor i el lector en una trobada presencial, amb l\u2019objectiu de consensuar o replantejar all\u00f2 que s\u2019hi exposa.<\/span><\/p>\n<p><span style=\"font-weight: 400;\">Altres exemples de g\u00e8neres discursius poden ser: una comunicaci\u00f3 en una xarxa social, un debat, un manual d\u2019instruccions, un informe t\u00e8cnic, una not\u00edcia&#8230; Les necessitats comunicatives varien segons els contextos. Per aix\u00f2, constantment sorgeixen g\u00e8neres nous.<\/span><\/p>\n<p><a href=\"https:\/\/projectes.xtec.cat\/tilc\/wp-content\/uploads\/usu2098\/2021\/01\/INFO_G\u00e8neres-discursius.png\"><img loading=\"lazy\" decoding=\"async\" class=\"alignnone size-full wp-image-9616\" src=\"https:\/\/projectes.xtec.cat\/tilc\/wp-content\/uploads\/usu2098\/2021\/01\/INFO_G\u00e8neres-discursius.png\" alt=\"\" width=\"750\" height=\"800\" srcset=\"https:\/\/projectes.xtec.cat\/tilc\/wp-content\/uploads\/usu2098\/2021\/01\/INFO_G\u00e8neres-discursius.png 750w, https:\/\/projectes.xtec.cat\/tilc\/wp-content\/uploads\/usu2098\/2021\/01\/INFO_G\u00e8neres-discursius-281x300.png 281w\" sizes=\"auto, (max-width: 750px) 100vw, 750px\" \/><\/a><\/p>\n<p>&nbsp;<\/p>\n","protected":false},"excerpt":{"rendered":"<p>Quan sorgeix una necessitat comunicativa, la forma que adoptar\u00e0 la comunicaci\u00f3 ser\u00e0 diferent en funci\u00f3 de l\u2019objectiu comunicatiu (prop\u00f2sit), el context en qu\u00e8 ha sorgit la necessitat, l\u2019emissor del missatge i l\u2019audi\u00e8ncia que l\u2019ha de rebre. Aquesta forma \u00e9s el g\u00e8nere discursiu, i inclou el&hellip;  <a href=\"https:\/\/projectes.xtec.cat\/tilc\/elements-tilc\/que-ensenyar\/generes-discursius\/\" title=\"Read G\u00c8NERES DISCURSIUS\">Llegeix m\u00e9s\u00bb<\/a><\/p>\n","protected":false},"author":3,"featured_media":0,"parent":8382,"menu_order":0,"comment_status":"closed","ping_status":"closed","template":"","meta":{"_bbp_topic_count":0,"_bbp_reply_count":0,"_bbp_total_topic_count":0,"_bbp_total_reply_count":0,"_bbp_voice_count":0,"_bbp_anonymous_reply_count":0,"_bbp_topic_count_hidden":0,"_bbp_reply_count_hidden":0,"_bbp_forum_subforum_count":0,"footnotes":""},"class_list":["post-9178","page","type-page","status-publish","hentry"],"post_mailing_queue_ids":[],"_links":{"self":[{"href":"https:\/\/projectes.xtec.cat\/tilc\/wp-json\/wp\/v2\/pages\/9178","targetHints":{"allow":["GET"]}}],"collection":[{"href":"https:\/\/projectes.xtec.cat\/tilc\/wp-json\/wp\/v2\/pages"}],"about":[{"href":"https:\/\/projectes.xtec.cat\/tilc\/wp-json\/wp\/v2\/types\/page"}],"author":[{"embeddable":true,"href":"https:\/\/projectes.xtec.cat\/tilc\/wp-json\/wp\/v2\/users\/3"}],"replies":[{"embeddable":true,"href":"https:\/\/projectes.xtec.cat\/tilc\/wp-json\/wp\/v2\/comments?post=9178"}],"version-history":[{"count":3,"href":"https:\/\/projectes.xtec.cat\/tilc\/wp-json\/wp\/v2\/pages\/9178\/revisions"}],"predecessor-version":[{"id":11014,"href":"https:\/\/projectes.xtec.cat\/tilc\/wp-json\/wp\/v2\/pages\/9178\/revisions\/11014"}],"up":[{"embeddable":true,"href":"https:\/\/projectes.xtec.cat\/tilc\/wp-json\/wp\/v2\/pages\/8382"}],"wp:attachment":[{"href":"https:\/\/projectes.xtec.cat\/tilc\/wp-json\/wp\/v2\/media?parent=9178"}],"curies":[{"name":"wp","href":"https:\/\/api.w.org\/{rel}","templated":true}]}}