{"id":8211,"date":"2017-01-09T18:25:48","date_gmt":"2017-01-09T17:25:48","guid":{"rendered":"http:\/\/agora.xtec.cat\/formacio\/transferinn\/?page_id=8211"},"modified":"2017-12-04T17:36:36","modified_gmt":"2017-12-04T16:36:36","slug":"areas-prioritarias","status":"publish","type":"page","link":"https:\/\/projectes.xtec.cat\/transferinn\/transferinn\/areas-prioritarias\/","title":{"rendered":"\u00c1reas prioritarias"},"content":{"rendered":"<p>El \u00e1mbito de actuaci\u00f3n de los socios participantes en el proyecto se centra en\u00a0la mejora de la competitividad de las empresas desde diferentes\u00a0sectores; a destacar como prioritarios los siguientes:<\/p>\n<table class=\"noborder\" style=\"height: 200px; width: 761px;\">\n<tbody>\n<tr>\n<td style=\"width: 80px;\"><a href=\"http:\/\/google.com?s=energy\"><img loading=\"lazy\" decoding=\"async\" class=\"alignnone size-large wp-image-8471\" src=\"http:\/\/projectes.xtec.cat\/transferinn\/wp-content\/uploads\/usu81\/2017\/01\/Globe-Bulb-48.png\" alt=\"globe-bulb-48\" width=\"48\" height=\"48\" \/><\/a><\/td>\n<td style=\"width: 556px;\"><span style=\"font-size: 14pt;\">Energ\u00eda<\/span><\/td>\n<\/tr>\n<tr>\n<td style=\"width: 80px;\"><a href=\"http:\/\/projectes.xtec.cat\/transferinn\/wp-content\/uploads\/usu81\/2017\/01\/CNC-Machine-48.png\"><img loading=\"lazy\" decoding=\"async\" class=\"alignnone size-large wp-image-8478\" src=\"http:\/\/projectes.xtec.cat\/transferinn\/wp-content\/uploads\/usu81\/2017\/01\/CNC-Machine-48.png\" alt=\"cnc-machine-48\" width=\"48\" height=\"48\" \/><\/a><\/td>\n<td style=\"width: 556px;\"><span style=\"font-size: 14pt;\">Fabricaci\u00f3n avanzada (metal, bienes y equipos, transporte)<\/span><\/td>\n<\/tr>\n<tr>\n<td style=\"width: 80px;\"><a href=\"http:\/\/projectes.xtec.cat\/transferinn\/wp-content\/uploads\/usu81\/2017\/01\/Heart-Health-48.png\"><img loading=\"lazy\" decoding=\"async\" class=\"alignnone size-full wp-image-8470\" src=\"http:\/\/projectes.xtec.cat\/transferinn\/wp-content\/uploads\/usu81\/2017\/01\/Heart-Health-48.png\" alt=\"heart-health-48\" width=\"48\" height=\"48\" \/><\/a><\/td>\n<td style=\"width: 556px;\"><span style=\"font-size: 14pt;\">Biociencias\/salud<\/span><\/td>\n<\/tr>\n<tr>\n<td style=\"width: 80px;\">\u00a0<a href=\"http:\/\/projectes.xtec.cat\/transferinn\/wp-content\/uploads\/usu81\/2017\/01\/Organic-Food-48.png\"><img loading=\"lazy\" decoding=\"async\" class=\"alignnone size-full wp-image-8469\" src=\"http:\/\/projectes.xtec.cat\/transferinn\/wp-content\/uploads\/usu81\/2017\/01\/Organic-Food-48.png\" alt=\"organic-food-48\" width=\"48\" height=\"48\" \/><\/a><\/td>\n<td style=\"width: 556px;\"><span style=\"font-size: 14pt;\">Industria agroalimentaria ligada a la sostenibilidad y al entorno humano.<\/span><\/td>\n<\/tr>\n<\/tbody>\n<\/table>\n<p>En este sentido el proyecto se dirige a\u00a0tres grupos en concreto:<\/p>\n<table class=\"noborder\" style=\"width: 756px;\">\n<tbody>\n<tr>\n<td style=\"width: 67px;\"><a href=\"http:\/\/projectes.xtec.cat\/transferinn\/wp-content\/uploads\/usu81\/2017\/01\/Department-48.png\"><img loading=\"lazy\" decoding=\"async\" class=\"alignnone size-full wp-image-8477\" src=\"http:\/\/projectes.xtec.cat\/transferinn\/wp-content\/uploads\/usu81\/2017\/01\/Department-48.png\" alt=\"department-48\" width=\"48\" height=\"48\" \/><\/a><\/td>\n<td style=\"width: 681px;\">&nbsp;<\/p>\n<p><span style=\"font-size: 12pt;\"><strong>Grupo 1:<\/strong> Microempresas y peque\u00f1as y medianas empresas del \u00e1rea transfronteriza. Espec\u00edficamente microempresas, peque\u00f1as y medianas empresas din\u00e1micas que han desarrollado proyectos de I+D+i pero que no disponen de estrategias ni mecanismos sistem\u00e1ticos de innovaci\u00f3n<\/span><\/td>\n<\/tr>\n<tr>\n<td style=\"width: 67px;\"><a href=\"http:\/\/projectes.xtec.cat\/transferinn\/wp-content\/uploads\/usu81\/2017\/01\/Businessman-48.png\"><img loading=\"lazy\" decoding=\"async\" class=\"alignnone size-full wp-image-8476\" src=\"http:\/\/projectes.xtec.cat\/transferinn\/wp-content\/uploads\/usu81\/2017\/01\/Businessman-48.png\" alt=\"businessman-48\" width=\"48\" height=\"48\" \/><\/a><\/td>\n<td style=\"width: 681px;\"><span style=\"font-size: 12pt;\"><strong><br \/>\nGrupo 2<\/strong>: Emprendedores que dispongan de proyectos de innovaci\u00f3n<\/span><\/td>\n<\/tr>\n<tr>\n<td style=\"width: 67px;\"><a href=\"http:\/\/projectes.xtec.cat\/transferinn\/wp-content\/uploads\/usu81\/2017\/01\/Innovation-48.png\"><img loading=\"lazy\" decoding=\"async\" class=\"alignnone size-full wp-image-8475\" src=\"http:\/\/projectes.xtec.cat\/transferinn\/wp-content\/uploads\/usu81\/2017\/01\/Innovation-48.png\" alt=\"innovation-48\" width=\"48\" height=\"48\" \/><\/a><\/td>\n<td style=\"width: 681px;\">&nbsp;<\/p>\n<p><span style=\"font-size: 12pt;\"><strong>Grupo 3:<\/strong> Personas con inter\u00e9s y capacidades para formarse como Gestores de Innovaci\u00f3n e Internacionalizaci\u00f3n<\/span><\/p>\n<p>&nbsp;<\/td>\n<\/tr>\n<\/tbody>\n<\/table>\n","protected":false},"excerpt":{"rendered":"<p>El \u00e1mbito de actuaci\u00f3n de los socios participantes en el proyecto se centra en\u00a0la mejora de la competitividad de las empresas desde diferentes\u00a0sectores; a destacar como prioritarios los siguientes:<\/p>\n<p><a href=\"http:\/\/google.com?s=energy\"><\/a><br \/>\nEnerg\u00eda<\/p>\n<p><a href=\"http:\/\/projectes.xtec.cat\/transferinn\/wp-content\/uploads\/usu81\/2017\/01\/CNC-Machine-48.png\"><\/a><br \/>\nFabricaci\u00f3n avanzada (metal, bienes y equipos, transporte)<\/p>\n<p><a href=\"http:\/\/projectes.xtec.cat\/transferinn\/wp-content\/uploads\/usu81\/2017\/01\/Heart-Health-48.png\"><\/a><br \/>\nBiociencias\/salud<\/p>\n<p>\u00a0<a href=\"http:\/\/projectes.xtec.cat\/transferinn\/wp-content\/uploads\/usu81\/2017\/01\/Organic-Food-48.png\"><\/a><br \/>\nIndustria agroalimentaria ligada a la sostenibilidad y&hellip;  <a href=\"https:\/\/projectes.xtec.cat\/transferinn\/transferinn\/areas-prioritarias\/\" title=\"Read \u00c1reas prioritarias\">Llegeix m\u00e9s\u00bb<\/a><\/p>\n","protected":false},"author":1,"featured_media":0,"parent":8248,"menu_order":30,"comment_status":"closed","ping_status":"closed","template":"","meta":{"_bbp_topic_count":0,"_bbp_reply_count":0,"_bbp_total_topic_count":0,"_bbp_total_reply_count":0,"_bbp_voice_count":0,"_bbp_anonymous_reply_count":0,"_bbp_topic_count_hidden":0,"_bbp_reply_count_hidden":0,"_bbp_forum_subforum_count":0,"footnotes":""},"class_list":["post-8211","page","type-page","status-publish","hentry"],"post_mailing_queue_ids":[],"_links":{"self":[{"href":"https:\/\/projectes.xtec.cat\/transferinn\/wp-json\/wp\/v2\/pages\/8211","targetHints":{"allow":["GET"]}}],"collection":[{"href":"https:\/\/projectes.xtec.cat\/transferinn\/wp-json\/wp\/v2\/pages"}],"about":[{"href":"https:\/\/projectes.xtec.cat\/transferinn\/wp-json\/wp\/v2\/types\/page"}],"author":[{"embeddable":true,"href":"https:\/\/projectes.xtec.cat\/transferinn\/wp-json\/wp\/v2\/users\/1"}],"replies":[{"embeddable":true,"href":"https:\/\/projectes.xtec.cat\/transferinn\/wp-json\/wp\/v2\/comments?post=8211"}],"version-history":[{"count":1,"href":"https:\/\/projectes.xtec.cat\/transferinn\/wp-json\/wp\/v2\/pages\/8211\/revisions"}],"predecessor-version":[{"id":8950,"href":"https:\/\/projectes.xtec.cat\/transferinn\/wp-json\/wp\/v2\/pages\/8211\/revisions\/8950"}],"up":[{"embeddable":true,"href":"https:\/\/projectes.xtec.cat\/transferinn\/wp-json\/wp\/v2\/pages\/8248"}],"wp:attachment":[{"href":"https:\/\/projectes.xtec.cat\/transferinn\/wp-json\/wp\/v2\/media?parent=8211"}],"curies":[{"name":"wp","href":"https:\/\/api.w.org\/{rel}","templated":true}]}}