{"id":8213,"date":"2017-01-09T18:31:07","date_gmt":"2017-01-09T17:31:07","guid":{"rendered":"http:\/\/agora.xtec.cat\/formacio\/transferinn\/?page_id=8213"},"modified":"2018-01-10T19:18:20","modified_gmt":"2018-01-10T18:18:20","slug":"participantes","status":"publish","type":"page","link":"https:\/\/projectes.xtec.cat\/transferinn\/miembros\/participantes\/","title":{"rendered":"Participantes"},"content":{"rendered":"<p>El proyecto TransferINN pretende generar un ecosistema de innovaci\u00f3n en el \u00e1rea transfronteriza que permita la transferencia del conocimiento existente en Centros Tecnol\u00f3gicos, Universidades, etc. al sector empresarial como mecanismos para facilitar un mayor aprovechamiento de los resultados de la I+D+i.<\/p>\n<p>Los participantes de este proyecto son diversos en funci\u00f3n de su grado de implicaci\u00f3n en el mismo:<\/p>\n<table class=\"noborder\" style=\"height: 200px; width: 806px;\">\n<tbody>\n<tr>\n<td style=\"width: 80px;\"><a href=\"http:\/\/projectes.xtec.cat\/transferinn\/wp-content\/uploads\/usu81\/2017\/02\/Link-Company-Parent.png\"><img loading=\"lazy\" decoding=\"async\" class=\"alignnone size-full wp-image-8520\" src=\"http:\/\/projectes.xtec.cat\/transferinn\/wp-content\/uploads\/usu81\/2017\/02\/Link-Company-Parent.png\" alt=\"link-company-parent\" width=\"100\" height=\"100\" \/><\/a><\/td>\n<td style=\"width: 602px;\"><span style=\"font-size: 12pt;\">Las microempresas, peque\u00f1as y medianas empresas dispondr\u00e1n de un mayor conocimiento de la oferta de servicios de centros tecnol\u00f3gicos y universidades, de manera que podr\u00e1n incorporar herramientas e instrumentos que contribuyan a mejorar su competitividad.<\/span><\/td>\n<\/tr>\n<tr>\n<td style=\"width: 80px;\"><a href=\"http:\/\/projectes.xtec.cat\/transferinn\/wp-content\/uploads\/usu81\/2017\/01\/Microscope.png\"><img loading=\"lazy\" decoding=\"async\" class=\"alignnone size-full wp-image-8521\" src=\"http:\/\/projectes.xtec.cat\/transferinn\/wp-content\/uploads\/usu81\/2017\/01\/Microscope.png\" alt=\"microscope\" width=\"100\" height=\"100\" \/><\/a><\/td>\n<td style=\"width: 602px;\"><span style=\"font-size: 12pt;\">Centros tecnol\u00f3gicos, institutos de formaci\u00f3n profesional y universidades: desarrolladores de investigaciones y estudios innovadores de conocimientos tecnol\u00f3gicos de diversos campos que pueden transferir a las empresas para su comercializaci\u00f3n.<\/span><\/td>\n<\/tr>\n<tr>\n<td style=\"width: 80px;\"><a href=\"http:\/\/projectes.xtec.cat\/transferinn\/wp-content\/uploads\/usu81\/2017\/02\/Einstein.png\"><img loading=\"lazy\" decoding=\"async\" class=\"alignnone size-full wp-image-8523\" src=\"http:\/\/projectes.xtec.cat\/transferinn\/wp-content\/uploads\/usu81\/2017\/02\/Einstein.png\" alt=\"einstein\" width=\"100\" height=\"100\" \/><\/a><\/td>\n<td style=\"width: 602px;\"><span style=\"font-size: 12pt;\">Agentes y gestores de innovaci\u00f3n.<\/span><\/td>\n<\/tr>\n<\/tbody>\n<\/table>\n<p>&nbsp;<\/p>\n<p>&nbsp;<\/p>\n","protected":false},"excerpt":{"rendered":"<p>El proyecto TransferINN pretende generar un ecosistema de innovaci\u00f3n en el \u00e1rea transfronteriza que permita la transferencia del conocimiento existente en Centros Tecnol\u00f3gicos, Universidades, etc. al sector empresarial como mecanismos para facilitar un mayor aprovechamiento de los resultados de la I+D+i.<br \/>\nLos participantes de este proyecto&hellip;  <a href=\"https:\/\/projectes.xtec.cat\/transferinn\/miembros\/participantes\/\" title=\"Read Participantes\">Llegeix m\u00e9s\u00bb<\/a><\/p>\n","protected":false},"author":1,"featured_media":0,"parent":8356,"menu_order":20,"comment_status":"closed","ping_status":"closed","template":"","meta":{"_bbp_topic_count":0,"_bbp_reply_count":0,"_bbp_total_topic_count":0,"_bbp_total_reply_count":0,"_bbp_voice_count":0,"_bbp_anonymous_reply_count":0,"_bbp_topic_count_hidden":0,"_bbp_reply_count_hidden":0,"_bbp_forum_subforum_count":0,"footnotes":""},"class_list":["post-8213","page","type-page","status-publish","hentry"],"post_mailing_queue_ids":[],"_links":{"self":[{"href":"https:\/\/projectes.xtec.cat\/transferinn\/wp-json\/wp\/v2\/pages\/8213","targetHints":{"allow":["GET"]}}],"collection":[{"href":"https:\/\/projectes.xtec.cat\/transferinn\/wp-json\/wp\/v2\/pages"}],"about":[{"href":"https:\/\/projectes.xtec.cat\/transferinn\/wp-json\/wp\/v2\/types\/page"}],"author":[{"embeddable":true,"href":"https:\/\/projectes.xtec.cat\/transferinn\/wp-json\/wp\/v2\/users\/1"}],"replies":[{"embeddable":true,"href":"https:\/\/projectes.xtec.cat\/transferinn\/wp-json\/wp\/v2\/comments?post=8213"}],"version-history":[{"count":2,"href":"https:\/\/projectes.xtec.cat\/transferinn\/wp-json\/wp\/v2\/pages\/8213\/revisions"}],"predecessor-version":[{"id":9016,"href":"https:\/\/projectes.xtec.cat\/transferinn\/wp-json\/wp\/v2\/pages\/8213\/revisions\/9016"}],"up":[{"embeddable":true,"href":"https:\/\/projectes.xtec.cat\/transferinn\/wp-json\/wp\/v2\/pages\/8356"}],"wp:attachment":[{"href":"https:\/\/projectes.xtec.cat\/transferinn\/wp-json\/wp\/v2\/media?parent=8213"}],"curies":[{"name":"wp","href":"https:\/\/api.w.org\/{rel}","templated":true}]}}