{"id":8248,"date":"2017-01-09T19:43:07","date_gmt":"2017-01-09T18:43:07","guid":{"rendered":"http:\/\/agora.xtec.cat\/formacio\/transferinn\/?page_id=8248"},"modified":"2017-07-04T18:00:05","modified_gmt":"2017-07-04T16:00:05","slug":"transferinn","status":"publish","type":"page","link":"https:\/\/projectes.xtec.cat\/transferinn\/transferinn\/","title":{"rendered":"TransferINN (Esp)"},"content":{"rendered":"<p>TransferINN es el acr\u00f3nimo del proyecto \u00ab<em>Generaci\u00f3n de un ecosistema de innovaci\u00f3n para microempresas, peque\u00f1as y medianas empresas y emprendedores basado en la transferencia de conocimiento<\/em>\u00bb<\/p>\n<p>Este proyecto se incluye dentro del programa de la Uni\u00f3n Europea Interreg V-A Espa\u00f1a, Francia, Andorra (POCTEFA 2014-2020) y est\u00e1 cofinanciado al 65% por el Fondo Europeo de Desarrollo Regional (<em>FEDER<\/em>)<\/p>\n<p>El proyecto TransferINN responde al reto de potenciar la innovaci\u00f3n en el \u00e1rea transfronteriza para facilitar el acercamiento de sus regiones a las m\u00e1s avanzadas de la UE. Para ello, debe realizarse un mayor aprovechamiento de los resultados de la I+D+i (explotaci\u00f3n comercial) y favorecer la creaci\u00f3n de redes entre empresas, universidades, centros tecnol\u00f3gicos y otros agentes de innovaci\u00f3n.<\/p>\n","protected":false},"excerpt":{"rendered":"<p>TransferINN es el acr\u00f3nimo del proyecto \u00abGeneraci\u00f3n de un ecosistema de innovaci\u00f3n para microempresas, peque\u00f1as y medianas empresas y emprendedores basado en la transferencia de conocimiento\u00bb<br \/>\nEste proyecto se incluye dentro del programa de la Uni\u00f3n Europea Interreg V-A Espa\u00f1a, Francia, Andorra (POCTEFA 2014-2020) y est\u00e1&hellip;  <a href=\"https:\/\/projectes.xtec.cat\/transferinn\/transferinn\/\" title=\"Read TransferINN (Esp)\">Llegeix m\u00e9s\u00bb<\/a><\/p>\n","protected":false},"author":1,"featured_media":0,"parent":0,"menu_order":0,"comment_status":"closed","ping_status":"closed","template":"","meta":{"_bbp_topic_count":0,"_bbp_reply_count":0,"_bbp_total_topic_count":0,"_bbp_total_reply_count":0,"_bbp_voice_count":0,"_bbp_anonymous_reply_count":0,"_bbp_topic_count_hidden":0,"_bbp_reply_count_hidden":0,"_bbp_forum_subforum_count":0,"footnotes":""},"class_list":["post-8248","page","type-page","status-publish","hentry"],"post_mailing_queue_ids":[],"_links":{"self":[{"href":"https:\/\/projectes.xtec.cat\/transferinn\/wp-json\/wp\/v2\/pages\/8248","targetHints":{"allow":["GET"]}}],"collection":[{"href":"https:\/\/projectes.xtec.cat\/transferinn\/wp-json\/wp\/v2\/pages"}],"about":[{"href":"https:\/\/projectes.xtec.cat\/transferinn\/wp-json\/wp\/v2\/types\/page"}],"author":[{"embeddable":true,"href":"https:\/\/projectes.xtec.cat\/transferinn\/wp-json\/wp\/v2\/users\/1"}],"replies":[{"embeddable":true,"href":"https:\/\/projectes.xtec.cat\/transferinn\/wp-json\/wp\/v2\/comments?post=8248"}],"version-history":[{"count":1,"href":"https:\/\/projectes.xtec.cat\/transferinn\/wp-json\/wp\/v2\/pages\/8248\/revisions"}],"predecessor-version":[{"id":8837,"href":"https:\/\/projectes.xtec.cat\/transferinn\/wp-json\/wp\/v2\/pages\/8248\/revisions\/8837"}],"wp:attachment":[{"href":"https:\/\/projectes.xtec.cat\/transferinn\/wp-json\/wp\/v2\/media?parent=8248"}],"curies":[{"name":"wp","href":"https:\/\/api.w.org\/{rel}","templated":true}]}}