{"id":8282,"date":"2017-01-12T18:37:37","date_gmt":"2017-01-12T17:37:37","guid":{"rendered":"http:\/\/agora.xtec.cat\/formacio\/transferinn\/?page_id=8282"},"modified":"2017-12-04T18:06:08","modified_gmt":"2017-12-04T17:06:08","slug":"socios","status":"publish","type":"page","link":"https:\/\/projectes.xtec.cat\/transferinn\/miembros\/socios\/","title":{"rendered":"Socios"},"content":{"rendered":"<p>Todos los socios de TransferINN disponen de experiencia en materia de formaci\u00f3n y apoyo al sector empresarial, as\u00ed como conocimiento de las empresas y agentes de conocimiento existentes en su territorio. Este conocimiento facilita el establecimiento de redes de transferencia de conocimiento entre los agentes de las diferentes regiones, as\u00ed como la implantaci\u00f3n de din\u00e1micas de innovaci\u00f3n en las empresas.<\/p>\n<p>Los socios, impulsores del proyecto que desarrollan su labor en el \u00e1rea transfronteriza, son los siguientes:<\/p>\n<p><a href=\"http:\/\/www.azarofundazioa.com\/es\/\"><img loading=\"lazy\" decoding=\"async\" class=\"alignnone wp-image-8330\" src=\"http:\/\/projectes.xtec.cat\/transferinn\/wp-content\/uploads\/usu81\/2017\/01\/azaro_logo_berria-e1485774263300.jpg\" alt=\"azaro_logo_berria\" width=\"145\" height=\"64\" \/><\/a><\/p>\n<p>Es\u00a0una entidad sin \u00e1nimo de lucro cuyo objetivo es impulsar la creaci\u00f3n de nuevas empresas y la mejora de la competitividad del tejido empresarial. Dispone de una amplia experiencia en materia de apoyo a las Empresas (incluidas las microempresas y peque\u00f1as y medias empresas) y los emprendedores, as\u00ed como en el desarrollo de din\u00e1micas de promoci\u00f3n de la innovaci\u00f3n empresarial.<\/p>\n<p><a href=\"http:\/\/www.mondragon.edu\/es\"><img loading=\"lazy\" decoding=\"async\" class=\"alignnone wp-image-8335\" src=\"http:\/\/projectes.xtec.cat\/transferinn\/wp-content\/uploads\/usu81\/2017\/01\/logo_Uni_Mondragon.gif\" alt=\"logo_uni_mondragon\" width=\"84\" height=\"64\" \/><\/a><\/p>\n<p>La Universidad de Mondragon es una universidad emprendedora; consciente de que la sociedad necesita personas innovadoras y emprendedoras, dedica gran parte de su esfuerzo a asegurar que sus estudiantes desarrollen un profundo sentido de la innovaci\u00f3n y el esp\u00edritu empresarial. Asimismo, est\u00e1 orientada a la transferencia de conocimientos y por ello ha promovido la creaci\u00f3n de nuevas iniciativas empresariales y la difusi\u00f3n de nuevos servicios, productos y proyectos innovadores para el crecimiento y la sostenibilidad de las organizaciones existentes.<\/p>\n<p><a href=\"http:\/\/ensenyament.gencat.cat\/ca\/inici\/\"><img loading=\"lazy\" decoding=\"async\" class=\"alignnone wp-image-8339\" src=\"http:\/\/projectes.xtec.cat\/transferinn\/wp-content\/uploads\/usu81\/2017\/01\/ensenyament_h3-e1485774174833.jpg\" alt=\"ensenyament_h3\" width=\"172\" height=\"41\" \/><\/a><\/p>\n<p>Es el Departamento competente en materia de Formaci\u00f3n Profesional en Catalunya por lo que dispone de una amplia experiencia en el desarrollo e impartici\u00f3n de contenidos formativos y ha desarrollado diversos proyectos de colaboraci\u00f3n entre el sector educativo y el sector empresarial para el apoyo a la innovaci\u00f3n y transferencia de conocimiento.<\/p>\n<p><a href=\"http:\/\/www.insup.org\/\"><img loading=\"lazy\" decoding=\"async\" class=\"alignnone wp-image-8344\" src=\"http:\/\/projectes.xtec.cat\/transferinn\/wp-content\/uploads\/usu81\/2017\/01\/logo_insup_01.jpg\" alt=\"logo_insup_01\" width=\"90\" height=\"85\" \/><\/a><\/p>\n<p>El Instituto Superior de Formaci\u00f3n Permanente desarrolla acciones de formaci\u00f3n relacionadas con el impulso del esp\u00edritu emprendedor en las personas j\u00f3venes como mecanismo para facilitar su incorporaci\u00f3n al mercado de trabajo.<\/p>\n<p><a href=\"http:\/\/entreprendre.estia.fr\/\"><img loading=\"lazy\" decoding=\"async\" class=\"alignnone wp-image-8342\" src=\"http:\/\/projectes.xtec.cat\/transferinn\/wp-content\/uploads\/usu81\/2017\/01\/estia-entreprendre.jpg\" alt=\"estia-entreprendre\" width=\"120\" height=\"62\" srcset=\"https:\/\/projectes.xtec.cat\/transferinn\/wp-content\/uploads\/usu81\/2017\/01\/estia-entreprendre.jpg 988w, https:\/\/projectes.xtec.cat\/transferinn\/wp-content\/uploads\/usu81\/2017\/01\/estia-entreprendre-300x154.jpg 300w, https:\/\/projectes.xtec.cat\/transferinn\/wp-content\/uploads\/usu81\/2017\/01\/estia-entreprendre-768x395.jpg 768w\" sizes=\"auto, (max-width: 120px) 100vw, 120px\" \/><\/a><\/p>\n<p>Estia-Entreprende es el \u00e1rea del Instituto tecnol\u00f3gico ESTIA (centro de empresas e innovaci\u00f3n -BIC-, dirigida a apoyar a los j\u00f3venes emprendedores y empresas innovadoras y dispone de una amplia relaci\u00f3n con el tejido productivo de su entorno, lo que les proporciona una amplia experiencia en la creaci\u00f3n de empresas innovadoras.<\/p>\n<p><a href=\"http:\/\/www.univ-perp.fr\/\"><img loading=\"lazy\" decoding=\"async\" class=\"alignnone wp-image-8343\" src=\"http:\/\/projectes.xtec.cat\/transferinn\/wp-content\/uploads\/usu81\/2017\/01\/logo.png\" alt=\"logo\" width=\"114\" height=\"61\" \/><\/a><\/p>\n<p>La Universidad de Perpignan dispone de capacidades para impulsar la creaci\u00f3n de empresas, apoyar el desarrollo de unidades de I+D y de proyectos de innovaci\u00f3n as\u00ed como la valorizaci\u00f3n de los resultados de la investigaci\u00f3n. De este modo, cuenta con una amplia relaci\u00f3n con el sector empresarial en el desarrollo de diferentes proyectos de I+D+i \u00a0financiados tanto a nivel regional como nacional y\u00a0europeo.<\/p>\n<p><a href=\"http:\/\/www.ariege-expansion.com\/\"><img loading=\"lazy\" decoding=\"async\" class=\"alignnone wp-image-8345\" src=\"http:\/\/projectes.xtec.cat\/transferinn\/wp-content\/uploads\/usu81\/2017\/01\/logo_ariege-expansion.png\" alt=\"logo_ariege-expansion\" width=\"146\" height=\"37\" \/><\/a><\/p>\n<p>Es la Agencia de Desarrollo Econ\u00f3mico de Ariege y entre sus funciones se encuentra el acompa\u00f1amiento a la innovaci\u00f3n tecnol\u00f3gica y no tecnol\u00f3gica de las empresas de su regi\u00f3n, as\u00ed como el apoyo a la creaci\u00f3n y consolidaci\u00f3n de empresas. Al ser\u00a0miembro de la Red de I+D+i de Midi Pyr\u00e9ene\u00e9s, dispone de un amplio conocimiento y relaci\u00f3n con los principales agentes del territorio.<\/p>\n","protected":false},"excerpt":{"rendered":"<p>Todos los socios de TransferINN disponen de experiencia en materia de formaci\u00f3n y apoyo al sector empresarial, as\u00ed como conocimiento de las empresas y agentes de conocimiento existentes en su territorio. Este conocimiento facilita el establecimiento de redes de transferencia de conocimiento entre los agentes&hellip;  <a href=\"https:\/\/projectes.xtec.cat\/transferinn\/miembros\/socios\/\" title=\"Read Socios\">Llegeix m\u00e9s\u00bb<\/a><\/p>\n","protected":false},"author":1,"featured_media":0,"parent":8356,"menu_order":10,"comment_status":"closed","ping_status":"closed","template":"","meta":{"_bbp_topic_count":0,"_bbp_reply_count":0,"_bbp_total_topic_count":0,"_bbp_total_reply_count":0,"_bbp_voice_count":0,"_bbp_anonymous_reply_count":0,"_bbp_topic_count_hidden":0,"_bbp_reply_count_hidden":0,"_bbp_forum_subforum_count":0,"footnotes":""},"class_list":["post-8282","page","type-page","status-publish","hentry"],"post_mailing_queue_ids":[],"_links":{"self":[{"href":"https:\/\/projectes.xtec.cat\/transferinn\/wp-json\/wp\/v2\/pages\/8282","targetHints":{"allow":["GET"]}}],"collection":[{"href":"https:\/\/projectes.xtec.cat\/transferinn\/wp-json\/wp\/v2\/pages"}],"about":[{"href":"https:\/\/projectes.xtec.cat\/transferinn\/wp-json\/wp\/v2\/types\/page"}],"author":[{"embeddable":true,"href":"https:\/\/projectes.xtec.cat\/transferinn\/wp-json\/wp\/v2\/users\/1"}],"replies":[{"embeddable":true,"href":"https:\/\/projectes.xtec.cat\/transferinn\/wp-json\/wp\/v2\/comments?post=8282"}],"version-history":[{"count":4,"href":"https:\/\/projectes.xtec.cat\/transferinn\/wp-json\/wp\/v2\/pages\/8282\/revisions"}],"predecessor-version":[{"id":8959,"href":"https:\/\/projectes.xtec.cat\/transferinn\/wp-json\/wp\/v2\/pages\/8282\/revisions\/8959"}],"up":[{"embeddable":true,"href":"https:\/\/projectes.xtec.cat\/transferinn\/wp-json\/wp\/v2\/pages\/8356"}],"wp:attachment":[{"href":"https:\/\/projectes.xtec.cat\/transferinn\/wp-json\/wp\/v2\/media?parent=8282"}],"curies":[{"name":"wp","href":"https:\/\/api.w.org\/{rel}","templated":true}]}}