{"id":8802,"date":"2017-07-04T17:46:27","date_gmt":"2017-07-04T15:46:27","guid":{"rendered":"http:\/\/projectes.xtec.cat\/transferinn\/?page_id=8802"},"modified":"2018-06-20T19:48:19","modified_gmt":"2018-06-20T17:48:19","slug":"agenda-dactivitats","status":"publish","type":"page","link":"https:\/\/projectes.xtec.cat\/transferinn\/actualitat\/agenda-dactivitats\/","title":{"rendered":"Agenda d&#8217;activitats"},"content":{"rendered":"<hr \/>\n<p><span style=\"text-decoration: underline;\">Jornada a Torrebesses.\u00a0<span id=\"m_-8239668448970013656:2oq.3\">Nodes<\/span>\u00a0de\u00a0<span id=\"m_-8239668448970013656:2oq.4\">Turisme<\/span>,\u00a0<span id=\"m_-8239668448970013656:2oq.5\">agroalimentari<\/span> i <span id=\"m_-8239668448970013656:2oq.6\">fabricaci\u00f3<\/span> <span id=\"m_-8239668448970013656:2oq.7\">avan\u00e7ada<\/span><br \/>\n<\/span><\/p>\n<p>Data: 13\/06\/2018 i 14\/06\/2018<\/p>\n<p>Lloc: Torrebesses<\/p>\n<hr \/>\n<p><span style=\"text-decoration: underline;\">Reuni\u00f3 de seguiment del projecte TransferINN<br \/>\n<\/span><\/p>\n<p>Data: 14\/03\/2018<\/p>\n<p>Lloc: Markina- Xemein<\/p>\n<hr \/>\n<p><span style=\"text-decoration: underline;\">Jornada del Node de Fabricaci\u00f3 Avan\u00e7ada (grup 1)<br \/>\n<\/span><\/p>\n<p>Data: 14\/03\/2018<\/p>\n<p>Lloc: Markina- Xemein<\/p>\n<hr \/>\n<p><span style=\"text-decoration: underline;\">2a reuni\u00f3 de coordinaci\u00f3 del node Agroalimentari<br \/>\n<\/span><\/p>\n<p>Data: 10\/03\/2018<\/p>\n<p>Lloc: Tarbes<\/p>\n<hr \/>\n<p><span style=\"text-decoration: underline;\">2a reuni\u00f3 de coordinaci\u00f3 del node de Turisme<br \/>\n<\/span><\/p>\n<p>Data: 09\/03\/2018<\/p>\n<p>Lloc: Tarbes<\/p>\n<hr \/>\n<p><span style=\"text-decoration: underline;\">2a Reuni\u00f3 del Node d&#8217;Alimentaci\u00f3 i Turisme<br \/>\n<\/span><\/p>\n<p>Data: 12\/12\/2017<\/p>\n<p>Lloc: Sabadell<\/p>\n<hr \/>\n<p><span style=\"text-decoration: underline;\">Reuni\u00f3 de seguiment del projecte TransferINN<br \/>\n<\/span><\/p>\n<p>Data: Del 27\/09\/2017 al 29\/09\/2017<\/p>\n<p>Lloc: Ariege<\/p>\n<hr \/>\n<p><span style=\"text-decoration: underline;\">1a reuni\u00f3 de coordinaci\u00f3 dels nodes de Turisme, Agroalimentaci\u00f3 i Fabricaci\u00f3 avan\u00e7ada (grup 2)<br \/>\n<\/span><\/p>\n<p>Data: 19\/04\/2017<\/p>\n<p>Lloc: Perpignan<\/p>\n<hr \/>\n<p><span style=\"text-decoration: underline;\">Reuni\u00f3 de seguiment del projecte TransferINN<br \/>\n<\/span><\/p>\n<p>Data: 02\/03\/2017\u00a0i 03\/03\/2017<\/p>\n<p>Lloc: Barcelona<\/p>\n<hr \/>\n<p><span style=\"text-decoration: underline;\">F\u00f2rum amb entitats promotores de la innovaci\u00f3 i internacionalitzaci\u00f3<\/span><\/p>\n<p>Data: 21\/02\/2017<\/p>\n<p>Lloc: Lleida<\/p>\n<hr \/>\n<p><span style=\"text-decoration: underline;\">Jornada de presentaci\u00f3 del projecte TransferINN a les empreses, centres tecnol\u00f2gics i instituts de formaci\u00f3 professional de Catalunya<\/span><\/p>\n<p>Data: 24\/11\/2016<\/p>\n<p>Lloc: Vic<\/p>\n<hr \/>\n<p><span style=\"text-decoration: underline;\">Jornada de Llan\u00e7ament del projecte TransferINN<\/span><\/p>\n<p>Data: 14\/09\/2016<\/p>\n<p>Lloc: Markina &#8211; Xemein<\/p>\n<hr \/>\n","protected":false},"excerpt":{"rendered":"<p>Jornada a Torrebesses.\u00a0Nodes\u00a0de\u00a0Turisme,\u00a0agroalimentari i fabricaci\u00f3 avan\u00e7ada<\/p>\n<p>Data: 13\/06\/2018 i 14\/06\/2018<br \/>\nLloc: Torrebesses<\/p>\n<p>Reuni\u00f3 de seguiment del projecte TransferINN<\/p>\n<p>Data: 14\/03\/2018<br \/>\nLloc: Markina- Xemein<\/p>\n<p>Jornada del Node de Fabricaci\u00f3 Avan\u00e7ada (grup 1)<\/p>\n<p>Data: 14\/03\/2018<br \/>\nLloc: Markina- Xemein<\/p>\n<p>2a reuni\u00f3 de coordinaci\u00f3 del node Agroalimentari<\/p>\n<p>Data: 10\/03\/2018<br \/>\nLloc: Tarbes<\/p>\n<p>2a reuni\u00f3 de coordinaci\u00f3 del node de Turisme<\/p>\n<p>Data: 09\/03\/2018<br \/>\nLloc: Tarbes<\/p>\n<p>2a&hellip;  <a href=\"https:\/\/projectes.xtec.cat\/transferinn\/actualitat\/agenda-dactivitats\/\" title=\"Read Agenda d&#8217;activitats\">Llegeix m\u00e9s\u00bb<\/a><\/p>\n","protected":false},"author":1,"featured_media":0,"parent":8780,"menu_order":20,"comment_status":"closed","ping_status":"closed","template":"","meta":{"_bbp_topic_count":0,"_bbp_reply_count":0,"_bbp_total_topic_count":0,"_bbp_total_reply_count":0,"_bbp_voice_count":0,"_bbp_anonymous_reply_count":0,"_bbp_topic_count_hidden":0,"_bbp_reply_count_hidden":0,"_bbp_forum_subforum_count":0,"footnotes":""},"class_list":["post-8802","page","type-page","status-publish","hentry"],"post_mailing_queue_ids":[],"_links":{"self":[{"href":"https:\/\/projectes.xtec.cat\/transferinn\/wp-json\/wp\/v2\/pages\/8802","targetHints":{"allow":["GET"]}}],"collection":[{"href":"https:\/\/projectes.xtec.cat\/transferinn\/wp-json\/wp\/v2\/pages"}],"about":[{"href":"https:\/\/projectes.xtec.cat\/transferinn\/wp-json\/wp\/v2\/types\/page"}],"author":[{"embeddable":true,"href":"https:\/\/projectes.xtec.cat\/transferinn\/wp-json\/wp\/v2\/users\/1"}],"replies":[{"embeddable":true,"href":"https:\/\/projectes.xtec.cat\/transferinn\/wp-json\/wp\/v2\/comments?post=8802"}],"version-history":[{"count":3,"href":"https:\/\/projectes.xtec.cat\/transferinn\/wp-json\/wp\/v2\/pages\/8802\/revisions"}],"predecessor-version":[{"id":9115,"href":"https:\/\/projectes.xtec.cat\/transferinn\/wp-json\/wp\/v2\/pages\/8802\/revisions\/9115"}],"up":[{"embeddable":true,"href":"https:\/\/projectes.xtec.cat\/transferinn\/wp-json\/wp\/v2\/pages\/8780"}],"wp:attachment":[{"href":"https:\/\/projectes.xtec.cat\/transferinn\/wp-json\/wp\/v2\/media?parent=8802"}],"curies":[{"name":"wp","href":"https:\/\/api.w.org\/{rel}","templated":true}]}}