{"id":8827,"date":"2017-07-04T17:56:08","date_gmt":"2017-07-04T15:56:08","guid":{"rendered":"http:\/\/projectes.xtec.cat\/transferinn\/?page_id=8827"},"modified":"2018-01-10T19:09:52","modified_gmt":"2018-01-10T18:09:52","slug":"socis","status":"publish","type":"page","link":"https:\/\/projectes.xtec.cat\/transferinn\/membres-2\/socis\/","title":{"rendered":"Socis"},"content":{"rendered":"<p>Tots els socis de TransferINN disposen d&#8217;experi\u00e8ncia en mat\u00e8ria de formaci\u00f3 i suport al sector empresarial, aix\u00ed com coneixement de les empreses i agents de coneixement existents en el seu territori. Aquest\u00a0coneixement facilita l&#8217;establiment de xarxes de transfer\u00e8ncia de coneixement entre els agents de les diferents regions, aix\u00ed com la implantaci\u00f3 de din\u00e0miques d&#8217;innovaci\u00f3 en les empreses.<\/p>\n<p>Els socis, impulsors del projecte que desenvolupen la seva\u00a0tasca a\u00a0l&#8217;\u00e0rea transfronterera, s\u00f3n els seg\u00fcents:<\/p>\n<p><a href=\"http:\/\/www.azarofundazioa.com\/es\/\"><img loading=\"lazy\" decoding=\"async\" class=\"alignnone wp-image-8330\" src=\"http:\/\/projectes.xtec.cat\/transferinn\/wp-content\/uploads\/usu81\/2017\/01\/azaro_logo_berria-e1485774263300.jpg\" alt=\"azaro_logo_berria\" width=\"145\" height=\"64\" \/><\/a><\/p>\n<p>Es\u00a0una entitat sense \u00e0nim de lucre\u00a0l&#8217;objectiu de la qual\u00a0\u00e9s impulsar la creaci\u00f3 de noves empreses i la millora de la competitivitat del teixit empresarial. Disposa d&#8217;una \u00e0mplia experi\u00e0ncia en mat\u00e8ria de\u00a0suport a les Empreses (incloses les microempreses i petites i mitjanes empreses) i els emprenedors, aix\u00ed com en el desenvolupament de din\u00e0miques de promoci\u00f3 de la innovaci\u00f3. empresarial.<\/p>\n<p><a href=\"http:\/\/www.mondragon.edu\/es\"><img loading=\"lazy\" decoding=\"async\" class=\"alignnone wp-image-8335\" src=\"http:\/\/projectes.xtec.cat\/transferinn\/wp-content\/uploads\/usu81\/2017\/01\/logo_Uni_Mondragon.gif\" alt=\"logo_uni_mondragon\" width=\"84\" height=\"64\" \/><\/a><\/p>\n<p>La Universitat de Mondragon es una universitat emprenedora; conscient de qu\u00e8 la\u00a0societat\u00a0necessita persones innovadores\u00a0i emprenedores, dedica gran part del seu esfor\u00e7 a assegurar que els seus estudiants desenvolupin un profund sentit de la innovaci\u00f3 i l&#8217;esperit empresarial. Tanmateix, est\u00e0 orientada a la transfer\u00e8ncia de coneixements i per aix\u00f2 ha promogut la creaci\u00f3 de noves iniciatives empresarials i la difusi\u00f3 de nous serveis, productes\u00a0i projectes innovadors per al creixement i la sostenibilitat de les organitzacions existents.<\/p>\n<p><a href=\"http:\/\/ensenyament.gencat.cat\/ca\/inici\/\"><img loading=\"lazy\" decoding=\"async\" class=\"alignnone wp-image-8339\" src=\"http:\/\/projectes.xtec.cat\/transferinn\/wp-content\/uploads\/usu81\/2017\/01\/ensenyament_h3-e1485774174833.jpg\" alt=\"ensenyament_h3\" width=\"172\" height=\"41\" \/><\/a><\/p>\n<p>Es el Departament competent en mat\u00e8ria de Formaci\u00f3 Professional en Catalunya per la qual cosa disposa d&#8217;una \u00e0mplia experi\u00e8ncia en el desenvolupament i impartici\u00f3 de continguts formatius i ha desenvolupat diversos projectes de col\u00b7laboraci\u00f3 entre el sector educatiu i el sector empresarial per al suport\u00a0a la innovaci\u00f3 i transfer\u00e8ncia de coneixement.<\/p>\n<p><a href=\"http:\/\/www.insup.org\/\"><img loading=\"lazy\" decoding=\"async\" class=\"alignnone wp-image-8344\" src=\"http:\/\/projectes.xtec.cat\/transferinn\/wp-content\/uploads\/usu81\/2017\/01\/logo_insup_01.jpg\" alt=\"logo_insup_01\" width=\"90\" height=\"85\" \/><\/a><\/p>\n<p>L&#8217;Institut Superior de Formaci\u00f3 Permanent desenvolupa accions de formaci\u00f3 relacionades amb l&#8217;impuls de l&#8217;esperit emprenedor en les persones joves com a mecanisme per facilitar la seva incorporaci\u00f3 al mercat de treball.<\/p>\n<p><a href=\"http:\/\/entreprendre.estia.fr\/\"><img loading=\"lazy\" decoding=\"async\" class=\"alignnone wp-image-8342\" src=\"http:\/\/projectes.xtec.cat\/transferinn\/wp-content\/uploads\/usu81\/2017\/01\/estia-entreprendre.jpg\" alt=\"estia-entreprendre\" width=\"120\" height=\"62\" srcset=\"https:\/\/projectes.xtec.cat\/transferinn\/wp-content\/uploads\/usu81\/2017\/01\/estia-entreprendre.jpg 988w, https:\/\/projectes.xtec.cat\/transferinn\/wp-content\/uploads\/usu81\/2017\/01\/estia-entreprendre-300x154.jpg 300w, https:\/\/projectes.xtec.cat\/transferinn\/wp-content\/uploads\/usu81\/2017\/01\/estia-entreprendre-768x395.jpg 768w\" sizes=\"auto, (max-width: 120px) 100vw, 120px\" \/><\/a><\/p>\n<p>Estia-Entreprende \u00e9s el&#8217;\u00e0rea de l&#8217;Institut tecnol\u00f2gic ESTIA (centre d&#8217;empreses i innovaci\u00f3 -BIC-, dirigida a\u00a0donar suport als joves\u00a0emprenedors i empreses innovadores i disposa d&#8217;una \u00e0mplia relaci\u00f3\u00a0amb el teixit productiu del seu entorn, la qual cosa els proporciona una \u00e0mplia experi\u00e8ncia en la creaci\u00f3 d&#8217;empreses innovadores.<\/p>\n<p><a href=\"http:\/\/www.univ-perp.fr\/\"><img loading=\"lazy\" decoding=\"async\" class=\"alignnone wp-image-8343\" src=\"http:\/\/projectes.xtec.cat\/transferinn\/wp-content\/uploads\/usu81\/2017\/01\/logo.png\" alt=\"logo\" width=\"114\" height=\"61\" \/><\/a><\/p>\n<p>La Universitat\u00a0de Perpignan disposa de capacitats per impulsar la creaci\u00f3 d&#8217;empreses,\u00a0donar suport al desenvolupament\u00a0d&#8217;unitats de I+D\u00a0i de projectes d&#8217;innovaci\u00f3 aix\u00ed com la donar valor als\u00a0resultats de la investigaci\u00f3. D&#8217;aquesta forma, compta amb una extensa\u00a0relaci\u00f3\u00a0amb el sector empresarial en el desenvolupament de diferents projectes de I+D+i \u00a0finan\u00e7ats tant a nivell regional com nacional\u00a0i europeu.<\/p>\n<p><a href=\"http:\/\/www.ariege-expansion.com\/\"><img loading=\"lazy\" decoding=\"async\" class=\"alignnone wp-image-8345\" src=\"http:\/\/projectes.xtec.cat\/transferinn\/wp-content\/uploads\/usu81\/2017\/01\/logo_ariege-expansion.png\" alt=\"logo_ariege-expansion\" width=\"146\" height=\"37\" \/><\/a><\/p>\n<p>Es l&#8217;Ag\u00e8ncia de Desenvolupament Econ\u00f2mic de Ariege\u00a0i entre\u00a0les seves funcions\u00a0es troba\u00a0l&#8217;acompanyament a la innovaci\u00f3 tecnol\u00f2gica\u00a0i no tecnol\u00f2gica de les empreses de la seva regi\u00f3, aix\u00ed com el\u00a0suport a la creaci\u00f3 i consolidaci\u00f3 d&#8217;empreses. En ser\u00a0membre de la\u00a0Xarxa de I+D+i de Midi Pyr\u00e9ene\u00e9s,\u00a0posseeix d&#8217;un ampli coneixement i relaci\u00f3\u00a0amb els principals agents del territori.<\/p>\n","protected":false},"excerpt":{"rendered":"<p>Tots els socis de TransferINN disposen d&#8217;experi\u00e8ncia en mat\u00e8ria de formaci\u00f3 i suport al sector empresarial, aix\u00ed com coneixement de les empreses i agents de coneixement existents en el seu territori. Aquest\u00a0coneixement facilita l&#8217;establiment de xarxes de transfer\u00e8ncia de coneixement entre els agents de les&hellip;  <a href=\"https:\/\/projectes.xtec.cat\/transferinn\/membres-2\/socis\/\" title=\"Read Socis\">Llegeix m\u00e9s\u00bb<\/a><\/p>\n","protected":false},"author":1,"featured_media":0,"parent":8821,"menu_order":10,"comment_status":"closed","ping_status":"closed","template":"","meta":{"_bbp_topic_count":0,"_bbp_reply_count":0,"_bbp_total_topic_count":0,"_bbp_total_reply_count":0,"_bbp_voice_count":0,"_bbp_anonymous_reply_count":0,"_bbp_topic_count_hidden":0,"_bbp_reply_count_hidden":0,"_bbp_forum_subforum_count":0,"footnotes":""},"class_list":["post-8827","page","type-page","status-publish","hentry"],"post_mailing_queue_ids":[],"_links":{"self":[{"href":"https:\/\/projectes.xtec.cat\/transferinn\/wp-json\/wp\/v2\/pages\/8827","targetHints":{"allow":["GET"]}}],"collection":[{"href":"https:\/\/projectes.xtec.cat\/transferinn\/wp-json\/wp\/v2\/pages"}],"about":[{"href":"https:\/\/projectes.xtec.cat\/transferinn\/wp-json\/wp\/v2\/types\/page"}],"author":[{"embeddable":true,"href":"https:\/\/projectes.xtec.cat\/transferinn\/wp-json\/wp\/v2\/users\/1"}],"replies":[{"embeddable":true,"href":"https:\/\/projectes.xtec.cat\/transferinn\/wp-json\/wp\/v2\/comments?post=8827"}],"version-history":[{"count":3,"href":"https:\/\/projectes.xtec.cat\/transferinn\/wp-json\/wp\/v2\/pages\/8827\/revisions"}],"predecessor-version":[{"id":8960,"href":"https:\/\/projectes.xtec.cat\/transferinn\/wp-json\/wp\/v2\/pages\/8827\/revisions\/8960"}],"up":[{"embeddable":true,"href":"https:\/\/projectes.xtec.cat\/transferinn\/wp-json\/wp\/v2\/pages\/8821"}],"wp:attachment":[{"href":"https:\/\/projectes.xtec.cat\/transferinn\/wp-json\/wp\/v2\/media?parent=8827"}],"curies":[{"name":"wp","href":"https:\/\/api.w.org\/{rel}","templated":true}]}}