{"id":8840,"date":"2017-07-04T18:01:12","date_gmt":"2017-07-04T16:01:12","guid":{"rendered":"http:\/\/projectes.xtec.cat\/transferinn\/?page_id=8840"},"modified":"2017-12-04T18:42:11","modified_gmt":"2017-12-04T17:42:11","slug":"transferinn-cat","status":"publish","type":"page","link":"https:\/\/projectes.xtec.cat\/transferinn\/transferinn-cat\/","title":{"rendered":"TransferINN (Cat)"},"content":{"rendered":"<p>TransferINN \u00e9s l&#8217;acr\u00f2nim del projecte \u00ab<em>Generaci\u00f3n de un ecosistema de innovaci\u00f3n para microempresas, peque\u00f1as y medianas empresas y emprendedores basado en la transferencia de conocimiento<\/em>\u00bb<\/p>\n<p>Aquest\u00a0projecte s&#8217;inclou dins del programa de la Uni\u00f3 Europea Interreg V-A Espanya, Fran\u00e7a, Andorra (POCTEFA 2014-2020)\u00a0i est\u00e0 cofinan\u00e7at al 65% pel Fons Europeu de Desenvolupament Regional (<em>FEDER<\/em>)<\/p>\n<p>El projecte TransferINN respon al repte de potenciar la innovaci\u00f3\u00a0a\u00a0l&#8217;\u00e0rea transfronterera per facilitar\u00a0l&#8217;apropament\u00a0de les seves regions a les m\u00e9s avan\u00e7ades de la UE. Per aconseguir-ho,\u00a0ha de realitzar-se\u00a0un major aprofitament dels resultats de la I+D+i (explotaci\u00f3 comercial)\u00a0i afavorir\u00a0la creaci\u00f3 de\u00a0xarxes entre empreses, universitats, centres tecnol\u00f2gics\u00a0i\u00a0d&#8217;altres agents d&#8217;iinnovaci\u00f3.<\/p>\n","protected":false},"excerpt":{"rendered":"<p>TransferINN \u00e9s l&#8217;acr\u00f2nim del projecte \u00abGeneraci\u00f3n de un ecosistema de innovaci\u00f3n para microempresas, peque\u00f1as y medianas empresas y emprendedores basado en la transferencia de conocimiento\u00bb<br \/>\nAquest\u00a0projecte s&#8217;inclou dins del programa de la Uni\u00f3 Europea Interreg V-A Espanya, Fran\u00e7a, Andorra (POCTEFA 2014-2020)\u00a0i est\u00e0 cofinan\u00e7at al 65% pel&hellip;  <a href=\"https:\/\/projectes.xtec.cat\/transferinn\/transferinn-cat\/\" title=\"Read TransferINN (Cat)\">Llegeix m\u00e9s\u00bb<\/a><\/p>\n","protected":false},"author":1,"featured_media":0,"parent":0,"menu_order":0,"comment_status":"closed","ping_status":"closed","template":"","meta":{"_bbp_topic_count":0,"_bbp_reply_count":0,"_bbp_total_topic_count":0,"_bbp_total_reply_count":0,"_bbp_voice_count":0,"_bbp_anonymous_reply_count":0,"_bbp_topic_count_hidden":0,"_bbp_reply_count_hidden":0,"_bbp_forum_subforum_count":0,"footnotes":""},"class_list":["post-8840","page","type-page","status-publish","hentry"],"post_mailing_queue_ids":[],"_links":{"self":[{"href":"https:\/\/projectes.xtec.cat\/transferinn\/wp-json\/wp\/v2\/pages\/8840","targetHints":{"allow":["GET"]}}],"collection":[{"href":"https:\/\/projectes.xtec.cat\/transferinn\/wp-json\/wp\/v2\/pages"}],"about":[{"href":"https:\/\/projectes.xtec.cat\/transferinn\/wp-json\/wp\/v2\/types\/page"}],"author":[{"embeddable":true,"href":"https:\/\/projectes.xtec.cat\/transferinn\/wp-json\/wp\/v2\/users\/1"}],"replies":[{"embeddable":true,"href":"https:\/\/projectes.xtec.cat\/transferinn\/wp-json\/wp\/v2\/comments?post=8840"}],"version-history":[{"count":2,"href":"https:\/\/projectes.xtec.cat\/transferinn\/wp-json\/wp\/v2\/pages\/8840\/revisions"}],"predecessor-version":[{"id":8971,"href":"https:\/\/projectes.xtec.cat\/transferinn\/wp-json\/wp\/v2\/pages\/8840\/revisions\/8971"}],"wp:attachment":[{"href":"https:\/\/projectes.xtec.cat\/transferinn\/wp-json\/wp\/v2\/media?parent=8840"}],"curies":[{"name":"wp","href":"https:\/\/api.w.org\/{rel}","templated":true}]}}