{"id":8846,"date":"2017-07-04T18:03:08","date_gmt":"2017-07-04T16:03:08","guid":{"rendered":"http:\/\/projectes.xtec.cat\/transferinn\/?page_id=8846"},"modified":"2017-12-04T17:05:11","modified_gmt":"2017-12-04T16:05:11","slug":"objectiu","status":"publish","type":"page","link":"https:\/\/projectes.xtec.cat\/transferinn\/transferinn-cat\/objectiu\/","title":{"rendered":"Objectiu"},"content":{"rendered":"<p>L&#8217;objectiu \u00e9s generar un ecosistema d&#8217;innovaci\u00f3 a la zona trasfronterera que permeti la transfer\u00e8ncia del coneixement disponible en universitats, centre de Fomraci\u00f3 Professional, centre tecnol\u00f2gics, laboratoris, etc. a les microempreses, petites i mitjanes empreses i emprenedors.<br \/>\n<a href=\"http:\/\/projectes.xtec.cat\/transferinn\/wp-content\/uploads\/usu81\/2017\/01\/ecosistemainnovacion.jpg\"><img loading=\"lazy\" decoding=\"async\" class=\"alignnone size-full wp-image-8231\" src=\"http:\/\/projectes.xtec.cat\/transferinn\/wp-content\/uploads\/usu81\/2017\/01\/ecosistemainnovacion.jpg\" alt=\"\" width=\"719\" height=\"348\" srcset=\"https:\/\/projectes.xtec.cat\/transferinn\/wp-content\/uploads\/usu81\/2017\/01\/ecosistemainnovacion.jpg 719w, https:\/\/projectes.xtec.cat\/transferinn\/wp-content\/uploads\/usu81\/2017\/01\/ecosistemainnovacion-300x145.jpg 300w\" sizes=\"auto, (max-width: 719px) 100vw, 719px\" \/><\/a><\/p>\n<p>Es tracta de treballar amb aquelles empreses que, tot i que realitzin activitats de I+ D + i, no l&#8217;efectuen de forma sistem\u00e0tica ni disposen d&#8217;estrat\u00e8gies d&#8217;innovaci\u00f3. Aquestes requereixen recolzament extern que els possibiliti impulsar din\u00e0miques d&#8217;innovaci\u00f3 i establir relacions amb centre de coneixement i innovaci\u00f3 que permetin millorar la seva competittivitat empresarial.<\/p>\n<p>Es desitja facilitar a aquestes empreses la generaci\u00f3 de forma continuada de projectes d&#8217;innovaci\u00f3.<\/p>\n","protected":false},"excerpt":{"rendered":"<p>L&#8217;objectiu \u00e9s generar un ecosistema d&#8217;innovaci\u00f3 a la zona trasfronterera que permeti la transfer\u00e8ncia del coneixement disponible en universitats, centre de Fomraci\u00f3 Professional, centre tecnol\u00f2gics, laboratoris, etc. a les microempreses, petites i mitjanes empreses i emprenedors.<br \/>\n<a href=\"http:\/\/projectes.xtec.cat\/transferinn\/wp-content\/uploads\/usu81\/2017\/01\/ecosistemainnovacion.jpg\"><\/a><br \/>\nEs tracta de treballar amb aquelles empreses que, tot&hellip;  <a href=\"https:\/\/projectes.xtec.cat\/transferinn\/transferinn-cat\/objectiu\/\" title=\"Read Objectiu\">Llegeix m\u00e9s\u00bb<\/a><\/p>\n","protected":false},"author":1,"featured_media":0,"parent":8840,"menu_order":10,"comment_status":"closed","ping_status":"closed","template":"","meta":{"_bbp_topic_count":0,"_bbp_reply_count":0,"_bbp_total_topic_count":0,"_bbp_total_reply_count":0,"_bbp_voice_count":0,"_bbp_anonymous_reply_count":0,"_bbp_topic_count_hidden":0,"_bbp_reply_count_hidden":0,"_bbp_forum_subforum_count":0,"footnotes":""},"class_list":["post-8846","page","type-page","status-publish","hentry"],"post_mailing_queue_ids":[],"_links":{"self":[{"href":"https:\/\/projectes.xtec.cat\/transferinn\/wp-json\/wp\/v2\/pages\/8846","targetHints":{"allow":["GET"]}}],"collection":[{"href":"https:\/\/projectes.xtec.cat\/transferinn\/wp-json\/wp\/v2\/pages"}],"about":[{"href":"https:\/\/projectes.xtec.cat\/transferinn\/wp-json\/wp\/v2\/types\/page"}],"author":[{"embeddable":true,"href":"https:\/\/projectes.xtec.cat\/transferinn\/wp-json\/wp\/v2\/users\/1"}],"replies":[{"embeddable":true,"href":"https:\/\/projectes.xtec.cat\/transferinn\/wp-json\/wp\/v2\/comments?post=8846"}],"version-history":[{"count":3,"href":"https:\/\/projectes.xtec.cat\/transferinn\/wp-json\/wp\/v2\/pages\/8846\/revisions"}],"predecessor-version":[{"id":8939,"href":"https:\/\/projectes.xtec.cat\/transferinn\/wp-json\/wp\/v2\/pages\/8846\/revisions\/8939"}],"up":[{"embeddable":true,"href":"https:\/\/projectes.xtec.cat\/transferinn\/wp-json\/wp\/v2\/pages\/8840"}],"wp:attachment":[{"href":"https:\/\/projectes.xtec.cat\/transferinn\/wp-json\/wp\/v2\/media?parent=8846"}],"curies":[{"name":"wp","href":"https:\/\/api.w.org\/{rel}","templated":true}]}}