{"id":8852,"date":"2017-07-04T18:06:54","date_gmt":"2017-07-04T16:06:54","guid":{"rendered":"http:\/\/projectes.xtec.cat\/transferinn\/?page_id=8852"},"modified":"2017-12-04T17:23:14","modified_gmt":"2017-12-04T16:23:14","slug":"descripcio","status":"publish","type":"page","link":"https:\/\/projectes.xtec.cat\/transferinn\/transferinn-cat\/descripcio\/","title":{"rendered":"Descripci\u00f3"},"content":{"rendered":"<p>L&#8217;\u00e0rea transfronterera Espa\u00f1a-Fran\u00e7a-Andorra es caracteritza per estar constitu\u00efda per regions catalogades com \u00abseguidores\u00bb en mat\u00e8ria d&#8217;innovaci\u00f3 en el <em>Regional Innovation Scoreboard.<\/em><\/p>\n<p><a href=\"http:\/\/projectes.xtec.cat\/transferinn\/wp-content\/uploads\/usu81\/2017\/01\/areatransfronteriza.jpg\"><img loading=\"lazy\" decoding=\"async\" class=\"size-large wp-image-8233 alignleft\" src=\"http:\/\/projectes.xtec.cat\/transferinn\/wp-content\/uploads\/usu81\/2017\/01\/areatransfronteriza-1024x966.jpg\" alt=\"\" width=\"267\" height=\"252\" srcset=\"https:\/\/projectes.xtec.cat\/transferinn\/wp-content\/uploads\/usu81\/2017\/01\/areatransfronteriza-1024x966.jpg 1024w, https:\/\/projectes.xtec.cat\/transferinn\/wp-content\/uploads\/usu81\/2017\/01\/areatransfronteriza-300x283.jpg 300w, https:\/\/projectes.xtec.cat\/transferinn\/wp-content\/uploads\/usu81\/2017\/01\/areatransfronteriza-768x725.jpg 768w, https:\/\/projectes.xtec.cat\/transferinn\/wp-content\/uploads\/usu81\/2017\/01\/areatransfronteriza.jpg 1634w\" sizes=\"auto, (max-width: 267px) 100vw, 267px\" \/><\/a>El projecte TransferINN respon al repte de potenciar la innovaci\u00f3\u00a0a l&#8217;\u00e0rea trasfronterera per facilitar l&#8217;aproximaci\u00f3 de les seves regions a les m\u00e9s avan\u00e7ades de la UE. Amb aquest objectiu, ha de realitzar-se un major profit dels resultats de la I+D+i (explotaci\u00f3 comercial)\u00a0i afavorir\u00a0la creaci\u00f3 de\u00a0xarxes entre empreses, universitats, centres de formaci\u00f3 professional, centres tecnol\u00f2gics i d&#8217;altres agents d&#8217;innovaci\u00f3.<\/p>\n<p>&nbsp;<\/p>\n<p>El desenvolupament d&#8217;aquest projecte al llarg de l&#8217;\u00e0rea trasfronterera\u00a0 permetr\u00e0 establir relacions entre empreses, centres tecnol\u00f2gics\u00a0 i d&#8217;investigaci\u00f3, universitats i centres de formaci\u00f3 professional de manera que puguin desenvolupar projectes col\u00b7laboratius i aprofitar el coneixement generat en les diferents \u00e0rees geogr\u00e0fiques i sectorials. El projecte pret\u00e9n impulsar l&#8217;establiment d&#8217;acords de col\u00b7laboraci\u00f3 entre empreses i els centres de coneixement.<\/p>\n<p>TransferINN pret\u00e9n fomentar l&#8217;explotaci\u00f3 comercial dels resultats de la investigaci\u00f3, aix\u00ed com generar estructures en xarxa entre empreses, centres tecnol\u00f2gics, universitats, centres de formaci\u00f3 professional i d&#8217;altres agents d&#8217;innovaci\u00f3 que permetin la transfer\u00e8ncia de tecnologia\u00a0i de coneixement. D&#8217;aquesta forma, el projecte es troba alineat\u00a0amb\u00a0els reptes i necessitats identificades a l&#8217;\u00e0rea\u00a0trasfronterera\u00a0.<\/p>\n","protected":false},"excerpt":{"rendered":"<p>L&#8217;\u00e0rea transfronterera Espa\u00f1a-Fran\u00e7a-Andorra es caracteritza per estar constitu\u00efda per regions catalogades com \u00abseguidores\u00bb en mat\u00e8ria d&#8217;innovaci\u00f3 en el Regional Innovation Scoreboard.<br \/>\n<a href=\"http:\/\/projectes.xtec.cat\/transferinn\/wp-content\/uploads\/usu81\/2017\/01\/areatransfronteriza.jpg\"><\/a>El projecte TransferINN respon al repte de potenciar la innovaci\u00f3\u00a0a l&#8217;\u00e0rea trasfronterera per facilitar l&#8217;aproximaci\u00f3 de les seves regions a les m\u00e9s avan\u00e7ades de&hellip;  <a href=\"https:\/\/projectes.xtec.cat\/transferinn\/transferinn-cat\/descripcio\/\" title=\"Read Descripci\u00f3\">Llegeix m\u00e9s\u00bb<\/a><\/p>\n","protected":false},"author":1,"featured_media":0,"parent":8840,"menu_order":20,"comment_status":"closed","ping_status":"closed","template":"","meta":{"_bbp_topic_count":0,"_bbp_reply_count":0,"_bbp_total_topic_count":0,"_bbp_total_reply_count":0,"_bbp_voice_count":0,"_bbp_anonymous_reply_count":0,"_bbp_topic_count_hidden":0,"_bbp_reply_count_hidden":0,"_bbp_forum_subforum_count":0,"footnotes":""},"class_list":["post-8852","page","type-page","status-publish","hentry"],"post_mailing_queue_ids":[],"_links":{"self":[{"href":"https:\/\/projectes.xtec.cat\/transferinn\/wp-json\/wp\/v2\/pages\/8852","targetHints":{"allow":["GET"]}}],"collection":[{"href":"https:\/\/projectes.xtec.cat\/transferinn\/wp-json\/wp\/v2\/pages"}],"about":[{"href":"https:\/\/projectes.xtec.cat\/transferinn\/wp-json\/wp\/v2\/types\/page"}],"author":[{"embeddable":true,"href":"https:\/\/projectes.xtec.cat\/transferinn\/wp-json\/wp\/v2\/users\/1"}],"replies":[{"embeddable":true,"href":"https:\/\/projectes.xtec.cat\/transferinn\/wp-json\/wp\/v2\/comments?post=8852"}],"version-history":[{"count":3,"href":"https:\/\/projectes.xtec.cat\/transferinn\/wp-json\/wp\/v2\/pages\/8852\/revisions"}],"predecessor-version":[{"id":8943,"href":"https:\/\/projectes.xtec.cat\/transferinn\/wp-json\/wp\/v2\/pages\/8852\/revisions\/8943"}],"up":[{"embeddable":true,"href":"https:\/\/projectes.xtec.cat\/transferinn\/wp-json\/wp\/v2\/pages\/8840"}],"wp:attachment":[{"href":"https:\/\/projectes.xtec.cat\/transferinn\/wp-json\/wp\/v2\/media?parent=8852"}],"curies":[{"name":"wp","href":"https:\/\/api.w.org\/{rel}","templated":true}]}}