{"id":797,"date":"2015-11-28T21:06:57","date_gmt":"2015-11-28T20:06:57","guid":{"rendered":"http:\/\/projectes.xtec.cat\/transformaciodigital\/?page_id=797"},"modified":"2019-09-25T10:38:13","modified_gmt":"2019-09-25T08:38:13","slug":"presentacio","status":"publish","type":"page","link":"https:\/\/projectes.xtec.cat\/transformaciodigital\/el-projecte\/presentacio\/","title":{"rendered":"El pla de Transformaci\u00f3 Digital"},"content":{"rendered":"<h3><\/h3>\n<div class=\"no-overflow\">\n<p dir=\"ltr\"><span class=\"\">El Pla de Transformaci\u00f3 Digital per als centres educatius pret\u00e9n, en termes generals, millorar la compet\u00e8ncia digital dels docents i l&#8217;alumnat dels centres participants i adaptar els centres educatius als est\u00e0ndards tecnol\u00f2gics definits per la Generalitat. Aquests grans objectius es concreten en:<\/span><\/p>\n<p dir=\"ltr\"><strong><span class=\"\">Objectius Generals<\/span><\/strong><strong><span class=\"\">\u00a0<\/span><\/strong><\/p>\n<ul>\n<li dir=\"ltr\">\n<p dir=\"ltr\"><span class=\"\">Desplegar un nou model de dotaci\u00f3 d\u2019equipament tecnol\u00f2gic que tingui en compte\u00a0<\/span>l\u2019autonomia pedag\u00f2gica de cada centre, expressada al seu Pla TAC, i els\u00a0est\u00e0ndards tecnol\u00f2gics definits per la Generalitat (\u00e0mbit educatiu i \u00e0mbit administratiu).<\/p>\n<\/li>\n<\/ul>\n<ul>\n<li dir=\"ltr\">\n<p dir=\"ltr\"><span class=\"\">Garantir la disponibilitat i accessibilitat dels recursos tecnol\u00f2gics necessaris per\u00a0<\/span>facilitar a tot l&#8217;alumnat l&#8217;assoliment de les compet\u00e8ncies digitals.<\/p>\n<\/li>\n<\/ul>\n<ul>\n<li dir=\"ltr\">\n<p dir=\"ltr\"><span class=\"\">Assegurar que l&#8217;acc\u00e9s als recursos tecnol\u00f2gics (dispositius, comunicacions i serveis\u00a0<\/span>en l\u00ednia) es faci sempre d&#8217;acord amb els requeriments legals de seguretat i protecci\u00f3\u00a0de dades.<\/p>\n<\/li>\n<\/ul>\n<p><strong><br \/>\n<span class=\"\">Objectius de la Formaci\u00f3<\/span><\/strong><\/p>\n<p><span class=\"\">\u00a0<\/span><span class=\"\">La formaci\u00f3 que es proposa per als centres educatius que han estat dotats dins del Programa de Transformaci\u00f3 Digital per als Centres Educatius pret\u00e9n assolir els seg\u00fcents objectius:<\/span><\/p>\n<ul>\n<li dir=\"ltr\">\n<p dir=\"ltr\"><span class=\"\">Promoure la transformaci\u00f3 digital dels centres educatius:<\/span><\/p>\n<ul>\n<li dir=\"ltr\">\n<p dir=\"ltr\"><span class=\"\">Aprofundir en la millora de la compet\u00e8ncia digital tant dels equips docents com de l\u2019alumnat dels centres dotats.<\/span><\/p>\n<\/li>\n<li dir=\"ltr\">\n<p dir=\"ltr\"><span class=\"\">Proposar metodologies d\u2019aula per apoderar a l\u2019alumnat del seu propi aprenentatge.<\/span><\/p>\n<\/li>\n<li dir=\"ltr\">\n<p dir=\"ltr\"><span class=\"\">Dotar els centres educatius de recursos digitals que fomentin l\u2019\u00e8xit educatiu de l\u2019alumnat.<\/span><\/p>\n<\/li>\n<li dir=\"ltr\">\n<p dir=\"ltr\"><span class=\"\">Proporcionar informaci\u00f3 t\u00e8cnica per l\u2019\u00fas dels recursos tecnol\u00f2gics dels que han estat dotats.<\/span><\/p>\n<\/li>\n<li dir=\"ltr\">\n<p dir=\"ltr\"><span class=\"\">Afavorir l\u2019intercanvi d\u2019experi\u00e8ncies d\u2019aula i establir aliances entre centres.<\/span><\/p>\n<\/li>\n<\/ul>\n<\/li>\n<\/ul>\n<\/div>\n","protected":false},"excerpt":{"rendered":"<p>El Pla de Transformaci\u00f3 Digital per als centres educatius pret\u00e9n, en termes generals, millorar la compet\u00e8ncia digital dels docents i l&#8217;alumnat dels centres participants i adaptar els centres educatius als est\u00e0ndards tecnol\u00f2gics definits per la Generalitat. Aquests grans objectius es concreten en:<br \/>\nObjectius Generals\u00a0<\/p>\n<ul>\n<li dir=\"ltr\">\nDesplegar un&hellip;  <a href=\"https:\/\/projectes.xtec.cat\/transformaciodigital\/el-projecte\/presentacio\/\" title=\"Read El pla de Transformaci\u00f3 Digital\">Llegeix m\u00e9s\u00bb<\/a><\/p>\n","protected":false},"author":1,"featured_media":0,"parent":806,"menu_order":10,"comment_status":"closed","ping_status":"closed","template":"page-templates\/side-menu.php","meta":{"_bbp_topic_count":0,"_bbp_reply_count":0,"_bbp_total_topic_count":0,"_bbp_total_reply_count":0,"_bbp_voice_count":0,"_bbp_anonymous_reply_count":0,"_bbp_topic_count_hidden":0,"_bbp_reply_count_hidden":0,"_bbp_forum_subforum_count":0,"footnotes":""},"class_list":["post-797","page","type-page","status-publish","hentry"],"post_mailing_queue_ids":[],"_links":{"self":[{"href":"https:\/\/projectes.xtec.cat\/transformaciodigital\/wp-json\/wp\/v2\/pages\/797","targetHints":{"allow":["GET"]}}],"collection":[{"href":"https:\/\/projectes.xtec.cat\/transformaciodigital\/wp-json\/wp\/v2\/pages"}],"about":[{"href":"https:\/\/projectes.xtec.cat\/transformaciodigital\/wp-json\/wp\/v2\/types\/page"}],"author":[{"embeddable":true,"href":"https:\/\/projectes.xtec.cat\/transformaciodigital\/wp-json\/wp\/v2\/users\/1"}],"replies":[{"embeddable":true,"href":"https:\/\/projectes.xtec.cat\/transformaciodigital\/wp-json\/wp\/v2\/comments?post=797"}],"version-history":[{"count":2,"href":"https:\/\/projectes.xtec.cat\/transformaciodigital\/wp-json\/wp\/v2\/pages\/797\/revisions"}],"predecessor-version":[{"id":8296,"href":"https:\/\/projectes.xtec.cat\/transformaciodigital\/wp-json\/wp\/v2\/pages\/797\/revisions\/8296"}],"up":[{"embeddable":true,"href":"https:\/\/projectes.xtec.cat\/transformaciodigital\/wp-json\/wp\/v2\/pages\/806"}],"wp:attachment":[{"href":"https:\/\/projectes.xtec.cat\/transformaciodigital\/wp-json\/wp\/v2\/media?parent=797"}],"curies":[{"name":"wp","href":"https:\/\/api.w.org\/{rel}","templated":true}]}}