{"id":8297,"date":"2019-09-25T10:48:02","date_gmt":"2019-09-25T08:48:02","guid":{"rendered":"https:\/\/projectes.xtec.cat\/transformaciodigital\/?page_id=8297"},"modified":"2019-09-26T12:05:32","modified_gmt":"2019-09-26T10:05:32","slug":"transformacio-global-dels-centres-educatius","status":"publish","type":"page","link":"https:\/\/projectes.xtec.cat\/transformaciodigital\/el-projecte\/transformacio-global-dels-centres-educatius\/","title":{"rendered":"Transformaci\u00f3 Global dels centres educatius"},"content":{"rendered":"<p>A partir del pla de Govern 2011-2014 es desenvolupa un pla de transformaci\u00f3 Global dels centres educatius que t\u00e9 com a objectius b\u00e0sics:<\/p>\n<ul>\n<li style=\"list-style-type: none;\">\n<ul>\n<li>La millora de la compet\u00e8ncia digital<\/li>\n<li>La transformaci\u00f3 del lloc de treball<\/li>\n<li>La millora de les infraestructures<\/li>\n<li>La millora de les xarxes de telecomunicacions<\/li>\n<\/ul>\n<\/li>\n<\/ul>\n<p>&nbsp;<\/p>\n<p>&nbsp;<\/p>\n<p>La transformaci\u00f3 global dels centres educatius es concreta amb les seg\u00fcents actuacions:<\/p>\n<ol>\n<li style=\"list-style-type: none;\">\n<ol>\n<li>Transformaci\u00f3 de la LAN dels centres per poder fer front a les necessitats de comunicaci\u00f3 telem\u00e0tica presents i futures dels centres educatius.<\/li>\n<li>Transformaci\u00f3 de l&#8217;\u00e0mbit administratiu per la gesti\u00f3 segura dels centres educatius.<\/li>\n<li>La transformaci\u00f3 de l&#8217;\u00e0mbit educatiu ofereix els recursos necessaris, segons la necessitats particulars de cada centre educatiu, que els hi permeti la seva transformaci\u00f3 digital, per assolir la compet\u00e8ncia digital dels alumnes i docents.<\/li>\n<\/ol>\n<\/li>\n<\/ol>\n<p>&nbsp;<\/p>\n<p>&nbsp;<\/p>\n<p>&nbsp;<\/p>\n","protected":false},"excerpt":{"rendered":"<p>A partir del pla de Govern 2011-2014 es desenvolupa un pla de transformaci\u00f3 Global dels centres educatius que t\u00e9 com a objectius b\u00e0sics:<\/p>\n<ul>\n<li style=\"list-style-type: none;\">\n<ul>\n<li>La millora de la compet\u00e8ncia digital<\/li>\n<li>La transformaci\u00f3 del lloc de treball<\/li>\n<li>La millora de les infraestructures<\/li>\n<li>La millora de les xarxes de telecomunicacions<\/li>\n<\/ul>\n<\/li>\n<\/ul>\n<p>&nbsp;<br \/>\n&nbsp;<br \/>\nLa&hellip;  <a href=\"https:\/\/projectes.xtec.cat\/transformaciodigital\/el-projecte\/transformacio-global-dels-centres-educatius\/\" title=\"Read Transformaci\u00f3 Global dels centres educatius\">Llegeix m\u00e9s\u00bb<\/a><\/p>\n","protected":false},"author":4,"featured_media":0,"parent":806,"menu_order":0,"comment_status":"closed","ping_status":"closed","template":"page-templates\/side-menu.php","meta":{"_bbp_topic_count":0,"_bbp_reply_count":0,"_bbp_total_topic_count":0,"_bbp_total_reply_count":0,"_bbp_voice_count":0,"_bbp_anonymous_reply_count":0,"_bbp_topic_count_hidden":0,"_bbp_reply_count_hidden":0,"_bbp_forum_subforum_count":0,"footnotes":""},"class_list":["post-8297","page","type-page","status-publish","hentry"],"post_mailing_queue_ids":[],"_links":{"self":[{"href":"https:\/\/projectes.xtec.cat\/transformaciodigital\/wp-json\/wp\/v2\/pages\/8297","targetHints":{"allow":["GET"]}}],"collection":[{"href":"https:\/\/projectes.xtec.cat\/transformaciodigital\/wp-json\/wp\/v2\/pages"}],"about":[{"href":"https:\/\/projectes.xtec.cat\/transformaciodigital\/wp-json\/wp\/v2\/types\/page"}],"author":[{"embeddable":true,"href":"https:\/\/projectes.xtec.cat\/transformaciodigital\/wp-json\/wp\/v2\/users\/4"}],"replies":[{"embeddable":true,"href":"https:\/\/projectes.xtec.cat\/transformaciodigital\/wp-json\/wp\/v2\/comments?post=8297"}],"version-history":[{"count":4,"href":"https:\/\/projectes.xtec.cat\/transformaciodigital\/wp-json\/wp\/v2\/pages\/8297\/revisions"}],"predecessor-version":[{"id":8371,"href":"https:\/\/projectes.xtec.cat\/transformaciodigital\/wp-json\/wp\/v2\/pages\/8297\/revisions\/8371"}],"up":[{"embeddable":true,"href":"https:\/\/projectes.xtec.cat\/transformaciodigital\/wp-json\/wp\/v2\/pages\/806"}],"wp:attachment":[{"href":"https:\/\/projectes.xtec.cat\/transformaciodigital\/wp-json\/wp\/v2\/media?parent=8297"}],"curies":[{"name":"wp","href":"https:\/\/api.w.org\/{rel}","templated":true}]}}