{"id":8322,"date":"2019-09-25T13:41:38","date_gmt":"2019-09-25T11:41:38","guid":{"rendered":"https:\/\/projectes.xtec.cat\/transformaciodigital\/?page_id=8322"},"modified":"2019-09-27T10:00:07","modified_gmt":"2019-09-27T08:00:07","slug":"aula-virtual","status":"publish","type":"page","link":"https:\/\/projectes.xtec.cat\/transformaciodigital\/recursos\/aula-virtual\/","title":{"rendered":"aula virtual"},"content":{"rendered":"<p id=\"yui_3_17_2_1_1569406058166_366\" dir=\"ltr\"><span id=\"yui_3_17_2_1_1569406058166_365\" class=\"\">El proc\u00e9s de transformaci\u00f3 digital representa un repte apassionant pels centres educatius que han estat seleccionats. Un dels pilars b\u00e0sics de la transformaci\u00f3 digital s\u00f3n la dotaci\u00f3 dels recursos necessaris, la formaci\u00f3 i l&#8217;acompanyament per l\u2019\u00fas eficient d\u2019aquests recursos.<\/span><\/p>\n<p><span class=\"\">\u00c9s per aquest motiu que s\u2019ha desenvolupat aquesta formaci\u00f3, amb la finalitat d\u2019acompanyar als centres educatius en aquest proc\u00e9s de transformaci\u00f3 digital.<\/span><\/p>\n<p><span class=\"\">Un dels reptes en el disseny de la formaci\u00f3 ha estat aconseguir que fos prou flexible per a adaptar-se a les necessitats particulars de cada centre educatiu.<\/span><\/p>\n<p>&nbsp;<\/p>\n<p>Per accedir al curs a Odissea, cliqueu el seg\u00fcent enlla\u00e7\u00a0 <a href=\"https:\/\/odissea.xtec.cat\/course\/view.php?id=58964\"><strong>Transformaci\u00f3 Digital dels centres educatius<\/strong><\/a><\/p>\n<p>Us apareixer\u00e0 la seg\u00fcent pantalla. No cal que estigueu registrats a Odissea, nom\u00e9s cal que cliqueu la opci\u00f3 <strong>Inicia sessi\u00f3 com a visitant<\/strong><\/p>\n<p><a href=\"https:\/\/projectes.xtec.cat\/transformaciodigital\/wp-content\/uploads\/usu1290\/2019\/09\/odissea2.png\"><img loading=\"lazy\" decoding=\"async\" class=\"aligncenter size-full wp-image-8324\" src=\"https:\/\/projectes.xtec.cat\/transformaciodigital\/wp-content\/uploads\/usu1290\/2019\/09\/odissea2.png\" alt=\"\" width=\"617\" height=\"456\" srcset=\"https:\/\/projectes.xtec.cat\/transformaciodigital\/wp-content\/uploads\/usu1290\/2019\/09\/odissea2.png 617w, https:\/\/projectes.xtec.cat\/transformaciodigital\/wp-content\/uploads\/usu1290\/2019\/09\/odissea2-300x222.png 300w\" sizes=\"auto, (max-width: 617px) 100vw, 617px\" \/><\/a><\/p>\n<p>&nbsp;<\/p>\n<p>Aquesta opci\u00f3 us permetr\u00e0 accedir a tots els materials del curs, per\u00f2 no podreu intervenir en els f\u00f2rums ni fer cap modificaci\u00f3 al material.<\/p>\n","protected":false},"excerpt":{"rendered":"<p>El proc\u00e9s de transformaci\u00f3 digital representa un repte apassionant pels centres educatius que han estat seleccionats. Un dels pilars b\u00e0sics de la transformaci\u00f3 digital s\u00f3n la dotaci\u00f3 dels recursos necessaris, la formaci\u00f3 i l&#8217;acompanyament per l\u2019\u00fas eficient d\u2019aquests recursos.<br \/>\n\u00c9s per aquest motiu que s\u2019ha desenvolupat&hellip;  <a href=\"https:\/\/projectes.xtec.cat\/transformaciodigital\/recursos\/aula-virtual\/\" title=\"Read aula virtual\">Llegeix m\u00e9s\u00bb<\/a><\/p>\n","protected":false},"author":3,"featured_media":0,"parent":8377,"menu_order":0,"comment_status":"closed","ping_status":"closed","template":"page-templates\/side-menu.php","meta":{"_bbp_topic_count":0,"_bbp_reply_count":0,"_bbp_total_topic_count":0,"_bbp_total_reply_count":0,"_bbp_voice_count":0,"_bbp_anonymous_reply_count":0,"_bbp_topic_count_hidden":0,"_bbp_reply_count_hidden":0,"_bbp_forum_subforum_count":0,"footnotes":""},"class_list":["post-8322","page","type-page","status-publish","hentry"],"post_mailing_queue_ids":[],"_links":{"self":[{"href":"https:\/\/projectes.xtec.cat\/transformaciodigital\/wp-json\/wp\/v2\/pages\/8322","targetHints":{"allow":["GET"]}}],"collection":[{"href":"https:\/\/projectes.xtec.cat\/transformaciodigital\/wp-json\/wp\/v2\/pages"}],"about":[{"href":"https:\/\/projectes.xtec.cat\/transformaciodigital\/wp-json\/wp\/v2\/types\/page"}],"author":[{"embeddable":true,"href":"https:\/\/projectes.xtec.cat\/transformaciodigital\/wp-json\/wp\/v2\/users\/3"}],"replies":[{"embeddable":true,"href":"https:\/\/projectes.xtec.cat\/transformaciodigital\/wp-json\/wp\/v2\/comments?post=8322"}],"version-history":[{"count":2,"href":"https:\/\/projectes.xtec.cat\/transformaciodigital\/wp-json\/wp\/v2\/pages\/8322\/revisions"}],"predecessor-version":[{"id":8370,"href":"https:\/\/projectes.xtec.cat\/transformaciodigital\/wp-json\/wp\/v2\/pages\/8322\/revisions\/8370"}],"up":[{"embeddable":true,"href":"https:\/\/projectes.xtec.cat\/transformaciodigital\/wp-json\/wp\/v2\/pages\/8377"}],"wp:attachment":[{"href":"https:\/\/projectes.xtec.cat\/transformaciodigital\/wp-json\/wp\/v2\/media?parent=8322"}],"curies":[{"name":"wp","href":"https:\/\/api.w.org\/{rel}","templated":true}]}}