{"id":8225,"date":"2022-06-07T10:35:35","date_gmt":"2022-06-07T08:35:35","guid":{"rendered":"https:\/\/projectes.xtec.cat\/usdelallengua\/?page_id=8225"},"modified":"2024-04-24T12:43:30","modified_gmt":"2024-04-24T10:43:30","slug":"recursos","status":"publish","type":"page","link":"https:\/\/projectes.xtec.cat\/usdelallengua\/recursos\/","title":{"rendered":"RECURSOS"},"content":{"rendered":"<div class=\"flip-card\" style=\"float: left; padding-right: 5px;width:300px;height:px !important'\">\r\n          <div class=\"flip-card-inner\"'>\r\n              <div class=\"flip-card-front\">\r\n\t\t\t     <h3><strong>Metodologies<\/strong><\/h3>\r\n                 <img decoding=\"async\" src=\"\" alt=\"\" \/>\r\n              <\/div>\r\n\t\t\t  <div class=\"flip-card-back\">\r\n\t\t\t\t  <h3><strong>Metodologies<\/strong><\/h3>\r\n\t\t\t\t  <p><em><strong>Articles sobre metodologies en L2 i TILC<\/strong><\/em><\/p>\r\n\t\t\t\t  <a class='flip-card-button' style='background-color:' href=\"https:\/\/projectes.xtec.cat\/usdelallengua\/categoria\/metodologies\/\" rel=\"noopener noreferrer\">Saber-ne m\u00e9s...<\/a>\r\n\t\t\t  <\/div>\r\n       <\/div>\r\n<\/div>\n<div class=\"flip-card\" style=\"float: left; padding-right: 5px;width:300px;height:px !important'\">\r\n          <div class=\"flip-card-inner\"'>\r\n              <div class=\"flip-card-front\">\r\n\t\t\t     <h3><strong>Recursos did\u00e0ctics<\/strong><\/h3>\r\n                 <img decoding=\"async\" src=\"https:\/\/projectes.xtec.cat\/usdelallengua\/wp-content\/uploads\/usu2313\/2022\/09\/imatges-nodes-usos-RECURSOS.png\" alt=\"\" \/>\r\n              <\/div>\r\n\t\t\t  <div class=\"flip-card-back\">\r\n\t\t\t\t  <h3><strong>Recursos did\u00e0ctics<\/strong><\/h3>\r\n\t\t\t\t  <p><em><strong>Recursos did\u00e0ctics per fomentar l'\u00fas del catal\u00e0 en el centre educatiu<\/strong><\/em><\/p>\r\n\t\t\t\t  <a class='flip-card-button' style='background-color:' href=\"https:\/\/projectes.xtec.cat\/usdelallengua\/categoria\/recursos-didactics\/\" rel=\"noopener noreferrer\">Saber-ne m\u00e9s...<\/a>\r\n\t\t\t  <\/div>\r\n       <\/div>\r\n<\/div>\n<div class=\"flip-card\" style=\"float: left; padding-right: 5px;width:300px;height:px !important'\">\r\n          <div class=\"flip-card-inner\"'>\r\n              <div class=\"flip-card-front\">\r\n\t\t\t     <h3><strong>Material audiovisual<\/strong><\/h3>\r\n                 <img decoding=\"async\" src=\"https:\/\/projectes.xtec.cat\/usdelallengua\/wp-content\/uploads\/usu2313\/2022\/09\/Material-audiovisual.png\" alt=\"\" \/>\r\n              <\/div>\r\n\t\t\t  <div class=\"flip-card-back\">\r\n\t\t\t\t  <h3><strong>Material audiovisual<\/strong><\/h3>\r\n\t\t\t\t  <p><em><strong>Material audiovisual sobre pr\u00e0ctiques i usos ling\u00fc\u00edstics<\/strong><\/em><\/p>\r\n\t\t\t\t  <a class='flip-card-button' style='background-color:' href=\"https:\/\/projectes.xtec.cat\/usdelallengua\/categoria\/material-audiovisual\/\" rel=\"noopener noreferrer\">Saber-ne m\u00e9s...<\/a>\r\n\t\t\t  <\/div>\r\n       <\/div>\r\n<\/div>\n<div class=\"flip-card\" style=\"float: left; padding-right: 5px;width:300px;height:px !important'\">\r\n          <div class=\"flip-card-inner\"'>\r\n              <div class=\"flip-card-front\">\r\n\t\t\t     <h3><strong>Dades i informes<\/strong><\/h3>\r\n                 <img decoding=\"async\" src=\"https:\/\/projectes.xtec.cat\/usdelallengua\/wp-content\/uploads\/usu2313\/2022\/09\/Dades-i-informes.png\" alt=\"\" \/>\r\n              <\/div>\r\n\t\t\t  <div class=\"flip-card-back\">\r\n\t\t\t\t  <h3><strong>Dades i informes<\/strong><\/h3>\r\n\t\t\t\t  <p><em><strong>Dades i informes sobre coneixements, usos i actituds ling\u00fc\u00edstics<\/strong><\/em><\/p>\r\n\t\t\t\t  <a class='flip-card-button' style='background-color:' href=\"https:\/\/projectes.xtec.cat\/usdelallengua\/categoria\/dades-i-informes\/\" rel=\"noopener noreferrer\">Saber-ne m\u00e9s...<\/a>\r\n\t\t\t  <\/div>\r\n       <\/div>\r\n<\/div>\n<div class=\"flip-card\" style=\"float: left; padding-right: 5px;width:300px;height:px !important'\">\r\n          <div class=\"flip-card-inner\"'>\r\n              <div class=\"flip-card-front\">\r\n\t\t\t     <h3><strong>Bibliografia<\/strong><\/h3>\r\n                 <img decoding=\"async\" src=\"https:\/\/projectes.xtec.cat\/usdelallengua\/wp-content\/uploads\/usu2313\/2022\/09\/bibliografia.png\" alt=\"\" \/>\r\n              <\/div>\r\n\t\t\t  <div class=\"flip-card-back\">\r\n\t\t\t\t  <h3><strong>Bibliografia<\/strong><\/h3>\r\n\t\t\t\t  <p><em><strong>Bibliografia relacionada amb els usos ling\u00fc\u00edstics<\/strong><\/em><\/p>\r\n\t\t\t\t  <a class='flip-card-button' style='background-color:' href=\"https:\/\/projectes.xtec.cat\/usdelallengua\/bibliografia\/\" rel=\"noopener noreferrer\">Saber-ne m\u00e9s...<\/a>\r\n\t\t\t  <\/div>\r\n       <\/div>\r\n<\/div>\n<div class=\"flip-card\" style=\"float: left; padding-right: 5px;width:300px;height:px !important'\">\r\n          <div class=\"flip-card-inner\"'>\r\n              <div class=\"flip-card-front\">\r\n\t\t\t     <h3><strong>Materials catal\u00e0<\/strong><\/h3>\r\n                 <img decoding=\"async\" src=\"https:\/\/projectes.xtec.cat\/usdelallengua\/wp-content\/uploads\/usu2313\/2024\/02\/recursos-catala-7.png\" alt=\"\" \/>\r\n              <\/div>\r\n\t\t\t  <div class=\"flip-card-back\">\r\n\t\t\t\t  <h3><strong>Materials catal\u00e0<\/strong><\/h3>\r\n\t\t\t\t  <p><em><strong> Recursos i materials per ensenyar i aprendre catal\u00e0 <\/strong><\/em><\/p>\r\n\t\t\t\t  <a class='flip-card-button' style='background-color:' href=\"https:\/\/projectes.xtec.cat\/usdelallengua\/catala\/\" rel=\"noopener noreferrer\">Saber-ne m\u00e9s...<\/a>\r\n\t\t\t  <\/div>\r\n       <\/div>\r\n<\/div>\n<p>&nbsp;<\/p>\n<p>&nbsp;<\/p>\n","protected":false},"excerpt":{"rendered":"<p>\t\t\t     Material audiovisual<br \/>\n              &hellip;  <a href=\"https:\/\/projectes.xtec.cat\/usdelallengua\/recursos\/\" title=\"Read RECURSOS\">Llegeix m\u00e9s\u00bb<\/a><\/p>\n","protected":false},"author":1,"featured_media":0,"parent":0,"menu_order":0,"comment_status":"closed","ping_status":"closed","template":"","meta":{"_bbp_topic_count":0,"_bbp_reply_count":0,"_bbp_total_topic_count":0,"_bbp_total_reply_count":0,"_bbp_voice_count":0,"_bbp_anonymous_reply_count":0,"_bbp_topic_count_hidden":0,"_bbp_reply_count_hidden":0,"_bbp_forum_subforum_count":0,"footnotes":""},"class_list":["post-8225","page","type-page","status-publish","hentry"],"post_mailing_queue_ids":[],"_links":{"self":[{"href":"https:\/\/projectes.xtec.cat\/usdelallengua\/wp-json\/wp\/v2\/pages\/8225","targetHints":{"allow":["GET"]}}],"collection":[{"href":"https:\/\/projectes.xtec.cat\/usdelallengua\/wp-json\/wp\/v2\/pages"}],"about":[{"href":"https:\/\/projectes.xtec.cat\/usdelallengua\/wp-json\/wp\/v2\/types\/page"}],"author":[{"embeddable":true,"href":"https:\/\/projectes.xtec.cat\/usdelallengua\/wp-json\/wp\/v2\/users\/1"}],"replies":[{"embeddable":true,"href":"https:\/\/projectes.xtec.cat\/usdelallengua\/wp-json\/wp\/v2\/comments?post=8225"}],"version-history":[{"count":6,"href":"https:\/\/projectes.xtec.cat\/usdelallengua\/wp-json\/wp\/v2\/pages\/8225\/revisions"}],"predecessor-version":[{"id":9846,"href":"https:\/\/projectes.xtec.cat\/usdelallengua\/wp-json\/wp\/v2\/pages\/8225\/revisions\/9846"}],"wp:attachment":[{"href":"https:\/\/projectes.xtec.cat\/usdelallengua\/wp-json\/wp\/v2\/media?parent=8225"}],"curies":[{"name":"wp","href":"https:\/\/api.w.org\/{rel}","templated":true}]}}