{"id":8277,"date":"2022-06-09T10:14:09","date_gmt":"2022-06-09T08:14:09","guid":{"rendered":"https:\/\/projectes.xtec.cat\/usdelallengua\/?page_id=8277"},"modified":"2022-10-12T21:32:52","modified_gmt":"2022-10-12T19:32:52","slug":"formacio","status":"publish","type":"page","link":"https:\/\/projectes.xtec.cat\/usdelallengua\/formacio\/","title":{"rendered":"FORMACI\u00d3"},"content":{"rendered":"<p><span style=\"font-weight: 400;\">La proposta formativa del Departament d\u2019Educaci\u00f3 relacionada amb els usos ling\u00fc\u00edstics al sistema educatiu t\u00e9 com a objectiu proporcionar coneixements i recursos, tant al professorat com al PAS, sobre la gesti\u00f3 dels usos ling\u00fc\u00edstics en contextos multiling\u00fces i multiculturals. En aquest sentit, inclou <\/span><span style=\"font-weight: 400;\">formaci\u00f3 <\/span><span style=\"font-weight: 400;\">relacionada amb la primera acollida d\u2019alumnat nouvingut, amb la did\u00e0ctica del catal\u00e0 com a segona llengua, amb el pluriling\u00fcisme i l\u2019educaci\u00f3 intercultural, i amb la sensibilitzaci\u00f3 ling\u00fc\u00edstica. Tamb\u00e9 inclou propostes formatives per tal de millorar la compet\u00e8ncia oral i escrita de l\u2019alumnat.\u00a0<\/span><\/p>\n<p><span style=\"font-weight: 400;\">En cada un dels apartats que hi ha a continuaci\u00f3, trobareu diversos cursos amb l\u2019enlla\u00e7 corresponent a la descripci\u00f3, els objectius i els continguts de la formaci\u00f3, l\u2019acc\u00e9s lliure als materials del curs (si n\u2019hi ha) i el vincle a l&#8217;espai d&#8217;inscripci\u00f3.<\/span><\/p>\n<div class=\"flip-card\" style=\"float: left; padding-right: 5px;width:300px;height:px !important'\">\r\n          <div class=\"flip-card-inner\"'>\r\n              <div class=\"flip-card-front\">\r\n\t\t\t     <h3><strong>Formaci\u00f3 docents<\/strong><\/h3>\r\n                 <img decoding=\"async\" src=\"https:\/\/projectes.xtec.cat\/usdelallengua\/wp-content\/uploads\/usu2313\/2022\/08\/imatge-capseta-formacio-docent.png\" alt=\"\" \/>\r\n              <\/div>\r\n\t\t\t  <div class=\"flip-card-back\">\r\n\t\t\t\t  <h3><strong>Formaci\u00f3 docents<\/strong><\/h3>\r\n\t\t\t\t  <p><em><strong>Oferta formativa<\/strong><\/em><\/p>\r\n\t\t\t\t  <a class='flip-card-button' style='background-color:' href=\"https:\/\/projectes.xtec.cat\/usdelallengua\/formacio\/formacio-docents\/\" rel=\"noopener noreferrer\">Saber-ne m\u00e9s...<\/a>\r\n\t\t\t  <\/div>\r\n       <\/div>\r\n<\/div>\n<div class=\"flip-card\" style=\"float: left; padding-right: 5px;width:300px;height:px !important'\">\r\n          <div class=\"flip-card-inner\"'>\r\n              <div class=\"flip-card-front\">\r\n\t\t\t     <h3><strong>Formaci\u00f3 PAS<\/strong><\/h3>\r\n                 <img decoding=\"async\" src=\"https:\/\/projectes.xtec.cat\/usdelallengua\/wp-content\/uploads\/usu2313\/2022\/08\/imatge-capseta-formacio-pas.png\" alt=\"\" \/>\r\n              <\/div>\r\n\t\t\t  <div class=\"flip-card-back\">\r\n\t\t\t\t  <h3><strong>Formaci\u00f3 PAS<\/strong><\/h3>\r\n\t\t\t\t  <p><em><strong>Oferta formativa<\/strong><\/em><\/p>\r\n\t\t\t\t  <a class='flip-card-button' style='background-color:' href=\"https:\/\/projectes.xtec.cat\/usdelallengua\/formacio\/formacio-pas\/\" rel=\"noopener noreferrer\">Saber-ne m\u00e9s...<\/a>\r\n\t\t\t  <\/div>\r\n       <\/div>\r\n<\/div>\n","protected":false},"excerpt":{"rendered":"<p>La proposta formativa del Departament d\u2019Educaci\u00f3 relacionada amb els usos ling\u00fc\u00edstics al sistema educatiu t\u00e9 com a objectiu proporcionar coneixements i recursos, tant al professorat com al PAS, sobre la gesti\u00f3 dels usos ling\u00fc\u00edstics en contextos multiling\u00fces i multiculturals. En aquest sentit, inclou formaci\u00f3 relacionada&hellip;  <a href=\"https:\/\/projectes.xtec.cat\/usdelallengua\/formacio\/\" title=\"Read FORMACI\u00d3\">Llegeix m\u00e9s\u00bb<\/a><\/p>\n","protected":false},"author":1,"featured_media":0,"parent":0,"menu_order":0,"comment_status":"closed","ping_status":"closed","template":"","meta":{"_bbp_topic_count":0,"_bbp_reply_count":0,"_bbp_total_topic_count":0,"_bbp_total_reply_count":0,"_bbp_voice_count":0,"_bbp_anonymous_reply_count":0,"_bbp_topic_count_hidden":0,"_bbp_reply_count_hidden":0,"_bbp_forum_subforum_count":0,"footnotes":""},"class_list":["post-8277","page","type-page","status-publish","hentry"],"post_mailing_queue_ids":[],"_links":{"self":[{"href":"https:\/\/projectes.xtec.cat\/usdelallengua\/wp-json\/wp\/v2\/pages\/8277","targetHints":{"allow":["GET"]}}],"collection":[{"href":"https:\/\/projectes.xtec.cat\/usdelallengua\/wp-json\/wp\/v2\/pages"}],"about":[{"href":"https:\/\/projectes.xtec.cat\/usdelallengua\/wp-json\/wp\/v2\/types\/page"}],"author":[{"embeddable":true,"href":"https:\/\/projectes.xtec.cat\/usdelallengua\/wp-json\/wp\/v2\/users\/1"}],"replies":[{"embeddable":true,"href":"https:\/\/projectes.xtec.cat\/usdelallengua\/wp-json\/wp\/v2\/comments?post=8277"}],"version-history":[{"count":3,"href":"https:\/\/projectes.xtec.cat\/usdelallengua\/wp-json\/wp\/v2\/pages\/8277\/revisions"}],"predecessor-version":[{"id":8628,"href":"https:\/\/projectes.xtec.cat\/usdelallengua\/wp-json\/wp\/v2\/pages\/8277\/revisions\/8628"}],"wp:attachment":[{"href":"https:\/\/projectes.xtec.cat\/usdelallengua\/wp-json\/wp\/v2\/media?parent=8277"}],"curies":[{"name":"wp","href":"https:\/\/api.w.org\/{rel}","templated":true}]}}