{"id":8391,"date":"2022-06-09T10:44:15","date_gmt":"2022-06-09T08:44:15","guid":{"rendered":"https:\/\/projectes.xtec.cat\/usdelallengua\/?page_id=8391"},"modified":"2022-11-24T10:28:17","modified_gmt":"2022-11-24T09:28:17","slug":"sensibilitzacio-linguistica","status":"publish","type":"page","link":"https:\/\/projectes.xtec.cat\/usdelallengua\/sensibilitzacio-linguistica\/","title":{"rendered":"Sensibilitzaci\u00f3 ling\u00fc\u00edstica"},"content":{"rendered":"<p><a href=\"https:\/\/drive.google.com\/file\/d\/1UTP0P7anT3tL6eNGzG-tFNBoWNZHKhgP\/view?usp=share_link\" target=\"_blank\" rel=\"noopener\"><img loading=\"lazy\" decoding=\"async\" class=\"size-medium wp-image-8961 alignnone\" src=\"https:\/\/projectes.xtec.cat\/usdelallengua\/wp-content\/uploads\/usu2313\/2022\/11\/Pindo-1-300x102.png\" alt=\"\" width=\"300\" height=\"102\" srcset=\"https:\/\/projectes.xtec.cat\/usdelallengua\/wp-content\/uploads\/usu2313\/2022\/11\/Pindo-1-300x102.png 300w, https:\/\/projectes.xtec.cat\/usdelallengua\/wp-content\/uploads\/usu2313\/2022\/11\/Pindo-1.png 387w\" sizes=\"auto, (max-width: 300px) 100vw, 300px\" \/><\/a><\/p>\n<p><a href=\"https:\/\/drive.google.com\/file\/d\/1zS_P6P7m8MASd51PU24ah5UC-CZK2HV_\/view?usp=share_link\" target=\"_blank\" rel=\"noopener\"><img loading=\"lazy\" decoding=\"async\" class=\"size-medium wp-image-8960 alignnone\" src=\"https:\/\/projectes.xtec.cat\/usdelallengua\/wp-content\/uploads\/usu2313\/2022\/11\/perso-300x101.png\" alt=\"\" width=\"300\" height=\"101\" srcset=\"https:\/\/projectes.xtec.cat\/usdelallengua\/wp-content\/uploads\/usu2313\/2022\/11\/perso-300x101.png 300w, https:\/\/projectes.xtec.cat\/usdelallengua\/wp-content\/uploads\/usu2313\/2022\/11\/perso.png 388w\" sizes=\"auto, (max-width: 300px) 100vw, 300px\" \/><\/a><\/p>\n<p>&nbsp;<\/p>\n","protected":false},"excerpt":{"rendered":"<p><a href=\"https:\/\/drive.google.com\/file\/d\/1UTP0P7anT3tL6eNGzG-tFNBoWNZHKhgP\/view?usp=share_link\" target=\"_blank\" rel=\"noopener\"><\/a><br \/>\n<a href=\"https:\/\/drive.google.com\/file\/d\/1zS_P6P7m8MASd51PU24ah5UC-CZK2HV_\/view?usp=share_link\" target=\"_blank\" rel=\"noopener\"><\/a><br \/>\n&nbsp;<\/p>\n","protected":false},"author":1,"featured_media":0,"parent":0,"menu_order":0,"comment_status":"closed","ping_status":"closed","template":"","meta":{"_bbp_topic_count":0,"_bbp_reply_count":0,"_bbp_total_topic_count":0,"_bbp_total_reply_count":0,"_bbp_voice_count":0,"_bbp_anonymous_reply_count":0,"_bbp_topic_count_hidden":0,"_bbp_reply_count_hidden":0,"_bbp_forum_subforum_count":0,"footnotes":""},"class_list":["post-8391","page","type-page","status-publish","hentry"],"post_mailing_queue_ids":[],"_links":{"self":[{"href":"https:\/\/projectes.xtec.cat\/usdelallengua\/wp-json\/wp\/v2\/pages\/8391","targetHints":{"allow":["GET"]}}],"collection":[{"href":"https:\/\/projectes.xtec.cat\/usdelallengua\/wp-json\/wp\/v2\/pages"}],"about":[{"href":"https:\/\/projectes.xtec.cat\/usdelallengua\/wp-json\/wp\/v2\/types\/page"}],"author":[{"embeddable":true,"href":"https:\/\/projectes.xtec.cat\/usdelallengua\/wp-json\/wp\/v2\/users\/1"}],"replies":[{"embeddable":true,"href":"https:\/\/projectes.xtec.cat\/usdelallengua\/wp-json\/wp\/v2\/comments?post=8391"}],"version-history":[{"count":4,"href":"https:\/\/projectes.xtec.cat\/usdelallengua\/wp-json\/wp\/v2\/pages\/8391\/revisions"}],"predecessor-version":[{"id":8962,"href":"https:\/\/projectes.xtec.cat\/usdelallengua\/wp-json\/wp\/v2\/pages\/8391\/revisions\/8962"}],"wp:attachment":[{"href":"https:\/\/projectes.xtec.cat\/usdelallengua\/wp-json\/wp\/v2\/media?parent=8391"}],"curies":[{"name":"wp","href":"https:\/\/api.w.org\/{rel}","templated":true}]}}