{"id":8417,"date":"2022-06-09T11:16:09","date_gmt":"2022-06-09T09:16:09","guid":{"rendered":"https:\/\/projectes.xtec.cat\/usdelallengua\/?page_id=8417"},"modified":"2024-04-24T12:24:03","modified_gmt":"2024-04-24T10:24:03","slug":"formacio-linguistica-en-catala-i-occita-del-professorat","status":"publish","type":"page","link":"https:\/\/projectes.xtec.cat\/usdelallengua\/formacio-linguistica-en-catala-i-occita-del-professorat\/","title":{"rendered":"Formaci\u00f3 ling\u00fc\u00edstica en catal\u00e0 del professorat"},"content":{"rendered":"<p><a href=\"https:\/\/drive.google.com\/file\/d\/1RTBbEplqJVZVxvtTBUO_kquLxdmLYsa8\/view?usp=share_link\" target=\"_blank\" rel=\"noopener\"><img loading=\"lazy\" decoding=\"async\" class=\"wp-image-9061 alignleft\" style=\"border: none; color: #2795b6;\" src=\"https:\/\/projectes.xtec.cat\/usdelallengua\/wp-content\/uploads\/usu2313\/2022\/12\/31.png\" alt=\"\" width=\"336\" height=\"114\" srcset=\"https:\/\/projectes.xtec.cat\/usdelallengua\/wp-content\/uploads\/usu2313\/2022\/12\/31.png 519w, https:\/\/projectes.xtec.cat\/usdelallengua\/wp-content\/uploads\/usu2313\/2022\/12\/31-300x102.png 300w\" sizes=\"auto, (max-width: 336px) 100vw, 336px\" \/><\/a><\/p>\n<p><span style=\"color: #2795b6;\">\u00a0<\/span><\/p>\n<p>&nbsp;<\/p>\n<p>&nbsp;<\/p>\n<p><a href=\"https:\/\/drive.google.com\/file\/d\/1HmkVMNgQZG0eLhJAbK5lYZxAm8NE9EMH\/view?usp=share_link\" target=\"_blank\" rel=\"noopener\"><img loading=\"lazy\" decoding=\"async\" class=\" wp-image-9060 alignleft\" src=\"https:\/\/projectes.xtec.cat\/usdelallengua\/wp-content\/uploads\/usu2313\/2022\/12\/32.png\" alt=\"\" width=\"336\" height=\"114\" srcset=\"https:\/\/projectes.xtec.cat\/usdelallengua\/wp-content\/uploads\/usu2313\/2022\/12\/32.png 516w, https:\/\/projectes.xtec.cat\/usdelallengua\/wp-content\/uploads\/usu2313\/2022\/12\/32-300x102.png 300w\" sizes=\"auto, (max-width: 336px) 100vw, 336px\" \/><\/a><\/p>\n<p>&nbsp;<\/p>\n<p>&nbsp;<\/p>\n<p>&nbsp;<\/p>\n<p><a style=\"color: #2795b6;\" href=\"https:\/\/drive.google.com\/file\/d\/1kVliH6_JDBwY3R2EQ4k1529yhs-hqimU\/view?usp=share_link\" target=\"_blank\" rel=\"noopener\"><img loading=\"lazy\" decoding=\"async\" class=\"wp-image-9059 alignleft\" src=\"https:\/\/projectes.xtec.cat\/usdelallengua\/wp-content\/uploads\/usu2313\/2022\/12\/33.png\" alt=\"\" width=\"336\" height=\"115\" srcset=\"https:\/\/projectes.xtec.cat\/usdelallengua\/wp-content\/uploads\/usu2313\/2022\/12\/33.png 517w, https:\/\/projectes.xtec.cat\/usdelallengua\/wp-content\/uploads\/usu2313\/2022\/12\/33-300x103.png 300w\" sizes=\"auto, (max-width: 336px) 100vw, 336px\" \/><\/a><\/p>\n<p>&nbsp;<\/p>\n<p>&nbsp;<\/p>\n<p>&nbsp;<\/p>\n<p>&nbsp;<\/p>\n<p>&nbsp;<\/p>\n<p>&nbsp;<\/p>\n<p>&nbsp;<\/p>\n","protected":false},"excerpt":{"rendered":"<p><a href=\"https:\/\/drive.google.com\/file\/d\/1RTBbEplqJVZVxvtTBUO_kquLxdmLYsa8\/view?usp=share_link\" target=\"_blank\" rel=\"noopener\"><\/a><br \/>\n\u00a0<br \/>\n&nbsp;<br \/>\n&nbsp;<br \/>\n<a href=\"https:\/\/drive.google.com\/file\/d\/1HmkVMNgQZG0eLhJAbK5lYZxAm8NE9EMH\/view?usp=share_link\" target=\"_blank\" rel=\"noopener\"><\/a><br \/>\n&nbsp;<br \/>\n&nbsp;<br \/>\n&nbsp;<br \/>\n<a style=\"color: #2795b6;\" href=\"https:\/\/drive.google.com\/file\/d\/1kVliH6_JDBwY3R2EQ4k1529yhs-hqimU\/view?usp=share_link\" target=\"_blank\" rel=\"noopener\"><\/a><br \/>\n&nbsp;<br \/>\n&nbsp;<br \/>\n&nbsp;<br \/>\n&nbsp;<br \/>\n&nbsp;<br \/>\n&nbsp;<br \/>\n&nbsp;<\/p>\n","protected":false},"author":1,"featured_media":0,"parent":0,"menu_order":0,"comment_status":"closed","ping_status":"closed","template":"","meta":{"_bbp_topic_count":0,"_bbp_reply_count":0,"_bbp_total_topic_count":0,"_bbp_total_reply_count":0,"_bbp_voice_count":0,"_bbp_anonymous_reply_count":0,"_bbp_topic_count_hidden":0,"_bbp_reply_count_hidden":0,"_bbp_forum_subforum_count":0,"footnotes":""},"class_list":["post-8417","page","type-page","status-publish","hentry"],"post_mailing_queue_ids":[],"_links":{"self":[{"href":"https:\/\/projectes.xtec.cat\/usdelallengua\/wp-json\/wp\/v2\/pages\/8417","targetHints":{"allow":["GET"]}}],"collection":[{"href":"https:\/\/projectes.xtec.cat\/usdelallengua\/wp-json\/wp\/v2\/pages"}],"about":[{"href":"https:\/\/projectes.xtec.cat\/usdelallengua\/wp-json\/wp\/v2\/types\/page"}],"author":[{"embeddable":true,"href":"https:\/\/projectes.xtec.cat\/usdelallengua\/wp-json\/wp\/v2\/users\/1"}],"replies":[{"embeddable":true,"href":"https:\/\/projectes.xtec.cat\/usdelallengua\/wp-json\/wp\/v2\/comments?post=8417"}],"version-history":[{"count":3,"href":"https:\/\/projectes.xtec.cat\/usdelallengua\/wp-json\/wp\/v2\/pages\/8417\/revisions"}],"predecessor-version":[{"id":9075,"href":"https:\/\/projectes.xtec.cat\/usdelallengua\/wp-json\/wp\/v2\/pages\/8417\/revisions\/9075"}],"wp:attachment":[{"href":"https:\/\/projectes.xtec.cat\/usdelallengua\/wp-json\/wp\/v2\/media?parent=8417"}],"curies":[{"name":"wp","href":"https:\/\/api.w.org\/{rel}","templated":true}]}}