{"id":8546,"date":"2022-07-05T10:45:25","date_gmt":"2022-07-05T08:45:25","guid":{"rendered":"https:\/\/projectes.xtec.cat\/usdelallengua\/?page_id=8546"},"modified":"2024-03-06T09:46:00","modified_gmt":"2024-03-06T08:46:00","slug":"presentacio","status":"publish","type":"page","link":"https:\/\/projectes.xtec.cat\/usdelallengua\/presentacio\/","title":{"rendered":"Presentaci\u00f3"},"content":{"rendered":"<p><span style=\"font-weight: 400;\">Els nostres principals objectius s\u00f3n donar difusi\u00f3 als professionals de l&#8217;ensenyament de les accions que desenvolupa el Departament d&#8217;Educaci\u00f3 en relaci\u00f3 al tractament i \u00fas de les lleng\u00fces en el sistema educatiu a Catalunya, difondre orientacions, informacions, documentaci\u00f3 i recursos per ajudar-los en el treball amb l&#8217;alumnat, aix\u00ed com\u00a0 proporcionar eines per millorar la gesti\u00f3 de la diversitat ling\u00fc\u00edstica en els centres educatius i incentivar l\u2019aprenentatge i l\u2019\u00fas del catal\u00e0 a l\u2019escola com un valor d\u2019enriquiment compartit.<\/span><\/p>\n<p><span style=\"font-weight: 400;\">Aquest espai Nodes es proposa transmetre informaci\u00f3 i compartir recursos, eines i not\u00edcies sobre els usos ling\u00fc\u00edstics al centre educatiu i a l\u2019entorn. Volem que aquest espai sigui un punt de trobada dels docents de tot el territori catal\u00e0 que estiguin interessats a reflexionar sobre estrat\u00e8gies organitzatives i metodol\u00f2giques encaminades a dues fites:<\/span><\/p>\n<ul>\n<li style=\"font-weight: 400;\" aria-level=\"1\"><span style=\"font-weight: 400;\">Permetre que tot l\u2019alumnat assoleixi una s\u00f2lida compet\u00e8ncia comunicativa en catal\u00e0, aran\u00e8s (a l\u2019Aran), castell\u00e0 i almenys en una llengua estrangera<\/span><\/li>\n<li style=\"font-weight: 400;\" aria-level=\"1\"><span style=\"font-weight: 400;\">Garantir que la llengua catalana sigui l\u2019eix vertebrador d\u2019una escola diversa i pluriling\u00fce.<\/span><\/li>\n<\/ul>\n<p><span style=\"font-weight: 400;\">Us animem que visiteu les seccions del web on trobareu:<\/span><\/p>\n<ul>\n<li style=\"font-weight: 400;\" aria-level=\"1\"><span style=\"font-weight: 400;\">Reflexions<\/span><span style=\"font-weight: 400;\"> sobre l\u2019\u00fas del catal\u00e0 als centres educatius, i al seu entorn, com a llengua de cohesi\u00f3 social.<\/span><\/li>\n<li style=\"font-weight: 400;\" aria-level=\"1\"><span style=\"font-weight: 400;\">Metodologies<\/span><span style=\"font-weight: 400;\"> i <\/span><span style=\"font-weight: 400;\">estrat\u00e8gies<\/span><span style=\"font-weight: 400;\"> de l\u2019ensenyament i aprenentatge del catal\u00e0, especialment en aquells contextos en qu\u00e8 el catal\u00e0 no \u00e9s la L1 de l\u2019alumnat, aix\u00ed com metodologies de tractament integrat de llengua i continguts als \u00e0mbits curriculars no ling\u00fc\u00edstics, per proporcionar espais d\u2019\u00fas del catal\u00e0 i per garantir l\u2019aprenentatge del llenguatge acad\u00e8mic de les diferents \u00e0rees i mat\u00e8ries.<\/span><\/li>\n<li style=\"font-weight: 400;\" aria-level=\"1\"><span style=\"font-weight: 400;\">Bones pr\u00e0ctiques<\/span><span style=\"font-weight: 400;\"> que serveixen com a exemple d\u2019aplicaci\u00f3 de metodologies i estrat\u00e8gies per fomentar l\u2019\u00fas de la llengua.<\/span><\/li>\n<li style=\"font-weight: 400;\" aria-level=\"1\"><span style=\"font-weight: 400;\">Recursos<\/span><span style=\"font-weight: 400;\">, <\/span><span style=\"font-weight: 400;\">una p\u00e0gina que recull materials did\u00e0ctics per utilitzar a l&#8217;aula, i altres recursos per aprofundir en el coneixement de la gesti\u00f3 i els usos ling\u00fc\u00edstics en els centres educatius.<\/span><\/li>\n<li style=\"font-weight: 400;\" aria-level=\"1\"><span style=\"font-weight: 400;\">Formaci\u00f3<\/span><span style=\"font-weight: 400;\">, un espai on es desplega l\u2019oferta formativa sobre usos ling\u00fc\u00edstics al centre educatiu i el seu entorn.<\/span><\/li>\n<\/ul>\n<p><strong>Contacte:<\/strong> usosling<span class=\"\"><span class=\"\"><span class=\"\">@<\/span>xtec.cat<\/span><\/span><\/p>\n<p>Servei de Suports i Recursos Ling\u00fc\u00edstics<br \/>\nSubdirecci\u00f3 General de Lleng\u00fces<br \/>\nSecretaria de Pol\u00edtiques Educatives<\/p>\n","protected":false},"excerpt":{"rendered":"<p>Els nostres principals objectius s\u00f3n donar difusi\u00f3 als professionals de l&#8217;ensenyament de les accions que desenvolupa el Departament d&#8217;Educaci\u00f3 en relaci\u00f3 al tractament i \u00fas de les lleng\u00fces en el sistema educatiu a Catalunya, difondre orientacions, informacions, documentaci\u00f3 i recursos per ajudar-los en el treball&hellip;  <a href=\"https:\/\/projectes.xtec.cat\/usdelallengua\/presentacio\/\" title=\"Read Presentaci\u00f3\">Llegeix m\u00e9s\u00bb<\/a><\/p>\n","protected":false},"author":1,"featured_media":0,"parent":0,"menu_order":0,"comment_status":"closed","ping_status":"closed","template":"","meta":{"_bbp_topic_count":0,"_bbp_reply_count":0,"_bbp_total_topic_count":0,"_bbp_total_reply_count":0,"_bbp_voice_count":0,"_bbp_anonymous_reply_count":0,"_bbp_topic_count_hidden":0,"_bbp_reply_count_hidden":0,"_bbp_forum_subforum_count":0,"footnotes":""},"class_list":["post-8546","page","type-page","status-publish","hentry"],"post_mailing_queue_ids":[],"_links":{"self":[{"href":"https:\/\/projectes.xtec.cat\/usdelallengua\/wp-json\/wp\/v2\/pages\/8546","targetHints":{"allow":["GET"]}}],"collection":[{"href":"https:\/\/projectes.xtec.cat\/usdelallengua\/wp-json\/wp\/v2\/pages"}],"about":[{"href":"https:\/\/projectes.xtec.cat\/usdelallengua\/wp-json\/wp\/v2\/types\/page"}],"author":[{"embeddable":true,"href":"https:\/\/projectes.xtec.cat\/usdelallengua\/wp-json\/wp\/v2\/users\/1"}],"replies":[{"embeddable":true,"href":"https:\/\/projectes.xtec.cat\/usdelallengua\/wp-json\/wp\/v2\/comments?post=8546"}],"version-history":[{"count":4,"href":"https:\/\/projectes.xtec.cat\/usdelallengua\/wp-json\/wp\/v2\/pages\/8546\/revisions"}],"predecessor-version":[{"id":9704,"href":"https:\/\/projectes.xtec.cat\/usdelallengua\/wp-json\/wp\/v2\/pages\/8546\/revisions\/9704"}],"wp:attachment":[{"href":"https:\/\/projectes.xtec.cat\/usdelallengua\/wp-json\/wp\/v2\/media?parent=8546"}],"curies":[{"name":"wp","href":"https:\/\/api.w.org\/{rel}","templated":true}]}}