{"id":8587,"date":"2022-07-13T12:33:02","date_gmt":"2022-07-13T10:33:02","guid":{"rendered":"https:\/\/projectes.xtec.cat\/usdelallengua\/?page_id=8587"},"modified":"2022-11-17T12:44:20","modified_gmt":"2022-11-17T11:44:20","slug":"formacio-pas","status":"publish","type":"page","link":"https:\/\/projectes.xtec.cat\/usdelallengua\/formacio\/formacio-pas\/","title":{"rendered":"Formaci\u00f3 PAS"},"content":{"rendered":"<div class=\"flip-card\" style=\"float: left; padding-right: 5px;width:300px;height:px !important'\">\r\n          <div class=\"flip-card-inner\"'>\r\n              <div class=\"flip-card-front\">\r\n\t\t\t     <h3><strong>Sensibilitzaci\u00f3 ling\u00fc\u00edstica<\/strong><\/h3>\r\n                 <img decoding=\"async\" src=\"https:\/\/projectes.xtec.cat\/usdelallengua\/wp-content\/uploads\/usu2313\/2022\/08\/imatges-capsetes-sensibilitzacio-linguistica.png\" alt=\"\" \/>\r\n              <\/div>\r\n\t\t\t  <div class=\"flip-card-back\">\r\n\t\t\t\t  <h3><strong>Sensibilitzaci\u00f3 ling\u00fc\u00edstica<\/strong><\/h3>\r\n\t\t\t\t  <p><em><strong>Estrat\u00e8gies de sensibilitzaci\u00f3 ling\u00fc\u00edstica<\/strong><\/em><\/p>\r\n\t\t\t\t  <a class='flip-card-button' style='background-color:' href=\"https:\/\/projectes.xtec.cat\/usdelallengua\/sensibilitzacio-linguistica\/\" rel=\"noopener noreferrer\">Saber-ne m\u00e9s...<\/a>\r\n\t\t\t  <\/div>\r\n       <\/div>\r\n<\/div>\n<div class=\"flip-card\" style=\"float: left; padding-right: 5px;width:300px;height:px !important'\">\r\n          <div class=\"flip-card-inner\"'>\r\n              <div class=\"flip-card-front\">\r\n\t\t\t     <h3><strong>Formaci\u00f3 ling\u00fc\u00edstica<\/strong><\/h3>\r\n                 <img decoding=\"async\" src=\"https:\/\/projectes.xtec.cat\/usdelallengua\/wp-content\/uploads\/usu2313\/2022\/08\/imatges-capsetes-formacio-linguistica-professorat.png\" alt=\"\" \/>\r\n              <\/div>\r\n\t\t\t  <div class=\"flip-card-back\">\r\n\t\t\t\t  <h3><strong>Formaci\u00f3 ling\u00fc\u00edstica<\/strong><\/h3>\r\n\t\t\t\t  <p><em><strong>Formaci\u00f3 ling\u00fc\u00edstica en catal\u00e0 per al PAS<\/strong><\/em><\/p>\r\n\t\t\t\t  <a class='flip-card-button' style='background-color:' href=\"https:\/\/projectes.xtec.cat\/usdelallengua\/formacio-linguistica-en-catala\/\" rel=\"noopener noreferrer\">Saber-ne m\u00e9s...<\/a>\r\n\t\t\t  <\/div>\r\n       <\/div>\r\n<\/div>\n","protected":false},"excerpt":{"rendered":"","protected":false},"author":2,"featured_media":0,"parent":8277,"menu_order":20,"comment_status":"closed","ping_status":"closed","template":"","meta":{"_bbp_topic_count":0,"_bbp_reply_count":0,"_bbp_total_topic_count":0,"_bbp_total_reply_count":0,"_bbp_voice_count":0,"_bbp_anonymous_reply_count":0,"_bbp_topic_count_hidden":0,"_bbp_reply_count_hidden":0,"_bbp_forum_subforum_count":0,"footnotes":""},"class_list":["post-8587","page","type-page","status-publish","hentry"],"post_mailing_queue_ids":[],"_links":{"self":[{"href":"https:\/\/projectes.xtec.cat\/usdelallengua\/wp-json\/wp\/v2\/pages\/8587","targetHints":{"allow":["GET"]}}],"collection":[{"href":"https:\/\/projectes.xtec.cat\/usdelallengua\/wp-json\/wp\/v2\/pages"}],"about":[{"href":"https:\/\/projectes.xtec.cat\/usdelallengua\/wp-json\/wp\/v2\/types\/page"}],"author":[{"embeddable":true,"href":"https:\/\/projectes.xtec.cat\/usdelallengua\/wp-json\/wp\/v2\/users\/2"}],"replies":[{"embeddable":true,"href":"https:\/\/projectes.xtec.cat\/usdelallengua\/wp-json\/wp\/v2\/comments?post=8587"}],"version-history":[{"count":3,"href":"https:\/\/projectes.xtec.cat\/usdelallengua\/wp-json\/wp\/v2\/pages\/8587\/revisions"}],"predecessor-version":[{"id":8656,"href":"https:\/\/projectes.xtec.cat\/usdelallengua\/wp-json\/wp\/v2\/pages\/8587\/revisions\/8656"}],"up":[{"embeddable":true,"href":"https:\/\/projectes.xtec.cat\/usdelallengua\/wp-json\/wp\/v2\/pages\/8277"}],"wp:attachment":[{"href":"https:\/\/projectes.xtec.cat\/usdelallengua\/wp-json\/wp\/v2\/media?parent=8587"}],"curies":[{"name":"wp","href":"https:\/\/api.w.org\/{rel}","templated":true}]}}