{"id":9,"date":"2014-09-12T10:15:01","date_gmt":"2014-09-12T10:15:01","guid":{"rendered":"http:\/\/projectes.xtec.cat\/usdelallengua\/?page_id=9"},"modified":"2022-12-05T08:47:01","modified_gmt":"2022-12-05T07:47:01","slug":"pagina-dinici-buida","status":"publish","type":"page","link":"https:\/\/projectes.xtec.cat\/usdelallengua\/","title":{"rendered":"Benvinguts al Nodes d\u2019usos ling\u00fc\u00edstics"},"content":{"rendered":"<h3><strong>Benvinguts al Nodes d\u2019usos ling\u00fc\u00edstics<\/strong><\/h3>\n<p><span style=\"font-weight: 400;\"><a href=\"https:\/\/projectes.xtec.cat\/usdelallengua\/wp-content\/uploads\/usu2313\/2022\/06\/usos_linguistics.jpg\"><img loading=\"lazy\" decoding=\"async\" class=\"size-full wp-image-8502 alignleft\" src=\"https:\/\/projectes.xtec.cat\/usdelallengua\/wp-content\/uploads\/usu2313\/2022\/06\/usos_linguistics.jpg\" alt=\"\" width=\"142\" height=\"142\" \/><\/a><\/span><span style=\"font-weight: 400;\">En aquest espai trobareu recursos i orientacions per millorar la gesti\u00f3 de la diversitat ling\u00fc\u00edstica en els centres educatius i incentivar l\u2019aprenentatge i l\u2019\u00fas del catal\u00e0 a l\u2019escola com un valor d\u2019enriquiment compartit. Pret\u00e9n ser un punt de trobada i d\u2019intercanvi d\u2019experi\u00e8ncies docents en l\u2019aplicaci\u00f3 de metodologies i estrat\u00e8gies per fomentar l\u2019\u00fas de la llengua.<\/span><\/p>\n<p><span style=\"font-weight: 400;\">Us animem a visitar el nostre web i subscriure-us-hi! Trobareu l&#8217;enlla\u00e7 per fer-ho a la banda lateral esquerra.<\/span><\/p>\n<p>_____________________________________________________________________________________________________________<\/p>\n","protected":false},"excerpt":{"rendered":"<p>Benvinguts al Nodes d\u2019usos ling\u00fc\u00edstics<br \/>\n<a href=\"https:\/\/projectes.xtec.cat\/usdelallengua\/wp-content\/uploads\/usu2313\/2022\/06\/usos_linguistics.jpg\"><\/a>En aquest espai trobareu recursos i orientacions per millorar la gesti\u00f3 de la diversitat ling\u00fc\u00edstica en els centres educatius i incentivar l\u2019aprenentatge i l\u2019\u00fas del catal\u00e0 a l\u2019escola com un valor d\u2019enriquiment compartit. Pret\u00e9n ser un punt de trobada i&hellip;  <a href=\"https:\/\/projectes.xtec.cat\/usdelallengua\/\" title=\"Read Benvinguts al Nodes d\u2019usos ling\u00fc\u00edstics\">Llegeix m\u00e9s\u00bb<\/a><\/p>\n","protected":false},"author":1,"featured_media":0,"parent":7,"menu_order":1,"comment_status":"closed","ping_status":"closed","template":"page-templates\/front-page.php","meta":{"_bbp_topic_count":0,"_bbp_reply_count":0,"_bbp_total_topic_count":0,"_bbp_total_reply_count":0,"_bbp_voice_count":0,"_bbp_anonymous_reply_count":0,"_bbp_topic_count_hidden":0,"_bbp_reply_count_hidden":0,"_bbp_forum_subforum_count":0,"footnotes":""},"class_list":["post-9","page","type-page","status-publish","hentry"],"post_mailing_queue_ids":[],"_links":{"self":[{"href":"https:\/\/projectes.xtec.cat\/usdelallengua\/wp-json\/wp\/v2\/pages\/9","targetHints":{"allow":["GET"]}}],"collection":[{"href":"https:\/\/projectes.xtec.cat\/usdelallengua\/wp-json\/wp\/v2\/pages"}],"about":[{"href":"https:\/\/projectes.xtec.cat\/usdelallengua\/wp-json\/wp\/v2\/types\/page"}],"author":[{"embeddable":true,"href":"https:\/\/projectes.xtec.cat\/usdelallengua\/wp-json\/wp\/v2\/users\/1"}],"replies":[{"embeddable":true,"href":"https:\/\/projectes.xtec.cat\/usdelallengua\/wp-json\/wp\/v2\/comments?post=9"}],"version-history":[{"count":3,"href":"https:\/\/projectes.xtec.cat\/usdelallengua\/wp-json\/wp\/v2\/pages\/9\/revisions"}],"predecessor-version":[{"id":9078,"href":"https:\/\/projectes.xtec.cat\/usdelallengua\/wp-json\/wp\/v2\/pages\/9\/revisions\/9078"}],"up":[{"embeddable":true,"href":"https:\/\/projectes.xtec.cat\/usdelallengua\/wp-json\/wp\/v2\/pages\/7"}],"wp:attachment":[{"href":"https:\/\/projectes.xtec.cat\/usdelallengua\/wp-json\/wp\/v2\/media?parent=9"}],"curies":[{"name":"wp","href":"https:\/\/api.w.org\/{rel}","templated":true}]}}